{"id":8272,"date":"2020-08-10T14:25:39","date_gmt":"2020-08-10T14:25:39","guid":{"rendered":"https:\/\/eques.dk\/profile-riders\/"},"modified":"2026-01-15T10:24:14","modified_gmt":"2026-01-15T10:24:14","slug":"profile-riders","status":"publish","type":"page","link":"https:\/\/eques.dk\/en\/profile-riders\/","title":{"rendered":"Profile Riders"},"content":{"rendered":"<p>[et_pb_section fb_built=&#8221;1&#8243; _builder_version=&#8221;4.16&#8243; _module_preset=&#8221;1e24b59e-5cd3-4bf1-9426-b2b6d9e2040f&#8221; global_colors_info=&#8221;{}&#8221;][et_pb_row _builder_version=&#8221;4.16&#8243; global_colors_info=&#8221;{}&#8221;][et_pb_column type=&#8221;4_4&#8243; _builder_version=&#8221;4.16&#8243; global_colors_info=&#8221;{}&#8221;][et_pb_text _builder_version=&#8221;4.16&#8243; _dynamic_attributes=&#8221;content&#8221; _module_preset=&#8221;default&#8221; header_text_align=&#8221;center&#8221; header_font_size=&#8221;60px&#8221; global_colors_info=&#8221;{}&#8221;]@ET-DC@eyJkeW5hbWljIjp0cnVlLCJjb250ZW50IjoicG9zdF90aXRsZSIsInNldHRpbmdzIjp7ImJlZm9yZSI6IjxoMT4iLCJhZnRlciI6IjwvaDE+In19@[\/et_pb_text][\/et_pb_column][\/et_pb_row][\/et_pb_section][et_pb_section fb_built=&#8221;1&#8243; _builder_version=&#8221;4.16&#8243; global_colors_info=&#8221;{}&#8221;][et_pb_row column_structure=&#8221;1_2,1_2&#8243; _builder_version=&#8221;4.16&#8243; global_colors_info=&#8221;{}&#8221;][et_pb_column type=&#8221;1_2&#8243; _builder_version=&#8221;4.16&#8243; global_colors_info=&#8221;{}&#8221;][et_pb_team_member name=&#8221;J\u00f3n Stenild&#8221; image_url=&#8221;https:\/\/new.eques.dk\/wp-content\/uploads\/2020\/07\/jon.jpg&#8221; _builder_version=&#8221;4.27.4&#8243; header_text_align=&#8221;center&#8221; header_font_size=&#8221;24px&#8221; custom_css_before=&#8221;content: %22%22;||position: absolute;||top: -25px;||left: -25px;||z-index: 99;||width: 100px;||height: 100px;||background-image: url(\/wp-content\/uploads\/2020\/07\/denmark-flag.png);||background-size: cover;&#8221; custom_css_member_image=&#8221;max-width: 100%;&#8221; global_colors_info=&#8221;{}&#8221;][\/et_pb_team_member][\/et_pb_column][et_pb_column type=&#8221;1_2&#8243; _builder_version=&#8221;4.16&#8243; global_colors_info=&#8221;{}&#8221;][et_pb_team_member name=&#8221;Caspar Logan Hegardt&#8221; image_url=&#8221;https:\/\/eques.dk\/wp-content\/uploads\/2023\/12\/A9_00426_krijnde-scaled.jpg&#8221; _builder_version=&#8221;4.27.4&#8243; header_text_align=&#8221;center&#8221; header_font_size=&#8221;24px&#8221; custom_css_before=&#8221;content: %22%22;||position: absolute;||top: -25px;||left: -25px;||z-index: 99;||width: 100px;||height: 100px;||background-image: url(\/wp-content\/uploads\/2020\/07\/sweden-flag.png);||background-size: cover;&#8221; custom_css_member_image=&#8221;max-width: 100%;&#8221; global_colors_info=&#8221;{}&#8221;][\/et_pb_team_member][\/et_pb_column][\/et_pb_row][et_pb_row column_structure=&#8221;1_2,1_2&#8243; _builder_version=&#8221;4.16&#8243; global_colors_info=&#8221;{}&#8221;][et_pb_column type=&#8221;1_2&#8243; _builder_version=&#8221;4.16&#8243; global_colors_info=&#8221;{}&#8221;][et_pb_team_member name=&#8221;Berglind R\u00f3sa Gu\u00f0mundsd\u00f3ttir&#8221; image_url=&#8221;https:\/\/eques.dk\/wp-content\/uploads\/2025\/09\/Berglind-20250430_104131000_iOS.jpg&#8221; _builder_version=&#8221;4.27.4&#8243; header_text_align=&#8221;center&#8221; header_font_size=&#8221;24px&#8221; custom_css_before=&#8221;content: %22%22;||position: absolute;||top: -25px;||left: -25px;||z-index: 99;||width: 100px;||height: 100px;||background-image: url(\/wp-content\/uploads\/2020\/07\/sweden-flag.png);||background-size: cover;&#8221; custom_css_member_image=&#8221;max-width: 100%;&#8221; global_colors_info=&#8221;{}&#8221;][\/et_pb_team_member][\/et_pb_column][et_pb_column type=&#8221;1_2&#8243; _builder_version=&#8221;4.16&#8243; global_colors_info=&#8221;{}&#8221;][et_pb_team_member name=&#8221;Josefin \u00deorgeirsson&#8221; image_url=&#8221;https:\/\/eques.dk\/wp-content\/uploads\/2025\/09\/Josi-VM2025-2.png&#8221; _builder_version=&#8221;4.27.4&#8243; header_text_align=&#8221;center&#8221; header_font_size=&#8221;24px&#8221; custom_css_before=&#8221;content: %22%22;||position: absolute;||top: -25px;||left: -25px;||z-index: 99;||width: 100px;||height: 100px;||background-image: url(\/wp-content\/uploads\/2020\/07\/germany-flag.png);||background-size: cover;&#8221; custom_css_member_image=&#8221;max-width: 100%;&#8221; global_colors_info=&#8221;{}&#8221;][\/et_pb_team_member][\/et_pb_column][\/et_pb_row][et_pb_row column_structure=&#8221;1_2,1_2&#8243; _builder_version=&#8221;4.23.3&#8243; _module_preset=&#8221;default&#8221; global_colors_info=&#8221;{}&#8221;][et_pb_column type=&#8221;1_2&#8243; _builder_version=&#8221;4.23.3&#8243; _module_preset=&#8221;default&#8221; global_colors_info=&#8221;{}&#8221;][et_pb_team_member name=&#8221;Hans \u00de\u00f3r Hilmarsson&#8221; image_url=&#8221;https:\/\/eques.dk\/wp-content\/uploads\/2023\/12\/A9_00386_krijnde-scaled.jpg&#8221; _builder_version=&#8221;4.23&#8243; header_text_align=&#8221;center&#8221; header_font_size=&#8221;24px&#8221; custom_css_before=&#8221;content: %22%22;||position: absolute;||top: -25px;||left: -25px;||z-index: 99;||width: 100px;||height: 100px;||background-image: url(\/wp-content\/uploads\/2020\/07\/iceland-flag.png);||background-size: cover;&#8221; custom_css_member_image=&#8221;max-width: 100%;&#8221; locked=&#8221;off&#8221; global_colors_info=&#8221;{}&#8221;][\/et_pb_team_member][\/et_pb_column][et_pb_column type=&#8221;1_2&#8243; _builder_version=&#8221;4.23.3&#8243; _module_preset=&#8221;default&#8221; global_colors_info=&#8221;{}&#8221;][et_pb_team_member name=&#8221;Dan\u00edel Ingi Sm\u00e1rason&#8221; image_url=&#8221;https:\/\/eques.dk\/wp-content\/uploads\/2025\/09\/Daniel-1e6fc88e-2181-4636-8f57-e0fc1ab0357d.jpg&#8221; _builder_version=&#8221;4.27.4&#8243; header_text_align=&#8221;center&#8221; header_font_size=&#8221;24px&#8221; custom_css_before=&#8221;content: %22%22;||position: absolute;||top: -25px;||left: -25px;||z-index: 99;||width: 100px;||height: 100px;||background-image: url(\/wp-content\/uploads\/2020\/07\/sweden-flag.png);||background-size: cover;&#8221; custom_css_member_image=&#8221;max-width: 100%;&#8221; global_colors_info=&#8221;{}&#8221;][\/et_pb_team_member][\/et_pb_column][\/et_pb_row][et_pb_row column_structure=&#8221;1_2,1_2&#8243; _builder_version=&#8221;4.16&#8243; global_colors_info=&#8221;{}&#8221;][et_pb_column type=&#8221;1_2&#8243; _builder_version=&#8221;4.16&#8243; global_colors_info=&#8221;{}&#8221;][et_pb_team_member name=&#8221;Anne Frank Andresen&#8221; image_url=&#8221;https:\/\/eques.dk\/wp-content\/uploads\/2024\/04\/Anne-og-Voekull-billede-NY-scaled.jpg&#8221; _builder_version=&#8221;4.23.4&#8243; header_text_align=&#8221;center&#8221; header_font_size=&#8221;24px&#8221; custom_css_before=&#8221;content: %22%22;||position: absolute;||top: -25px;||left: -25px;||z-index: 99;||width: 100px;||height: 100px;||background-image: url(\/wp-content\/uploads\/2020\/07\/denmark-flag.png);||background-size: cover;&#8221; custom_css_member_image=&#8221;max-width: 100%;&#8221; locked=&#8221;off&#8221; global_colors_info=&#8221;{}&#8221;][\/et_pb_team_member][\/et_pb_column][et_pb_column type=&#8221;1_2&#8243; _builder_version=&#8221;4.16&#8243; global_colors_info=&#8221;{}&#8221;][et_pb_team_member name=&#8221;Sara Sigurbj\u00f6rnsd\u00f3ttir&#8221; image_url=&#8221;https:\/\/eques.dk\/wp-content\/uploads\/2023\/12\/2023-12-22_Sara-tilpasset-scaled.jpg&#8221; _builder_version=&#8221;4.23&#8243; header_text_align=&#8221;center&#8221; header_font_size=&#8221;24px&#8221; custom_css_before=&#8221;content: %22%22;||position: absolute;||top: -25px;||left: -25px;||z-index: 99;||width: 100px;||height: 100px;||background-image: url(\/wp-content\/uploads\/2020\/07\/iceland-flag.png);||background-size: cover;&#8221; custom_css_member_image=&#8221;max-width: 100%;&#8221; locked=&#8221;off&#8221; global_colors_info=&#8221;{}&#8221;][\/et_pb_team_member][\/et_pb_column][\/et_pb_row][et_pb_row column_structure=&#8221;1_2,1_2&#8243; _builder_version=&#8221;4.16&#8243; global_colors_info=&#8221;{}&#8221;][et_pb_column type=&#8221;1_2&#8243; _builder_version=&#8221;4.16&#8243; global_colors_info=&#8221;{}&#8221;][et_pb_team_member name=&#8221;Jessica Hou Geertsen&#8221; image_url=&#8221;https:\/\/eques.dk\/wp-content\/uploads\/2025\/02\/IMG_0043.jpg&#8221; _builder_version=&#8221;4.27.4&#8243; header_text_align=&#8221;center&#8221; header_font_size=&#8221;24px&#8221; custom_css_before=&#8221;content: %22%22;||position: absolute;||top: -25px;||left: -25px;||z-index: 99;||width: 100px;||height: 100px;||background-image: url(\/wp-content\/uploads\/2020\/07\/denmark-flag.png);||background-size: cover;&#8221; custom_css_member_image=&#8221;max-width: 100%;&#8221; locked=&#8221;off&#8221; global_colors_info=&#8221;{}&#8221;][\/et_pb_team_member][\/et_pb_column][et_pb_column type=&#8221;1_2&#8243; _builder_version=&#8221;4.27.4&#8243; _module_preset=&#8221;default&#8221; global_colors_info=&#8221;{}&#8221;][et_pb_team_member name=&#8221;Arnhildur Helgad\u00f3ttir&#8221; image_url=&#8221;https:\/\/eques.dk\/wp-content\/uploads\/2025\/02\/Arnhildur-2-scaled.jpeg&#8221; _builder_version=&#8221;4.27.4&#8243; header_text_align=&#8221;center&#8221; header_font_size=&#8221;24px&#8221; custom_css_before=&#8221;content: %22%22;||position: absolute;||top: -25px;||left: -25px;||z-index: 99;||width: 100px;||height: 100px;||background-image: url(\/wp-content\/uploads\/2020\/07\/iceland-flag.png);||background-size: cover;&#8221; custom_css_member_image=&#8221;max-width: 100%;&#8221; locked=&#8221;off&#8221; global_colors_info=&#8221;{}&#8221;][\/et_pb_team_member][\/et_pb_column][\/et_pb_row][et_pb_row column_structure=&#8221;1_2,1_2&#8243; _builder_version=&#8221;4.16&#8243; global_colors_info=&#8221;{}&#8221;][et_pb_column type=&#8221;1_2&#8243; _builder_version=&#8221;4.16&#8243; global_colors_info=&#8221;{}&#8221;][et_pb_team_member name=&#8221;J\u00f3n \u00c1rs\u00e6ll Bergmann&#8221; image_url=&#8221;https:\/\/eques.dk\/wp-content\/uploads\/2025\/02\/Jon-Arsaell-Bergmann-foto-Nicki-Pfau.jpg&#8221; _builder_version=&#8221;4.27.4&#8243; header_text_align=&#8221;center&#8221; header_font_size=&#8221;24px&#8221; custom_css_before=&#8221;content: %22%22;||position: absolute;||top: -25px;||left: -25px;||z-index: 99;||width: 100px;||height: 100px;||background-image: url(\/wp-content\/uploads\/2020\/07\/iceland-flag.png);||background-size: cover;&#8221; custom_css_member_image=&#8221;max-width: 100%;&#8221; locked=&#8221;off&#8221; global_colors_info=&#8221;{}&#8221;][\/et_pb_team_member][\/et_pb_column][et_pb_column type=&#8221;1_2&#8243; _builder_version=&#8221;4.16&#8243; global_colors_info=&#8221;{}&#8221;][et_pb_team_member name=&#8221;Gudmunda Ellen Sigur\u00f0ard\u00f3ttir&#8221; image_url=&#8221;https:\/\/eques.dk\/wp-content\/uploads\/2025\/02\/Gudmunda-Ellen-Billede.jpeg&#8221; _builder_version=&#8221;4.27.4&#8243; header_text_align=&#8221;center&#8221; header_font_size=&#8221;24px&#8221; custom_css_before=&#8221;content: %22%22;||position: absolute;||top: -25px;||left: -25px;||z-index: 99;||width: 100px;||height: 100px;||background-image: url(\/wp-content\/uploads\/2020\/07\/iceland-flag.png);||background-size: cover;&#8221; custom_css_member_image=&#8221;max-width: 100%;&#8221; global_colors_info=&#8221;{}&#8221;][\/et_pb_team_member][\/et_pb_column][\/et_pb_row][et_pb_row column_structure=&#8221;1_2,1_2&#8243; _builder_version=&#8221;4.16&#8243; global_colors_info=&#8221;{}&#8221;][et_pb_column type=&#8221;1_2&#8243; _builder_version=&#8221;4.16&#8243; global_colors_info=&#8221;{}&#8221;][et_pb_team_member name=&#8221;Sys Pilegaard&#8221; image_url=&#8221;https:\/\/eques.dk\/wp-content\/uploads\/2020\/10\/Sys-Pilegaard-scaled.jpg&#8221; _builder_version=&#8221;4.16&#8243; header_text_align=&#8221;center&#8221; header_font_size=&#8221;24px&#8221; custom_css_before=&#8221;content: %22%22;||position: absolute;||top: -25px;||left: -25px;||z-index: 99;||width: 100px;||height: 100px;||background-image: url(\/wp-content\/uploads\/2020\/07\/denmark-flag.png);||background-size: cover;&#8221; custom_css_member_image=&#8221;max-width: 100%;&#8221; global_colors_info=&#8221;{}&#8221;][\/et_pb_team_member][\/et_pb_column][et_pb_column type=&#8221;1_2&#8243; _builder_version=&#8221;4.16&#8243; global_colors_info=&#8221;{}&#8221;][et_pb_team_member name=&#8221;Sigur\u00f0ur \u00d3li Kristinsson&#8221; image_url=&#8221;https:\/\/new.eques.dk\/wp-content\/uploads\/2020\/07\/siggi-oli.jpg&#8221; _builder_version=&#8221;4.16&#8243; header_text_align=&#8221;center&#8221; header_font_size=&#8221;24px&#8221; custom_css_before=&#8221;content: %22%22;||position: absolute;||top: -25px;||left: -25px;||z-index: 99;||width: 100px;||height: 100px;||background-image: url(\/wp-content\/uploads\/2020\/07\/iceland-flag.png);||background-size: cover;&#8221; custom_css_member_image=&#8221;max-width: 100%;&#8221; global_colors_info=&#8221;{}&#8221;][\/et_pb_team_member][\/et_pb_column][\/et_pb_row][et_pb_row column_structure=&#8221;1_2,1_2&#8243; _builder_version=&#8221;4.23.4&#8243; _module_preset=&#8221;default&#8221; global_colors_info=&#8221;{}&#8221;][et_pb_column type=&#8221;1_2&#8243; _builder_version=&#8221;4.23.4&#8243; _module_preset=&#8221;default&#8221; global_colors_info=&#8221;{}&#8221;][et_pb_team_member name=&#8221;Kristian Tofte Ambo&#8221; image_url=&#8221;https:\/\/eques.dk\/wp-content\/uploads\/2025\/06\/Kristian-Billede-1-1.jpg&#8221; _builder_version=&#8221;4.27.4&#8243; header_text_align=&#8221;center&#8221; header_font_size=&#8221;24px&#8221; custom_css_before=&#8221;content: %22%22;||position: absolute;||top: -25px;||left: -25px;||z-index: 99;||width: 100px;||height: 100px;||background-image: url(\/wp-content\/uploads\/2020\/07\/denmark-flag.png);||background-size: cover;&#8221; custom_css_member_image=&#8221;max-width: 100%;&#8221; locked=&#8221;off&#8221; global_colors_info=&#8221;{}&#8221;][\/et_pb_team_member][\/et_pb_column][et_pb_column type=&#8221;1_2&#8243; _builder_version=&#8221;4.27.4&#8243; _module_preset=&#8221;default&#8221; global_colors_info=&#8221;{}&#8221;][et_pb_team_member name=&#8221;Dennis Hedebo Johansen&#8221; image_url=&#8221;https:\/\/eques.dk\/wp-content\/uploads\/2025\/06\/Dennis-Billede.jpg&#8221; _builder_version=&#8221;4.27.4&#8243; header_text_align=&#8221;center&#8221; header_font_size=&#8221;24px&#8221; custom_css_before=&#8221;content: %22%22;||position: absolute;||top: -25px;||left: -25px;||z-index: 99;||width: 100px;||height: 100px;||background-image: url(\/wp-content\/uploads\/2020\/07\/denmark-flag.png);||background-size: cover;&#8221; custom_css_member_image=&#8221;max-width: 100%;&#8221; locked=&#8221;off&#8221; global_colors_info=&#8221;{}&#8221;][\/et_pb_team_member][\/et_pb_column][\/et_pb_row][et_pb_row column_structure=&#8221;1_2,1_2&#8243; _builder_version=&#8221;4.23.3&#8243; _module_preset=&#8221;default&#8221; global_colors_info=&#8221;{}&#8221;][et_pb_column type=&#8221;1_2&#8243; _builder_version=&#8221;4.23.3&#8243; _module_preset=&#8221;default&#8221; global_colors_info=&#8221;{}&#8221;][et_pb_team_member name=&#8221;Gu\u00f0mundur Bj\u00f6rgvinsson&#8221; image_url=&#8221;https:\/\/new.eques.dk\/wp-content\/uploads\/2020\/07\/gummi.jpg&#8221; _builder_version=&#8221;4.16&#8243; header_text_align=&#8221;center&#8221; header_font_size=&#8221;24px&#8221; custom_css_before=&#8221;content: %22%22;||position: absolute;||top: -25px;||left: -25px;||z-index: 99;||width: 100px;||height: 100px;||background-image: url(\/wp-content\/uploads\/2020\/07\/iceland-flag.png);||background-size: cover;&#8221; custom_css_member_image=&#8221;max-width: 100%;&#8221; locked=&#8221;off&#8221; global_colors_info=&#8221;{}&#8221;][\/et_pb_team_member][\/et_pb_column][et_pb_column type=&#8221;1_2&#8243; _builder_version=&#8221;4.23.3&#8243; _module_preset=&#8221;default&#8221; global_colors_info=&#8221;{}&#8221;][et_pb_team_member name=&#8221;\u00de\u00f3r\u00f0ur \u00deorgeirsson&#8221; image_url=&#8221;https:\/\/eques.dk\/wp-content\/uploads\/2020\/10\/A7R07051.jpg_krijnde.jpg&#8221; _builder_version=&#8221;4.16&#8243; header_text_align=&#8221;center&#8221; header_font_size=&#8221;24px&#8221; custom_css_before=&#8221;content: %22%22;||position: absolute;||top: -25px;||left: -25px;||z-index: 99;||width: 100px;||height: 100px;||background-image: url(\/wp-content\/uploads\/2020\/07\/iceland-flag.png);||background-size: cover;&#8221; custom_css_member_image=&#8221;max-width: 100%;&#8221; global_colors_info=&#8221;{}&#8221;][\/et_pb_team_member][\/et_pb_column][\/et_pb_row][et_pb_row column_structure=&#8221;1_2,1_2&#8243; _builder_version=&#8221;4.23.4&#8243; _module_preset=&#8221;default&#8221; global_colors_info=&#8221;{}&#8221;][et_pb_column type=&#8221;1_2&#8243; _builder_version=&#8221;4.23.4&#8243; _module_preset=&#8221;default&#8221; global_colors_info=&#8221;{}&#8221;][et_pb_team_member name=&#8221;Frederikke Stougaard&#8221; image_url=&#8221;https:\/\/eques.dk\/wp-content\/uploads\/2024\/09\/billede-3-scaled.jpg&#8221; _builder_version=&#8221;4.27.4&#8243; header_text_align=&#8221;center&#8221; header_font_size=&#8221;24px&#8221; hover_enabled=&#8221;0&#8243; custom_css_before=&#8221;content: %22%22;||position: absolute;||top: -25px;||left: -25px;||z-index: 99;||width: 100px;||height: 100px;||background-image: url(\/wp-content\/uploads\/2020\/07\/denmark-flag.png);||background-size: cover;&#8221; custom_css_member_image=&#8221;max-width: 100%;&#8221; locked=&#8221;off&#8221; global_colors_info=&#8221;{}&#8221; title_text=&#8221;billede 3&#8243; sticky_enabled=&#8221;0&#8243;][\/et_pb_team_member][\/et_pb_column][et_pb_column type=&#8221;1_2&#8243; _builder_version=&#8221;4.27.4&#8243; _module_preset=&#8221;default&#8221; global_colors_info=&#8221;{}&#8221;][et_pb_team_member name=&#8221;Rasmus M\u00f8ller Jensen&#8221; image_url=&#8221;https:\/\/new.eques.dk\/wp-content\/uploads\/2020\/07\/rasmus.jpg&#8221; _builder_version=&#8221;4.16&#8243; header_text_align=&#8221;center&#8221; header_font_size=&#8221;24px&#8221; custom_css_before=&#8221;content: %22%22;||position: absolute;||top: -25px;||left: -25px;||z-index: 99;||width: 100px;||height: 100px;||background-image: url(\/wp-content\/uploads\/2020\/07\/denmark-flag.png);||background-size: cover;&#8221; custom_css_member_image=&#8221;max-width: 100%;&#8221; locked=&#8221;off&#8221; global_colors_info=&#8221;{}&#8221;][\/et_pb_team_member][\/et_pb_column][\/et_pb_row][et_pb_row column_structure=&#8221;1_2,1_2&#8243; _builder_version=&#8221;4.16&#8243; global_colors_info=&#8221;{}&#8221;][et_pb_column type=&#8221;1_2&#8243; _builder_version=&#8221;4.16&#8243; global_colors_info=&#8221;{}&#8221; admin_label=&#8221;Kolonne&#8221;][et_pb_team_member name=&#8221;Katie Sundin Brumpton&#8221; image_url=&#8221;https:\/\/eques.dk\/wp-content\/uploads\/2025\/06\/Katie-Brumpton-billede-af-Sandra-Nordin-Johansson.png&#8221; _builder_version=&#8221;4.27.4&#8243; header_text_align=&#8221;center&#8221; header_font_size=&#8221;24px&#8221; hover_enabled=&#8221;0&#8243; custom_css_before=&#8221;content: %22%22;||position: absolute;||top: -25px;||left: -25px;||z-index: 99;||width: 100px;||height: 100px;||background-image: url(\/wp-content\/uploads\/2020\/07\/sweden-flag.png);||background-size: cover;&#8221; custom_css_member_image=&#8221;max-width: 100%;&#8221; global_colors_info=&#8221;{}&#8221; title_text=&#8221;Katie Brumpton &#8211; billede af Sandra Nordin Johansson&#8221; sticky_enabled=&#8221;0&#8243; admin_label=&#8221;Person&#8221;][\/et_pb_team_member][\/et_pb_column][et_pb_column type=&#8221;1_2&#8243; _builder_version=&#8221;4.16&#8243; global_colors_info=&#8221;{}&#8221; admin_label=&#8221;Kolonne&#8221;][\/et_pb_column][\/et_pb_row][et_pb_row _builder_version=&#8221;4.27.4&#8243; _module_preset=&#8221;default&#8221; global_colors_info=&#8221;{}&#8221; column_structure=&#8221;1_2,1_2&#8243; admin_label=&#8221;R\u00e6kke&#8221;][et_pb_column type=&#8221;1_2&#8243; _builder_version=&#8221;4.27.4&#8243; _module_preset=&#8221;default&#8221; global_colors_info=&#8221;{}&#8221;][et_pb_text _builder_version=&#8221;4.27.4&#8243; _module_preset=&#8221;default&#8221; global_colors_info=&#8221;{}&#8221;]<\/p>\n<div style=\"width:55px;height:0px;overflow:hidden\"><a href=\"https:\/\/filmebro.com\/filme\/my-fault-culpa-mia\/\" title=\"culpa mia online subtitrat in romana\" target=\"_blank\">culpa mia online subtitrat in romana<\/a><\/div>\n<p>[\/et_pb_text][\/et_pb_column][et_pb_column type=&#8221;1_2&#8243; _builder_version=&#8221;4.27.4&#8243; _module_preset=&#8221;default&#8221; global_colors_info=&#8221;{}&#8221;][\/et_pb_column][\/et_pb_row][\/et_pb_section]<\/p>\n","protected":false},"excerpt":{"rendered":"<p>culpa mia online subtitrat in romana<\/p>\n","protected":false},"author":1,"featured_media":0,"parent":0,"menu_order":0,"comment_status":"closed","ping_status":"closed","template":"","meta":{"_acf_changed":false,"_et_pb_use_builder":"on","_et_pb_old_content":"","_et_gb_content_width":"","footnotes":""},"class_list":["post-8272","page","type-page","status-publish","hentry"],"acf":[],"yoast_head":"<!-- This site is optimized with the Yoast SEO plugin v26.3 - https:\/\/yoast.com\/wordpress\/plugins\/seo\/ -->\n<title>Profile Riders : Eques<\/title>\n<meta name=\"robots\" content=\"index, follow, max-snippet:-1, max-image-preview:large, max-video-preview:-1\" \/>\n<link rel=\"canonical\" href=\"https:\/\/eques.dk\/en\/profile-riders\/\" \/>\n<meta property=\"og:locale\" content=\"en_US\" \/>\n<meta property=\"og:type\" content=\"article\" \/>\n<meta property=\"og:title\" content=\"Profile Riders : Eques\" \/>\n<meta property=\"og:description\" content=\"culpa mia online subtitrat in romana\" \/>\n<meta property=\"og:url\" content=\"https:\/\/eques.dk\/en\/profile-riders\/\" \/>\n<meta property=\"og:site_name\" content=\"Eques\" \/>\n<meta property=\"article:modified_time\" content=\"2026-01-15T10:24:14+00:00\" \/>\n<meta name=\"twitter:card\" content=\"summary_large_image\" \/>\n<meta name=\"twitter:label1\" content=\"Est. reading time\" \/>\n\t<meta name=\"twitter:data1\" content=\"10 minutes\" \/>\n<script type=\"application\/ld+json\" class=\"yoast-schema-graph\">{\"@context\":\"https:\/\/schema.org\",\"@graph\":[{\"@type\":\"WebPage\",\"@id\":\"https:\/\/eques.dk\/en\/profile-riders\/\",\"url\":\"https:\/\/eques.dk\/en\/profile-riders\/\",\"name\":\"Profile Riders : Eques\",\"isPartOf\":{\"@id\":\"https:\/\/eques.dk\/en\/#website\"},\"datePublished\":\"2020-08-10T14:25:39+00:00\",\"dateModified\":\"2026-01-15T10:24:14+00:00\",\"breadcrumb\":{\"@id\":\"https:\/\/eques.dk\/en\/profile-riders\/#breadcrumb\"},\"inLanguage\":\"en-US\",\"potentialAction\":[{\"@type\":\"ReadAction\",\"target\":[\"https:\/\/eques.dk\/en\/profile-riders\/\"]}]},{\"@type\":\"BreadcrumbList\",\"@id\":\"https:\/\/eques.dk\/en\/profile-riders\/#breadcrumb\",\"itemListElement\":[{\"@type\":\"ListItem\",\"position\":1,\"name\":\"Hjem\",\"item\":\"https:\/\/eques.dk\/en\/\"},{\"@type\":\"ListItem\",\"position\":2,\"name\":\"Profile Riders\"}]},{\"@type\":\"WebSite\",\"@id\":\"https:\/\/eques.dk\/en\/#website\",\"url\":\"https:\/\/eques.dk\/en\/\",\"name\":\"Eques\",\"description\":\"Rideudstyr til islandske heste i dansk design\",\"potentialAction\":[{\"@type\":\"SearchAction\",\"target\":{\"@type\":\"EntryPoint\",\"urlTemplate\":\"https:\/\/eques.dk\/en\/?s={search_term_string}\"},\"query-input\":{\"@type\":\"PropertyValueSpecification\",\"valueRequired\":true,\"valueName\":\"search_term_string\"}}],\"inLanguage\":\"en-US\"}]}<\/script>\n<!-- \/ Yoast SEO plugin. -->","yoast_head_json":{"title":"Profile Riders : Eques","robots":{"index":"index","follow":"follow","max-snippet":"max-snippet:-1","max-image-preview":"max-image-preview:large","max-video-preview":"max-video-preview:-1"},"canonical":"https:\/\/eques.dk\/en\/profile-riders\/","og_locale":"en_US","og_type":"article","og_title":"Profile Riders : Eques","og_description":"culpa mia online subtitrat in romana","og_url":"https:\/\/eques.dk\/en\/profile-riders\/","og_site_name":"Eques","article_modified_time":"2026-01-15T10:24:14+00:00","twitter_card":"summary_large_image","twitter_misc":{"Est. reading time":"10 minutes"},"schema":{"@context":"https:\/\/schema.org","@graph":[{"@type":"WebPage","@id":"https:\/\/eques.dk\/en\/profile-riders\/","url":"https:\/\/eques.dk\/en\/profile-riders\/","name":"Profile Riders : Eques","isPartOf":{"@id":"https:\/\/eques.dk\/en\/#website"},"datePublished":"2020-08-10T14:25:39+00:00","dateModified":"2026-01-15T10:24:14+00:00","breadcrumb":{"@id":"https:\/\/eques.dk\/en\/profile-riders\/#breadcrumb"},"inLanguage":"en-US","potentialAction":[{"@type":"ReadAction","target":["https:\/\/eques.dk\/en\/profile-riders\/"]}]},{"@type":"BreadcrumbList","@id":"https:\/\/eques.dk\/en\/profile-riders\/#breadcrumb","itemListElement":[{"@type":"ListItem","position":1,"name":"Hjem","item":"https:\/\/eques.dk\/en\/"},{"@type":"ListItem","position":2,"name":"Profile Riders"}]},{"@type":"WebSite","@id":"https:\/\/eques.dk\/en\/#website","url":"https:\/\/eques.dk\/en\/","name":"Eques","description":"Rideudstyr til islandske heste i dansk design","potentialAction":[{"@type":"SearchAction","target":{"@type":"EntryPoint","urlTemplate":"https:\/\/eques.dk\/en\/?s={search_term_string}"},"query-input":{"@type":"PropertyValueSpecification","valueRequired":true,"valueName":"search_term_string"}}],"inLanguage":"en-US"}]}},"_links":{"self":[{"href":"https:\/\/eques.dk\/en\/wp-json\/wp\/v2\/pages\/8272","targetHints":{"allow":["GET"]}}],"collection":[{"href":"https:\/\/eques.dk\/en\/wp-json\/wp\/v2\/pages"}],"about":[{"href":"https:\/\/eques.dk\/en\/wp-json\/wp\/v2\/types\/page"}],"author":[{"embeddable":true,"href":"https:\/\/eques.dk\/en\/wp-json\/wp\/v2\/users\/1"}],"replies":[{"embeddable":true,"href":"https:\/\/eques.dk\/en\/wp-json\/wp\/v2\/comments?post=8272"}],"version-history":[{"count":17,"href":"https:\/\/eques.dk\/en\/wp-json\/wp\/v2\/pages\/8272\/revisions"}],"predecessor-version":[{"id":25476,"href":"https:\/\/eques.dk\/en\/wp-json\/wp\/v2\/pages\/8272\/revisions\/25476"}],"wp:attachment":[{"href":"https:\/\/eques.dk\/en\/wp-json\/wp\/v2\/media?parent=8272"}],"curies":[{"name":"wp","href":"https:\/\/api.w.org\/{rel}","templated":true}]}}