{"id":4515,"date":"2019-09-30T12:58:00","date_gmt":"2019-09-30T12:58:00","guid":{"rendered":"\/\/eques.dk\/?post_type=product&#038;p=4515"},"modified":"2026-04-18T06:14:54","modified_gmt":"2026-04-18T06:14:54","slug":"kopfeisen-a-eq15002","status":"publish","type":"product","link":"https:\/\/eques.dk\/de\/produkt\/kopfeisen-a-eq15002\/","title":{"rendered":"Kopfeisen A"},"content":{"rendered":"<p>Alle EQUES S\u00e4ttel sind mit austauschbarem Kopfeisen, um die bestm\u00f6gliche Anpassung an das Pferd zu erm\u00f6glichen.<\/p>\n<p>Anleitung zum Austauschen von Kopfeisen: <a href=\"https:\/\/www.youtube.com\/watch?v=3TtCOoh1n1A\">EQUES Kopfeisenwechsel<\/a><\/p>\n<p>&nbsp;<\/p>\n<p><strong>Gr\u00f6\u00dfen:<\/strong><\/p>\n<p style=\"padding-left: 80px;\">Gelb 24A<br \/>\nOrange 25A<br \/>\nRot 26A (medium)<br \/>\nBraun 27A<br \/>\nBlau 28A<br \/>\nSchwarz 29A<br \/>\nGr\u00fcn 30A<\/p>\n<p>S\u00e4ttel mit A-Baum werden standardm\u00e4\u00dfig mit einem roten 26A Kopfeisen ausgeliefert.<\/p>\n<p><strong>UVP: <\/strong> 40 Euro<\/p>\n<p>&nbsp;<\/p>\n<p>&nbsp;<\/p>\n<p>(Ehemalige Artikelnummer: EG-A)<\/p>\n","protected":false},"excerpt":{"rendered":"<p>Kopfeisen f\u00fcr EQUES-S\u00e4ttel mit A-Baum und B-Baum:<\/p>\n<p><a href=\"https:\/\/eques.dk\/de\/produkt\/one\/\">One<\/a>, <a href=\"https:\/\/eques.dk\/de\/produkt\/expert\/\">Expert<\/a>, <a href=\"https:\/\/eques.dk\/de\/produkt\/sella-plus\/\" target=\"_blank\" rel=\"noopener\">Sella Plus<\/a>, <a href=\"https:\/\/eques.dk\/de\/produkt\/black\/\" target=\"_blank\" rel=\"noopener\">Black<\/a>, <a href=\"https:\/\/eques.dk\/de\/produkt\/champion-a\/\" target=\"_blank\" rel=\"noopener\">Champion A<\/a>, Levis Plus, Forma und Kosmos.<\/p>\n<p>Erh\u00e4ltlich in sieben verschiedenen Gr\u00f6\u00dfen.<\/p>\n","protected":false},"featured_media":8713,"template":"","meta":{"_acf_changed":false,"_et_pb_use_builder":"","_et_pb_old_content":"","_et_gb_content_width":""},"product_brand":[],"product_cat":[331,319],"product_tag":[],"class_list":{"0":"post-4515","1":"product","2":"type-product","3":"status-publish","4":"has-post-thumbnail","6":"product_cat-kopfeisen","7":"product_cat-sattel-zubehoer","9":"first","10":"instock","11":"shipping-taxable","12":"product-type-variable"},"acf":[],"yoast_head":"<!-- This site is optimized with the Yoast SEO plugin v26.3 - https:\/\/yoast.com\/wordpress\/plugins\/seo\/ -->\n<title>Kopfeisen A : Eques<\/title>\n<meta name=\"robots\" content=\"index, follow, max-snippet:-1, max-image-preview:large, max-video-preview:-1\" \/>\n<link rel=\"canonical\" href=\"https:\/\/eques.dk\/de\/produkt\/kopfeisen-a-eq15002\/\" \/>\n<meta property=\"og:locale\" content=\"de_DE\" \/>\n<meta property=\"og:type\" content=\"article\" \/>\n<meta property=\"og:title\" content=\"Kopfeisen A : Eques\" \/>\n<meta property=\"og:description\" content=\"Kopfeisen f\u00fcr EQUES-S\u00e4ttel mit A-Baum und B-Baum:  One, Expert, Sella Plus, Black, Champion A, Levis Plus, Forma und Kosmos.  Erh\u00e4ltlich in sieben verschiedenen Gr\u00f6\u00dfen.\" \/>\n<meta property=\"og:url\" content=\"https:\/\/eques.dk\/de\/produkt\/kopfeisen-a-eq15002\/\" \/>\n<meta property=\"og:site_name\" content=\"Eques\" \/>\n<meta property=\"article:modified_time\" content=\"2026-04-18T06:14:54+00:00\" \/>\n<meta property=\"og:image\" content=\"https:\/\/eques.dk\/wp-content\/uploads\/2019\/09\/kopfjern-a-square.jpg\" \/>\n\t<meta property=\"og:image:width\" content=\"2048\" \/>\n\t<meta property=\"og:image:height\" content=\"2047\" \/>\n\t<meta property=\"og:image:type\" content=\"image\/jpeg\" \/>\n<meta name=\"twitter:card\" content=\"summary_large_image\" \/>\n<meta name=\"twitter:label1\" content=\"Gesch\u00e4tzte Lesezeit\" \/>\n\t<meta name=\"twitter:data1\" content=\"1\u00a0Minute\" \/>\n<script type=\"application\/ld+json\" class=\"yoast-schema-graph\">{\"@context\":\"https:\/\/schema.org\",\"@graph\":[{\"@type\":\"WebPage\",\"@id\":\"https:\/\/eques.dk\/de\/produkt\/kopfeisen-a-eq15002\/\",\"url\":\"https:\/\/eques.dk\/de\/produkt\/kopfeisen-a-eq15002\/\",\"name\":\"Kopfeisen A : Eques\",\"isPartOf\":{\"@id\":\"https:\/\/eques.dk\/de\/#website\"},\"primaryImageOfPage\":{\"@id\":\"https:\/\/eques.dk\/de\/produkt\/kopfeisen-a-eq15002\/#primaryimage\"},\"image\":{\"@id\":\"https:\/\/eques.dk\/de\/produkt\/kopfeisen-a-eq15002\/#primaryimage\"},\"thumbnailUrl\":\"https:\/\/eques.dk\/wp-content\/uploads\/2019\/09\/kopfjern-a-square.jpg\",\"datePublished\":\"2019-09-30T12:58:00+00:00\",\"dateModified\":\"2026-04-18T06:14:54+00:00\",\"breadcrumb\":{\"@id\":\"https:\/\/eques.dk\/de\/produkt\/kopfeisen-a-eq15002\/#breadcrumb\"},\"inLanguage\":\"de\",\"potentialAction\":[{\"@type\":\"ReadAction\",\"target\":[\"https:\/\/eques.dk\/de\/produkt\/kopfeisen-a-eq15002\/\"]}]},{\"@type\":\"ImageObject\",\"inLanguage\":\"de\",\"@id\":\"https:\/\/eques.dk\/de\/produkt\/kopfeisen-a-eq15002\/#primaryimage\",\"url\":\"https:\/\/eques.dk\/wp-content\/uploads\/2019\/09\/kopfjern-a-square.jpg\",\"contentUrl\":\"https:\/\/eques.dk\/wp-content\/uploads\/2019\/09\/kopfjern-a-square.jpg\",\"width\":2048,\"height\":2047},{\"@type\":\"BreadcrumbList\",\"@id\":\"https:\/\/eques.dk\/de\/produkt\/kopfeisen-a-eq15002\/#breadcrumb\",\"itemListElement\":[{\"@type\":\"ListItem\",\"position\":1,\"name\":\"Hjem\",\"item\":\"https:\/\/eques.dk\/de\/\"},{\"@type\":\"ListItem\",\"position\":2,\"name\":\"Shop\",\"item\":\"https:\/\/eques.dk\/de\/shop\/\"},{\"@type\":\"ListItem\",\"position\":3,\"name\":\"Kopfeisen A\"}]},{\"@type\":\"WebSite\",\"@id\":\"https:\/\/eques.dk\/de\/#website\",\"url\":\"https:\/\/eques.dk\/de\/\",\"name\":\"Eques\",\"description\":\"Rideudstyr til islandske heste i dansk design\",\"potentialAction\":[{\"@type\":\"SearchAction\",\"target\":{\"@type\":\"EntryPoint\",\"urlTemplate\":\"https:\/\/eques.dk\/de\/?s={search_term_string}\"},\"query-input\":{\"@type\":\"PropertyValueSpecification\",\"valueRequired\":true,\"valueName\":\"search_term_string\"}}],\"inLanguage\":\"de\"}]}<\/script>\n<!-- \/ Yoast SEO plugin. -->","yoast_head_json":{"title":"Kopfeisen A : Eques","robots":{"index":"index","follow":"follow","max-snippet":"max-snippet:-1","max-image-preview":"max-image-preview:large","max-video-preview":"max-video-preview:-1"},"canonical":"https:\/\/eques.dk\/de\/produkt\/kopfeisen-a-eq15002\/","og_locale":"de_DE","og_type":"article","og_title":"Kopfeisen A : Eques","og_description":"Kopfeisen f\u00fcr EQUES-S\u00e4ttel mit A-Baum und B-Baum:  One, Expert, Sella Plus, Black, Champion A, Levis Plus, Forma und Kosmos.  Erh\u00e4ltlich in sieben verschiedenen Gr\u00f6\u00dfen.","og_url":"https:\/\/eques.dk\/de\/produkt\/kopfeisen-a-eq15002\/","og_site_name":"Eques","article_modified_time":"2026-04-18T06:14:54+00:00","og_image":[{"width":2048,"height":2047,"url":"https:\/\/eques.dk\/wp-content\/uploads\/2019\/09\/kopfjern-a-square.jpg","type":"image\/jpeg"}],"twitter_card":"summary_large_image","twitter_misc":{"Gesch\u00e4tzte Lesezeit":"1\u00a0Minute"},"schema":{"@context":"https:\/\/schema.org","@graph":[{"@type":"WebPage","@id":"https:\/\/eques.dk\/de\/produkt\/kopfeisen-a-eq15002\/","url":"https:\/\/eques.dk\/de\/produkt\/kopfeisen-a-eq15002\/","name":"Kopfeisen A : Eques","isPartOf":{"@id":"https:\/\/eques.dk\/de\/#website"},"primaryImageOfPage":{"@id":"https:\/\/eques.dk\/de\/produkt\/kopfeisen-a-eq15002\/#primaryimage"},"image":{"@id":"https:\/\/eques.dk\/de\/produkt\/kopfeisen-a-eq15002\/#primaryimage"},"thumbnailUrl":"https:\/\/eques.dk\/wp-content\/uploads\/2019\/09\/kopfjern-a-square.jpg","datePublished":"2019-09-30T12:58:00+00:00","dateModified":"2026-04-18T06:14:54+00:00","breadcrumb":{"@id":"https:\/\/eques.dk\/de\/produkt\/kopfeisen-a-eq15002\/#breadcrumb"},"inLanguage":"de","potentialAction":[{"@type":"ReadAction","target":["https:\/\/eques.dk\/de\/produkt\/kopfeisen-a-eq15002\/"]}]},{"@type":"ImageObject","inLanguage":"de","@id":"https:\/\/eques.dk\/de\/produkt\/kopfeisen-a-eq15002\/#primaryimage","url":"https:\/\/eques.dk\/wp-content\/uploads\/2019\/09\/kopfjern-a-square.jpg","contentUrl":"https:\/\/eques.dk\/wp-content\/uploads\/2019\/09\/kopfjern-a-square.jpg","width":2048,"height":2047},{"@type":"BreadcrumbList","@id":"https:\/\/eques.dk\/de\/produkt\/kopfeisen-a-eq15002\/#breadcrumb","itemListElement":[{"@type":"ListItem","position":1,"name":"Hjem","item":"https:\/\/eques.dk\/de\/"},{"@type":"ListItem","position":2,"name":"Shop","item":"https:\/\/eques.dk\/de\/shop\/"},{"@type":"ListItem","position":3,"name":"Kopfeisen A"}]},{"@type":"WebSite","@id":"https:\/\/eques.dk\/de\/#website","url":"https:\/\/eques.dk\/de\/","name":"Eques","description":"Rideudstyr til islandske heste i dansk design","potentialAction":[{"@type":"SearchAction","target":{"@type":"EntryPoint","urlTemplate":"https:\/\/eques.dk\/de\/?s={search_term_string}"},"query-input":{"@type":"PropertyValueSpecification","valueRequired":true,"valueName":"search_term_string"}}],"inLanguage":"de"}]}},"_links":{"self":[{"href":"https:\/\/eques.dk\/de\/wp-json\/wp\/v2\/product\/4515","targetHints":{"allow":["GET"]}}],"collection":[{"href":"https:\/\/eques.dk\/de\/wp-json\/wp\/v2\/product"}],"about":[{"href":"https:\/\/eques.dk\/de\/wp-json\/wp\/v2\/types\/product"}],"wp:featuredmedia":[{"embeddable":true,"href":"https:\/\/eques.dk\/de\/wp-json\/wp\/v2\/media\/8713"}],"wp:attachment":[{"href":"https:\/\/eques.dk\/de\/wp-json\/wp\/v2\/media?parent=4515"}],"wp:term":[{"taxonomy":"product_brand","embeddable":true,"href":"https:\/\/eques.dk\/de\/wp-json\/wp\/v2\/product_brand?post=4515"},{"taxonomy":"product_cat","embeddable":true,"href":"https:\/\/eques.dk\/de\/wp-json\/wp\/v2\/product_cat?post=4515"},{"taxonomy":"product_tag","embeddable":true,"href":"https:\/\/eques.dk\/de\/wp-json\/wp\/v2\/product_tag?post=4515"}],"curies":[{"name":"wp","href":"https:\/\/api.w.org\/{rel}","templated":true}]}}