{"id":26210,"date":"2026-03-13T13:20:58","date_gmt":"2026-03-13T13:20:58","guid":{"rendered":"https:\/\/eques.dk\/?post_type=product&#038;p=26210"},"modified":"2026-05-08T10:25:19","modified_gmt":"2026-05-08T10:25:19","slug":"eq-kl-silja-ladies-hybrid-vest","status":"publish","type":"product","link":"https:\/\/eques.dk\/de\/produkt\/eq-kl-silja-ladies-hybrid-vest\/","title":{"rendered":"EQ KL Silja Ladies Hybrid Vest"},"content":{"rendered":"<p data-start=\"520\" data-end=\"537\"><strong data-start=\"520\" data-end=\"535\">Eigenschaften:<\/strong><\/p>\n<ul data-start=\"538\" data-end=\"712\">\n<li data-start=\"538\" data-end=\"559\">\n<p data-start=\"540\" data-end=\"559\">2-Wege YKK-Reisverschluss<\/p>\n<\/li>\n<li data-start=\"560\" data-end=\"592\">\n<p data-start=\"562\" data-end=\"592\">Diskrete Brusttasche an der Innenseite<\/p>\n<\/li>\n<li data-start=\"593\" data-end=\"645\">\n<p data-start=\"595\" data-end=\"645\">Flexible und atmungsaktive Softshellseitenteile<\/p>\n<\/li>\n<li data-start=\"646\" data-end=\"687\">\n<p data-start=\"648\" data-end=\"687\">Wattierte Teile mit reflektierenden Details<\/p>\n<\/li>\n<li data-start=\"646\" data-end=\"687\">Wasserabweisend<\/li>\n<li data-start=\"688\" data-end=\"712\">\n<p data-start=\"690\" data-end=\"712\">Primaloft\u00ae-Futter<\/p>\n<\/li>\n<\/ul>\n<p>&nbsp;<\/p>\n<p data-start=\"714\" data-end=\"980\" data-wp-editing=\"1\"><img loading=\"lazy\" decoding=\"async\" class=\"alignnone wp-image-22322\" src=\"https:\/\/eques.dk\/wp-content\/uploads\/2025\/02\/Reflective_details300ppi-300x255.png\" alt=\"\" width=\"115\" height=\"98\" srcset=\"https:\/\/eques.dk\/wp-content\/uploads\/2025\/02\/Reflective_details300ppi-300x255.png 300w, https:\/\/eques.dk\/wp-content\/uploads\/2025\/02\/Reflective_details300ppi.png 354w\" sizes=\"(max-width: 115px) 100vw, 115px\" \/><img loading=\"lazy\" decoding=\"async\" class=\"alignnone wp-image-22304\" src=\"https:\/\/eques.dk\/wp-content\/uploads\/2025\/02\/2-way_zip-300ppi-300x234.png\" alt=\"\" width=\"116\" height=\"90\" srcset=\"https:\/\/eques.dk\/wp-content\/uploads\/2025\/02\/2-way_zip-300ppi-300x234.png 300w, https:\/\/eques.dk\/wp-content\/uploads\/2025\/02\/2-way_zip-300ppi.png 354w\" sizes=\"(max-width: 116px) 100vw, 116px\" \/><img loading=\"lazy\" decoding=\"async\" class=\"alignnone wp-image-22313\" src=\"https:\/\/eques.dk\/wp-content\/uploads\/2025\/02\/Water_repellent300ppi-300x234.png\" alt=\"\" width=\"115\" height=\"90\" srcset=\"https:\/\/eques.dk\/wp-content\/uploads\/2025\/02\/Water_repellent300ppi-300x234.png 300w, https:\/\/eques.dk\/wp-content\/uploads\/2025\/02\/Water_repellent300ppi.png 354w\" sizes=\"(max-width: 115px) 100vw, 115px\" \/><img loading=\"lazy\" decoding=\"async\" class=\"alignnone wp-image-22310\" src=\"https:\/\/eques.dk\/wp-content\/uploads\/2025\/02\/Insulated300ppi-300x234.png\" alt=\"\" width=\"115\" height=\"90\" srcset=\"https:\/\/eques.dk\/wp-content\/uploads\/2025\/02\/Insulated300ppi-300x234.png 300w, https:\/\/eques.dk\/wp-content\/uploads\/2025\/02\/Insulated300ppi.png 354w\" sizes=\"(max-width: 115px) 100vw, 115px\" \/><img loading=\"lazy\" decoding=\"async\" class=\"alignnone wp-image-22304\" src=\"https:\/\/eques.dk\/wp-content\/uploads\/2025\/02\/2-way_zip-300ppi-300x234.png\" alt=\"\" width=\"115\" height=\"90\" srcset=\"https:\/\/eques.dk\/wp-content\/uploads\/2025\/02\/2-way_zip-300ppi-300x234.png 300w, https:\/\/eques.dk\/wp-content\/uploads\/2025\/02\/2-way_zip-300ppi.png 354w\" sizes=\"(max-width: 115px) 100vw, 115px\" \/><img loading=\"lazy\" decoding=\"async\" class=\"alignnone wp-image-22319\" src=\"https:\/\/eques.dk\/wp-content\/uploads\/2025\/02\/Primaloft-Logo-300x300.png\" alt=\"\" width=\"90\" height=\"90\" \/><\/p>\n<p data-start=\"714\" data-end=\"980\"><strong data-start=\"714\" data-end=\"729\">Gr\u00f6\u00dfen:<\/strong> XS\u2013XXL<\/p>\n<p data-start=\"714\" data-end=\"980\"><strong data-start=\"739\" data-end=\"749\">Farbe:<\/strong> Schwarz<\/p>\n<p data-start=\"714\" data-end=\"980\"><strong data-start=\"757\" data-end=\"771\">Material:<\/strong> Seitenteile 100 % Polyester; Oberstoff: 100 % Polyester; Polsterung: 100 % Polyester; Innenstoff: 100 % Polyester<\/p>\n<p data-start=\"714\" data-end=\"980\"><strong data-start=\"888\" data-end=\"907\">Waschempfehlung:<\/strong> Maschinenw\u00e4sche bei 30 \u00b0C<\/p>\n<p data-start=\"714\" data-end=\"980\"><strong data-start=\"931\" data-end=\"958\">UVP:<\/strong> 189 EUR<\/p>\n<p data-start=\"714\" data-end=\"980\">\n","protected":false},"excerpt":{"rendered":"<p>Die EQUES|KINGSLAND Silje Ladies Hybrid Weste wurde f\u00fcr den aktiven Reiter entwickelt und kombiniert W\u00e4rme mit Flexibilit\u00e4t und einem funktionellen, stilreinen Design. Sie eignet sich f\u00fcr Training, Turniere und t\u00e4gliches Reiten und bietet guten Komfort und Bewegungsfreiheit. Eine vielseitige Weste, welche praktische Eigenschaften mit einem schlichten und stilvollen Ausdruck kombiniert.<\/p>\n","protected":false},"featured_media":26103,"template":"","meta":{"_acf_changed":false,"_et_pb_use_builder":"","_et_pb_old_content":"","_et_gb_content_width":""},"product_brand":[],"product_cat":[609,41],"product_tag":[],"class_list":{"0":"post-26210","1":"product","2":"type-product","3":"status-publish","4":"has-post-thumbnail","6":"product_cat-jacken","7":"product_cat-fuer-reiter","9":"first","10":"instock","11":"shipping-taxable","12":"product-type-variable"},"acf":[],"yoast_head":"<!-- This site is optimized with the Yoast SEO plugin v26.3 - https:\/\/yoast.com\/wordpress\/plugins\/seo\/ -->\n<title>EQ KL Silja Ladies Hybrid Vest : Eques<\/title>\n<meta name=\"robots\" content=\"index, follow, max-snippet:-1, max-image-preview:large, max-video-preview:-1\" \/>\n<link rel=\"canonical\" href=\"https:\/\/eques.dk\/de\/produkt\/eq-kl-silja-ladies-hybrid-vest\/\" \/>\n<meta property=\"og:locale\" content=\"de_DE\" \/>\n<meta property=\"og:type\" content=\"article\" \/>\n<meta property=\"og:title\" content=\"EQ KL Silja Ladies Hybrid Vest : Eques\" \/>\n<meta property=\"og:description\" content=\"Die EQUES|KINGSLAND Silje Ladies Hybrid Weste wurde f\u00fcr den aktiven Reiter entwickelt und kombiniert W\u00e4rme mit Flexibilit\u00e4t und einem funktionellen, stilreinen Design. Sie eignet sich f\u00fcr Training, Turniere und t\u00e4gliches Reiten und bietet guten Komfort und Bewegungsfreiheit. Eine vielseitige Weste, welche praktische Eigenschaften mit einem schlichten und stilvollen Ausdruck kombiniert.\" \/>\n<meta property=\"og:url\" content=\"https:\/\/eques.dk\/de\/produkt\/eq-kl-silja-ladies-hybrid-vest\/\" \/>\n<meta property=\"og:site_name\" content=\"Eques\" \/>\n<meta property=\"article:modified_time\" content=\"2026-05-08T10:25:19+00:00\" \/>\n<meta property=\"og:image\" content=\"https:\/\/eques.dk\/wp-content\/uploads\/2026\/02\/31410-6090.png\" \/>\n\t<meta property=\"og:image:width\" content=\"600\" \/>\n\t<meta property=\"og:image:height\" content=\"600\" \/>\n\t<meta property=\"og:image:type\" content=\"image\/png\" \/>\n<meta name=\"twitter:card\" content=\"summary_large_image\" \/>\n<meta name=\"twitter:label1\" content=\"Gesch\u00e4tzte Lesezeit\" \/>\n\t<meta name=\"twitter:data1\" content=\"2\u00a0Minuten\" \/>\n<script type=\"application\/ld+json\" class=\"yoast-schema-graph\">{\"@context\":\"https:\/\/schema.org\",\"@graph\":[{\"@type\":\"WebPage\",\"@id\":\"https:\/\/eques.dk\/de\/produkt\/eq-kl-silja-ladies-hybrid-vest\/\",\"url\":\"https:\/\/eques.dk\/de\/produkt\/eq-kl-silja-ladies-hybrid-vest\/\",\"name\":\"EQ KL Silja Ladies Hybrid Vest : Eques\",\"isPartOf\":{\"@id\":\"https:\/\/eques.dk\/de\/#website\"},\"primaryImageOfPage\":{\"@id\":\"https:\/\/eques.dk\/de\/produkt\/eq-kl-silja-ladies-hybrid-vest\/#primaryimage\"},\"image\":{\"@id\":\"https:\/\/eques.dk\/de\/produkt\/eq-kl-silja-ladies-hybrid-vest\/#primaryimage\"},\"thumbnailUrl\":\"https:\/\/eques.dk\/wp-content\/uploads\/2026\/02\/31410-6090.png\",\"datePublished\":\"2026-03-13T13:20:58+00:00\",\"dateModified\":\"2026-05-08T10:25:19+00:00\",\"breadcrumb\":{\"@id\":\"https:\/\/eques.dk\/de\/produkt\/eq-kl-silja-ladies-hybrid-vest\/#breadcrumb\"},\"inLanguage\":\"de\",\"potentialAction\":[{\"@type\":\"ReadAction\",\"target\":[\"https:\/\/eques.dk\/de\/produkt\/eq-kl-silja-ladies-hybrid-vest\/\"]}]},{\"@type\":\"ImageObject\",\"inLanguage\":\"de\",\"@id\":\"https:\/\/eques.dk\/de\/produkt\/eq-kl-silja-ladies-hybrid-vest\/#primaryimage\",\"url\":\"https:\/\/eques.dk\/wp-content\/uploads\/2026\/02\/31410-6090.png\",\"contentUrl\":\"https:\/\/eques.dk\/wp-content\/uploads\/2026\/02\/31410-6090.png\",\"width\":600,\"height\":600},{\"@type\":\"BreadcrumbList\",\"@id\":\"https:\/\/eques.dk\/de\/produkt\/eq-kl-silja-ladies-hybrid-vest\/#breadcrumb\",\"itemListElement\":[{\"@type\":\"ListItem\",\"position\":1,\"name\":\"Hjem\",\"item\":\"https:\/\/eques.dk\/de\/\"},{\"@type\":\"ListItem\",\"position\":2,\"name\":\"Shop\",\"item\":\"https:\/\/eques.dk\/de\/shop\/\"},{\"@type\":\"ListItem\",\"position\":3,\"name\":\"EQ KL Silja Ladies Hybrid Vest\"}]},{\"@type\":\"WebSite\",\"@id\":\"https:\/\/eques.dk\/de\/#website\",\"url\":\"https:\/\/eques.dk\/de\/\",\"name\":\"Eques\",\"description\":\"Rideudstyr til islandske heste i dansk design\",\"potentialAction\":[{\"@type\":\"SearchAction\",\"target\":{\"@type\":\"EntryPoint\",\"urlTemplate\":\"https:\/\/eques.dk\/de\/?s={search_term_string}\"},\"query-input\":{\"@type\":\"PropertyValueSpecification\",\"valueRequired\":true,\"valueName\":\"search_term_string\"}}],\"inLanguage\":\"de\"}]}<\/script>\n<!-- \/ Yoast SEO plugin. -->","yoast_head_json":{"title":"EQ KL Silja Ladies Hybrid Vest : Eques","robots":{"index":"index","follow":"follow","max-snippet":"max-snippet:-1","max-image-preview":"max-image-preview:large","max-video-preview":"max-video-preview:-1"},"canonical":"https:\/\/eques.dk\/de\/produkt\/eq-kl-silja-ladies-hybrid-vest\/","og_locale":"de_DE","og_type":"article","og_title":"EQ KL Silja Ladies Hybrid Vest : Eques","og_description":"Die EQUES|KINGSLAND Silje Ladies Hybrid Weste wurde f\u00fcr den aktiven Reiter entwickelt und kombiniert W\u00e4rme mit Flexibilit\u00e4t und einem funktionellen, stilreinen Design. Sie eignet sich f\u00fcr Training, Turniere und t\u00e4gliches Reiten und bietet guten Komfort und Bewegungsfreiheit. Eine vielseitige Weste, welche praktische Eigenschaften mit einem schlichten und stilvollen Ausdruck kombiniert.","og_url":"https:\/\/eques.dk\/de\/produkt\/eq-kl-silja-ladies-hybrid-vest\/","og_site_name":"Eques","article_modified_time":"2026-05-08T10:25:19+00:00","og_image":[{"width":600,"height":600,"url":"https:\/\/eques.dk\/wp-content\/uploads\/2026\/02\/31410-6090.png","type":"image\/png"}],"twitter_card":"summary_large_image","twitter_misc":{"Gesch\u00e4tzte Lesezeit":"2\u00a0Minuten"},"schema":{"@context":"https:\/\/schema.org","@graph":[{"@type":"WebPage","@id":"https:\/\/eques.dk\/de\/produkt\/eq-kl-silja-ladies-hybrid-vest\/","url":"https:\/\/eques.dk\/de\/produkt\/eq-kl-silja-ladies-hybrid-vest\/","name":"EQ KL Silja Ladies Hybrid Vest : Eques","isPartOf":{"@id":"https:\/\/eques.dk\/de\/#website"},"primaryImageOfPage":{"@id":"https:\/\/eques.dk\/de\/produkt\/eq-kl-silja-ladies-hybrid-vest\/#primaryimage"},"image":{"@id":"https:\/\/eques.dk\/de\/produkt\/eq-kl-silja-ladies-hybrid-vest\/#primaryimage"},"thumbnailUrl":"https:\/\/eques.dk\/wp-content\/uploads\/2026\/02\/31410-6090.png","datePublished":"2026-03-13T13:20:58+00:00","dateModified":"2026-05-08T10:25:19+00:00","breadcrumb":{"@id":"https:\/\/eques.dk\/de\/produkt\/eq-kl-silja-ladies-hybrid-vest\/#breadcrumb"},"inLanguage":"de","potentialAction":[{"@type":"ReadAction","target":["https:\/\/eques.dk\/de\/produkt\/eq-kl-silja-ladies-hybrid-vest\/"]}]},{"@type":"ImageObject","inLanguage":"de","@id":"https:\/\/eques.dk\/de\/produkt\/eq-kl-silja-ladies-hybrid-vest\/#primaryimage","url":"https:\/\/eques.dk\/wp-content\/uploads\/2026\/02\/31410-6090.png","contentUrl":"https:\/\/eques.dk\/wp-content\/uploads\/2026\/02\/31410-6090.png","width":600,"height":600},{"@type":"BreadcrumbList","@id":"https:\/\/eques.dk\/de\/produkt\/eq-kl-silja-ladies-hybrid-vest\/#breadcrumb","itemListElement":[{"@type":"ListItem","position":1,"name":"Hjem","item":"https:\/\/eques.dk\/de\/"},{"@type":"ListItem","position":2,"name":"Shop","item":"https:\/\/eques.dk\/de\/shop\/"},{"@type":"ListItem","position":3,"name":"EQ KL Silja Ladies Hybrid Vest"}]},{"@type":"WebSite","@id":"https:\/\/eques.dk\/de\/#website","url":"https:\/\/eques.dk\/de\/","name":"Eques","description":"Rideudstyr til islandske heste i dansk design","potentialAction":[{"@type":"SearchAction","target":{"@type":"EntryPoint","urlTemplate":"https:\/\/eques.dk\/de\/?s={search_term_string}"},"query-input":{"@type":"PropertyValueSpecification","valueRequired":true,"valueName":"search_term_string"}}],"inLanguage":"de"}]}},"_links":{"self":[{"href":"https:\/\/eques.dk\/de\/wp-json\/wp\/v2\/product\/26210","targetHints":{"allow":["GET"]}}],"collection":[{"href":"https:\/\/eques.dk\/de\/wp-json\/wp\/v2\/product"}],"about":[{"href":"https:\/\/eques.dk\/de\/wp-json\/wp\/v2\/types\/product"}],"wp:featuredmedia":[{"embeddable":true,"href":"https:\/\/eques.dk\/de\/wp-json\/wp\/v2\/media\/26103"}],"wp:attachment":[{"href":"https:\/\/eques.dk\/de\/wp-json\/wp\/v2\/media?parent=26210"}],"wp:term":[{"taxonomy":"product_brand","embeddable":true,"href":"https:\/\/eques.dk\/de\/wp-json\/wp\/v2\/product_brand?post=26210"},{"taxonomy":"product_cat","embeddable":true,"href":"https:\/\/eques.dk\/de\/wp-json\/wp\/v2\/product_cat?post=26210"},{"taxonomy":"product_tag","embeddable":true,"href":"https:\/\/eques.dk\/de\/wp-json\/wp\/v2\/product_tag?post=26210"}],"curies":[{"name":"wp","href":"https:\/\/api.w.org\/{rel}","templated":true}]}}