{"id":26202,"date":"2026-03-13T13:22:18","date_gmt":"2026-03-13T13:22:18","guid":{"rendered":"https:\/\/eques.dk\/?post_type=product&#038;p=26202"},"modified":"2026-05-04T08:52:36","modified_gmt":"2026-05-04T08:52:36","slug":"eq-kl-mandal-riding-gloves","status":"publish","type":"product","link":"https:\/\/eques.dk\/de\/produkt\/eq-kl-mandal-riding-gloves\/","title":{"rendered":"EQ KL Mandal Riding Gloves"},"content":{"rendered":"<p data-start=\"757\" data-end=\"774\"><strong data-start=\"757\" data-end=\"772\">Eigenschaften:<\/strong><\/p>\n<ul data-start=\"775\" data-end=\"946\">\n<li data-start=\"775\" data-end=\"786\">\n<p data-start=\"777\" data-end=\"786\">Atmungsaktiv<\/p>\n<\/li>\n<li data-start=\"787\" data-end=\"839\">\n<p data-start=\"789\" data-end=\"839\">W\u00e4rmeaktiviertes Touchscreen-kompatibles Material<\/p>\n<\/li>\n<li data-start=\"840\" data-end=\"889\">\n<p data-start=\"842\" data-end=\"889\">Schmaler, verstellbarer Klettverschlussverschluss f\u00fcr eine enganliegende Passform<\/p>\n<\/li>\n<li data-start=\"890\" data-end=\"946\">\n<p data-start=\"892\" data-end=\"946\">PU-Grip-Belag auf den Handfl\u00e4chen, f\u00fcr einen festen Griff um die Z\u00fcgel<\/p>\n<\/li>\n<\/ul>\n<p>&nbsp;<\/p>\n<p><img loading=\"lazy\" decoding=\"async\" class=\"alignnone wp-image-26136\" src=\"https:\/\/eques.dk\/wp-content\/uploads\/2026\/02\/31235-Mandal-1-300x101.png\" alt=\"\" width=\"300\" height=\"101\" \/><\/p>\n<p data-start=\"948\" data-end=\"1105\"><strong data-start=\"948\" data-end=\"963\">Gr\u00f6\u00dfen:<\/strong> 6; 6,5; 7; 7,5; 8; 8,5; 9<\/p>\n<p data-start=\"948\" data-end=\"1105\"><strong data-start=\"992\" data-end=\"1002\">Farbe:<\/strong> Schwarz<\/p>\n<p data-start=\"948\" data-end=\"1105\"><strong data-start=\"1010\" data-end=\"1024\">Material:<\/strong> 50 % Nylon, 50 % Polyurethan<\/p>\n<p data-start=\"948\" data-end=\"1105\"><strong data-start=\"1056\" data-end=\"1083\">UVP:<\/strong> 54,95 EUR<\/p>\n","protected":false},"excerpt":{"rendered":"<p data-start=\"118\" data-end=\"424\">Die EQUES|KINGSLAND Mandal Reithandschuhe wurden f\u00fcr das Reiten bei w\u00e4rmeren Wetter entwickelt, sie besch\u00fctzen die H\u00e4nde und bieten gleichzeitig eine gute Luftzirkulation. Sie sind aus dehnbarem PU mit ventilierenden Eigenschaften, was f\u00fcr eine enge und komfortable Passform sorgt und gleichzeitig gute Bewegungsfreiheit. Das technische Material wird durch K\u00f6rperw\u00e4rme aktiviert und wird Touchscreen-kompatibel ohne zus\u00e4tzliche Aufn\u00e4her. Dies bietet ein reines Design und weniger Material zwischen Hand und Z\u00fcgel f\u00fcr einen direkten Kontakt. Ein schmaler und anpassbarer Klettverschlussverschluss sichert eine stabile Passform f\u00fcr t\u00e4gliches Training und den Turniergebrauch.<\/p>\n","protected":false},"featured_media":26121,"template":"","meta":{"_acf_changed":false,"_et_pb_use_builder":"","_et_pb_old_content":"","_et_gb_content_width":""},"product_brand":[],"product_cat":[45,41],"product_tag":[],"class_list":{"0":"post-26202","1":"product","2":"type-product","3":"status-publish","4":"has-post-thumbnail","6":"product_cat-handschuh","7":"product_cat-fuer-reiter","9":"first","10":"instock","11":"shipping-taxable","12":"product-type-variable"},"acf":[],"yoast_head":"<!-- This site is optimized with the Yoast SEO plugin v26.3 - https:\/\/yoast.com\/wordpress\/plugins\/seo\/ -->\n<title>EQ KL Mandal Riding Gloves : Eques<\/title>\n<meta name=\"robots\" content=\"index, follow, max-snippet:-1, max-image-preview:large, max-video-preview:-1\" \/>\n<link rel=\"canonical\" href=\"https:\/\/eques.dk\/de\/produkt\/eq-kl-mandal-riding-gloves\/\" \/>\n<meta property=\"og:locale\" content=\"de_DE\" \/>\n<meta property=\"og:type\" content=\"article\" \/>\n<meta property=\"og:title\" content=\"EQ KL Mandal Riding Gloves : Eques\" \/>\n<meta property=\"og:description\" content=\"Die EQUES|KINGSLAND Mandal Reithandschuhe wurden f\u00fcr das Reiten bei w\u00e4rmeren Wetter entwickelt, sie besch\u00fctzen die H\u00e4nde und bieten gleichzeitig eine gute Luftzirkulation. Sie sind aus dehnbarem PU mit ventilierenden Eigenschaften, was f\u00fcr eine enge und komfortable Passform sorgt und gleichzeitig gute Bewegungsfreiheit. Das technische Material wird durch K\u00f6rperw\u00e4rme aktiviert und wird Touchscreen-kompatibel ohne zus\u00e4tzliche Aufn\u00e4her. Dies bietet ein reines Design und weniger Material zwischen Hand und Z\u00fcgel f\u00fcr einen direkten Kontakt. Ein schmaler und anpassbarer Klettverschlussverschluss sichert eine stabile Passform f\u00fcr t\u00e4gliches Training und den Turniergebrauch.\" \/>\n<meta property=\"og:url\" content=\"https:\/\/eques.dk\/de\/produkt\/eq-kl-mandal-riding-gloves\/\" \/>\n<meta property=\"og:site_name\" content=\"Eques\" \/>\n<meta property=\"article:modified_time\" content=\"2026-05-04T08:52:36+00:00\" \/>\n<meta property=\"og:image\" content=\"https:\/\/eques.dk\/wp-content\/uploads\/2026\/02\/31235-6090.png\" \/>\n\t<meta property=\"og:image:width\" content=\"600\" \/>\n\t<meta property=\"og:image:height\" content=\"600\" \/>\n\t<meta property=\"og:image:type\" content=\"image\/png\" \/>\n<meta name=\"twitter:card\" content=\"summary_large_image\" \/>\n<meta name=\"twitter:label1\" content=\"Gesch\u00e4tzte Lesezeit\" \/>\n\t<meta name=\"twitter:data1\" content=\"1\u00a0Minute\" \/>\n<script type=\"application\/ld+json\" class=\"yoast-schema-graph\">{\"@context\":\"https:\/\/schema.org\",\"@graph\":[{\"@type\":\"WebPage\",\"@id\":\"https:\/\/eques.dk\/de\/produkt\/eq-kl-mandal-riding-gloves\/\",\"url\":\"https:\/\/eques.dk\/de\/produkt\/eq-kl-mandal-riding-gloves\/\",\"name\":\"EQ KL Mandal Riding Gloves : Eques\",\"isPartOf\":{\"@id\":\"https:\/\/eques.dk\/de\/#website\"},\"primaryImageOfPage\":{\"@id\":\"https:\/\/eques.dk\/de\/produkt\/eq-kl-mandal-riding-gloves\/#primaryimage\"},\"image\":{\"@id\":\"https:\/\/eques.dk\/de\/produkt\/eq-kl-mandal-riding-gloves\/#primaryimage\"},\"thumbnailUrl\":\"https:\/\/eques.dk\/wp-content\/uploads\/2026\/02\/31235-6090.png\",\"datePublished\":\"2026-03-13T13:22:18+00:00\",\"dateModified\":\"2026-05-04T08:52:36+00:00\",\"breadcrumb\":{\"@id\":\"https:\/\/eques.dk\/de\/produkt\/eq-kl-mandal-riding-gloves\/#breadcrumb\"},\"inLanguage\":\"de\",\"potentialAction\":[{\"@type\":\"ReadAction\",\"target\":[\"https:\/\/eques.dk\/de\/produkt\/eq-kl-mandal-riding-gloves\/\"]}]},{\"@type\":\"ImageObject\",\"inLanguage\":\"de\",\"@id\":\"https:\/\/eques.dk\/de\/produkt\/eq-kl-mandal-riding-gloves\/#primaryimage\",\"url\":\"https:\/\/eques.dk\/wp-content\/uploads\/2026\/02\/31235-6090.png\",\"contentUrl\":\"https:\/\/eques.dk\/wp-content\/uploads\/2026\/02\/31235-6090.png\",\"width\":600,\"height\":600},{\"@type\":\"BreadcrumbList\",\"@id\":\"https:\/\/eques.dk\/de\/produkt\/eq-kl-mandal-riding-gloves\/#breadcrumb\",\"itemListElement\":[{\"@type\":\"ListItem\",\"position\":1,\"name\":\"Hjem\",\"item\":\"https:\/\/eques.dk\/de\/\"},{\"@type\":\"ListItem\",\"position\":2,\"name\":\"Shop\",\"item\":\"https:\/\/eques.dk\/de\/shop\/\"},{\"@type\":\"ListItem\",\"position\":3,\"name\":\"EQ KL Mandal Riding Gloves\"}]},{\"@type\":\"WebSite\",\"@id\":\"https:\/\/eques.dk\/de\/#website\",\"url\":\"https:\/\/eques.dk\/de\/\",\"name\":\"Eques\",\"description\":\"Rideudstyr til islandske heste i dansk design\",\"potentialAction\":[{\"@type\":\"SearchAction\",\"target\":{\"@type\":\"EntryPoint\",\"urlTemplate\":\"https:\/\/eques.dk\/de\/?s={search_term_string}\"},\"query-input\":{\"@type\":\"PropertyValueSpecification\",\"valueRequired\":true,\"valueName\":\"search_term_string\"}}],\"inLanguage\":\"de\"}]}<\/script>\n<!-- \/ Yoast SEO plugin. -->","yoast_head_json":{"title":"EQ KL Mandal Riding Gloves : Eques","robots":{"index":"index","follow":"follow","max-snippet":"max-snippet:-1","max-image-preview":"max-image-preview:large","max-video-preview":"max-video-preview:-1"},"canonical":"https:\/\/eques.dk\/de\/produkt\/eq-kl-mandal-riding-gloves\/","og_locale":"de_DE","og_type":"article","og_title":"EQ KL Mandal Riding Gloves : Eques","og_description":"Die EQUES|KINGSLAND Mandal Reithandschuhe wurden f\u00fcr das Reiten bei w\u00e4rmeren Wetter entwickelt, sie besch\u00fctzen die H\u00e4nde und bieten gleichzeitig eine gute Luftzirkulation. Sie sind aus dehnbarem PU mit ventilierenden Eigenschaften, was f\u00fcr eine enge und komfortable Passform sorgt und gleichzeitig gute Bewegungsfreiheit. Das technische Material wird durch K\u00f6rperw\u00e4rme aktiviert und wird Touchscreen-kompatibel ohne zus\u00e4tzliche Aufn\u00e4her. Dies bietet ein reines Design und weniger Material zwischen Hand und Z\u00fcgel f\u00fcr einen direkten Kontakt. Ein schmaler und anpassbarer Klettverschlussverschluss sichert eine stabile Passform f\u00fcr t\u00e4gliches Training und den Turniergebrauch.","og_url":"https:\/\/eques.dk\/de\/produkt\/eq-kl-mandal-riding-gloves\/","og_site_name":"Eques","article_modified_time":"2026-05-04T08:52:36+00:00","og_image":[{"width":600,"height":600,"url":"https:\/\/eques.dk\/wp-content\/uploads\/2026\/02\/31235-6090.png","type":"image\/png"}],"twitter_card":"summary_large_image","twitter_misc":{"Gesch\u00e4tzte Lesezeit":"1\u00a0Minute"},"schema":{"@context":"https:\/\/schema.org","@graph":[{"@type":"WebPage","@id":"https:\/\/eques.dk\/de\/produkt\/eq-kl-mandal-riding-gloves\/","url":"https:\/\/eques.dk\/de\/produkt\/eq-kl-mandal-riding-gloves\/","name":"EQ KL Mandal Riding Gloves : Eques","isPartOf":{"@id":"https:\/\/eques.dk\/de\/#website"},"primaryImageOfPage":{"@id":"https:\/\/eques.dk\/de\/produkt\/eq-kl-mandal-riding-gloves\/#primaryimage"},"image":{"@id":"https:\/\/eques.dk\/de\/produkt\/eq-kl-mandal-riding-gloves\/#primaryimage"},"thumbnailUrl":"https:\/\/eques.dk\/wp-content\/uploads\/2026\/02\/31235-6090.png","datePublished":"2026-03-13T13:22:18+00:00","dateModified":"2026-05-04T08:52:36+00:00","breadcrumb":{"@id":"https:\/\/eques.dk\/de\/produkt\/eq-kl-mandal-riding-gloves\/#breadcrumb"},"inLanguage":"de","potentialAction":[{"@type":"ReadAction","target":["https:\/\/eques.dk\/de\/produkt\/eq-kl-mandal-riding-gloves\/"]}]},{"@type":"ImageObject","inLanguage":"de","@id":"https:\/\/eques.dk\/de\/produkt\/eq-kl-mandal-riding-gloves\/#primaryimage","url":"https:\/\/eques.dk\/wp-content\/uploads\/2026\/02\/31235-6090.png","contentUrl":"https:\/\/eques.dk\/wp-content\/uploads\/2026\/02\/31235-6090.png","width":600,"height":600},{"@type":"BreadcrumbList","@id":"https:\/\/eques.dk\/de\/produkt\/eq-kl-mandal-riding-gloves\/#breadcrumb","itemListElement":[{"@type":"ListItem","position":1,"name":"Hjem","item":"https:\/\/eques.dk\/de\/"},{"@type":"ListItem","position":2,"name":"Shop","item":"https:\/\/eques.dk\/de\/shop\/"},{"@type":"ListItem","position":3,"name":"EQ KL Mandal Riding Gloves"}]},{"@type":"WebSite","@id":"https:\/\/eques.dk\/de\/#website","url":"https:\/\/eques.dk\/de\/","name":"Eques","description":"Rideudstyr til islandske heste i dansk design","potentialAction":[{"@type":"SearchAction","target":{"@type":"EntryPoint","urlTemplate":"https:\/\/eques.dk\/de\/?s={search_term_string}"},"query-input":{"@type":"PropertyValueSpecification","valueRequired":true,"valueName":"search_term_string"}}],"inLanguage":"de"}]}},"_links":{"self":[{"href":"https:\/\/eques.dk\/de\/wp-json\/wp\/v2\/product\/26202","targetHints":{"allow":["GET"]}}],"collection":[{"href":"https:\/\/eques.dk\/de\/wp-json\/wp\/v2\/product"}],"about":[{"href":"https:\/\/eques.dk\/de\/wp-json\/wp\/v2\/types\/product"}],"wp:featuredmedia":[{"embeddable":true,"href":"https:\/\/eques.dk\/de\/wp-json\/wp\/v2\/media\/26121"}],"wp:attachment":[{"href":"https:\/\/eques.dk\/de\/wp-json\/wp\/v2\/media?parent=26202"}],"wp:term":[{"taxonomy":"product_brand","embeddable":true,"href":"https:\/\/eques.dk\/de\/wp-json\/wp\/v2\/product_brand?post=26202"},{"taxonomy":"product_cat","embeddable":true,"href":"https:\/\/eques.dk\/de\/wp-json\/wp\/v2\/product_cat?post=26202"},{"taxonomy":"product_tag","embeddable":true,"href":"https:\/\/eques.dk\/de\/wp-json\/wp\/v2\/product_tag?post=26202"}],"curies":[{"name":"wp","href":"https:\/\/api.w.org\/{rel}","templated":true}]}}