{"id":25759,"date":"2026-02-26T08:21:13","date_gmt":"2026-02-26T08:21:13","guid":{"rendered":"https:\/\/eques.dk\/?post_type=product&#038;p=25759"},"modified":"2026-05-07T10:07:47","modified_gmt":"2026-05-07T10:07:47","slug":"eq-kl-sylvia-ladies-fleece-climbing-ivy-312196579","status":"publish","type":"product","link":"https:\/\/eques.dk\/de\/produkt\/eq-kl-sylvia-ladies-fleece-climbing-ivy-312196579\/","title":{"rendered":"EQ KL Sylvia Ladies Fleece &#8211; Climbing Ivy"},"content":{"rendered":"<p><strong>Haupteigenschaften:<\/strong><\/p>\n<ul>\n<li>Leichter und weicher Stoff mit einer praktischen glatten Oberfl\u00e4che<\/li>\n<li>Daumenl\u00f6cher<\/li>\n<li>Full-zip Design<\/li>\n<li>2-Wege YKK Reisverschluss<\/li>\n<li>Atmungsaktiv<\/li>\n<li>Wiedererkennbare Gummi-Logo-Details<\/li>\n<\/ul>\n<p>&nbsp;<\/p>\n<p><img loading=\"lazy\" decoding=\"async\" class=\"alignnone wp-image-22304\" src=\"https:\/\/eques.dk\/wp-content\/uploads\/2025\/02\/2-way_zip-300ppi-300x234.png\" alt=\"\" width=\"115\" height=\"90\" srcset=\"https:\/\/eques.dk\/wp-content\/uploads\/2025\/02\/2-way_zip-300ppi-300x234.png 300w, https:\/\/eques.dk\/wp-content\/uploads\/2025\/02\/2-way_zip-300ppi.png 354w\" sizes=\"(max-width: 115px) 100vw, 115px\" \/><img loading=\"lazy\" decoding=\"async\" class=\"alignnone wp-image-22307\" src=\"https:\/\/eques.dk\/wp-content\/uploads\/2025\/02\/Quality_zipper300ppi-300x234.png\" alt=\"\" width=\"115\" height=\"90\" srcset=\"https:\/\/eques.dk\/wp-content\/uploads\/2025\/02\/Quality_zipper300ppi-300x234.png 300w, https:\/\/eques.dk\/wp-content\/uploads\/2025\/02\/Quality_zipper300ppi.png 354w\" sizes=\"(max-width: 115px) 100vw, 115px\" \/>\u00a0<img loading=\"lazy\" decoding=\"async\" class=\"alignnone wp-image-22279\" src=\"https:\/\/eques.dk\/wp-content\/uploads\/2025\/02\/Breathable-300ppi-300x234.png\" alt=\"\" width=\"115\" height=\"90\" srcset=\"https:\/\/eques.dk\/wp-content\/uploads\/2025\/02\/Breathable-300ppi-300x234.png 300w, https:\/\/eques.dk\/wp-content\/uploads\/2025\/02\/Breathable-300ppi.png 354w\" sizes=\"(max-width: 115px) 100vw, 115px\" \/> <img loading=\"lazy\" decoding=\"async\" class=\"alignnone wp-image-22298\" src=\"https:\/\/eques.dk\/wp-content\/uploads\/2025\/02\/Moisture_Management-300ppi-300x234.png\" alt=\"\" width=\"115\" height=\"90\" srcset=\"https:\/\/eques.dk\/wp-content\/uploads\/2025\/02\/Moisture_Management-300ppi-300x234.png 300w, https:\/\/eques.dk\/wp-content\/uploads\/2025\/02\/Moisture_Management-300ppi.png 354w\" sizes=\"(max-width: 115px) 100vw, 115px\" \/><\/p>\n<p>&nbsp;<\/p>\n<p><strong>Gr\u00f6\u00dfen:<\/strong> XS-XXL &#8211; <a href=\"https:\/\/eques.dk\/wp-content\/uploads\/2025\/05\/QE_KL_SIZE_TOPS_WOMEN.pdf\" target=\"_blank\" rel=\"noopener noreferrer\">Finde deine Gr\u00f6\u00dfe (PDF)<\/a><\/p>\n<p><strong>Farben:<\/strong> Climbin Ivy<\/p>\n<p><strong>Material:<\/strong> 94% Polyester, 6% Elastan<\/p>\n<p><strong>Waschempfehlung:<\/strong>\u00a0Maschinenw\u00e4sche bei 30\u00b0C<\/p>\n<p><strong>UVP<\/strong>: 119 EUR<\/p>\n","protected":false},"excerpt":{"rendered":"<p>Das EQUES KINGSLAND Sylvia Ladies Fleece bietet zeitlosen Style, W\u00e4rme und Vielseitigkeit. Mit dem figurbetonten Schnitt und weichem Stoff ist es perfekt f\u00fcr die Kombination mit weiteren Lagen. Optimal f\u00fcr Ritte, Stalltage oder andere Freizeitaktivit\u00e4ten.<\/p>\n","protected":false},"featured_media":25793,"template":"","meta":{"_acf_changed":false,"_et_pb_use_builder":"","_et_pb_old_content":"","_et_gb_content_width":""},"product_brand":[],"product_cat":[613,41],"product_tag":[],"class_list":{"0":"post-25759","1":"product","2":"type-product","3":"status-publish","4":"has-post-thumbnail","6":"product_cat-pullover","7":"product_cat-fuer-reiter","9":"first","10":"instock","11":"shipping-taxable","12":"product-type-variable"},"acf":[],"yoast_head":"<!-- This site is optimized with the Yoast SEO plugin v26.3 - https:\/\/yoast.com\/wordpress\/plugins\/seo\/ -->\n<title>EQ KL Sylvia Ladies Fleece - Climbing Ivy : Eques<\/title>\n<meta name=\"robots\" content=\"index, follow, max-snippet:-1, max-image-preview:large, max-video-preview:-1\" \/>\n<link rel=\"canonical\" href=\"https:\/\/eques.dk\/de\/produkt\/eq-kl-sylvia-ladies-fleece-climbing-ivy-312196579\/\" \/>\n<meta property=\"og:locale\" content=\"de_DE\" \/>\n<meta property=\"og:type\" content=\"article\" \/>\n<meta property=\"og:title\" content=\"EQ KL Sylvia Ladies Fleece - Climbing Ivy : Eques\" \/>\n<meta property=\"og:description\" content=\"Das EQUES KINGSLAND Sylvia Ladies Fleece bietet zeitlosen Style, W\u00e4rme und Vielseitigkeit. Mit dem figurbetonten Schnitt und weichem Stoff ist es perfekt f\u00fcr die Kombination mit weiteren Lagen. Optimal f\u00fcr Ritte, Stalltage oder andere Freizeitaktivit\u00e4ten.\" \/>\n<meta property=\"og:url\" content=\"https:\/\/eques.dk\/de\/produkt\/eq-kl-sylvia-ladies-fleece-climbing-ivy-312196579\/\" \/>\n<meta property=\"og:site_name\" content=\"Eques\" \/>\n<meta property=\"article:modified_time\" content=\"2026-05-07T10:07:47+00:00\" \/>\n<meta property=\"og:image\" content=\"https:\/\/eques.dk\/wp-content\/uploads\/2026\/02\/31219-6579.png\" \/>\n\t<meta property=\"og:image:width\" content=\"600\" \/>\n\t<meta property=\"og:image:height\" content=\"600\" \/>\n\t<meta property=\"og:image:type\" content=\"image\/png\" \/>\n<meta name=\"twitter:card\" content=\"summary_large_image\" \/>\n<meta name=\"twitter:label1\" content=\"Gesch\u00e4tzte Lesezeit\" \/>\n\t<meta name=\"twitter:data1\" content=\"2\u00a0Minuten\" \/>\n<script type=\"application\/ld+json\" class=\"yoast-schema-graph\">{\"@context\":\"https:\/\/schema.org\",\"@graph\":[{\"@type\":\"WebPage\",\"@id\":\"https:\/\/eques.dk\/de\/produkt\/eq-kl-sylvia-ladies-fleece-climbing-ivy-312196579\/\",\"url\":\"https:\/\/eques.dk\/de\/produkt\/eq-kl-sylvia-ladies-fleece-climbing-ivy-312196579\/\",\"name\":\"EQ KL Sylvia Ladies Fleece - Climbing Ivy : Eques\",\"isPartOf\":{\"@id\":\"https:\/\/eques.dk\/de\/#website\"},\"primaryImageOfPage\":{\"@id\":\"https:\/\/eques.dk\/de\/produkt\/eq-kl-sylvia-ladies-fleece-climbing-ivy-312196579\/#primaryimage\"},\"image\":{\"@id\":\"https:\/\/eques.dk\/de\/produkt\/eq-kl-sylvia-ladies-fleece-climbing-ivy-312196579\/#primaryimage\"},\"thumbnailUrl\":\"https:\/\/eques.dk\/wp-content\/uploads\/2026\/02\/31219-6579.png\",\"datePublished\":\"2026-02-26T08:21:13+00:00\",\"dateModified\":\"2026-05-07T10:07:47+00:00\",\"breadcrumb\":{\"@id\":\"https:\/\/eques.dk\/de\/produkt\/eq-kl-sylvia-ladies-fleece-climbing-ivy-312196579\/#breadcrumb\"},\"inLanguage\":\"de\",\"potentialAction\":[{\"@type\":\"ReadAction\",\"target\":[\"https:\/\/eques.dk\/de\/produkt\/eq-kl-sylvia-ladies-fleece-climbing-ivy-312196579\/\"]}]},{\"@type\":\"ImageObject\",\"inLanguage\":\"de\",\"@id\":\"https:\/\/eques.dk\/de\/produkt\/eq-kl-sylvia-ladies-fleece-climbing-ivy-312196579\/#primaryimage\",\"url\":\"https:\/\/eques.dk\/wp-content\/uploads\/2026\/02\/31219-6579.png\",\"contentUrl\":\"https:\/\/eques.dk\/wp-content\/uploads\/2026\/02\/31219-6579.png\",\"width\":600,\"height\":600},{\"@type\":\"BreadcrumbList\",\"@id\":\"https:\/\/eques.dk\/de\/produkt\/eq-kl-sylvia-ladies-fleece-climbing-ivy-312196579\/#breadcrumb\",\"itemListElement\":[{\"@type\":\"ListItem\",\"position\":1,\"name\":\"Hjem\",\"item\":\"https:\/\/eques.dk\/de\/\"},{\"@type\":\"ListItem\",\"position\":2,\"name\":\"Shop\",\"item\":\"https:\/\/eques.dk\/de\/shop\/\"},{\"@type\":\"ListItem\",\"position\":3,\"name\":\"EQ KL Sylvia Ladies Fleece &#8211; Climbing Ivy\"}]},{\"@type\":\"WebSite\",\"@id\":\"https:\/\/eques.dk\/de\/#website\",\"url\":\"https:\/\/eques.dk\/de\/\",\"name\":\"Eques\",\"description\":\"Rideudstyr til islandske heste i dansk design\",\"potentialAction\":[{\"@type\":\"SearchAction\",\"target\":{\"@type\":\"EntryPoint\",\"urlTemplate\":\"https:\/\/eques.dk\/de\/?s={search_term_string}\"},\"query-input\":{\"@type\":\"PropertyValueSpecification\",\"valueRequired\":true,\"valueName\":\"search_term_string\"}}],\"inLanguage\":\"de\"}]}<\/script>\n<!-- \/ Yoast SEO plugin. -->","yoast_head_json":{"title":"EQ KL Sylvia Ladies Fleece - Climbing Ivy : Eques","robots":{"index":"index","follow":"follow","max-snippet":"max-snippet:-1","max-image-preview":"max-image-preview:large","max-video-preview":"max-video-preview:-1"},"canonical":"https:\/\/eques.dk\/de\/produkt\/eq-kl-sylvia-ladies-fleece-climbing-ivy-312196579\/","og_locale":"de_DE","og_type":"article","og_title":"EQ KL Sylvia Ladies Fleece - Climbing Ivy : Eques","og_description":"Das EQUES KINGSLAND Sylvia Ladies Fleece bietet zeitlosen Style, W\u00e4rme und Vielseitigkeit. Mit dem figurbetonten Schnitt und weichem Stoff ist es perfekt f\u00fcr die Kombination mit weiteren Lagen. Optimal f\u00fcr Ritte, Stalltage oder andere Freizeitaktivit\u00e4ten.","og_url":"https:\/\/eques.dk\/de\/produkt\/eq-kl-sylvia-ladies-fleece-climbing-ivy-312196579\/","og_site_name":"Eques","article_modified_time":"2026-05-07T10:07:47+00:00","og_image":[{"width":600,"height":600,"url":"https:\/\/eques.dk\/wp-content\/uploads\/2026\/02\/31219-6579.png","type":"image\/png"}],"twitter_card":"summary_large_image","twitter_misc":{"Gesch\u00e4tzte Lesezeit":"2\u00a0Minuten"},"schema":{"@context":"https:\/\/schema.org","@graph":[{"@type":"WebPage","@id":"https:\/\/eques.dk\/de\/produkt\/eq-kl-sylvia-ladies-fleece-climbing-ivy-312196579\/","url":"https:\/\/eques.dk\/de\/produkt\/eq-kl-sylvia-ladies-fleece-climbing-ivy-312196579\/","name":"EQ KL Sylvia Ladies Fleece - Climbing Ivy : Eques","isPartOf":{"@id":"https:\/\/eques.dk\/de\/#website"},"primaryImageOfPage":{"@id":"https:\/\/eques.dk\/de\/produkt\/eq-kl-sylvia-ladies-fleece-climbing-ivy-312196579\/#primaryimage"},"image":{"@id":"https:\/\/eques.dk\/de\/produkt\/eq-kl-sylvia-ladies-fleece-climbing-ivy-312196579\/#primaryimage"},"thumbnailUrl":"https:\/\/eques.dk\/wp-content\/uploads\/2026\/02\/31219-6579.png","datePublished":"2026-02-26T08:21:13+00:00","dateModified":"2026-05-07T10:07:47+00:00","breadcrumb":{"@id":"https:\/\/eques.dk\/de\/produkt\/eq-kl-sylvia-ladies-fleece-climbing-ivy-312196579\/#breadcrumb"},"inLanguage":"de","potentialAction":[{"@type":"ReadAction","target":["https:\/\/eques.dk\/de\/produkt\/eq-kl-sylvia-ladies-fleece-climbing-ivy-312196579\/"]}]},{"@type":"ImageObject","inLanguage":"de","@id":"https:\/\/eques.dk\/de\/produkt\/eq-kl-sylvia-ladies-fleece-climbing-ivy-312196579\/#primaryimage","url":"https:\/\/eques.dk\/wp-content\/uploads\/2026\/02\/31219-6579.png","contentUrl":"https:\/\/eques.dk\/wp-content\/uploads\/2026\/02\/31219-6579.png","width":600,"height":600},{"@type":"BreadcrumbList","@id":"https:\/\/eques.dk\/de\/produkt\/eq-kl-sylvia-ladies-fleece-climbing-ivy-312196579\/#breadcrumb","itemListElement":[{"@type":"ListItem","position":1,"name":"Hjem","item":"https:\/\/eques.dk\/de\/"},{"@type":"ListItem","position":2,"name":"Shop","item":"https:\/\/eques.dk\/de\/shop\/"},{"@type":"ListItem","position":3,"name":"EQ KL Sylvia Ladies Fleece &#8211; Climbing Ivy"}]},{"@type":"WebSite","@id":"https:\/\/eques.dk\/de\/#website","url":"https:\/\/eques.dk\/de\/","name":"Eques","description":"Rideudstyr til islandske heste i dansk design","potentialAction":[{"@type":"SearchAction","target":{"@type":"EntryPoint","urlTemplate":"https:\/\/eques.dk\/de\/?s={search_term_string}"},"query-input":{"@type":"PropertyValueSpecification","valueRequired":true,"valueName":"search_term_string"}}],"inLanguage":"de"}]}},"_links":{"self":[{"href":"https:\/\/eques.dk\/de\/wp-json\/wp\/v2\/product\/25759","targetHints":{"allow":["GET"]}}],"collection":[{"href":"https:\/\/eques.dk\/de\/wp-json\/wp\/v2\/product"}],"about":[{"href":"https:\/\/eques.dk\/de\/wp-json\/wp\/v2\/types\/product"}],"wp:featuredmedia":[{"embeddable":true,"href":"https:\/\/eques.dk\/de\/wp-json\/wp\/v2\/media\/25793"}],"wp:attachment":[{"href":"https:\/\/eques.dk\/de\/wp-json\/wp\/v2\/media?parent=25759"}],"wp:term":[{"taxonomy":"product_brand","embeddable":true,"href":"https:\/\/eques.dk\/de\/wp-json\/wp\/v2\/product_brand?post=25759"},{"taxonomy":"product_cat","embeddable":true,"href":"https:\/\/eques.dk\/de\/wp-json\/wp\/v2\/product_cat?post=25759"},{"taxonomy":"product_tag","embeddable":true,"href":"https:\/\/eques.dk\/de\/wp-json\/wp\/v2\/product_tag?post=25759"}],"curies":[{"name":"wp","href":"https:\/\/api.w.org\/{rel}","templated":true}]}}