{"id":23680,"date":"2025-08-08T14:27:00","date_gmt":"2025-08-08T14:27:00","guid":{"rendered":"https:\/\/eques.dk\/?post_type=product&#038;p=23680"},"modified":"2026-05-08T08:54:14","modified_gmt":"2026-05-08T08:54:14","slug":"__trashed","status":"publish","type":"product","link":"https:\/\/eques.dk\/de\/produkt\/__trashed\/","title":{"rendered":"Free Balance Gurt"},"content":{"rendered":"<p data-start=\"454\" data-end=\"667\">Der Free Balance Gurt wurde entwickelt mit Fokus auf dem Komfort des Pferdes und der Stabilit\u00e4t des Sattels. Die ergonomische Form und der flexible Aufbau bieten viel Platz f\u00fcr die Ellenbogenbewegungen des Pferdes und verteilen den Druck gleichm\u00e4\u00dfig \u00fcber eine gro\u00dfe Fl\u00e4che im Brustbereich des Pferdes.<\/p>\n<p data-start=\"669\" data-end=\"1029\">Der Gurt unterscheidet sich besonders von anderen, was die Platzierung der Schnallen betrifft. Der gr\u00f6\u00dfere Abstand sorgt f\u00fcr einen mehr ausbalancierten Zug am Sattel. Anstelle davon dass der Sattel haupts\u00e4chlich vorne nach unten gezogen wird, wird der Druck gleichm\u00e4\u00dfiger zwischen der vorderen und hinteren Gurtstrippe verteilt, und dadurch auch f\u00fcr mehr Stabilit\u00e4t beim Reiten gesorgt und verhindert, dass der Sattel nach vorne rutscht.<\/p>\n<p>Der Gurt ist aus einem kr\u00e4ftigen Leder mit einer sch\u00fctzenden F\u00fctterung auf der Innenseite.<\/p>\n<p>Der Gurt wird nicht f\u00fcr Pferde mit wenig Platz f\u00fcr einen Gurt im Brustbereich empfohlen.<\/p>\n<p><strong>Gr\u00f6\u00dfen:<\/strong> 45 cm, 50 cm, und 55 cm<\/p>\n<p><strong>Pflege:<\/strong> Mit <a href=\"https:\/\/eques.dk\/de\/produkt\/black-edition-clean-eq64001-5744003873845\/\">Black Edition Clean<\/a> reinigen und danach mit <a href=\"https:\/\/eques.dk\/de\/produkt\/black-edition-care-eq64002-574400387385\/\">Black Edition Care<\/a> pflegen.<\/p>\n<p><strong>UVP: <\/strong>254 EUR<\/p>\n<p>&nbsp;<\/p>\n<p><em>\u201c<\/em><em> The Free Balance Girth is a well-designed piece of tack that combines comfort for the horse with high functionality for the rider. It distributes pressure evenly across the chest, allowing the horse\u2019s muscles to move freely \u2013 creating the perfect conditions for both freedom of movement and top performance. With its flexibility and excellent craftsmanship, it fits a wide variety of saddles and horse types. A girth, I can highly recommend for anyone who wants to give their horse the best possible support!\u201c<\/em><\/p>\n<p><em>\u2013 Caspar Logan Hegardt (Tierarzt, Worldchampion und EQUES Profilreiter)<\/em><\/p>\n","protected":false},"excerpt":{"rendered":"<p>Ergonomischer, elastischer Sattelgurt mit optimal platzierten Schnallen &#8211; designt um die Beweglichkeit der Atemmuskulatur des Pferdes und die Stabilit\u00e4t und Balance des Sattels zu unterst\u00fctzen.<\/p>\n","protected":false},"featured_media":25103,"template":"","meta":{"_acf_changed":false,"_et_pb_use_builder":"","_et_pb_old_content":"","_et_gb_content_width":""},"product_brand":[],"product_cat":[332],"product_tag":[],"class_list":{"0":"post-23680","1":"product","2":"type-product","3":"status-publish","4":"has-post-thumbnail","6":"product_cat-gurte","8":"first","9":"instock","10":"shipping-taxable","11":"product-type-variable"},"acf":[],"yoast_head":"<!-- This site is optimized with the Yoast SEO plugin v26.3 - https:\/\/yoast.com\/wordpress\/plugins\/seo\/ -->\n<title>Free Balance Gurt : Eques<\/title>\n<meta name=\"robots\" content=\"index, follow, max-snippet:-1, max-image-preview:large, max-video-preview:-1\" \/>\n<link rel=\"canonical\" href=\"https:\/\/eques.dk\/de\/produkt\/__trashed\/\" \/>\n<meta property=\"og:locale\" content=\"de_DE\" \/>\n<meta property=\"og:type\" content=\"article\" \/>\n<meta property=\"og:title\" content=\"Free Balance Gurt : Eques\" \/>\n<meta property=\"og:description\" content=\"Ergonomischer, elastischer Sattelgurt mit optimal platzierten Schnallen - designt um die Beweglichkeit der Atemmuskulatur des Pferdes und die Stabilit\u00e4t und Balance des Sattels zu unterst\u00fctzen.\" \/>\n<meta property=\"og:url\" content=\"https:\/\/eques.dk\/de\/produkt\/__trashed\/\" \/>\n<meta property=\"og:site_name\" content=\"Eques\" \/>\n<meta property=\"article:modified_time\" content=\"2026-05-08T08:54:14+00:00\" \/>\n<meta property=\"og:image\" content=\"https:\/\/eques.dk\/wp-content\/uploads\/2025\/07\/EQ16007-BK-1-Free-Balance-Girth.jpg\" \/>\n\t<meta property=\"og:image:width\" content=\"2048\" \/>\n\t<meta property=\"og:image:height\" content=\"2048\" \/>\n\t<meta property=\"og:image:type\" content=\"image\/jpeg\" \/>\n<meta name=\"twitter:card\" content=\"summary_large_image\" \/>\n<meta name=\"twitter:label1\" content=\"Gesch\u00e4tzte Lesezeit\" \/>\n\t<meta name=\"twitter:data1\" content=\"2\u00a0Minuten\" \/>\n<script type=\"application\/ld+json\" class=\"yoast-schema-graph\">{\"@context\":\"https:\/\/schema.org\",\"@graph\":[{\"@type\":\"WebPage\",\"@id\":\"https:\/\/eques.dk\/de\/produkt\/__trashed\/\",\"url\":\"https:\/\/eques.dk\/de\/produkt\/__trashed\/\",\"name\":\"Free Balance Gurt : Eques\",\"isPartOf\":{\"@id\":\"https:\/\/eques.dk\/de\/#website\"},\"primaryImageOfPage\":{\"@id\":\"https:\/\/eques.dk\/de\/produkt\/__trashed\/#primaryimage\"},\"image\":{\"@id\":\"https:\/\/eques.dk\/de\/produkt\/__trashed\/#primaryimage\"},\"thumbnailUrl\":\"https:\/\/eques.dk\/wp-content\/uploads\/2025\/08\/20250415-5029.jpg\",\"datePublished\":\"2025-08-08T14:27:00+00:00\",\"dateModified\":\"2026-05-08T08:54:14+00:00\",\"breadcrumb\":{\"@id\":\"https:\/\/eques.dk\/de\/produkt\/__trashed\/#breadcrumb\"},\"inLanguage\":\"de\",\"potentialAction\":[{\"@type\":\"ReadAction\",\"target\":[\"https:\/\/eques.dk\/de\/produkt\/__trashed\/\"]}]},{\"@type\":\"ImageObject\",\"inLanguage\":\"de\",\"@id\":\"https:\/\/eques.dk\/de\/produkt\/__trashed\/#primaryimage\",\"url\":\"https:\/\/eques.dk\/wp-content\/uploads\/2025\/08\/20250415-5029.jpg\",\"contentUrl\":\"https:\/\/eques.dk\/wp-content\/uploads\/2025\/08\/20250415-5029.jpg\",\"width\":2048,\"height\":2023},{\"@type\":\"BreadcrumbList\",\"@id\":\"https:\/\/eques.dk\/de\/produkt\/__trashed\/#breadcrumb\",\"itemListElement\":[{\"@type\":\"ListItem\",\"position\":1,\"name\":\"Hjem\",\"item\":\"https:\/\/eques.dk\/de\/\"},{\"@type\":\"ListItem\",\"position\":2,\"name\":\"Shop\",\"item\":\"https:\/\/eques.dk\/de\/shop\/\"},{\"@type\":\"ListItem\",\"position\":3,\"name\":\"Free Balance Gurt\"}]},{\"@type\":\"WebSite\",\"@id\":\"https:\/\/eques.dk\/de\/#website\",\"url\":\"https:\/\/eques.dk\/de\/\",\"name\":\"Eques\",\"description\":\"Rideudstyr til islandske heste i dansk design\",\"potentialAction\":[{\"@type\":\"SearchAction\",\"target\":{\"@type\":\"EntryPoint\",\"urlTemplate\":\"https:\/\/eques.dk\/de\/?s={search_term_string}\"},\"query-input\":{\"@type\":\"PropertyValueSpecification\",\"valueRequired\":true,\"valueName\":\"search_term_string\"}}],\"inLanguage\":\"de\"}]}<\/script>\n<!-- \/ Yoast SEO plugin. -->","yoast_head_json":{"title":"Free Balance Gurt : Eques","robots":{"index":"index","follow":"follow","max-snippet":"max-snippet:-1","max-image-preview":"max-image-preview:large","max-video-preview":"max-video-preview:-1"},"canonical":"https:\/\/eques.dk\/de\/produkt\/__trashed\/","og_locale":"de_DE","og_type":"article","og_title":"Free Balance Gurt : Eques","og_description":"Ergonomischer, elastischer Sattelgurt mit optimal platzierten Schnallen - designt um die Beweglichkeit der Atemmuskulatur des Pferdes und die Stabilit\u00e4t und Balance des Sattels zu unterst\u00fctzen.","og_url":"https:\/\/eques.dk\/de\/produkt\/__trashed\/","og_site_name":"Eques","article_modified_time":"2026-05-08T08:54:14+00:00","og_image":[{"width":2048,"height":2048,"url":"https:\/\/eques.dk\/wp-content\/uploads\/2025\/07\/EQ16007-BK-1-Free-Balance-Girth.jpg","type":"image\/jpeg"}],"twitter_card":"summary_large_image","twitter_misc":{"Gesch\u00e4tzte Lesezeit":"2\u00a0Minuten"},"schema":{"@context":"https:\/\/schema.org","@graph":[{"@type":"WebPage","@id":"https:\/\/eques.dk\/de\/produkt\/__trashed\/","url":"https:\/\/eques.dk\/de\/produkt\/__trashed\/","name":"Free Balance Gurt : Eques","isPartOf":{"@id":"https:\/\/eques.dk\/de\/#website"},"primaryImageOfPage":{"@id":"https:\/\/eques.dk\/de\/produkt\/__trashed\/#primaryimage"},"image":{"@id":"https:\/\/eques.dk\/de\/produkt\/__trashed\/#primaryimage"},"thumbnailUrl":"https:\/\/eques.dk\/wp-content\/uploads\/2025\/08\/20250415-5029.jpg","datePublished":"2025-08-08T14:27:00+00:00","dateModified":"2026-05-08T08:54:14+00:00","breadcrumb":{"@id":"https:\/\/eques.dk\/de\/produkt\/__trashed\/#breadcrumb"},"inLanguage":"de","potentialAction":[{"@type":"ReadAction","target":["https:\/\/eques.dk\/de\/produkt\/__trashed\/"]}]},{"@type":"ImageObject","inLanguage":"de","@id":"https:\/\/eques.dk\/de\/produkt\/__trashed\/#primaryimage","url":"https:\/\/eques.dk\/wp-content\/uploads\/2025\/08\/20250415-5029.jpg","contentUrl":"https:\/\/eques.dk\/wp-content\/uploads\/2025\/08\/20250415-5029.jpg","width":2048,"height":2023},{"@type":"BreadcrumbList","@id":"https:\/\/eques.dk\/de\/produkt\/__trashed\/#breadcrumb","itemListElement":[{"@type":"ListItem","position":1,"name":"Hjem","item":"https:\/\/eques.dk\/de\/"},{"@type":"ListItem","position":2,"name":"Shop","item":"https:\/\/eques.dk\/de\/shop\/"},{"@type":"ListItem","position":3,"name":"Free Balance Gurt"}]},{"@type":"WebSite","@id":"https:\/\/eques.dk\/de\/#website","url":"https:\/\/eques.dk\/de\/","name":"Eques","description":"Rideudstyr til islandske heste i dansk design","potentialAction":[{"@type":"SearchAction","target":{"@type":"EntryPoint","urlTemplate":"https:\/\/eques.dk\/de\/?s={search_term_string}"},"query-input":{"@type":"PropertyValueSpecification","valueRequired":true,"valueName":"search_term_string"}}],"inLanguage":"de"}]}},"_links":{"self":[{"href":"https:\/\/eques.dk\/de\/wp-json\/wp\/v2\/product\/23680","targetHints":{"allow":["GET"]}}],"collection":[{"href":"https:\/\/eques.dk\/de\/wp-json\/wp\/v2\/product"}],"about":[{"href":"https:\/\/eques.dk\/de\/wp-json\/wp\/v2\/types\/product"}],"wp:featuredmedia":[{"embeddable":true,"href":"https:\/\/eques.dk\/de\/wp-json\/wp\/v2\/media\/25103"}],"wp:attachment":[{"href":"https:\/\/eques.dk\/de\/wp-json\/wp\/v2\/media?parent=23680"}],"wp:term":[{"taxonomy":"product_brand","embeddable":true,"href":"https:\/\/eques.dk\/de\/wp-json\/wp\/v2\/product_brand?post=23680"},{"taxonomy":"product_cat","embeddable":true,"href":"https:\/\/eques.dk\/de\/wp-json\/wp\/v2\/product_cat?post=23680"},{"taxonomy":"product_tag","embeddable":true,"href":"https:\/\/eques.dk\/de\/wp-json\/wp\/v2\/product_tag?post=23680"}],"curies":[{"name":"wp","href":"https:\/\/api.w.org\/{rel}","templated":true}]}}