{"id":23602,"date":"2025-08-14T09:59:29","date_gmt":"2025-08-14T09:59:29","guid":{"rendered":"https:\/\/eques.dk\/?post_type=product&#038;p=23602"},"modified":"2026-05-05T22:13:02","modified_gmt":"2026-05-05T22:13:02","slug":"steigbuegelriemen-deluxe","status":"publish","type":"product","link":"https:\/\/eques.dk\/de\/produkt\/steigbuegelriemen-deluxe\/","title":{"rendered":"Steigb\u00fcgelriemen &#8211; Deluxe"},"content":{"rendered":"<p>Die <b>Deluxe <\/b>Steigb\u00fcgelriemen haben einen Kern aus Nylon, welcher daf\u00fcr sorgt, dass der Riemen nicht l\u00e4nger wird mit der Zeit. Die Oberfl\u00e4che aus Qualit\u00e4tsleder verleiht den Riemen ein luxuri\u00f6ses Aussehen. Die R\u00fcckseite aus Wildleder sorgt f\u00fcr extra Robustheit. Die traditionellen Schnallen machen das Einstellen einfach.<\/p>\n<p>&nbsp;<\/p>\n<p><strong>Gr\u00f6\u00dfen: <\/strong>70cm und 80cm<\/p>\n<p><strong>Pflege:<\/strong> Mit <a href=\"https:\/\/eques.dk\/de\/produkt\/black-edition-clean-eq64001-5744003873845\/\">Black Edition Clean<\/a> reinigen und danach mit <a href=\"https:\/\/eques.dk\/de\/produkt\/black-edition-care-eq64002-574400387385\/\">Black Edition Care<\/a> pflegen.<\/p>\n<p><strong>UVP:<\/strong> 82 EUR<\/p>\n","protected":false},"excerpt":{"rendered":"<p>Steigb\u00fcgelriemen aus Qualit\u00e4tsleder mit einem Nylonkern und einer extra robusten R\u00fcckseite aus Wildleder.<\/p>\n","protected":false},"featured_media":23811,"template":"","meta":{"_acf_changed":false,"_et_pb_use_builder":"","_et_pb_old_content":"","_et_gb_content_width":""},"product_brand":[],"product_cat":[333],"product_tag":[],"class_list":{"0":"post-23602","1":"product","2":"type-product","3":"status-publish","4":"has-post-thumbnail","6":"product_cat-steigbuegel","8":"first","9":"instock","10":"shipping-taxable","11":"product-type-variable"},"acf":[],"yoast_head":"<!-- This site is optimized with the Yoast SEO plugin v26.3 - https:\/\/yoast.com\/wordpress\/plugins\/seo\/ -->\n<title>Steigb\u00fcgelriemen - Deluxe : Eques<\/title>\n<meta name=\"robots\" content=\"index, follow, max-snippet:-1, max-image-preview:large, max-video-preview:-1\" \/>\n<link rel=\"canonical\" href=\"https:\/\/eques.dk\/de\/produkt\/steigbuegelriemen-deluxe\/\" \/>\n<meta property=\"og:locale\" content=\"de_DE\" \/>\n<meta property=\"og:type\" content=\"article\" \/>\n<meta property=\"og:title\" content=\"Steigb\u00fcgelriemen - Deluxe : Eques\" \/>\n<meta property=\"og:description\" content=\"Steigb\u00fcgelriemen aus Qualit\u00e4tsleder mit einem Nylonkern und einer extra robusten R\u00fcckseite aus Wildleder.\" \/>\n<meta property=\"og:url\" content=\"https:\/\/eques.dk\/de\/produkt\/steigbuegelriemen-deluxe\/\" \/>\n<meta property=\"og:site_name\" content=\"Eques\" \/>\n<meta property=\"article:modified_time\" content=\"2026-05-05T22:13:02+00:00\" \/>\n<meta property=\"og:image\" content=\"https:\/\/eques.dk\/wp-content\/uploads\/2025\/07\/EQ17009-BK-2-Stirrup-Leathers-Deluxe.jpg\" \/>\n\t<meta property=\"og:image:width\" content=\"1366\" \/>\n\t<meta property=\"og:image:height\" content=\"2048\" \/>\n\t<meta property=\"og:image:type\" content=\"image\/jpeg\" \/>\n<meta name=\"twitter:card\" content=\"summary_large_image\" \/>\n<meta name=\"twitter:label1\" content=\"Gesch\u00e4tzte Lesezeit\" \/>\n\t<meta name=\"twitter:data1\" content=\"1\u00a0Minute\" \/>\n<script type=\"application\/ld+json\" class=\"yoast-schema-graph\">{\"@context\":\"https:\/\/schema.org\",\"@graph\":[{\"@type\":\"WebPage\",\"@id\":\"https:\/\/eques.dk\/de\/produkt\/steigbuegelriemen-deluxe\/\",\"url\":\"https:\/\/eques.dk\/de\/produkt\/steigbuegelriemen-deluxe\/\",\"name\":\"Steigb\u00fcgelriemen - Deluxe : Eques\",\"isPartOf\":{\"@id\":\"https:\/\/eques.dk\/de\/#website\"},\"primaryImageOfPage\":{\"@id\":\"https:\/\/eques.dk\/de\/produkt\/steigbuegelriemen-deluxe\/#primaryimage\"},\"image\":{\"@id\":\"https:\/\/eques.dk\/de\/produkt\/steigbuegelriemen-deluxe\/#primaryimage\"},\"thumbnailUrl\":\"https:\/\/eques.dk\/wp-content\/uploads\/2025\/07\/EQ17009-BK-2-Stirrup-Leathers-Deluxe.jpg\",\"datePublished\":\"2025-08-14T09:59:29+00:00\",\"dateModified\":\"2026-05-05T22:13:02+00:00\",\"breadcrumb\":{\"@id\":\"https:\/\/eques.dk\/de\/produkt\/steigbuegelriemen-deluxe\/#breadcrumb\"},\"inLanguage\":\"de\",\"potentialAction\":[{\"@type\":\"ReadAction\",\"target\":[\"https:\/\/eques.dk\/de\/produkt\/steigbuegelriemen-deluxe\/\"]}]},{\"@type\":\"ImageObject\",\"inLanguage\":\"de\",\"@id\":\"https:\/\/eques.dk\/de\/produkt\/steigbuegelriemen-deluxe\/#primaryimage\",\"url\":\"https:\/\/eques.dk\/wp-content\/uploads\/2025\/07\/EQ17009-BK-2-Stirrup-Leathers-Deluxe.jpg\",\"contentUrl\":\"https:\/\/eques.dk\/wp-content\/uploads\/2025\/07\/EQ17009-BK-2-Stirrup-Leathers-Deluxe.jpg\",\"width\":1366,\"height\":2048},{\"@type\":\"BreadcrumbList\",\"@id\":\"https:\/\/eques.dk\/de\/produkt\/steigbuegelriemen-deluxe\/#breadcrumb\",\"itemListElement\":[{\"@type\":\"ListItem\",\"position\":1,\"name\":\"Hjem\",\"item\":\"https:\/\/eques.dk\/de\/\"},{\"@type\":\"ListItem\",\"position\":2,\"name\":\"Shop\",\"item\":\"https:\/\/eques.dk\/de\/shop\/\"},{\"@type\":\"ListItem\",\"position\":3,\"name\":\"Steigb\u00fcgelriemen &#8211; Deluxe\"}]},{\"@type\":\"WebSite\",\"@id\":\"https:\/\/eques.dk\/de\/#website\",\"url\":\"https:\/\/eques.dk\/de\/\",\"name\":\"Eques\",\"description\":\"Rideudstyr til islandske heste i dansk design\",\"potentialAction\":[{\"@type\":\"SearchAction\",\"target\":{\"@type\":\"EntryPoint\",\"urlTemplate\":\"https:\/\/eques.dk\/de\/?s={search_term_string}\"},\"query-input\":{\"@type\":\"PropertyValueSpecification\",\"valueRequired\":true,\"valueName\":\"search_term_string\"}}],\"inLanguage\":\"de\"}]}<\/script>\n<!-- \/ Yoast SEO plugin. -->","yoast_head_json":{"title":"Steigb\u00fcgelriemen - Deluxe : Eques","robots":{"index":"index","follow":"follow","max-snippet":"max-snippet:-1","max-image-preview":"max-image-preview:large","max-video-preview":"max-video-preview:-1"},"canonical":"https:\/\/eques.dk\/de\/produkt\/steigbuegelriemen-deluxe\/","og_locale":"de_DE","og_type":"article","og_title":"Steigb\u00fcgelriemen - Deluxe : Eques","og_description":"Steigb\u00fcgelriemen aus Qualit\u00e4tsleder mit einem Nylonkern und einer extra robusten R\u00fcckseite aus Wildleder.","og_url":"https:\/\/eques.dk\/de\/produkt\/steigbuegelriemen-deluxe\/","og_site_name":"Eques","article_modified_time":"2026-05-05T22:13:02+00:00","og_image":[{"width":1366,"height":2048,"url":"https:\/\/eques.dk\/wp-content\/uploads\/2025\/07\/EQ17009-BK-2-Stirrup-Leathers-Deluxe.jpg","type":"image\/jpeg"}],"twitter_card":"summary_large_image","twitter_misc":{"Gesch\u00e4tzte Lesezeit":"1\u00a0Minute"},"schema":{"@context":"https:\/\/schema.org","@graph":[{"@type":"WebPage","@id":"https:\/\/eques.dk\/de\/produkt\/steigbuegelriemen-deluxe\/","url":"https:\/\/eques.dk\/de\/produkt\/steigbuegelriemen-deluxe\/","name":"Steigb\u00fcgelriemen - Deluxe : Eques","isPartOf":{"@id":"https:\/\/eques.dk\/de\/#website"},"primaryImageOfPage":{"@id":"https:\/\/eques.dk\/de\/produkt\/steigbuegelriemen-deluxe\/#primaryimage"},"image":{"@id":"https:\/\/eques.dk\/de\/produkt\/steigbuegelriemen-deluxe\/#primaryimage"},"thumbnailUrl":"https:\/\/eques.dk\/wp-content\/uploads\/2025\/07\/EQ17009-BK-2-Stirrup-Leathers-Deluxe.jpg","datePublished":"2025-08-14T09:59:29+00:00","dateModified":"2026-05-05T22:13:02+00:00","breadcrumb":{"@id":"https:\/\/eques.dk\/de\/produkt\/steigbuegelriemen-deluxe\/#breadcrumb"},"inLanguage":"de","potentialAction":[{"@type":"ReadAction","target":["https:\/\/eques.dk\/de\/produkt\/steigbuegelriemen-deluxe\/"]}]},{"@type":"ImageObject","inLanguage":"de","@id":"https:\/\/eques.dk\/de\/produkt\/steigbuegelriemen-deluxe\/#primaryimage","url":"https:\/\/eques.dk\/wp-content\/uploads\/2025\/07\/EQ17009-BK-2-Stirrup-Leathers-Deluxe.jpg","contentUrl":"https:\/\/eques.dk\/wp-content\/uploads\/2025\/07\/EQ17009-BK-2-Stirrup-Leathers-Deluxe.jpg","width":1366,"height":2048},{"@type":"BreadcrumbList","@id":"https:\/\/eques.dk\/de\/produkt\/steigbuegelriemen-deluxe\/#breadcrumb","itemListElement":[{"@type":"ListItem","position":1,"name":"Hjem","item":"https:\/\/eques.dk\/de\/"},{"@type":"ListItem","position":2,"name":"Shop","item":"https:\/\/eques.dk\/de\/shop\/"},{"@type":"ListItem","position":3,"name":"Steigb\u00fcgelriemen &#8211; Deluxe"}]},{"@type":"WebSite","@id":"https:\/\/eques.dk\/de\/#website","url":"https:\/\/eques.dk\/de\/","name":"Eques","description":"Rideudstyr til islandske heste i dansk design","potentialAction":[{"@type":"SearchAction","target":{"@type":"EntryPoint","urlTemplate":"https:\/\/eques.dk\/de\/?s={search_term_string}"},"query-input":{"@type":"PropertyValueSpecification","valueRequired":true,"valueName":"search_term_string"}}],"inLanguage":"de"}]}},"_links":{"self":[{"href":"https:\/\/eques.dk\/de\/wp-json\/wp\/v2\/product\/23602","targetHints":{"allow":["GET"]}}],"collection":[{"href":"https:\/\/eques.dk\/de\/wp-json\/wp\/v2\/product"}],"about":[{"href":"https:\/\/eques.dk\/de\/wp-json\/wp\/v2\/types\/product"}],"wp:featuredmedia":[{"embeddable":true,"href":"https:\/\/eques.dk\/de\/wp-json\/wp\/v2\/media\/23811"}],"wp:attachment":[{"href":"https:\/\/eques.dk\/de\/wp-json\/wp\/v2\/media?parent=23602"}],"wp:term":[{"taxonomy":"product_brand","embeddable":true,"href":"https:\/\/eques.dk\/de\/wp-json\/wp\/v2\/product_brand?post=23602"},{"taxonomy":"product_cat","embeddable":true,"href":"https:\/\/eques.dk\/de\/wp-json\/wp\/v2\/product_cat?post=23602"},{"taxonomy":"product_tag","embeddable":true,"href":"https:\/\/eques.dk\/de\/wp-json\/wp\/v2\/product_tag?post=23602"}],"curies":[{"name":"wp","href":"https:\/\/api.w.org\/{rel}","templated":true}]}}