{"id":23573,"date":"2025-08-14T08:21:17","date_gmt":"2025-08-14T08:21:43","guid":{"rendered":"https:\/\/eques.dk\/?post_type=product&#038;p=23573"},"modified":"2025-08-14T08:21:43","modified_gmt":"2025-08-14T08:21:43","slug":"ergonomischer-fusionnasenriemen-mit-moon-rock","status":"publish","type":"product","link":"https:\/\/eques.dk\/de\/produkt\/ergonomischer-fusionnasenriemen-mit-moon-rock\/","title":{"rendered":"Ergonomischer Fusionnasenriemen mit Moon Rock"},"content":{"rendered":"<p>Dieser StepByStep Nasenriemen ist aus weichem Qualit\u00e4tsleder und unterlegt auf der Innenseite, was h\u00f6chsten Komfort f\u00fcr das Pferd sicherstellt.<\/p>\n<p>Die Form des Nasenriemen ist so designt, dass er optimale St\u00fctze und Druckverteilung bietet, w\u00e4hrend die Nervenbanen des Pferde am Kopf ber\u00fccksichtigt werden und das Gebiss w\u00e4hrend dem Reiten nicht beeintr\u00e4chtigt wird.<\/p>\n<p>Mit Schnallen auf beiden Seiten zum Montieren am StepByStep <a href=\"https:\/\/eques.dk\/de\/produkt\/flex-genickstueck-eq3002-bk-5744003872428\/\">Flex Nackenst\u00fcck <\/a>oder <a href=\"https:\/\/eques.dk\/de\/produkt\/anatomisches-genickstueck-eq3001-bk-5744003872411\/\">anatomischen Nackenst\u00fcck<\/a>.<\/p>\n<p>&nbsp;<\/p>\n<p><strong>Pflege: <\/strong>Mit <a href=\"https:\/\/eques.dk\/de\/produkt\/black-edition-clean-eq64001-5744003873845\/\">Black Edition Clean<\/a> reinigen und danach mit <a href=\"https:\/\/eques.dk\/de\/produkt\/black-edition-care-eq64002-574400387385\/\">Black Edition Care <\/a>reinigen. EQUES empfiehlt die Steine mit einer d\u00fcnnen Schicht Klarlack zu sch\u00fctzen.<\/p>\n<p><strong>UVP: <\/strong>70 EUR<\/p>\n","protected":false},"excerpt":{"rendered":"<p>Nasenriemen mit ergonomischen Design, exklusiv verziert mit Moon Rock.<\/p>\n","protected":false},"featured_media":23793,"template":"","meta":{"_acf_changed":false,"_et_pb_use_builder":"","_et_pb_old_content":"","_et_gb_content_width":""},"product_brand":[],"product_cat":[212,57],"product_tag":[],"class_list":{"0":"post-23573","1":"product","2":"type-product","3":"status-publish","4":"has-post-thumbnail","6":"product_cat-kombiniertes-reithalfter","7":"product_cat-stepbystep-englischer-nasenriemen","9":"first","10":"instock","11":"shipping-taxable","12":"product-type-simple"},"acf":[],"yoast_head":"<!-- This site is optimized with the Yoast SEO plugin v26.3 - https:\/\/yoast.com\/wordpress\/plugins\/seo\/ -->\n<title>Ergonomischer Fusionnasenriemen mit Moon Rock : Eques<\/title>\n<meta name=\"robots\" content=\"index, follow, max-snippet:-1, max-image-preview:large, max-video-preview:-1\" \/>\n<link rel=\"canonical\" href=\"https:\/\/eques.dk\/de\/produkt\/ergonomischer-fusionnasenriemen-mit-moon-rock\/\" \/>\n<meta property=\"og:locale\" content=\"de_DE\" \/>\n<meta property=\"og:type\" content=\"article\" \/>\n<meta property=\"og:title\" content=\"Ergonomischer Fusionnasenriemen mit Moon Rock : Eques\" \/>\n<meta property=\"og:description\" content=\"Nasenriemen mit ergonomischen Design, exklusiv verziert mit Moon Rock.\" \/>\n<meta property=\"og:url\" content=\"https:\/\/eques.dk\/de\/produkt\/ergonomischer-fusionnasenriemen-mit-moon-rock\/\" \/>\n<meta property=\"og:site_name\" content=\"Eques\" \/>\n<meta property=\"og:image\" content=\"https:\/\/eques.dk\/wp-content\/uploads\/2025\/07\/EQ35104-BK_Ergonomic_Fusion_Noseband_Moon_Rock_1.jpg\" \/>\n\t<meta property=\"og:image:width\" content=\"2048\" \/>\n\t<meta property=\"og:image:height\" content=\"2048\" \/>\n\t<meta property=\"og:image:type\" content=\"image\/jpeg\" \/>\n<meta name=\"twitter:card\" content=\"summary_large_image\" \/>\n<meta name=\"twitter:label1\" content=\"Gesch\u00e4tzte Lesezeit\" \/>\n\t<meta name=\"twitter:data1\" content=\"1\u00a0Minute\" \/>\n<script type=\"application\/ld+json\" class=\"yoast-schema-graph\">{\"@context\":\"https:\/\/schema.org\",\"@graph\":[{\"@type\":\"WebPage\",\"@id\":\"https:\/\/eques.dk\/de\/produkt\/ergonomischer-fusionnasenriemen-mit-moon-rock\/\",\"url\":\"https:\/\/eques.dk\/de\/produkt\/ergonomischer-fusionnasenriemen-mit-moon-rock\/\",\"name\":\"Ergonomischer Fusionnasenriemen mit Moon Rock : Eques\",\"isPartOf\":{\"@id\":\"https:\/\/eques.dk\/de\/#website\"},\"primaryImageOfPage\":{\"@id\":\"https:\/\/eques.dk\/de\/produkt\/ergonomischer-fusionnasenriemen-mit-moon-rock\/#primaryimage\"},\"image\":{\"@id\":\"https:\/\/eques.dk\/de\/produkt\/ergonomischer-fusionnasenriemen-mit-moon-rock\/#primaryimage\"},\"thumbnailUrl\":\"https:\/\/eques.dk\/wp-content\/uploads\/2025\/07\/EQ35104-BK_Ergonomic_Fusion_Noseband_Moon_Rock_1.jpg\",\"datePublished\":\"2025-08-14T08:21:43+00:00\",\"breadcrumb\":{\"@id\":\"https:\/\/eques.dk\/de\/produkt\/ergonomischer-fusionnasenriemen-mit-moon-rock\/#breadcrumb\"},\"inLanguage\":\"de\",\"potentialAction\":[{\"@type\":\"ReadAction\",\"target\":[\"https:\/\/eques.dk\/de\/produkt\/ergonomischer-fusionnasenriemen-mit-moon-rock\/\"]}]},{\"@type\":\"ImageObject\",\"inLanguage\":\"de\",\"@id\":\"https:\/\/eques.dk\/de\/produkt\/ergonomischer-fusionnasenriemen-mit-moon-rock\/#primaryimage\",\"url\":\"https:\/\/eques.dk\/wp-content\/uploads\/2025\/07\/EQ35104-BK_Ergonomic_Fusion_Noseband_Moon_Rock_1.jpg\",\"contentUrl\":\"https:\/\/eques.dk\/wp-content\/uploads\/2025\/07\/EQ35104-BK_Ergonomic_Fusion_Noseband_Moon_Rock_1.jpg\",\"width\":2048,\"height\":2048},{\"@type\":\"BreadcrumbList\",\"@id\":\"https:\/\/eques.dk\/de\/produkt\/ergonomischer-fusionnasenriemen-mit-moon-rock\/#breadcrumb\",\"itemListElement\":[{\"@type\":\"ListItem\",\"position\":1,\"name\":\"Hjem\",\"item\":\"https:\/\/eques.dk\/de\/\"},{\"@type\":\"ListItem\",\"position\":2,\"name\":\"Shop\",\"item\":\"https:\/\/eques.dk\/de\/shop\/\"},{\"@type\":\"ListItem\",\"position\":3,\"name\":\"Ergonomischer Fusionnasenriemen mit Moon Rock\"}]},{\"@type\":\"WebSite\",\"@id\":\"https:\/\/eques.dk\/de\/#website\",\"url\":\"https:\/\/eques.dk\/de\/\",\"name\":\"Eques\",\"description\":\"Rideudstyr til islandske heste i dansk design\",\"potentialAction\":[{\"@type\":\"SearchAction\",\"target\":{\"@type\":\"EntryPoint\",\"urlTemplate\":\"https:\/\/eques.dk\/de\/?s={search_term_string}\"},\"query-input\":{\"@type\":\"PropertyValueSpecification\",\"valueRequired\":true,\"valueName\":\"search_term_string\"}}],\"inLanguage\":\"de\"}]}<\/script>\n<!-- \/ Yoast SEO plugin. -->","yoast_head_json":{"title":"Ergonomischer Fusionnasenriemen mit Moon Rock : Eques","robots":{"index":"index","follow":"follow","max-snippet":"max-snippet:-1","max-image-preview":"max-image-preview:large","max-video-preview":"max-video-preview:-1"},"canonical":"https:\/\/eques.dk\/de\/produkt\/ergonomischer-fusionnasenriemen-mit-moon-rock\/","og_locale":"de_DE","og_type":"article","og_title":"Ergonomischer Fusionnasenriemen mit Moon Rock : Eques","og_description":"Nasenriemen mit ergonomischen Design, exklusiv verziert mit Moon Rock.","og_url":"https:\/\/eques.dk\/de\/produkt\/ergonomischer-fusionnasenriemen-mit-moon-rock\/","og_site_name":"Eques","og_image":[{"width":2048,"height":2048,"url":"https:\/\/eques.dk\/wp-content\/uploads\/2025\/07\/EQ35104-BK_Ergonomic_Fusion_Noseband_Moon_Rock_1.jpg","type":"image\/jpeg"}],"twitter_card":"summary_large_image","twitter_misc":{"Gesch\u00e4tzte Lesezeit":"1\u00a0Minute"},"schema":{"@context":"https:\/\/schema.org","@graph":[{"@type":"WebPage","@id":"https:\/\/eques.dk\/de\/produkt\/ergonomischer-fusionnasenriemen-mit-moon-rock\/","url":"https:\/\/eques.dk\/de\/produkt\/ergonomischer-fusionnasenriemen-mit-moon-rock\/","name":"Ergonomischer Fusionnasenriemen mit Moon Rock : Eques","isPartOf":{"@id":"https:\/\/eques.dk\/de\/#website"},"primaryImageOfPage":{"@id":"https:\/\/eques.dk\/de\/produkt\/ergonomischer-fusionnasenriemen-mit-moon-rock\/#primaryimage"},"image":{"@id":"https:\/\/eques.dk\/de\/produkt\/ergonomischer-fusionnasenriemen-mit-moon-rock\/#primaryimage"},"thumbnailUrl":"https:\/\/eques.dk\/wp-content\/uploads\/2025\/07\/EQ35104-BK_Ergonomic_Fusion_Noseband_Moon_Rock_1.jpg","datePublished":"2025-08-14T08:21:43+00:00","breadcrumb":{"@id":"https:\/\/eques.dk\/de\/produkt\/ergonomischer-fusionnasenriemen-mit-moon-rock\/#breadcrumb"},"inLanguage":"de","potentialAction":[{"@type":"ReadAction","target":["https:\/\/eques.dk\/de\/produkt\/ergonomischer-fusionnasenriemen-mit-moon-rock\/"]}]},{"@type":"ImageObject","inLanguage":"de","@id":"https:\/\/eques.dk\/de\/produkt\/ergonomischer-fusionnasenriemen-mit-moon-rock\/#primaryimage","url":"https:\/\/eques.dk\/wp-content\/uploads\/2025\/07\/EQ35104-BK_Ergonomic_Fusion_Noseband_Moon_Rock_1.jpg","contentUrl":"https:\/\/eques.dk\/wp-content\/uploads\/2025\/07\/EQ35104-BK_Ergonomic_Fusion_Noseband_Moon_Rock_1.jpg","width":2048,"height":2048},{"@type":"BreadcrumbList","@id":"https:\/\/eques.dk\/de\/produkt\/ergonomischer-fusionnasenriemen-mit-moon-rock\/#breadcrumb","itemListElement":[{"@type":"ListItem","position":1,"name":"Hjem","item":"https:\/\/eques.dk\/de\/"},{"@type":"ListItem","position":2,"name":"Shop","item":"https:\/\/eques.dk\/de\/shop\/"},{"@type":"ListItem","position":3,"name":"Ergonomischer Fusionnasenriemen mit Moon Rock"}]},{"@type":"WebSite","@id":"https:\/\/eques.dk\/de\/#website","url":"https:\/\/eques.dk\/de\/","name":"Eques","description":"Rideudstyr til islandske heste i dansk design","potentialAction":[{"@type":"SearchAction","target":{"@type":"EntryPoint","urlTemplate":"https:\/\/eques.dk\/de\/?s={search_term_string}"},"query-input":{"@type":"PropertyValueSpecification","valueRequired":true,"valueName":"search_term_string"}}],"inLanguage":"de"}]}},"_links":{"self":[{"href":"https:\/\/eques.dk\/de\/wp-json\/wp\/v2\/product\/23573","targetHints":{"allow":["GET"]}}],"collection":[{"href":"https:\/\/eques.dk\/de\/wp-json\/wp\/v2\/product"}],"about":[{"href":"https:\/\/eques.dk\/de\/wp-json\/wp\/v2\/types\/product"}],"wp:featuredmedia":[{"embeddable":true,"href":"https:\/\/eques.dk\/de\/wp-json\/wp\/v2\/media\/23793"}],"wp:attachment":[{"href":"https:\/\/eques.dk\/de\/wp-json\/wp\/v2\/media?parent=23573"}],"wp:term":[{"taxonomy":"product_brand","embeddable":true,"href":"https:\/\/eques.dk\/de\/wp-json\/wp\/v2\/product_brand?post=23573"},{"taxonomy":"product_cat","embeddable":true,"href":"https:\/\/eques.dk\/de\/wp-json\/wp\/v2\/product_cat?post=23573"},{"taxonomy":"product_tag","embeddable":true,"href":"https:\/\/eques.dk\/de\/wp-json\/wp\/v2\/product_tag?post=23573"}],"curies":[{"name":"wp","href":"https:\/\/api.w.org\/{rel}","templated":true}]}}