{"id":23572,"date":"2025-11-06T08:07:06","date_gmt":"2025-11-06T08:07:06","guid":{"rendered":"https:\/\/eques.dk\/?post_type=product&#038;p=23572"},"modified":"2026-04-27T09:06:46","modified_gmt":"2026-04-27T09:06:46","slug":"flexxorb-front-rise-pad","status":"publish","type":"product","link":"https:\/\/eques.dk\/de\/produkt\/flexxorb-front-rise-pad\/","title":{"rendered":"FLEXXORB Front Rise Pad"},"content":{"rendered":"<p>EQUES FLEXXORB Front Rise Pad ist eine Sattelunterlage mit einem hohen technischen Niveau aus FLEXXORB Material \u2013 einem zellul\u00e4ren elastomeren Schaum auf Basis von Naturkautschuk. Dieses Pad ist d\u00fcnn und leicht und sorgt f\u00fcr ein direktes Reitgef\u00fchl mit engem Kontakt zum Pferd. <\/p>\n<p>Eigenschaften des FLEXXORB Materials:<\/p>\n<ul>\n<li>Extrem sto\u00dfabsorbierend<\/li>\n<li>Sichert eine optimale Druckverteilung<\/li>\n<li>Atmungsaktiv<\/li>\n<li>Den lave h\u00f8jde sikrer en f\u00f8lelse af t\u00e6t kontakt til hesten<\/li>\n<li>Anti-slip effekt som dog ikke hiver i h\u00e5rene p\u00e5 hestens ryg p\u00e5 samme m\u00e5de som traditionelle gel pads<\/li>\n<li>Leicht \u2013 ca. 25% leichter als traditionelle Gelpads<\/li>\n<\/ul>\n<p>Front rise effekten kan afhj\u00e6lpe at sadlen glider frem ved at l\u00f8fte sadlen lidt fortil.<\/p>\n<p>&nbsp;<\/p>\n<p><strong>Gr\u00f6\u00dfe<\/strong>: One size \u2013 horizontale L\u00e4nge: 57 cm, Dicke: 8,3 mm, Front Rise: + 5 mm<\/p>\n<p><strong>Pflege:<\/strong> Handw\u00e4sche mit lauwarmem Wasser und milder Seife<\/p>\n<p><strong>UVP:<\/strong> 134 Euro<\/p>\n","protected":false},"excerpt":{"rendered":"<p>Technisches Front-Rise-Pad aus FLEXXORB Material, welche sto\u00dfabsorbierend wirkt und die optimale Platzierung w\u00e4hrend dem Reiten sichert.<\/p>\n","protected":false},"featured_media":24602,"template":"","meta":{"_acf_changed":false,"_et_pb_use_builder":"","_et_pb_old_content":"","_et_gb_content_width":""},"product_brand":[],"product_cat":[334],"product_tag":[],"class_list":{"0":"post-23572","1":"product","2":"type-product","3":"status-publish","4":"has-post-thumbnail","6":"product_cat-unterlagen","8":"first","9":"outofstock","10":"shipping-taxable","11":"product-type-simple"},"acf":[],"yoast_head":"<!-- This site is optimized with the Yoast SEO plugin v26.3 - https:\/\/yoast.com\/wordpress\/plugins\/seo\/ -->\n<title>FLEXXORB Front Rise Pad : Eques<\/title>\n<meta name=\"robots\" content=\"index, follow, max-snippet:-1, max-image-preview:large, max-video-preview:-1\" \/>\n<link rel=\"canonical\" href=\"https:\/\/eques.dk\/de\/produkt\/flexxorb-front-rise-pad\/\" \/>\n<meta property=\"og:locale\" content=\"de_DE\" \/>\n<meta property=\"og:type\" content=\"article\" \/>\n<meta property=\"og:title\" content=\"FLEXXORB Front Rise Pad : Eques\" \/>\n<meta property=\"og:description\" content=\"Technisches Front-Rise-Pad aus FLEXXORB Material, welche sto\u00dfabsorbierend wirkt und die optimale Platzierung w\u00e4hrend dem Reiten sichert.\" \/>\n<meta property=\"og:url\" content=\"https:\/\/eques.dk\/de\/produkt\/flexxorb-front-rise-pad\/\" \/>\n<meta property=\"og:site_name\" content=\"Eques\" \/>\n<meta property=\"article:modified_time\" content=\"2026-04-27T09:06:46+00:00\" \/>\n<meta property=\"og:image\" content=\"https:\/\/eques.dk\/wp-content\/uploads\/2025\/07\/EQ18G05-BK-R5AH8693-Edit-rotated-e1764340087292.jpg\" \/>\n\t<meta property=\"og:image:width\" content=\"2048\" \/>\n\t<meta property=\"og:image:height\" content=\"2048\" \/>\n\t<meta property=\"og:image:type\" content=\"image\/jpeg\" \/>\n<meta name=\"twitter:card\" content=\"summary_large_image\" \/>\n<meta name=\"twitter:label1\" content=\"Gesch\u00e4tzte Lesezeit\" \/>\n\t<meta name=\"twitter:data1\" content=\"1\u00a0Minute\" \/>\n<script type=\"application\/ld+json\" class=\"yoast-schema-graph\">{\"@context\":\"https:\/\/schema.org\",\"@graph\":[{\"@type\":\"WebPage\",\"@id\":\"https:\/\/eques.dk\/de\/produkt\/flexxorb-front-rise-pad\/\",\"url\":\"https:\/\/eques.dk\/de\/produkt\/flexxorb-front-rise-pad\/\",\"name\":\"FLEXXORB Front Rise Pad : Eques\",\"isPartOf\":{\"@id\":\"https:\/\/eques.dk\/de\/#website\"},\"primaryImageOfPage\":{\"@id\":\"https:\/\/eques.dk\/de\/produkt\/flexxorb-front-rise-pad\/#primaryimage\"},\"image\":{\"@id\":\"https:\/\/eques.dk\/de\/produkt\/flexxorb-front-rise-pad\/#primaryimage\"},\"thumbnailUrl\":\"https:\/\/eques.dk\/wp-content\/uploads\/2025\/07\/EQ18G05-BK-R5AH8693-Edit-rotated-e1764340087292.jpg\",\"datePublished\":\"2025-11-06T08:07:06+00:00\",\"dateModified\":\"2026-04-27T09:06:46+00:00\",\"breadcrumb\":{\"@id\":\"https:\/\/eques.dk\/de\/produkt\/flexxorb-front-rise-pad\/#breadcrumb\"},\"inLanguage\":\"de\",\"potentialAction\":[{\"@type\":\"ReadAction\",\"target\":[\"https:\/\/eques.dk\/de\/produkt\/flexxorb-front-rise-pad\/\"]}]},{\"@type\":\"ImageObject\",\"inLanguage\":\"de\",\"@id\":\"https:\/\/eques.dk\/de\/produkt\/flexxorb-front-rise-pad\/#primaryimage\",\"url\":\"https:\/\/eques.dk\/wp-content\/uploads\/2025\/07\/EQ18G05-BK-R5AH8693-Edit-rotated-e1764340087292.jpg\",\"contentUrl\":\"https:\/\/eques.dk\/wp-content\/uploads\/2025\/07\/EQ18G05-BK-R5AH8693-Edit-rotated-e1764340087292.jpg\",\"width\":2048,\"height\":2048},{\"@type\":\"BreadcrumbList\",\"@id\":\"https:\/\/eques.dk\/de\/produkt\/flexxorb-front-rise-pad\/#breadcrumb\",\"itemListElement\":[{\"@type\":\"ListItem\",\"position\":1,\"name\":\"Hjem\",\"item\":\"https:\/\/eques.dk\/de\/\"},{\"@type\":\"ListItem\",\"position\":2,\"name\":\"Shop\",\"item\":\"https:\/\/eques.dk\/de\/shop\/\"},{\"@type\":\"ListItem\",\"position\":3,\"name\":\"FLEXXORB Front Rise Pad\"}]},{\"@type\":\"WebSite\",\"@id\":\"https:\/\/eques.dk\/de\/#website\",\"url\":\"https:\/\/eques.dk\/de\/\",\"name\":\"Eques\",\"description\":\"Rideudstyr til islandske heste i dansk design\",\"potentialAction\":[{\"@type\":\"SearchAction\",\"target\":{\"@type\":\"EntryPoint\",\"urlTemplate\":\"https:\/\/eques.dk\/de\/?s={search_term_string}\"},\"query-input\":{\"@type\":\"PropertyValueSpecification\",\"valueRequired\":true,\"valueName\":\"search_term_string\"}}],\"inLanguage\":\"de\"}]}<\/script>\n<!-- \/ Yoast SEO plugin. -->","yoast_head_json":{"title":"FLEXXORB Front Rise Pad : Eques","robots":{"index":"index","follow":"follow","max-snippet":"max-snippet:-1","max-image-preview":"max-image-preview:large","max-video-preview":"max-video-preview:-1"},"canonical":"https:\/\/eques.dk\/de\/produkt\/flexxorb-front-rise-pad\/","og_locale":"de_DE","og_type":"article","og_title":"FLEXXORB Front Rise Pad : Eques","og_description":"Technisches Front-Rise-Pad aus FLEXXORB Material, welche sto\u00dfabsorbierend wirkt und die optimale Platzierung w\u00e4hrend dem Reiten sichert.","og_url":"https:\/\/eques.dk\/de\/produkt\/flexxorb-front-rise-pad\/","og_site_name":"Eques","article_modified_time":"2026-04-27T09:06:46+00:00","og_image":[{"width":2048,"height":2048,"url":"https:\/\/eques.dk\/wp-content\/uploads\/2025\/07\/EQ18G05-BK-R5AH8693-Edit-rotated-e1764340087292.jpg","type":"image\/jpeg"}],"twitter_card":"summary_large_image","twitter_misc":{"Gesch\u00e4tzte Lesezeit":"1\u00a0Minute"},"schema":{"@context":"https:\/\/schema.org","@graph":[{"@type":"WebPage","@id":"https:\/\/eques.dk\/de\/produkt\/flexxorb-front-rise-pad\/","url":"https:\/\/eques.dk\/de\/produkt\/flexxorb-front-rise-pad\/","name":"FLEXXORB Front Rise Pad : Eques","isPartOf":{"@id":"https:\/\/eques.dk\/de\/#website"},"primaryImageOfPage":{"@id":"https:\/\/eques.dk\/de\/produkt\/flexxorb-front-rise-pad\/#primaryimage"},"image":{"@id":"https:\/\/eques.dk\/de\/produkt\/flexxorb-front-rise-pad\/#primaryimage"},"thumbnailUrl":"https:\/\/eques.dk\/wp-content\/uploads\/2025\/07\/EQ18G05-BK-R5AH8693-Edit-rotated-e1764340087292.jpg","datePublished":"2025-11-06T08:07:06+00:00","dateModified":"2026-04-27T09:06:46+00:00","breadcrumb":{"@id":"https:\/\/eques.dk\/de\/produkt\/flexxorb-front-rise-pad\/#breadcrumb"},"inLanguage":"de","potentialAction":[{"@type":"ReadAction","target":["https:\/\/eques.dk\/de\/produkt\/flexxorb-front-rise-pad\/"]}]},{"@type":"ImageObject","inLanguage":"de","@id":"https:\/\/eques.dk\/de\/produkt\/flexxorb-front-rise-pad\/#primaryimage","url":"https:\/\/eques.dk\/wp-content\/uploads\/2025\/07\/EQ18G05-BK-R5AH8693-Edit-rotated-e1764340087292.jpg","contentUrl":"https:\/\/eques.dk\/wp-content\/uploads\/2025\/07\/EQ18G05-BK-R5AH8693-Edit-rotated-e1764340087292.jpg","width":2048,"height":2048},{"@type":"BreadcrumbList","@id":"https:\/\/eques.dk\/de\/produkt\/flexxorb-front-rise-pad\/#breadcrumb","itemListElement":[{"@type":"ListItem","position":1,"name":"Hjem","item":"https:\/\/eques.dk\/de\/"},{"@type":"ListItem","position":2,"name":"Shop","item":"https:\/\/eques.dk\/de\/shop\/"},{"@type":"ListItem","position":3,"name":"FLEXXORB Front Rise Pad"}]},{"@type":"WebSite","@id":"https:\/\/eques.dk\/de\/#website","url":"https:\/\/eques.dk\/de\/","name":"Eques","description":"Rideudstyr til islandske heste i dansk design","potentialAction":[{"@type":"SearchAction","target":{"@type":"EntryPoint","urlTemplate":"https:\/\/eques.dk\/de\/?s={search_term_string}"},"query-input":{"@type":"PropertyValueSpecification","valueRequired":true,"valueName":"search_term_string"}}],"inLanguage":"de"}]}},"_links":{"self":[{"href":"https:\/\/eques.dk\/de\/wp-json\/wp\/v2\/product\/23572","targetHints":{"allow":["GET"]}}],"collection":[{"href":"https:\/\/eques.dk\/de\/wp-json\/wp\/v2\/product"}],"about":[{"href":"https:\/\/eques.dk\/de\/wp-json\/wp\/v2\/types\/product"}],"wp:featuredmedia":[{"embeddable":true,"href":"https:\/\/eques.dk\/de\/wp-json\/wp\/v2\/media\/24602"}],"wp:attachment":[{"href":"https:\/\/eques.dk\/de\/wp-json\/wp\/v2\/media?parent=23572"}],"wp:term":[{"taxonomy":"product_brand","embeddable":true,"href":"https:\/\/eques.dk\/de\/wp-json\/wp\/v2\/product_brand?post=23572"},{"taxonomy":"product_cat","embeddable":true,"href":"https:\/\/eques.dk\/de\/wp-json\/wp\/v2\/product_cat?post=23572"},{"taxonomy":"product_tag","embeddable":true,"href":"https:\/\/eques.dk\/de\/wp-json\/wp\/v2\/product_tag?post=23572"}],"curies":[{"name":"wp","href":"https:\/\/api.w.org\/{rel}","templated":true}]}}