{"id":23566,"date":"2025-08-08T11:06:01","date_gmt":"2025-08-08T11:06:01","guid":{"rendered":"https:\/\/eques.dk\/?post_type=product&#038;p=23566"},"modified":"2025-11-13T14:57:14","modified_gmt":"2025-11-13T14:57:14","slug":"s-steigbuegel-gewinkelt","status":"publish","type":"product","link":"https:\/\/eques.dk\/de\/produkt\/s-steigbuegel-gewinkelt\/","title":{"rendered":"S-Steigb\u00fcgel- Gewinkelt"},"content":{"rendered":"<p>Die ergonomische 5\u00b0 Winkelung der Fu\u00dfplatte hilft dem Fu\u00df des Reiters in die korrekte Position zu fallen. W\u00e4hrend dies einerseits zu einer besseren Aufrichtung beim Reiten beitr\u00e4gt, empfinden viele Reiter sie zus\u00e4tzlich auch noch als entlastend f\u00fcr die Knie.<\/p>\n<p>Die Steigb\u00fcgel sind aus geb\u00fcrstetem rostfreien Stahl.<\/p>\n<p>Passend zur GS Matte Look Gebiss-Serie.<\/p>\n<p>Die S-Form sichert au\u00dferdem, dass der Fu\u00df nicht im Steigb\u00fcgel stecken bleiben kann, sollte der Reiter von Pferd fallen.<\/p>\n<p><strong>Gewicht:<\/strong> 600 g<\/p>\n<p><strong>Gr\u00f6\u00dfe:<\/strong> Onesize \u2013 11,5 cm innere Breite<\/p>\n<p><strong>Pflege:\u00a0<\/strong>Mit lauwarmen Wasser sp\u00fclen<\/p>\n<p><strong>UVP:\u00a0<\/strong>79,50 EUR<\/p>\n","protected":false},"excerpt":{"rendered":"<p>S-B\u00fcgel mit ergonomisch gewinkelter Fu\u00dfplatte aus rostfreiem Stahl im Matt-Look.<\/p>\n<p>Die S-Form optimiert die Sicherheit des Reiters w\u00e4hrend dem Reiten.<\/p>\n","protected":false},"featured_media":23705,"template":"","meta":{"_acf_changed":false,"_et_pb_use_builder":"","_et_pb_old_content":"","_et_gb_content_width":""},"product_brand":[],"product_cat":[333],"product_tag":[],"class_list":{"0":"post-23566","1":"product","2":"type-product","3":"status-publish","4":"has-post-thumbnail","6":"product_cat-steigbuegel","8":"first","9":"outofstock","10":"shipping-taxable","11":"product-type-simple"},"acf":[],"yoast_head":"<!-- This site is optimized with the Yoast SEO plugin v26.3 - https:\/\/yoast.com\/wordpress\/plugins\/seo\/ -->\n<title>S-Steigb\u00fcgel- Gewinkelt : Eques<\/title>\n<meta name=\"robots\" content=\"index, follow, max-snippet:-1, max-image-preview:large, max-video-preview:-1\" \/>\n<link rel=\"canonical\" href=\"https:\/\/eques.dk\/de\/produkt\/s-steigbuegel-gewinkelt\/\" \/>\n<meta property=\"og:locale\" content=\"de_DE\" \/>\n<meta property=\"og:type\" content=\"article\" \/>\n<meta property=\"og:title\" content=\"S-Steigb\u00fcgel- Gewinkelt : Eques\" \/>\n<meta property=\"og:description\" content=\"S-B\u00fcgel mit ergonomisch gewinkelter Fu\u00dfplatte aus rostfreiem Stahl im Matt-Look.  Die S-Form optimiert die Sicherheit des Reiters w\u00e4hrend dem Reiten.\" \/>\n<meta property=\"og:url\" content=\"https:\/\/eques.dk\/de\/produkt\/s-steigbuegel-gewinkelt\/\" \/>\n<meta property=\"og:site_name\" content=\"Eques\" \/>\n<meta property=\"article:modified_time\" content=\"2025-11-13T14:57:14+00:00\" \/>\n<meta property=\"og:image\" content=\"https:\/\/eques.dk\/wp-content\/uploads\/2025\/07\/EQ17008-SSBK-S-Stirrup-Angled.jpg\" \/>\n\t<meta property=\"og:image:width\" content=\"2048\" \/>\n\t<meta property=\"og:image:height\" content=\"2048\" \/>\n\t<meta property=\"og:image:type\" content=\"image\/jpeg\" \/>\n<meta name=\"twitter:card\" content=\"summary_large_image\" \/>\n<meta name=\"twitter:label1\" content=\"Gesch\u00e4tzte Lesezeit\" \/>\n\t<meta name=\"twitter:data1\" content=\"1\u00a0Minute\" \/>\n<script type=\"application\/ld+json\" class=\"yoast-schema-graph\">{\"@context\":\"https:\/\/schema.org\",\"@graph\":[{\"@type\":\"WebPage\",\"@id\":\"https:\/\/eques.dk\/de\/produkt\/s-steigbuegel-gewinkelt\/\",\"url\":\"https:\/\/eques.dk\/de\/produkt\/s-steigbuegel-gewinkelt\/\",\"name\":\"S-Steigb\u00fcgel- Gewinkelt : Eques\",\"isPartOf\":{\"@id\":\"https:\/\/eques.dk\/de\/#website\"},\"primaryImageOfPage\":{\"@id\":\"https:\/\/eques.dk\/de\/produkt\/s-steigbuegel-gewinkelt\/#primaryimage\"},\"image\":{\"@id\":\"https:\/\/eques.dk\/de\/produkt\/s-steigbuegel-gewinkelt\/#primaryimage\"},\"thumbnailUrl\":\"https:\/\/eques.dk\/wp-content\/uploads\/2025\/07\/EQ17008-SSBK-S-Stirrup-Angled.jpg\",\"datePublished\":\"2025-08-08T11:06:01+00:00\",\"dateModified\":\"2025-11-13T14:57:14+00:00\",\"breadcrumb\":{\"@id\":\"https:\/\/eques.dk\/de\/produkt\/s-steigbuegel-gewinkelt\/#breadcrumb\"},\"inLanguage\":\"de\",\"potentialAction\":[{\"@type\":\"ReadAction\",\"target\":[\"https:\/\/eques.dk\/de\/produkt\/s-steigbuegel-gewinkelt\/\"]}]},{\"@type\":\"ImageObject\",\"inLanguage\":\"de\",\"@id\":\"https:\/\/eques.dk\/de\/produkt\/s-steigbuegel-gewinkelt\/#primaryimage\",\"url\":\"https:\/\/eques.dk\/wp-content\/uploads\/2025\/07\/EQ17008-SSBK-S-Stirrup-Angled.jpg\",\"contentUrl\":\"https:\/\/eques.dk\/wp-content\/uploads\/2025\/07\/EQ17008-SSBK-S-Stirrup-Angled.jpg\",\"width\":2048,\"height\":2048},{\"@type\":\"BreadcrumbList\",\"@id\":\"https:\/\/eques.dk\/de\/produkt\/s-steigbuegel-gewinkelt\/#breadcrumb\",\"itemListElement\":[{\"@type\":\"ListItem\",\"position\":1,\"name\":\"Hjem\",\"item\":\"https:\/\/eques.dk\/de\/\"},{\"@type\":\"ListItem\",\"position\":2,\"name\":\"Shop\",\"item\":\"https:\/\/eques.dk\/de\/shop\/\"},{\"@type\":\"ListItem\",\"position\":3,\"name\":\"S-Steigb\u00fcgel- Gewinkelt\"}]},{\"@type\":\"WebSite\",\"@id\":\"https:\/\/eques.dk\/de\/#website\",\"url\":\"https:\/\/eques.dk\/de\/\",\"name\":\"Eques\",\"description\":\"Rideudstyr til islandske heste i dansk design\",\"potentialAction\":[{\"@type\":\"SearchAction\",\"target\":{\"@type\":\"EntryPoint\",\"urlTemplate\":\"https:\/\/eques.dk\/de\/?s={search_term_string}\"},\"query-input\":{\"@type\":\"PropertyValueSpecification\",\"valueRequired\":true,\"valueName\":\"search_term_string\"}}],\"inLanguage\":\"de\"}]}<\/script>\n<!-- \/ Yoast SEO plugin. -->","yoast_head_json":{"title":"S-Steigb\u00fcgel- Gewinkelt : Eques","robots":{"index":"index","follow":"follow","max-snippet":"max-snippet:-1","max-image-preview":"max-image-preview:large","max-video-preview":"max-video-preview:-1"},"canonical":"https:\/\/eques.dk\/de\/produkt\/s-steigbuegel-gewinkelt\/","og_locale":"de_DE","og_type":"article","og_title":"S-Steigb\u00fcgel- Gewinkelt : Eques","og_description":"S-B\u00fcgel mit ergonomisch gewinkelter Fu\u00dfplatte aus rostfreiem Stahl im Matt-Look.  Die S-Form optimiert die Sicherheit des Reiters w\u00e4hrend dem Reiten.","og_url":"https:\/\/eques.dk\/de\/produkt\/s-steigbuegel-gewinkelt\/","og_site_name":"Eques","article_modified_time":"2025-11-13T14:57:14+00:00","og_image":[{"width":2048,"height":2048,"url":"https:\/\/eques.dk\/wp-content\/uploads\/2025\/07\/EQ17008-SSBK-S-Stirrup-Angled.jpg","type":"image\/jpeg"}],"twitter_card":"summary_large_image","twitter_misc":{"Gesch\u00e4tzte Lesezeit":"1\u00a0Minute"},"schema":{"@context":"https:\/\/schema.org","@graph":[{"@type":"WebPage","@id":"https:\/\/eques.dk\/de\/produkt\/s-steigbuegel-gewinkelt\/","url":"https:\/\/eques.dk\/de\/produkt\/s-steigbuegel-gewinkelt\/","name":"S-Steigb\u00fcgel- Gewinkelt : Eques","isPartOf":{"@id":"https:\/\/eques.dk\/de\/#website"},"primaryImageOfPage":{"@id":"https:\/\/eques.dk\/de\/produkt\/s-steigbuegel-gewinkelt\/#primaryimage"},"image":{"@id":"https:\/\/eques.dk\/de\/produkt\/s-steigbuegel-gewinkelt\/#primaryimage"},"thumbnailUrl":"https:\/\/eques.dk\/wp-content\/uploads\/2025\/07\/EQ17008-SSBK-S-Stirrup-Angled.jpg","datePublished":"2025-08-08T11:06:01+00:00","dateModified":"2025-11-13T14:57:14+00:00","breadcrumb":{"@id":"https:\/\/eques.dk\/de\/produkt\/s-steigbuegel-gewinkelt\/#breadcrumb"},"inLanguage":"de","potentialAction":[{"@type":"ReadAction","target":["https:\/\/eques.dk\/de\/produkt\/s-steigbuegel-gewinkelt\/"]}]},{"@type":"ImageObject","inLanguage":"de","@id":"https:\/\/eques.dk\/de\/produkt\/s-steigbuegel-gewinkelt\/#primaryimage","url":"https:\/\/eques.dk\/wp-content\/uploads\/2025\/07\/EQ17008-SSBK-S-Stirrup-Angled.jpg","contentUrl":"https:\/\/eques.dk\/wp-content\/uploads\/2025\/07\/EQ17008-SSBK-S-Stirrup-Angled.jpg","width":2048,"height":2048},{"@type":"BreadcrumbList","@id":"https:\/\/eques.dk\/de\/produkt\/s-steigbuegel-gewinkelt\/#breadcrumb","itemListElement":[{"@type":"ListItem","position":1,"name":"Hjem","item":"https:\/\/eques.dk\/de\/"},{"@type":"ListItem","position":2,"name":"Shop","item":"https:\/\/eques.dk\/de\/shop\/"},{"@type":"ListItem","position":3,"name":"S-Steigb\u00fcgel- Gewinkelt"}]},{"@type":"WebSite","@id":"https:\/\/eques.dk\/de\/#website","url":"https:\/\/eques.dk\/de\/","name":"Eques","description":"Rideudstyr til islandske heste i dansk design","potentialAction":[{"@type":"SearchAction","target":{"@type":"EntryPoint","urlTemplate":"https:\/\/eques.dk\/de\/?s={search_term_string}"},"query-input":{"@type":"PropertyValueSpecification","valueRequired":true,"valueName":"search_term_string"}}],"inLanguage":"de"}]}},"_links":{"self":[{"href":"https:\/\/eques.dk\/de\/wp-json\/wp\/v2\/product\/23566","targetHints":{"allow":["GET"]}}],"collection":[{"href":"https:\/\/eques.dk\/de\/wp-json\/wp\/v2\/product"}],"about":[{"href":"https:\/\/eques.dk\/de\/wp-json\/wp\/v2\/types\/product"}],"wp:featuredmedia":[{"embeddable":true,"href":"https:\/\/eques.dk\/de\/wp-json\/wp\/v2\/media\/23705"}],"wp:attachment":[{"href":"https:\/\/eques.dk\/de\/wp-json\/wp\/v2\/media?parent=23566"}],"wp:term":[{"taxonomy":"product_brand","embeddable":true,"href":"https:\/\/eques.dk\/de\/wp-json\/wp\/v2\/product_brand?post=23566"},{"taxonomy":"product_cat","embeddable":true,"href":"https:\/\/eques.dk\/de\/wp-json\/wp\/v2\/product_cat?post=23566"},{"taxonomy":"product_tag","embeddable":true,"href":"https:\/\/eques.dk\/de\/wp-json\/wp\/v2\/product_tag?post=23566"}],"curies":[{"name":"wp","href":"https:\/\/api.w.org\/{rel}","templated":true}]}}