{"id":23496,"date":"2025-08-12T15:19:10","date_gmt":"2025-08-12T15:19:10","guid":{"rendered":"https:\/\/eques.dk\/?post_type=product&#038;p=23496"},"modified":"2026-04-29T07:13:11","modified_gmt":"2026-04-29T07:13:11","slug":"super-boots-eq60100","status":"publish","type":"product","link":"https:\/\/eques.dk\/de\/produkt\/super-boots-eq60100\/","title":{"rendered":"Super Boots"},"content":{"rendered":"<p data-start=\"389\" data-end=\"633\">Die Super Boots sind ein neues, innovatives Boot-Modell mit Gewicht Islandpferde &#8211; entwickelt mit Fokus auf Funktion und Schutz f\u00fcr das Pferd. Mit einem eingebauten Fesselschutz aus weichem Gummi unterscheiden sie sich markant von anderen Boots auf dem Markt.<\/p>\n<p data-start=\"635\" data-end=\"996\">Der Fesselschutz wird mit einem innovativen Klicksystem mittig auf der R\u00fcckseite befestigt, was ihn flexibel in Bezug auf die Bewegungen des Pferdes macht. Er sitzt stabil, aber kann den Bewegungen des Pferdes unabh\u00e4ngig vom Boot selbst folgen. Das Ergebnis ist eine dynamische Passform, welche die Fesseln vor Trittverletzungen sch\u00fctzt &#8211; ganz ohne Bandagieren.<\/p>\n<p data-start=\"998\" data-end=\"1144\">Die Super Boots bieten dadurch eine praktische und haltbare L\u00f6sung, welche schonend f\u00fcr das Pferd und einfach in der Benutzung ist.<\/p>\n<p data-start=\"998\" data-end=\"1144\">Jedes Paar wird in einer praktischen Tasche geliefert.<\/p>\n<p data-start=\"998\" data-end=\"1144\"><strong>Ersatzteile<\/strong>: Super Boots Fesselschutz, Riemen f\u00fcr die Super Boots und Stifte f\u00fcr die Super Boots k\u00f6nnen separat gekauft werden.<\/p>\n<p><strong>Gr\u00f6\u00dfen:\u00a0<\/strong>145g, 160g, 180g, 200g, 220g, 240g<\/p>\n<p><strong>Pflege: <\/strong>Boots und Fesselsch\u00fctzer k\u00f6nnen in der Waschmaschine gewaschen werden. Riemen und Stifte sollten mit der Hand mir lauwarmen Wasser gewaschen werden.<\/p>\n<p><strong>UVP: <\/strong>107 EUR<\/p>\n<p>&nbsp;<\/p>\n<p>Eingetragenes EU-Design Nr. 015101112-0001<\/p>\n","protected":false},"excerpt":{"rendered":"<p>Innovative Gewichts-Boots mit integriertem, flexiblen Fesselschutz &#8211; f\u00fcr erh\u00f6hten Komfort, Sicherheit und Benutzerfreundlichkeit.<\/p>\n","protected":false},"featured_media":23831,"template":"","meta":{"_acf_changed":false,"_et_pb_use_builder":"","_et_pb_old_content":"","_et_gb_content_width":""},"product_brand":[],"product_cat":[697],"product_tag":[],"class_list":{"0":"post-23496","1":"product","2":"type-product","3":"status-publish","4":"has-post-thumbnail","6":"product_cat-boots-de","8":"first","9":"instock","10":"shipping-taxable","11":"product-type-variable"},"acf":[],"yoast_head":"<!-- This site is optimized with the Yoast SEO plugin v26.3 - https:\/\/yoast.com\/wordpress\/plugins\/seo\/ -->\n<title>Super Boots : Eques<\/title>\n<meta name=\"robots\" content=\"index, follow, max-snippet:-1, max-image-preview:large, max-video-preview:-1\" \/>\n<link rel=\"canonical\" href=\"https:\/\/eques.dk\/de\/produkt\/super-boots-eq60100\/\" \/>\n<meta property=\"og:locale\" content=\"de_DE\" \/>\n<meta property=\"og:type\" content=\"article\" \/>\n<meta property=\"og:title\" content=\"Super Boots : Eques\" \/>\n<meta property=\"og:description\" content=\"Innovative Gewichts-Boots mit integriertem, flexiblen Fesselschutz - f\u00fcr erh\u00f6hten Komfort, Sicherheit und Benutzerfreundlichkeit.\" \/>\n<meta property=\"og:url\" content=\"https:\/\/eques.dk\/de\/produkt\/super-boots-eq60100\/\" \/>\n<meta property=\"og:site_name\" content=\"Eques\" \/>\n<meta property=\"article:modified_time\" content=\"2026-04-29T07:13:11+00:00\" \/>\n<meta property=\"og:image\" content=\"https:\/\/eques.dk\/wp-content\/uploads\/2025\/07\/EQ60100-1-Super-Boots.jpg\" \/>\n\t<meta property=\"og:image:width\" content=\"2048\" \/>\n\t<meta property=\"og:image:height\" content=\"2048\" \/>\n\t<meta property=\"og:image:type\" content=\"image\/jpeg\" \/>\n<meta name=\"twitter:card\" content=\"summary_large_image\" \/>\n<meta name=\"twitter:label1\" content=\"Gesch\u00e4tzte Lesezeit\" \/>\n\t<meta name=\"twitter:data1\" content=\"2\u00a0Minuten\" \/>\n<script type=\"application\/ld+json\" class=\"yoast-schema-graph\">{\"@context\":\"https:\/\/schema.org\",\"@graph\":[{\"@type\":\"WebPage\",\"@id\":\"https:\/\/eques.dk\/de\/produkt\/super-boots-eq60100\/\",\"url\":\"https:\/\/eques.dk\/de\/produkt\/super-boots-eq60100\/\",\"name\":\"Super Boots : Eques\",\"isPartOf\":{\"@id\":\"https:\/\/eques.dk\/de\/#website\"},\"primaryImageOfPage\":{\"@id\":\"https:\/\/eques.dk\/de\/produkt\/super-boots-eq60100\/#primaryimage\"},\"image\":{\"@id\":\"https:\/\/eques.dk\/de\/produkt\/super-boots-eq60100\/#primaryimage\"},\"thumbnailUrl\":\"https:\/\/eques.dk\/wp-content\/uploads\/2025\/07\/EQ60100-1-Super-Boots.jpg\",\"datePublished\":\"2025-08-12T15:19:10+00:00\",\"dateModified\":\"2026-04-29T07:13:11+00:00\",\"breadcrumb\":{\"@id\":\"https:\/\/eques.dk\/de\/produkt\/super-boots-eq60100\/#breadcrumb\"},\"inLanguage\":\"de\",\"potentialAction\":[{\"@type\":\"ReadAction\",\"target\":[\"https:\/\/eques.dk\/de\/produkt\/super-boots-eq60100\/\"]}]},{\"@type\":\"ImageObject\",\"inLanguage\":\"de\",\"@id\":\"https:\/\/eques.dk\/de\/produkt\/super-boots-eq60100\/#primaryimage\",\"url\":\"https:\/\/eques.dk\/wp-content\/uploads\/2025\/07\/EQ60100-1-Super-Boots.jpg\",\"contentUrl\":\"https:\/\/eques.dk\/wp-content\/uploads\/2025\/07\/EQ60100-1-Super-Boots.jpg\",\"width\":2048,\"height\":2048},{\"@type\":\"BreadcrumbList\",\"@id\":\"https:\/\/eques.dk\/de\/produkt\/super-boots-eq60100\/#breadcrumb\",\"itemListElement\":[{\"@type\":\"ListItem\",\"position\":1,\"name\":\"Hjem\",\"item\":\"https:\/\/eques.dk\/de\/\"},{\"@type\":\"ListItem\",\"position\":2,\"name\":\"Shop\",\"item\":\"https:\/\/eques.dk\/de\/shop\/\"},{\"@type\":\"ListItem\",\"position\":3,\"name\":\"Super Boots\"}]},{\"@type\":\"WebSite\",\"@id\":\"https:\/\/eques.dk\/de\/#website\",\"url\":\"https:\/\/eques.dk\/de\/\",\"name\":\"Eques\",\"description\":\"Rideudstyr til islandske heste i dansk design\",\"potentialAction\":[{\"@type\":\"SearchAction\",\"target\":{\"@type\":\"EntryPoint\",\"urlTemplate\":\"https:\/\/eques.dk\/de\/?s={search_term_string}\"},\"query-input\":{\"@type\":\"PropertyValueSpecification\",\"valueRequired\":true,\"valueName\":\"search_term_string\"}}],\"inLanguage\":\"de\"}]}<\/script>\n<!-- \/ Yoast SEO plugin. -->","yoast_head_json":{"title":"Super Boots : Eques","robots":{"index":"index","follow":"follow","max-snippet":"max-snippet:-1","max-image-preview":"max-image-preview:large","max-video-preview":"max-video-preview:-1"},"canonical":"https:\/\/eques.dk\/de\/produkt\/super-boots-eq60100\/","og_locale":"de_DE","og_type":"article","og_title":"Super Boots : Eques","og_description":"Innovative Gewichts-Boots mit integriertem, flexiblen Fesselschutz - f\u00fcr erh\u00f6hten Komfort, Sicherheit und Benutzerfreundlichkeit.","og_url":"https:\/\/eques.dk\/de\/produkt\/super-boots-eq60100\/","og_site_name":"Eques","article_modified_time":"2026-04-29T07:13:11+00:00","og_image":[{"width":2048,"height":2048,"url":"https:\/\/eques.dk\/wp-content\/uploads\/2025\/07\/EQ60100-1-Super-Boots.jpg","type":"image\/jpeg"}],"twitter_card":"summary_large_image","twitter_misc":{"Gesch\u00e4tzte Lesezeit":"2\u00a0Minuten"},"schema":{"@context":"https:\/\/schema.org","@graph":[{"@type":"WebPage","@id":"https:\/\/eques.dk\/de\/produkt\/super-boots-eq60100\/","url":"https:\/\/eques.dk\/de\/produkt\/super-boots-eq60100\/","name":"Super Boots : Eques","isPartOf":{"@id":"https:\/\/eques.dk\/de\/#website"},"primaryImageOfPage":{"@id":"https:\/\/eques.dk\/de\/produkt\/super-boots-eq60100\/#primaryimage"},"image":{"@id":"https:\/\/eques.dk\/de\/produkt\/super-boots-eq60100\/#primaryimage"},"thumbnailUrl":"https:\/\/eques.dk\/wp-content\/uploads\/2025\/07\/EQ60100-1-Super-Boots.jpg","datePublished":"2025-08-12T15:19:10+00:00","dateModified":"2026-04-29T07:13:11+00:00","breadcrumb":{"@id":"https:\/\/eques.dk\/de\/produkt\/super-boots-eq60100\/#breadcrumb"},"inLanguage":"de","potentialAction":[{"@type":"ReadAction","target":["https:\/\/eques.dk\/de\/produkt\/super-boots-eq60100\/"]}]},{"@type":"ImageObject","inLanguage":"de","@id":"https:\/\/eques.dk\/de\/produkt\/super-boots-eq60100\/#primaryimage","url":"https:\/\/eques.dk\/wp-content\/uploads\/2025\/07\/EQ60100-1-Super-Boots.jpg","contentUrl":"https:\/\/eques.dk\/wp-content\/uploads\/2025\/07\/EQ60100-1-Super-Boots.jpg","width":2048,"height":2048},{"@type":"BreadcrumbList","@id":"https:\/\/eques.dk\/de\/produkt\/super-boots-eq60100\/#breadcrumb","itemListElement":[{"@type":"ListItem","position":1,"name":"Hjem","item":"https:\/\/eques.dk\/de\/"},{"@type":"ListItem","position":2,"name":"Shop","item":"https:\/\/eques.dk\/de\/shop\/"},{"@type":"ListItem","position":3,"name":"Super Boots"}]},{"@type":"WebSite","@id":"https:\/\/eques.dk\/de\/#website","url":"https:\/\/eques.dk\/de\/","name":"Eques","description":"Rideudstyr til islandske heste i dansk design","potentialAction":[{"@type":"SearchAction","target":{"@type":"EntryPoint","urlTemplate":"https:\/\/eques.dk\/de\/?s={search_term_string}"},"query-input":{"@type":"PropertyValueSpecification","valueRequired":true,"valueName":"search_term_string"}}],"inLanguage":"de"}]}},"_links":{"self":[{"href":"https:\/\/eques.dk\/de\/wp-json\/wp\/v2\/product\/23496","targetHints":{"allow":["GET"]}}],"collection":[{"href":"https:\/\/eques.dk\/de\/wp-json\/wp\/v2\/product"}],"about":[{"href":"https:\/\/eques.dk\/de\/wp-json\/wp\/v2\/types\/product"}],"wp:featuredmedia":[{"embeddable":true,"href":"https:\/\/eques.dk\/de\/wp-json\/wp\/v2\/media\/23831"}],"wp:attachment":[{"href":"https:\/\/eques.dk\/de\/wp-json\/wp\/v2\/media?parent=23496"}],"wp:term":[{"taxonomy":"product_brand","embeddable":true,"href":"https:\/\/eques.dk\/de\/wp-json\/wp\/v2\/product_brand?post=23496"},{"taxonomy":"product_cat","embeddable":true,"href":"https:\/\/eques.dk\/de\/wp-json\/wp\/v2\/product_cat?post=23496"},{"taxonomy":"product_tag","embeddable":true,"href":"https:\/\/eques.dk\/de\/wp-json\/wp\/v2\/product_tag?post=23496"}],"curies":[{"name":"wp","href":"https:\/\/api.w.org\/{rel}","templated":true}]}}