{"id":22964,"date":"2025-05-08T10:41:30","date_gmt":"2025-05-08T10:41:30","guid":{"rendered":"https:\/\/eques.dk\/?post_type=product&#038;p=22964"},"modified":"2025-10-30T21:44:59","modified_gmt":"2025-10-30T21:44:59","slug":"function-tights","status":"publish","type":"product","link":"https:\/\/eques.dk\/de\/produkt\/function-tights\/","title":{"rendered":"Function Tights"},"content":{"rendered":"<p><strong>Haupteigenschaften: <\/strong><\/p>\n<ul>\n<li>Extra hohe Taille<\/li>\n<li>Breiter Bund<\/li>\n<li>Gripdetails an Sitzfl\u00e4che und Knien<\/li>\n<li>Handytaschen an beiden Oberschenkeln<\/li>\n<li>Ton-in-Ton Geldruck Logodetails<\/li>\n<li>Quick-dry Stoff<\/li>\n<li>4-Wege Stretch<\/li>\n<li>Blickdicht<\/li>\n<\/ul>\n<p>&nbsp;<\/p>\n<p><strong>Gr\u00f6\u00dfen:<\/strong> XS-XL<\/p>\n<p><strong>Material: <\/strong>78% Polyester, 22% Spandex<\/p>\n<p><strong>Waschempfehlung:<\/strong> Maschinenw\u00e4sche, Feinw\u00e4sche bei 30 \u00b0C.<\/p>\n<p><strong>UVP:<\/strong> 66,80 EUR<\/p>\n","protected":false},"excerpt":{"rendered":"<p>Moderne Reittights f\u00fcr Frauen, inspiriert vom Design von Lauftights. Sie bieten eine hohe Taille mit breitem Bund f\u00fcr maximalen Komfort und optimale Passform.<br data-start=\"567\" data-end=\"570\" \/>Gripdetails an Sitzfl\u00e4che und Knien sichern einen guten Grip w\u00e4hrend dem Reiten.<\/p>\n","protected":false},"featured_media":22913,"template":"","meta":{"_acf_changed":false,"_et_pb_use_builder":"","_et_pb_old_content":"","_et_gb_content_width":""},"product_brand":[],"product_cat":[41,611,706],"product_tag":[],"class_list":{"0":"post-22964","1":"product","2":"type-product","3":"status-publish","4":"has-post-thumbnail","6":"product_cat-fuer-reiter","7":"product_cat-reithosen","8":"product_cat-tights-de","10":"first","11":"instock","12":"shipping-taxable","13":"product-type-variable"},"acf":[],"yoast_head":"<!-- This site is optimized with the Yoast SEO plugin v26.3 - https:\/\/yoast.com\/wordpress\/plugins\/seo\/ -->\n<title>Function Tights : Eques<\/title>\n<meta name=\"robots\" content=\"index, follow, max-snippet:-1, max-image-preview:large, max-video-preview:-1\" \/>\n<link rel=\"canonical\" href=\"https:\/\/eques.dk\/de\/produkt\/function-tights\/\" \/>\n<meta property=\"og:locale\" content=\"de_DE\" \/>\n<meta property=\"og:type\" content=\"article\" \/>\n<meta property=\"og:title\" content=\"Function Tights : Eques\" \/>\n<meta property=\"og:description\" content=\"Moderne Reittights f\u00fcr Frauen, inspiriert vom Design von Lauftights. Sie bieten eine hohe Taille mit breitem Bund f\u00fcr maximalen Komfort und optimale Passform.Gripdetails an Sitzfl\u00e4che und Knien sichern einen guten Grip w\u00e4hrend dem Reiten.\" \/>\n<meta property=\"og:url\" content=\"https:\/\/eques.dk\/de\/produkt\/function-tights\/\" \/>\n<meta property=\"og:site_name\" content=\"Eques\" \/>\n<meta property=\"article:modified_time\" content=\"2025-10-30T21:44:59+00:00\" \/>\n<meta property=\"og:image\" content=\"https:\/\/eques.dk\/wp-content\/uploads\/2025\/04\/EQ84502-BK-Function-Tight-1.jpg\" \/>\n\t<meta property=\"og:image:width\" content=\"2048\" \/>\n\t<meta property=\"og:image:height\" content=\"2048\" \/>\n\t<meta property=\"og:image:type\" content=\"image\/jpeg\" \/>\n<meta name=\"twitter:card\" content=\"summary_large_image\" \/>\n<meta name=\"twitter:label1\" content=\"Gesch\u00e4tzte Lesezeit\" \/>\n\t<meta name=\"twitter:data1\" content=\"1\u00a0Minute\" \/>\n<script type=\"application\/ld+json\" class=\"yoast-schema-graph\">{\"@context\":\"https:\/\/schema.org\",\"@graph\":[{\"@type\":\"WebPage\",\"@id\":\"https:\/\/eques.dk\/de\/produkt\/function-tights\/\",\"url\":\"https:\/\/eques.dk\/de\/produkt\/function-tights\/\",\"name\":\"Function Tights : Eques\",\"isPartOf\":{\"@id\":\"https:\/\/eques.dk\/de\/#website\"},\"primaryImageOfPage\":{\"@id\":\"https:\/\/eques.dk\/de\/produkt\/function-tights\/#primaryimage\"},\"image\":{\"@id\":\"https:\/\/eques.dk\/de\/produkt\/function-tights\/#primaryimage\"},\"thumbnailUrl\":\"https:\/\/eques.dk\/wp-content\/uploads\/2025\/04\/EQ84502-BK-Function-Tight-1.jpg\",\"datePublished\":\"2025-05-08T10:41:30+00:00\",\"dateModified\":\"2025-10-30T21:44:59+00:00\",\"breadcrumb\":{\"@id\":\"https:\/\/eques.dk\/de\/produkt\/function-tights\/#breadcrumb\"},\"inLanguage\":\"de\",\"potentialAction\":[{\"@type\":\"ReadAction\",\"target\":[\"https:\/\/eques.dk\/de\/produkt\/function-tights\/\"]}]},{\"@type\":\"ImageObject\",\"inLanguage\":\"de\",\"@id\":\"https:\/\/eques.dk\/de\/produkt\/function-tights\/#primaryimage\",\"url\":\"https:\/\/eques.dk\/wp-content\/uploads\/2025\/04\/EQ84502-BK-Function-Tight-1.jpg\",\"contentUrl\":\"https:\/\/eques.dk\/wp-content\/uploads\/2025\/04\/EQ84502-BK-Function-Tight-1.jpg\",\"width\":2048,\"height\":2048},{\"@type\":\"BreadcrumbList\",\"@id\":\"https:\/\/eques.dk\/de\/produkt\/function-tights\/#breadcrumb\",\"itemListElement\":[{\"@type\":\"ListItem\",\"position\":1,\"name\":\"Hjem\",\"item\":\"https:\/\/eques.dk\/de\/\"},{\"@type\":\"ListItem\",\"position\":2,\"name\":\"Shop\",\"item\":\"https:\/\/eques.dk\/de\/shop\/\"},{\"@type\":\"ListItem\",\"position\":3,\"name\":\"Function Tights\"}]},{\"@type\":\"WebSite\",\"@id\":\"https:\/\/eques.dk\/de\/#website\",\"url\":\"https:\/\/eques.dk\/de\/\",\"name\":\"Eques\",\"description\":\"Rideudstyr til islandske heste i dansk design\",\"potentialAction\":[{\"@type\":\"SearchAction\",\"target\":{\"@type\":\"EntryPoint\",\"urlTemplate\":\"https:\/\/eques.dk\/de\/?s={search_term_string}\"},\"query-input\":{\"@type\":\"PropertyValueSpecification\",\"valueRequired\":true,\"valueName\":\"search_term_string\"}}],\"inLanguage\":\"de\"}]}<\/script>\n<!-- \/ Yoast SEO plugin. -->","yoast_head_json":{"title":"Function Tights : Eques","robots":{"index":"index","follow":"follow","max-snippet":"max-snippet:-1","max-image-preview":"max-image-preview:large","max-video-preview":"max-video-preview:-1"},"canonical":"https:\/\/eques.dk\/de\/produkt\/function-tights\/","og_locale":"de_DE","og_type":"article","og_title":"Function Tights : Eques","og_description":"Moderne Reittights f\u00fcr Frauen, inspiriert vom Design von Lauftights. Sie bieten eine hohe Taille mit breitem Bund f\u00fcr maximalen Komfort und optimale Passform.Gripdetails an Sitzfl\u00e4che und Knien sichern einen guten Grip w\u00e4hrend dem Reiten.","og_url":"https:\/\/eques.dk\/de\/produkt\/function-tights\/","og_site_name":"Eques","article_modified_time":"2025-10-30T21:44:59+00:00","og_image":[{"width":2048,"height":2048,"url":"https:\/\/eques.dk\/wp-content\/uploads\/2025\/04\/EQ84502-BK-Function-Tight-1.jpg","type":"image\/jpeg"}],"twitter_card":"summary_large_image","twitter_misc":{"Gesch\u00e4tzte Lesezeit":"1\u00a0Minute"},"schema":{"@context":"https:\/\/schema.org","@graph":[{"@type":"WebPage","@id":"https:\/\/eques.dk\/de\/produkt\/function-tights\/","url":"https:\/\/eques.dk\/de\/produkt\/function-tights\/","name":"Function Tights : Eques","isPartOf":{"@id":"https:\/\/eques.dk\/de\/#website"},"primaryImageOfPage":{"@id":"https:\/\/eques.dk\/de\/produkt\/function-tights\/#primaryimage"},"image":{"@id":"https:\/\/eques.dk\/de\/produkt\/function-tights\/#primaryimage"},"thumbnailUrl":"https:\/\/eques.dk\/wp-content\/uploads\/2025\/04\/EQ84502-BK-Function-Tight-1.jpg","datePublished":"2025-05-08T10:41:30+00:00","dateModified":"2025-10-30T21:44:59+00:00","breadcrumb":{"@id":"https:\/\/eques.dk\/de\/produkt\/function-tights\/#breadcrumb"},"inLanguage":"de","potentialAction":[{"@type":"ReadAction","target":["https:\/\/eques.dk\/de\/produkt\/function-tights\/"]}]},{"@type":"ImageObject","inLanguage":"de","@id":"https:\/\/eques.dk\/de\/produkt\/function-tights\/#primaryimage","url":"https:\/\/eques.dk\/wp-content\/uploads\/2025\/04\/EQ84502-BK-Function-Tight-1.jpg","contentUrl":"https:\/\/eques.dk\/wp-content\/uploads\/2025\/04\/EQ84502-BK-Function-Tight-1.jpg","width":2048,"height":2048},{"@type":"BreadcrumbList","@id":"https:\/\/eques.dk\/de\/produkt\/function-tights\/#breadcrumb","itemListElement":[{"@type":"ListItem","position":1,"name":"Hjem","item":"https:\/\/eques.dk\/de\/"},{"@type":"ListItem","position":2,"name":"Shop","item":"https:\/\/eques.dk\/de\/shop\/"},{"@type":"ListItem","position":3,"name":"Function Tights"}]},{"@type":"WebSite","@id":"https:\/\/eques.dk\/de\/#website","url":"https:\/\/eques.dk\/de\/","name":"Eques","description":"Rideudstyr til islandske heste i dansk design","potentialAction":[{"@type":"SearchAction","target":{"@type":"EntryPoint","urlTemplate":"https:\/\/eques.dk\/de\/?s={search_term_string}"},"query-input":{"@type":"PropertyValueSpecification","valueRequired":true,"valueName":"search_term_string"}}],"inLanguage":"de"}]}},"_links":{"self":[{"href":"https:\/\/eques.dk\/de\/wp-json\/wp\/v2\/product\/22964","targetHints":{"allow":["GET"]}}],"collection":[{"href":"https:\/\/eques.dk\/de\/wp-json\/wp\/v2\/product"}],"about":[{"href":"https:\/\/eques.dk\/de\/wp-json\/wp\/v2\/types\/product"}],"wp:featuredmedia":[{"embeddable":true,"href":"https:\/\/eques.dk\/de\/wp-json\/wp\/v2\/media\/22913"}],"wp:attachment":[{"href":"https:\/\/eques.dk\/de\/wp-json\/wp\/v2\/media?parent=22964"}],"wp:term":[{"taxonomy":"product_brand","embeddable":true,"href":"https:\/\/eques.dk\/de\/wp-json\/wp\/v2\/product_brand?post=22964"},{"taxonomy":"product_cat","embeddable":true,"href":"https:\/\/eques.dk\/de\/wp-json\/wp\/v2\/product_cat?post=22964"},{"taxonomy":"product_tag","embeddable":true,"href":"https:\/\/eques.dk\/de\/wp-json\/wp\/v2\/product_tag?post=22964"}],"curies":[{"name":"wp","href":"https:\/\/api.w.org\/{rel}","templated":true}]}}