{"id":22530,"date":"2025-03-10T19:07:53","date_gmt":"2025-03-10T19:07:53","guid":{"rendered":"https:\/\/eques.dk\/?post_type=product&#038;p=22530"},"modified":"2026-04-30T06:49:19","modified_gmt":"2026-04-30T06:49:19","slug":"eq-kl-sara-ladies-hybrid-riding-jacket-31221","status":"publish","type":"product","link":"https:\/\/eques.dk\/de\/produkt\/eq-kl-sara-ladies-hybrid-riding-jacket-31221\/","title":{"rendered":"EQ KL Sara Ladies Hybrid Riding Jacket"},"content":{"rendered":"<p><strong>Haupteigenschaften:<\/strong><\/p>\n<ul>\n<li>2-Wege YKK Reisverschluss<\/li>\n<li>Inwendige Brusttasche<\/li>\n<li>Elastische B\u00fcndchen mit Daumenl\u00f6chern<\/li>\n<li>Softshell-Seitenteile und -\u00c4rmel<\/li>\n<li>Gepaddedte Teile mit reflektierenden Details<\/li>\n<li>Primaloft Isolierung<\/li>\n<li>Wasserdichte Elemente<\/li>\n<\/ul>\n<p>&nbsp;<\/p>\n<p><img loading=\"lazy\" decoding=\"async\" class=\"alignnone wp-image-22304\" src=\"https:\/\/eques.dk\/wp-content\/uploads\/2025\/02\/2-way_zip-300ppi-300x234.png\" alt=\"\" width=\"115\" height=\"90\" srcset=\"https:\/\/eques.dk\/wp-content\/uploads\/2025\/02\/2-way_zip-300ppi-300x234.png 300w, https:\/\/eques.dk\/wp-content\/uploads\/2025\/02\/2-way_zip-300ppi.png 354w\" sizes=\"(max-width: 115px) 100vw, 115px\" \/><img loading=\"lazy\" decoding=\"async\" class=\"alignnone wp-image-22307\" src=\"https:\/\/eques.dk\/wp-content\/uploads\/2025\/02\/Quality_zipper300ppi-300x234.png\" alt=\"\" width=\"115\" height=\"90\" srcset=\"https:\/\/eques.dk\/wp-content\/uploads\/2025\/02\/Quality_zipper300ppi-300x234.png 300w, https:\/\/eques.dk\/wp-content\/uploads\/2025\/02\/Quality_zipper300ppi.png 354w\" sizes=\"(max-width: 115px) 100vw, 115px\" \/><img loading=\"lazy\" decoding=\"async\" class=\"alignnone wp-image-22310\" src=\"https:\/\/eques.dk\/wp-content\/uploads\/2025\/02\/Insulated300ppi-300x234.png\" alt=\"\" width=\"115\" height=\"90\" srcset=\"https:\/\/eques.dk\/wp-content\/uploads\/2025\/02\/Insulated300ppi-300x234.png 300w, https:\/\/eques.dk\/wp-content\/uploads\/2025\/02\/Insulated300ppi.png 354w\" sizes=\"(max-width: 115px) 100vw, 115px\" \/><img loading=\"lazy\" decoding=\"async\" class=\"alignnone wp-image-22322\" src=\"https:\/\/eques.dk\/wp-content\/uploads\/2025\/02\/Reflective_details300ppi-300x255.png\" alt=\"\" width=\"115\" height=\"98\" srcset=\"https:\/\/eques.dk\/wp-content\/uploads\/2025\/02\/Reflective_details300ppi-300x255.png 300w, https:\/\/eques.dk\/wp-content\/uploads\/2025\/02\/Reflective_details300ppi.png 354w\" sizes=\"(max-width: 115px) 100vw, 115px\" \/><img loading=\"lazy\" decoding=\"async\" class=\"alignnone wp-image-22319\" src=\"https:\/\/eques.dk\/wp-content\/uploads\/2025\/02\/Primaloft-Logo-300x300.png\" alt=\"\" width=\"90\" height=\"90\" \/><\/p>\n<p>&nbsp;<\/p>\n<p><strong>Gr\u00f6\u00dfen:<\/strong> XS-XXL &#8211; <a href=\"https:\/\/eques.dk\/wp-content\/uploads\/2025\/05\/QE_KL_SIZE_TOPS_WOMEN.pdf\" target=\"_blank\" rel=\"noopener noreferrer\">Finde deine Gr\u00f6\u00dfe (PDF)<\/a><\/p>\n<p><strong>Farben:<\/strong> Schwarz<\/p>\n<p><strong>Material:<\/strong> Outshell: 100% Polyester; Padding: 100% Polyester; Futter: 100% Polyester<\/p>\n<p><strong>Waschempfehlung:<\/strong> Maschinenw\u00e4sche bei 30\u00b0C mit mildem Waschmittel<\/p>\n<p><strong>UVP<\/strong>: 229 EUR<\/p>\n","protected":false},"excerpt":{"rendered":"<p>Die EQUES KINGSLAND Sara Ladies Hybrid Riding Jacket kombiniert W\u00e4rme, Flexibilit\u00e4t und Eleganz. Designt f\u00fcr die moderne Reiterin, bietet sie Komfort und Style und ist perfekt f\u00fcr Training, Wettbewerbe und legere Ritte.<\/p>\n","protected":false},"featured_media":21465,"template":"","meta":{"_acf_changed":false,"_et_pb_use_builder":"","_et_pb_old_content":"","_et_gb_content_width":""},"product_brand":[],"product_cat":[609,41],"product_tag":[],"class_list":{"0":"post-22530","1":"product","2":"type-product","3":"status-publish","4":"has-post-thumbnail","6":"product_cat-jacken","7":"product_cat-fuer-reiter","9":"first","10":"instock","11":"shipping-taxable","12":"product-type-variable"},"acf":[],"yoast_head":"<!-- This site is optimized with the Yoast SEO plugin v26.3 - https:\/\/yoast.com\/wordpress\/plugins\/seo\/ -->\n<title>EQ KL Sara Ladies Hybrid Riding Jacket : Eques<\/title>\n<meta name=\"robots\" content=\"index, follow, max-snippet:-1, max-image-preview:large, max-video-preview:-1\" \/>\n<link rel=\"canonical\" href=\"https:\/\/eques.dk\/de\/produkt\/eq-kl-sara-ladies-hybrid-riding-jacket-31221\/\" \/>\n<meta property=\"og:locale\" content=\"de_DE\" \/>\n<meta property=\"og:type\" content=\"article\" \/>\n<meta property=\"og:title\" content=\"EQ KL Sara Ladies Hybrid Riding Jacket : Eques\" \/>\n<meta property=\"og:description\" content=\"Die EQUES KINGSLAND Sara Ladies Hybrid Riding Jacket kombiniert W\u00e4rme, Flexibilit\u00e4t und Eleganz. Designt f\u00fcr die moderne Reiterin, bietet sie Komfort und Style und ist perfekt f\u00fcr Training, Wettbewerbe und legere Ritte.\" \/>\n<meta property=\"og:url\" content=\"https:\/\/eques.dk\/de\/produkt\/eq-kl-sara-ladies-hybrid-riding-jacket-31221\/\" \/>\n<meta property=\"og:site_name\" content=\"Eques\" \/>\n<meta property=\"article:modified_time\" content=\"2026-04-30T06:49:19+00:00\" \/>\n<meta property=\"og:image\" content=\"https:\/\/eques.dk\/wp-content\/uploads\/2025\/02\/31221-6090-1024x1024.png\" \/>\n\t<meta property=\"og:image:width\" content=\"1024\" \/>\n\t<meta property=\"og:image:height\" content=\"1024\" \/>\n\t<meta property=\"og:image:type\" content=\"image\/png\" \/>\n<meta name=\"twitter:card\" content=\"summary_large_image\" \/>\n<meta name=\"twitter:label1\" content=\"Gesch\u00e4tzte Lesezeit\" \/>\n\t<meta name=\"twitter:data1\" content=\"2\u00a0Minuten\" \/>\n<script type=\"application\/ld+json\" class=\"yoast-schema-graph\">{\"@context\":\"https:\/\/schema.org\",\"@graph\":[{\"@type\":\"WebPage\",\"@id\":\"https:\/\/eques.dk\/de\/produkt\/eq-kl-sara-ladies-hybrid-riding-jacket-31221\/\",\"url\":\"https:\/\/eques.dk\/de\/produkt\/eq-kl-sara-ladies-hybrid-riding-jacket-31221\/\",\"name\":\"EQ KL Sara Ladies Hybrid Riding Jacket : Eques\",\"isPartOf\":{\"@id\":\"https:\/\/eques.dk\/de\/#website\"},\"primaryImageOfPage\":{\"@id\":\"https:\/\/eques.dk\/de\/produkt\/eq-kl-sara-ladies-hybrid-riding-jacket-31221\/#primaryimage\"},\"image\":{\"@id\":\"https:\/\/eques.dk\/de\/produkt\/eq-kl-sara-ladies-hybrid-riding-jacket-31221\/#primaryimage\"},\"thumbnailUrl\":\"https:\/\/eques.dk\/wp-content\/uploads\/2025\/02\/31221-6090.png\",\"datePublished\":\"2025-03-10T19:07:53+00:00\",\"dateModified\":\"2026-04-30T06:49:19+00:00\",\"breadcrumb\":{\"@id\":\"https:\/\/eques.dk\/de\/produkt\/eq-kl-sara-ladies-hybrid-riding-jacket-31221\/#breadcrumb\"},\"inLanguage\":\"de\",\"potentialAction\":[{\"@type\":\"ReadAction\",\"target\":[\"https:\/\/eques.dk\/de\/produkt\/eq-kl-sara-ladies-hybrid-riding-jacket-31221\/\"]}]},{\"@type\":\"ImageObject\",\"inLanguage\":\"de\",\"@id\":\"https:\/\/eques.dk\/de\/produkt\/eq-kl-sara-ladies-hybrid-riding-jacket-31221\/#primaryimage\",\"url\":\"https:\/\/eques.dk\/wp-content\/uploads\/2025\/02\/31221-6090.png\",\"contentUrl\":\"https:\/\/eques.dk\/wp-content\/uploads\/2025\/02\/31221-6090.png\",\"width\":3200,\"height\":3200},{\"@type\":\"BreadcrumbList\",\"@id\":\"https:\/\/eques.dk\/de\/produkt\/eq-kl-sara-ladies-hybrid-riding-jacket-31221\/#breadcrumb\",\"itemListElement\":[{\"@type\":\"ListItem\",\"position\":1,\"name\":\"Hjem\",\"item\":\"https:\/\/eques.dk\/de\/\"},{\"@type\":\"ListItem\",\"position\":2,\"name\":\"Shop\",\"item\":\"https:\/\/eques.dk\/de\/shop\/\"},{\"@type\":\"ListItem\",\"position\":3,\"name\":\"EQ KL Sara Ladies Hybrid Riding Jacket\"}]},{\"@type\":\"WebSite\",\"@id\":\"https:\/\/eques.dk\/de\/#website\",\"url\":\"https:\/\/eques.dk\/de\/\",\"name\":\"Eques\",\"description\":\"Rideudstyr til islandske heste i dansk design\",\"potentialAction\":[{\"@type\":\"SearchAction\",\"target\":{\"@type\":\"EntryPoint\",\"urlTemplate\":\"https:\/\/eques.dk\/de\/?s={search_term_string}\"},\"query-input\":{\"@type\":\"PropertyValueSpecification\",\"valueRequired\":true,\"valueName\":\"search_term_string\"}}],\"inLanguage\":\"de\"}]}<\/script>\n<!-- \/ Yoast SEO plugin. -->","yoast_head_json":{"title":"EQ KL Sara Ladies Hybrid Riding Jacket : Eques","robots":{"index":"index","follow":"follow","max-snippet":"max-snippet:-1","max-image-preview":"max-image-preview:large","max-video-preview":"max-video-preview:-1"},"canonical":"https:\/\/eques.dk\/de\/produkt\/eq-kl-sara-ladies-hybrid-riding-jacket-31221\/","og_locale":"de_DE","og_type":"article","og_title":"EQ KL Sara Ladies Hybrid Riding Jacket : Eques","og_description":"Die EQUES KINGSLAND Sara Ladies Hybrid Riding Jacket kombiniert W\u00e4rme, Flexibilit\u00e4t und Eleganz. Designt f\u00fcr die moderne Reiterin, bietet sie Komfort und Style und ist perfekt f\u00fcr Training, Wettbewerbe und legere Ritte.","og_url":"https:\/\/eques.dk\/de\/produkt\/eq-kl-sara-ladies-hybrid-riding-jacket-31221\/","og_site_name":"Eques","article_modified_time":"2026-04-30T06:49:19+00:00","og_image":[{"width":1024,"height":1024,"url":"https:\/\/eques.dk\/wp-content\/uploads\/2025\/02\/31221-6090-1024x1024.png","type":"image\/png"}],"twitter_card":"summary_large_image","twitter_misc":{"Gesch\u00e4tzte Lesezeit":"2\u00a0Minuten"},"schema":{"@context":"https:\/\/schema.org","@graph":[{"@type":"WebPage","@id":"https:\/\/eques.dk\/de\/produkt\/eq-kl-sara-ladies-hybrid-riding-jacket-31221\/","url":"https:\/\/eques.dk\/de\/produkt\/eq-kl-sara-ladies-hybrid-riding-jacket-31221\/","name":"EQ KL Sara Ladies Hybrid Riding Jacket : Eques","isPartOf":{"@id":"https:\/\/eques.dk\/de\/#website"},"primaryImageOfPage":{"@id":"https:\/\/eques.dk\/de\/produkt\/eq-kl-sara-ladies-hybrid-riding-jacket-31221\/#primaryimage"},"image":{"@id":"https:\/\/eques.dk\/de\/produkt\/eq-kl-sara-ladies-hybrid-riding-jacket-31221\/#primaryimage"},"thumbnailUrl":"https:\/\/eques.dk\/wp-content\/uploads\/2025\/02\/31221-6090.png","datePublished":"2025-03-10T19:07:53+00:00","dateModified":"2026-04-30T06:49:19+00:00","breadcrumb":{"@id":"https:\/\/eques.dk\/de\/produkt\/eq-kl-sara-ladies-hybrid-riding-jacket-31221\/#breadcrumb"},"inLanguage":"de","potentialAction":[{"@type":"ReadAction","target":["https:\/\/eques.dk\/de\/produkt\/eq-kl-sara-ladies-hybrid-riding-jacket-31221\/"]}]},{"@type":"ImageObject","inLanguage":"de","@id":"https:\/\/eques.dk\/de\/produkt\/eq-kl-sara-ladies-hybrid-riding-jacket-31221\/#primaryimage","url":"https:\/\/eques.dk\/wp-content\/uploads\/2025\/02\/31221-6090.png","contentUrl":"https:\/\/eques.dk\/wp-content\/uploads\/2025\/02\/31221-6090.png","width":3200,"height":3200},{"@type":"BreadcrumbList","@id":"https:\/\/eques.dk\/de\/produkt\/eq-kl-sara-ladies-hybrid-riding-jacket-31221\/#breadcrumb","itemListElement":[{"@type":"ListItem","position":1,"name":"Hjem","item":"https:\/\/eques.dk\/de\/"},{"@type":"ListItem","position":2,"name":"Shop","item":"https:\/\/eques.dk\/de\/shop\/"},{"@type":"ListItem","position":3,"name":"EQ KL Sara Ladies Hybrid Riding Jacket"}]},{"@type":"WebSite","@id":"https:\/\/eques.dk\/de\/#website","url":"https:\/\/eques.dk\/de\/","name":"Eques","description":"Rideudstyr til islandske heste i dansk design","potentialAction":[{"@type":"SearchAction","target":{"@type":"EntryPoint","urlTemplate":"https:\/\/eques.dk\/de\/?s={search_term_string}"},"query-input":{"@type":"PropertyValueSpecification","valueRequired":true,"valueName":"search_term_string"}}],"inLanguage":"de"}]}},"_links":{"self":[{"href":"https:\/\/eques.dk\/de\/wp-json\/wp\/v2\/product\/22530","targetHints":{"allow":["GET"]}}],"collection":[{"href":"https:\/\/eques.dk\/de\/wp-json\/wp\/v2\/product"}],"about":[{"href":"https:\/\/eques.dk\/de\/wp-json\/wp\/v2\/types\/product"}],"wp:featuredmedia":[{"embeddable":true,"href":"https:\/\/eques.dk\/de\/wp-json\/wp\/v2\/media\/21465"}],"wp:attachment":[{"href":"https:\/\/eques.dk\/de\/wp-json\/wp\/v2\/media?parent=22530"}],"wp:term":[{"taxonomy":"product_brand","embeddable":true,"href":"https:\/\/eques.dk\/de\/wp-json\/wp\/v2\/product_brand?post=22530"},{"taxonomy":"product_cat","embeddable":true,"href":"https:\/\/eques.dk\/de\/wp-json\/wp\/v2\/product_cat?post=22530"},{"taxonomy":"product_tag","embeddable":true,"href":"https:\/\/eques.dk\/de\/wp-json\/wp\/v2\/product_tag?post=22530"}],"curies":[{"name":"wp","href":"https:\/\/api.w.org\/{rel}","templated":true}]}}