{"id":22225,"date":"2025-08-20T12:04:44","date_gmt":"2025-08-20T12:04:44","guid":{"rendered":"https:\/\/eques.dk\/?post_type=product&#038;p=22225"},"modified":"2025-12-15T07:38:22","modified_gmt":"2025-12-15T07:38:22","slug":"eq-kl-dag-woolmix-mid-leg-socks-2-pack-31216","status":"publish","type":"product","link":"https:\/\/eques.dk\/de\/produkt\/eq-kl-dag-woolmix-mid-leg-socks-2-pack-31216\/","title":{"rendered":"EQ KL Dag Woolmix Mid Leg Socks 2-pack"},"content":{"rendered":"<p><strong>Haupteigenschaften:<\/strong><\/p>\n<ul>\n<li>Gepolsterte Sohle wirkt sto\u00dfabsorbierend und isoliert gegen K\u00e4lte<\/li>\n<li>Kompression \u00fcber dem Fu\u00dfr\u00fccken<\/li>\n<li>Halblang<\/li>\n<\/ul>\n<p>&nbsp;<\/p>\n<p><img loading=\"lazy\" decoding=\"async\" class=\"alignnone wp-image-24072\" src=\"https:\/\/eques.dk\/wp-content\/uploads\/2025\/08\/Wool300ppi.png\" alt=\"\" width=\"115\" height=\"138\" \/> <img loading=\"lazy\" decoding=\"async\" class=\"alignnone wp-image-22336\" src=\"https:\/\/eques.dk\/wp-content\/uploads\/2025\/02\/Compression300ppi-300x234.png\" alt=\"\" width=\"172\" height=\"134\" srcset=\"https:\/\/eques.dk\/wp-content\/uploads\/2025\/02\/Compression300ppi-300x234.png 300w, https:\/\/eques.dk\/wp-content\/uploads\/2025\/02\/Compression300ppi.png 354w\" sizes=\"(max-width: 172px) 100vw, 172px\" \/><\/p>\n<p>&nbsp;<\/p>\n<p><strong>Gr\u00f6\u00dfen:<\/strong> 35\/37, 38\/40, 41\/43, 44\/46<\/p>\n<p><strong>Farben:<\/strong> Schwarz\/grau Mix<\/p>\n<p><strong>Material:<\/strong> 47% Acryl, 28% Wolle, 14% Polyester, 10% Viskose, 1% Elastan<\/p>\n<p><strong>Waschempfehlung<\/strong>: Schonende Maschinenw\u00e4sche bei 30 \u00b0C mit Wollwaschmittel<\/p>\n<p><strong>UVP:<\/strong> 29,95 EUR<\/p>\n<p>&nbsp;<\/p>\n<p><strong>Voraussichtlicher Lieferzeitpunt: <\/strong>Ende August 2025<\/p>\n","protected":false},"excerpt":{"rendered":"<p>Die EQUES|KINGSLAND Dag Woolmix Mid Leg Socken sind perfekt f\u00fcr die kalten Tage und bieten W\u00e4rme, Komfort und Haltbarkeit f\u00fcr Stall und Alltag. Entwickelt f\u00fcr Reiter bieten sie Funktionalit\u00e4t ohne Kompromisse beim Komfort.<\/p>\n","protected":false},"featured_media":22219,"template":"","meta":{"_acf_changed":false,"_et_pb_use_builder":"","_et_pb_old_content":"","_et_gb_content_width":""},"product_brand":[],"product_cat":[41,664],"product_tag":[],"class_list":{"0":"post-22225","1":"product","2":"type-product","3":"status-publish","4":"has-post-thumbnail","6":"product_cat-fuer-reiter","7":"product_cat-zubehor-reiter","9":"first","10":"instock","11":"shipping-taxable","12":"product-type-variable"},"acf":[],"yoast_head":"<!-- This site is optimized with the Yoast SEO plugin v26.3 - https:\/\/yoast.com\/wordpress\/plugins\/seo\/ -->\n<title>EQ KL Dag Woolmix Mid Leg Socks 2-pack : Eques<\/title>\n<meta name=\"robots\" content=\"index, follow, max-snippet:-1, max-image-preview:large, max-video-preview:-1\" \/>\n<link rel=\"canonical\" href=\"https:\/\/eques.dk\/de\/produkt\/eq-kl-dag-woolmix-mid-leg-socks-2-pack-31216\/\" \/>\n<meta property=\"og:locale\" content=\"de_DE\" \/>\n<meta property=\"og:type\" content=\"article\" \/>\n<meta property=\"og:title\" content=\"EQ KL Dag Woolmix Mid Leg Socks 2-pack : Eques\" \/>\n<meta property=\"og:description\" content=\"Die EQUES|KINGSLAND Dag Woolmix Mid Leg Socken sind perfekt f\u00fcr die kalten Tage und bieten W\u00e4rme, Komfort und Haltbarkeit f\u00fcr Stall und Alltag. Entwickelt f\u00fcr Reiter bieten sie Funktionalit\u00e4t ohne Kompromisse beim Komfort.\" \/>\n<meta property=\"og:url\" content=\"https:\/\/eques.dk\/de\/produkt\/eq-kl-dag-woolmix-mid-leg-socks-2-pack-31216\/\" \/>\n<meta property=\"og:site_name\" content=\"Eques\" \/>\n<meta property=\"article:modified_time\" content=\"2025-12-15T07:38:22+00:00\" \/>\n<meta property=\"og:image\" content=\"https:\/\/eques.dk\/wp-content\/uploads\/2025\/02\/31217-5040-C.png\" \/>\n\t<meta property=\"og:image:width\" content=\"3200\" \/>\n\t<meta property=\"og:image:height\" content=\"3200\" \/>\n\t<meta property=\"og:image:type\" content=\"image\/png\" \/>\n<meta name=\"twitter:card\" content=\"summary_large_image\" \/>\n<meta name=\"twitter:label1\" content=\"Gesch\u00e4tzte Lesezeit\" \/>\n\t<meta name=\"twitter:data1\" content=\"1\u00a0Minute\" \/>\n<script type=\"application\/ld+json\" class=\"yoast-schema-graph\">{\"@context\":\"https:\/\/schema.org\",\"@graph\":[{\"@type\":\"WebPage\",\"@id\":\"https:\/\/eques.dk\/de\/produkt\/eq-kl-dag-woolmix-mid-leg-socks-2-pack-31216\/\",\"url\":\"https:\/\/eques.dk\/de\/produkt\/eq-kl-dag-woolmix-mid-leg-socks-2-pack-31216\/\",\"name\":\"EQ KL Dag Woolmix Mid Leg Socks 2-pack : Eques\",\"isPartOf\":{\"@id\":\"https:\/\/eques.dk\/de\/#website\"},\"primaryImageOfPage\":{\"@id\":\"https:\/\/eques.dk\/de\/produkt\/eq-kl-dag-woolmix-mid-leg-socks-2-pack-31216\/#primaryimage\"},\"image\":{\"@id\":\"https:\/\/eques.dk\/de\/produkt\/eq-kl-dag-woolmix-mid-leg-socks-2-pack-31216\/#primaryimage\"},\"thumbnailUrl\":\"https:\/\/eques.dk\/wp-content\/uploads\/2025\/02\/31217-5040-C.png\",\"datePublished\":\"2025-08-20T12:04:44+00:00\",\"dateModified\":\"2025-12-15T07:38:22+00:00\",\"breadcrumb\":{\"@id\":\"https:\/\/eques.dk\/de\/produkt\/eq-kl-dag-woolmix-mid-leg-socks-2-pack-31216\/#breadcrumb\"},\"inLanguage\":\"de\",\"potentialAction\":[{\"@type\":\"ReadAction\",\"target\":[\"https:\/\/eques.dk\/de\/produkt\/eq-kl-dag-woolmix-mid-leg-socks-2-pack-31216\/\"]}]},{\"@type\":\"ImageObject\",\"inLanguage\":\"de\",\"@id\":\"https:\/\/eques.dk\/de\/produkt\/eq-kl-dag-woolmix-mid-leg-socks-2-pack-31216\/#primaryimage\",\"url\":\"https:\/\/eques.dk\/wp-content\/uploads\/2025\/02\/31217-5040-C.png\",\"contentUrl\":\"https:\/\/eques.dk\/wp-content\/uploads\/2025\/02\/31217-5040-C.png\",\"width\":3200,\"height\":3200},{\"@type\":\"BreadcrumbList\",\"@id\":\"https:\/\/eques.dk\/de\/produkt\/eq-kl-dag-woolmix-mid-leg-socks-2-pack-31216\/#breadcrumb\",\"itemListElement\":[{\"@type\":\"ListItem\",\"position\":1,\"name\":\"Hjem\",\"item\":\"https:\/\/eques.dk\/de\/\"},{\"@type\":\"ListItem\",\"position\":2,\"name\":\"Shop\",\"item\":\"https:\/\/eques.dk\/de\/shop\/\"},{\"@type\":\"ListItem\",\"position\":3,\"name\":\"EQ KL Dag Woolmix Mid Leg Socks 2-pack\"}]},{\"@type\":\"WebSite\",\"@id\":\"https:\/\/eques.dk\/de\/#website\",\"url\":\"https:\/\/eques.dk\/de\/\",\"name\":\"Eques\",\"description\":\"Rideudstyr til islandske heste i dansk design\",\"potentialAction\":[{\"@type\":\"SearchAction\",\"target\":{\"@type\":\"EntryPoint\",\"urlTemplate\":\"https:\/\/eques.dk\/de\/?s={search_term_string}\"},\"query-input\":{\"@type\":\"PropertyValueSpecification\",\"valueRequired\":true,\"valueName\":\"search_term_string\"}}],\"inLanguage\":\"de\"}]}<\/script>\n<!-- \/ Yoast SEO plugin. -->","yoast_head_json":{"title":"EQ KL Dag Woolmix Mid Leg Socks 2-pack : Eques","robots":{"index":"index","follow":"follow","max-snippet":"max-snippet:-1","max-image-preview":"max-image-preview:large","max-video-preview":"max-video-preview:-1"},"canonical":"https:\/\/eques.dk\/de\/produkt\/eq-kl-dag-woolmix-mid-leg-socks-2-pack-31216\/","og_locale":"de_DE","og_type":"article","og_title":"EQ KL Dag Woolmix Mid Leg Socks 2-pack : Eques","og_description":"Die EQUES|KINGSLAND Dag Woolmix Mid Leg Socken sind perfekt f\u00fcr die kalten Tage und bieten W\u00e4rme, Komfort und Haltbarkeit f\u00fcr Stall und Alltag. Entwickelt f\u00fcr Reiter bieten sie Funktionalit\u00e4t ohne Kompromisse beim Komfort.","og_url":"https:\/\/eques.dk\/de\/produkt\/eq-kl-dag-woolmix-mid-leg-socks-2-pack-31216\/","og_site_name":"Eques","article_modified_time":"2025-12-15T07:38:22+00:00","og_image":[{"width":3200,"height":3200,"url":"https:\/\/eques.dk\/wp-content\/uploads\/2025\/02\/31217-5040-C.png","type":"image\/png"}],"twitter_card":"summary_large_image","twitter_misc":{"Gesch\u00e4tzte Lesezeit":"1\u00a0Minute"},"schema":{"@context":"https:\/\/schema.org","@graph":[{"@type":"WebPage","@id":"https:\/\/eques.dk\/de\/produkt\/eq-kl-dag-woolmix-mid-leg-socks-2-pack-31216\/","url":"https:\/\/eques.dk\/de\/produkt\/eq-kl-dag-woolmix-mid-leg-socks-2-pack-31216\/","name":"EQ KL Dag Woolmix Mid Leg Socks 2-pack : Eques","isPartOf":{"@id":"https:\/\/eques.dk\/de\/#website"},"primaryImageOfPage":{"@id":"https:\/\/eques.dk\/de\/produkt\/eq-kl-dag-woolmix-mid-leg-socks-2-pack-31216\/#primaryimage"},"image":{"@id":"https:\/\/eques.dk\/de\/produkt\/eq-kl-dag-woolmix-mid-leg-socks-2-pack-31216\/#primaryimage"},"thumbnailUrl":"https:\/\/eques.dk\/wp-content\/uploads\/2025\/02\/31217-5040-C.png","datePublished":"2025-08-20T12:04:44+00:00","dateModified":"2025-12-15T07:38:22+00:00","breadcrumb":{"@id":"https:\/\/eques.dk\/de\/produkt\/eq-kl-dag-woolmix-mid-leg-socks-2-pack-31216\/#breadcrumb"},"inLanguage":"de","potentialAction":[{"@type":"ReadAction","target":["https:\/\/eques.dk\/de\/produkt\/eq-kl-dag-woolmix-mid-leg-socks-2-pack-31216\/"]}]},{"@type":"ImageObject","inLanguage":"de","@id":"https:\/\/eques.dk\/de\/produkt\/eq-kl-dag-woolmix-mid-leg-socks-2-pack-31216\/#primaryimage","url":"https:\/\/eques.dk\/wp-content\/uploads\/2025\/02\/31217-5040-C.png","contentUrl":"https:\/\/eques.dk\/wp-content\/uploads\/2025\/02\/31217-5040-C.png","width":3200,"height":3200},{"@type":"BreadcrumbList","@id":"https:\/\/eques.dk\/de\/produkt\/eq-kl-dag-woolmix-mid-leg-socks-2-pack-31216\/#breadcrumb","itemListElement":[{"@type":"ListItem","position":1,"name":"Hjem","item":"https:\/\/eques.dk\/de\/"},{"@type":"ListItem","position":2,"name":"Shop","item":"https:\/\/eques.dk\/de\/shop\/"},{"@type":"ListItem","position":3,"name":"EQ KL Dag Woolmix Mid Leg Socks 2-pack"}]},{"@type":"WebSite","@id":"https:\/\/eques.dk\/de\/#website","url":"https:\/\/eques.dk\/de\/","name":"Eques","description":"Rideudstyr til islandske heste i dansk design","potentialAction":[{"@type":"SearchAction","target":{"@type":"EntryPoint","urlTemplate":"https:\/\/eques.dk\/de\/?s={search_term_string}"},"query-input":{"@type":"PropertyValueSpecification","valueRequired":true,"valueName":"search_term_string"}}],"inLanguage":"de"}]}},"_links":{"self":[{"href":"https:\/\/eques.dk\/de\/wp-json\/wp\/v2\/product\/22225","targetHints":{"allow":["GET"]}}],"collection":[{"href":"https:\/\/eques.dk\/de\/wp-json\/wp\/v2\/product"}],"about":[{"href":"https:\/\/eques.dk\/de\/wp-json\/wp\/v2\/types\/product"}],"wp:featuredmedia":[{"embeddable":true,"href":"https:\/\/eques.dk\/de\/wp-json\/wp\/v2\/media\/22219"}],"wp:attachment":[{"href":"https:\/\/eques.dk\/de\/wp-json\/wp\/v2\/media?parent=22225"}],"wp:term":[{"taxonomy":"product_brand","embeddable":true,"href":"https:\/\/eques.dk\/de\/wp-json\/wp\/v2\/product_brand?post=22225"},{"taxonomy":"product_cat","embeddable":true,"href":"https:\/\/eques.dk\/de\/wp-json\/wp\/v2\/product_cat?post=22225"},{"taxonomy":"product_tag","embeddable":true,"href":"https:\/\/eques.dk\/de\/wp-json\/wp\/v2\/product_tag?post=22225"}],"curies":[{"name":"wp","href":"https:\/\/api.w.org\/{rel}","templated":true}]}}