{"id":22208,"date":"2025-08-20T12:08:37","date_gmt":"2025-08-20T12:08:37","guid":{"rendered":"https:\/\/eques.dk\/?post_type=product&#038;p=22208"},"modified":"2026-04-03T19:42:17","modified_gmt":"2026-04-03T19:42:17","slug":"eq-kl-agne-knitted-scarf-3121460901001-7037430146537","status":"publish","type":"product","link":"https:\/\/eques.dk\/de\/produkt\/eq-kl-agne-knitted-scarf-3121460901001-7037430146537\/","title":{"rendered":"EQ KL Agne Knitted Scarf"},"content":{"rendered":"<p><strong>Haupteigenschaften:<\/strong><\/p>\n<ul>\n<li>Zwei Funktionen- kann sowohl als klassischer Schal verwendet werden gefaltet als Nackenw\u00e4rmer<\/li>\n<li>Herausragende Isolierung<\/li>\n<li>Das EQUES KINGSLAND Logo als elegantes Detail<\/li>\n<\/ul>\n<p>&nbsp;<\/p>\n<p><img loading=\"lazy\" decoding=\"async\" class=\"alignnone wp-image-24075\" src=\"https:\/\/eques.dk\/wp-content\/uploads\/2025\/08\/Mulesing-free_Wool300ppi.png\" alt=\"\" width=\"115\" height=\"155\" \/> \u00a0 <img loading=\"lazy\" decoding=\"async\" class=\"alignnone wp-image-24072\" src=\"https:\/\/eques.dk\/wp-content\/uploads\/2025\/08\/Wool300ppi.png\" alt=\"\" width=\"115\" height=\"138\" \/><\/p>\n<p>&nbsp;<\/p>\n<p><strong>Gr\u00f6\u00dfen:<\/strong> Onesize<\/p>\n<p><strong>Farben:<\/strong> Schwarz\/Grau<\/p>\n<p><strong>Material:<\/strong> 45% Nylon, 35% Wolle,\u00a0 20% Akryl<\/p>\n<p><strong>Waschempfehlung:<\/strong> Maschinenw\u00e4sche, schonend bei 30 \u00b0C mit Wollwaschmittel<\/p>\n<p><strong>UVP:<\/strong> 54,95 EUR<\/p>\n<p>&nbsp;<\/p>\n<p><strong>Voraussichtliches Lieferdatum: <\/strong>Ende August 2025<\/p>\n","protected":false},"excerpt":{"rendered":"<p>Der gestrickte EQUES|KINGSLAND Agne Schal bietet W\u00e4rme und Eleganz f\u00fcr jede Winteraktivit\u00e4t. Seine Vielseitigkeit sichert Komfort und Style, wodurch er eine praktische und raffinierte Erg\u00e4nzung zu jeder Wintergarderobe ist.<\/p>\n","protected":false},"featured_media":22206,"template":"","meta":{"_acf_changed":false,"_et_pb_use_builder":"","_et_pb_old_content":"","_et_gb_content_width":""},"product_brand":[],"product_cat":[41,664],"product_tag":[],"class_list":{"0":"post-22208","1":"product","2":"type-product","3":"status-publish","4":"has-post-thumbnail","6":"product_cat-fuer-reiter","7":"product_cat-zubehor-reiter","9":"first","10":"instock","11":"shipping-taxable","12":"product-type-simple"},"acf":[],"yoast_head":"<!-- This site is optimized with the Yoast SEO plugin v26.3 - https:\/\/yoast.com\/wordpress\/plugins\/seo\/ -->\n<title>EQ KL Agne Knitted Scarf : Eques<\/title>\n<meta name=\"robots\" content=\"index, follow, max-snippet:-1, max-image-preview:large, max-video-preview:-1\" \/>\n<link rel=\"canonical\" href=\"https:\/\/eques.dk\/de\/produkt\/eq-kl-agne-knitted-scarf-3121460901001-7037430146537\/\" \/>\n<meta property=\"og:locale\" content=\"de_DE\" \/>\n<meta property=\"og:type\" content=\"article\" \/>\n<meta property=\"og:title\" content=\"EQ KL Agne Knitted Scarf : Eques\" \/>\n<meta property=\"og:description\" content=\"Der gestrickte EQUES|KINGSLAND Agne Schal bietet W\u00e4rme und Eleganz f\u00fcr jede Winteraktivit\u00e4t. Seine Vielseitigkeit sichert Komfort und Style, wodurch er eine praktische und raffinierte Erg\u00e4nzung zu jeder Wintergarderobe ist.\" \/>\n<meta property=\"og:url\" content=\"https:\/\/eques.dk\/de\/produkt\/eq-kl-agne-knitted-scarf-3121460901001-7037430146537\/\" \/>\n<meta property=\"og:site_name\" content=\"Eques\" \/>\n<meta property=\"article:modified_time\" content=\"2026-04-03T19:42:17+00:00\" \/>\n<meta property=\"og:image\" content=\"https:\/\/eques.dk\/wp-content\/uploads\/2025\/02\/31214-6090-1024x1024.png\" \/>\n\t<meta property=\"og:image:width\" content=\"1024\" \/>\n\t<meta property=\"og:image:height\" content=\"1024\" \/>\n\t<meta property=\"og:image:type\" content=\"image\/png\" \/>\n<meta name=\"twitter:card\" content=\"summary_large_image\" \/>\n<meta name=\"twitter:label1\" content=\"Gesch\u00e4tzte Lesezeit\" \/>\n\t<meta name=\"twitter:data1\" content=\"1\u00a0Minute\" \/>\n<script type=\"application\/ld+json\" class=\"yoast-schema-graph\">{\"@context\":\"https:\/\/schema.org\",\"@graph\":[{\"@type\":\"WebPage\",\"@id\":\"https:\/\/eques.dk\/de\/produkt\/eq-kl-agne-knitted-scarf-3121460901001-7037430146537\/\",\"url\":\"https:\/\/eques.dk\/de\/produkt\/eq-kl-agne-knitted-scarf-3121460901001-7037430146537\/\",\"name\":\"EQ KL Agne Knitted Scarf : Eques\",\"isPartOf\":{\"@id\":\"https:\/\/eques.dk\/de\/#website\"},\"primaryImageOfPage\":{\"@id\":\"https:\/\/eques.dk\/de\/produkt\/eq-kl-agne-knitted-scarf-3121460901001-7037430146537\/#primaryimage\"},\"image\":{\"@id\":\"https:\/\/eques.dk\/de\/produkt\/eq-kl-agne-knitted-scarf-3121460901001-7037430146537\/#primaryimage\"},\"thumbnailUrl\":\"https:\/\/eques.dk\/wp-content\/uploads\/2025\/02\/31214-6090.png\",\"datePublished\":\"2025-08-20T12:08:37+00:00\",\"dateModified\":\"2026-04-03T19:42:17+00:00\",\"breadcrumb\":{\"@id\":\"https:\/\/eques.dk\/de\/produkt\/eq-kl-agne-knitted-scarf-3121460901001-7037430146537\/#breadcrumb\"},\"inLanguage\":\"de\",\"potentialAction\":[{\"@type\":\"ReadAction\",\"target\":[\"https:\/\/eques.dk\/de\/produkt\/eq-kl-agne-knitted-scarf-3121460901001-7037430146537\/\"]}]},{\"@type\":\"ImageObject\",\"inLanguage\":\"de\",\"@id\":\"https:\/\/eques.dk\/de\/produkt\/eq-kl-agne-knitted-scarf-3121460901001-7037430146537\/#primaryimage\",\"url\":\"https:\/\/eques.dk\/wp-content\/uploads\/2025\/02\/31214-6090.png\",\"contentUrl\":\"https:\/\/eques.dk\/wp-content\/uploads\/2025\/02\/31214-6090.png\",\"width\":3200,\"height\":3200},{\"@type\":\"BreadcrumbList\",\"@id\":\"https:\/\/eques.dk\/de\/produkt\/eq-kl-agne-knitted-scarf-3121460901001-7037430146537\/#breadcrumb\",\"itemListElement\":[{\"@type\":\"ListItem\",\"position\":1,\"name\":\"Hjem\",\"item\":\"https:\/\/eques.dk\/de\/\"},{\"@type\":\"ListItem\",\"position\":2,\"name\":\"Shop\",\"item\":\"https:\/\/eques.dk\/de\/shop\/\"},{\"@type\":\"ListItem\",\"position\":3,\"name\":\"EQ KL Agne Knitted Scarf\"}]},{\"@type\":\"WebSite\",\"@id\":\"https:\/\/eques.dk\/de\/#website\",\"url\":\"https:\/\/eques.dk\/de\/\",\"name\":\"Eques\",\"description\":\"Rideudstyr til islandske heste i dansk design\",\"potentialAction\":[{\"@type\":\"SearchAction\",\"target\":{\"@type\":\"EntryPoint\",\"urlTemplate\":\"https:\/\/eques.dk\/de\/?s={search_term_string}\"},\"query-input\":{\"@type\":\"PropertyValueSpecification\",\"valueRequired\":true,\"valueName\":\"search_term_string\"}}],\"inLanguage\":\"de\"}]}<\/script>\n<!-- \/ Yoast SEO plugin. -->","yoast_head_json":{"title":"EQ KL Agne Knitted Scarf : Eques","robots":{"index":"index","follow":"follow","max-snippet":"max-snippet:-1","max-image-preview":"max-image-preview:large","max-video-preview":"max-video-preview:-1"},"canonical":"https:\/\/eques.dk\/de\/produkt\/eq-kl-agne-knitted-scarf-3121460901001-7037430146537\/","og_locale":"de_DE","og_type":"article","og_title":"EQ KL Agne Knitted Scarf : Eques","og_description":"Der gestrickte EQUES|KINGSLAND Agne Schal bietet W\u00e4rme und Eleganz f\u00fcr jede Winteraktivit\u00e4t. Seine Vielseitigkeit sichert Komfort und Style, wodurch er eine praktische und raffinierte Erg\u00e4nzung zu jeder Wintergarderobe ist.","og_url":"https:\/\/eques.dk\/de\/produkt\/eq-kl-agne-knitted-scarf-3121460901001-7037430146537\/","og_site_name":"Eques","article_modified_time":"2026-04-03T19:42:17+00:00","og_image":[{"width":1024,"height":1024,"url":"https:\/\/eques.dk\/wp-content\/uploads\/2025\/02\/31214-6090-1024x1024.png","type":"image\/png"}],"twitter_card":"summary_large_image","twitter_misc":{"Gesch\u00e4tzte Lesezeit":"1\u00a0Minute"},"schema":{"@context":"https:\/\/schema.org","@graph":[{"@type":"WebPage","@id":"https:\/\/eques.dk\/de\/produkt\/eq-kl-agne-knitted-scarf-3121460901001-7037430146537\/","url":"https:\/\/eques.dk\/de\/produkt\/eq-kl-agne-knitted-scarf-3121460901001-7037430146537\/","name":"EQ KL Agne Knitted Scarf : Eques","isPartOf":{"@id":"https:\/\/eques.dk\/de\/#website"},"primaryImageOfPage":{"@id":"https:\/\/eques.dk\/de\/produkt\/eq-kl-agne-knitted-scarf-3121460901001-7037430146537\/#primaryimage"},"image":{"@id":"https:\/\/eques.dk\/de\/produkt\/eq-kl-agne-knitted-scarf-3121460901001-7037430146537\/#primaryimage"},"thumbnailUrl":"https:\/\/eques.dk\/wp-content\/uploads\/2025\/02\/31214-6090.png","datePublished":"2025-08-20T12:08:37+00:00","dateModified":"2026-04-03T19:42:17+00:00","breadcrumb":{"@id":"https:\/\/eques.dk\/de\/produkt\/eq-kl-agne-knitted-scarf-3121460901001-7037430146537\/#breadcrumb"},"inLanguage":"de","potentialAction":[{"@type":"ReadAction","target":["https:\/\/eques.dk\/de\/produkt\/eq-kl-agne-knitted-scarf-3121460901001-7037430146537\/"]}]},{"@type":"ImageObject","inLanguage":"de","@id":"https:\/\/eques.dk\/de\/produkt\/eq-kl-agne-knitted-scarf-3121460901001-7037430146537\/#primaryimage","url":"https:\/\/eques.dk\/wp-content\/uploads\/2025\/02\/31214-6090.png","contentUrl":"https:\/\/eques.dk\/wp-content\/uploads\/2025\/02\/31214-6090.png","width":3200,"height":3200},{"@type":"BreadcrumbList","@id":"https:\/\/eques.dk\/de\/produkt\/eq-kl-agne-knitted-scarf-3121460901001-7037430146537\/#breadcrumb","itemListElement":[{"@type":"ListItem","position":1,"name":"Hjem","item":"https:\/\/eques.dk\/de\/"},{"@type":"ListItem","position":2,"name":"Shop","item":"https:\/\/eques.dk\/de\/shop\/"},{"@type":"ListItem","position":3,"name":"EQ KL Agne Knitted Scarf"}]},{"@type":"WebSite","@id":"https:\/\/eques.dk\/de\/#website","url":"https:\/\/eques.dk\/de\/","name":"Eques","description":"Rideudstyr til islandske heste i dansk design","potentialAction":[{"@type":"SearchAction","target":{"@type":"EntryPoint","urlTemplate":"https:\/\/eques.dk\/de\/?s={search_term_string}"},"query-input":{"@type":"PropertyValueSpecification","valueRequired":true,"valueName":"search_term_string"}}],"inLanguage":"de"}]}},"_links":{"self":[{"href":"https:\/\/eques.dk\/de\/wp-json\/wp\/v2\/product\/22208","targetHints":{"allow":["GET"]}}],"collection":[{"href":"https:\/\/eques.dk\/de\/wp-json\/wp\/v2\/product"}],"about":[{"href":"https:\/\/eques.dk\/de\/wp-json\/wp\/v2\/types\/product"}],"wp:featuredmedia":[{"embeddable":true,"href":"https:\/\/eques.dk\/de\/wp-json\/wp\/v2\/media\/22206"}],"wp:attachment":[{"href":"https:\/\/eques.dk\/de\/wp-json\/wp\/v2\/media?parent=22208"}],"wp:term":[{"taxonomy":"product_brand","embeddable":true,"href":"https:\/\/eques.dk\/de\/wp-json\/wp\/v2\/product_brand?post=22208"},{"taxonomy":"product_cat","embeddable":true,"href":"https:\/\/eques.dk\/de\/wp-json\/wp\/v2\/product_cat?post=22208"},{"taxonomy":"product_tag","embeddable":true,"href":"https:\/\/eques.dk\/de\/wp-json\/wp\/v2\/product_tag?post=22208"}],"curies":[{"name":"wp","href":"https:\/\/api.w.org\/{rel}","templated":true}]}}