{"id":21957,"date":"2025-08-20T12:39:37","date_gmt":"2025-08-20T12:39:37","guid":{"rendered":"https:\/\/eques.dk\/?post_type=product&#038;p=21957"},"modified":"2025-11-20T09:38:18","modified_gmt":"2025-11-20T09:38:18","slug":"eq-kl-bjoerg-ladies-riding-jacket-31225","status":"publish","type":"product","link":"https:\/\/eques.dk\/de\/produkt\/eq-kl-bjoerg-ladies-riding-jacket-31225\/","title":{"rendered":"EQ KL Bj\u00f6rg Ladies Riding Jacket"},"content":{"rendered":"<p><strong>Haupteigenschaften:<\/strong><\/p>\n<ul>\n<li>Primaloft\u00ae Isolierung<\/li>\n<li>Weiche B\u00fcndchen mit Daumenl\u00f6chern<\/li>\n<li>Entspannter Fit<\/li>\n<li>2-Wege YKK Reisverschluss<\/li>\n<li>Elegante, reflektierende Logo-Details<\/li>\n<\/ul>\n<p>&nbsp;<\/p>\n<p><img loading=\"lazy\" decoding=\"async\" class=\"alignnone wp-image-22322\" src=\"https:\/\/eques.dk\/wp-content\/uploads\/2025\/02\/Reflective_details300ppi-300x255.png\" alt=\"\" width=\"106\" height=\"90\" srcset=\"https:\/\/eques.dk\/wp-content\/uploads\/2025\/02\/Reflective_details300ppi-300x255.png 300w, https:\/\/eques.dk\/wp-content\/uploads\/2025\/02\/Reflective_details300ppi.png 354w\" sizes=\"(max-width: 106px) 100vw, 106px\" \/><img loading=\"lazy\" decoding=\"async\" class=\"alignnone wp-image-22304\" src=\"https:\/\/eques.dk\/wp-content\/uploads\/2025\/02\/2-way_zip-300ppi-300x234.png\" alt=\"\" width=\"115\" height=\"90\" srcset=\"https:\/\/eques.dk\/wp-content\/uploads\/2025\/02\/2-way_zip-300ppi-300x234.png 300w, https:\/\/eques.dk\/wp-content\/uploads\/2025\/02\/2-way_zip-300ppi.png 354w\" sizes=\"(max-width: 115px) 100vw, 115px\" \/> <img loading=\"lazy\" decoding=\"async\" class=\"alignnone wp-image-22307\" src=\"https:\/\/eques.dk\/wp-content\/uploads\/2025\/02\/Quality_zipper300ppi-300x234.png\" alt=\"\" width=\"115\" height=\"90\" srcset=\"https:\/\/eques.dk\/wp-content\/uploads\/2025\/02\/Quality_zipper300ppi-300x234.png 300w, https:\/\/eques.dk\/wp-content\/uploads\/2025\/02\/Quality_zipper300ppi.png 354w\" sizes=\"(max-width: 115px) 100vw, 115px\" \/> \u00a0<img loading=\"lazy\" decoding=\"async\" class=\"alignnone wp-image-22313\" src=\"https:\/\/eques.dk\/wp-content\/uploads\/2025\/02\/Water_repellent300ppi-300x234.png\" alt=\"\" width=\"115\" height=\"90\" srcset=\"https:\/\/eques.dk\/wp-content\/uploads\/2025\/02\/Water_repellent300ppi-300x234.png 300w, https:\/\/eques.dk\/wp-content\/uploads\/2025\/02\/Water_repellent300ppi.png 354w\" sizes=\"(max-width: 115px) 100vw, 115px\" \/> <img loading=\"lazy\" decoding=\"async\" class=\"alignnone wp-image-22310\" src=\"https:\/\/eques.dk\/wp-content\/uploads\/2025\/02\/Insulated300ppi-300x234.png\" alt=\"\" width=\"115\" height=\"90\" srcset=\"https:\/\/eques.dk\/wp-content\/uploads\/2025\/02\/Insulated300ppi-300x234.png 300w, https:\/\/eques.dk\/wp-content\/uploads\/2025\/02\/Insulated300ppi.png 354w\" sizes=\"(max-width: 115px) 100vw, 115px\" \/><img loading=\"lazy\" decoding=\"async\" class=\"alignnone wp-image-22321\" src=\"https:\/\/eques.dk\/wp-content\/uploads\/2025\/02\/Primaloft-Logo-300x300.png\" alt=\"\" width=\"85\" height=\"85\" \/><\/p>\n<p>&nbsp;<\/p>\n<p><strong>Gr\u00f6\u00dfen:<\/strong> XS-XXL<\/p>\n<p><strong>Farbe:<\/strong> Schwarz<\/p>\n<p><strong>Material:<\/strong> F\u00fcllmaterial: 100% Polyester; Au\u00dfenmaterial 100% Polyester; Futter: 100% Polyester<\/p>\n<p><strong>Waschempfehlung:<\/strong> Maschinenw\u00e4sche bei 30\u00b0C mit mildem Waschmittel<\/p>\n<p><strong>UVP<\/strong>: 299 EUR<\/p>\n<p>&nbsp;<\/p>\n<p><strong>Voraussichtliche Lieferung: <\/strong>Ende August 2025<\/p>\n","protected":false},"excerpt":{"rendered":"<p>Die EQUES|KINGSLAND Bj\u00f6rg Damenreitjacke ist f\u00fcr Reiten im Winter designt und bietet herausragenden Schutz gegen das Wetter und gleichzeitig hohen Komfort. Mit ihrem stylischen, praktischen Design sorgt sie daf\u00fcr dass man warm, trocken und selbstbewusst bleibt w\u00e4hrend Training, Turnier und Stallarbeit in kalten Wetterbedingungen.<\/p>\n","protected":false},"featured_media":21948,"template":"","meta":{"_acf_changed":false,"_et_pb_use_builder":"","_et_pb_old_content":"","_et_gb_content_width":""},"product_brand":[],"product_cat":[609,41],"product_tag":[],"class_list":{"0":"post-21957","1":"product","2":"type-product","3":"status-publish","4":"has-post-thumbnail","6":"product_cat-jacken","7":"product_cat-fuer-reiter","9":"first","10":"instock","11":"shipping-taxable","12":"product-type-variable"},"acf":[],"yoast_head":"<!-- This site is optimized with the Yoast SEO plugin v26.3 - https:\/\/yoast.com\/wordpress\/plugins\/seo\/ -->\n<title>EQ KL Bj\u00f6rg Ladies Riding Jacket : Eques<\/title>\n<meta name=\"robots\" content=\"index, follow, max-snippet:-1, max-image-preview:large, max-video-preview:-1\" \/>\n<link rel=\"canonical\" href=\"https:\/\/eques.dk\/de\/produkt\/eq-kl-bjoerg-ladies-riding-jacket-31225\/\" \/>\n<meta property=\"og:locale\" content=\"de_DE\" \/>\n<meta property=\"og:type\" content=\"article\" \/>\n<meta property=\"og:title\" content=\"EQ KL Bj\u00f6rg Ladies Riding Jacket : Eques\" \/>\n<meta property=\"og:description\" content=\"Die EQUES|KINGSLAND Bj\u00f6rg Damenreitjacke ist f\u00fcr Reiten im Winter designt und bietet herausragenden Schutz gegen das Wetter und gleichzeitig hohen Komfort. Mit ihrem stylischen, praktischen Design sorgt sie daf\u00fcr dass man warm, trocken und selbstbewusst bleibt w\u00e4hrend Training, Turnier und Stallarbeit in kalten Wetterbedingungen.\" \/>\n<meta property=\"og:url\" content=\"https:\/\/eques.dk\/de\/produkt\/eq-kl-bjoerg-ladies-riding-jacket-31225\/\" \/>\n<meta property=\"og:site_name\" content=\"Eques\" \/>\n<meta property=\"article:modified_time\" content=\"2025-11-20T09:38:18+00:00\" \/>\n<meta property=\"og:image\" content=\"https:\/\/eques.dk\/wp-content\/uploads\/2025\/02\/31225-6090-1024x1024.png\" \/>\n\t<meta property=\"og:image:width\" content=\"1024\" \/>\n\t<meta property=\"og:image:height\" content=\"1024\" \/>\n\t<meta property=\"og:image:type\" content=\"image\/png\" \/>\n<meta name=\"twitter:card\" content=\"summary_large_image\" \/>\n<meta name=\"twitter:label1\" content=\"Gesch\u00e4tzte Lesezeit\" \/>\n\t<meta name=\"twitter:data1\" content=\"2\u00a0Minuten\" \/>\n<script type=\"application\/ld+json\" class=\"yoast-schema-graph\">{\"@context\":\"https:\/\/schema.org\",\"@graph\":[{\"@type\":\"WebPage\",\"@id\":\"https:\/\/eques.dk\/de\/produkt\/eq-kl-bjoerg-ladies-riding-jacket-31225\/\",\"url\":\"https:\/\/eques.dk\/de\/produkt\/eq-kl-bjoerg-ladies-riding-jacket-31225\/\",\"name\":\"EQ KL Bj\u00f6rg Ladies Riding Jacket : Eques\",\"isPartOf\":{\"@id\":\"https:\/\/eques.dk\/de\/#website\"},\"primaryImageOfPage\":{\"@id\":\"https:\/\/eques.dk\/de\/produkt\/eq-kl-bjoerg-ladies-riding-jacket-31225\/#primaryimage\"},\"image\":{\"@id\":\"https:\/\/eques.dk\/de\/produkt\/eq-kl-bjoerg-ladies-riding-jacket-31225\/#primaryimage\"},\"thumbnailUrl\":\"https:\/\/eques.dk\/wp-content\/uploads\/2025\/02\/31225-6090.png\",\"datePublished\":\"2025-08-20T12:39:37+00:00\",\"dateModified\":\"2025-11-20T09:38:18+00:00\",\"breadcrumb\":{\"@id\":\"https:\/\/eques.dk\/de\/produkt\/eq-kl-bjoerg-ladies-riding-jacket-31225\/#breadcrumb\"},\"inLanguage\":\"de\",\"potentialAction\":[{\"@type\":\"ReadAction\",\"target\":[\"https:\/\/eques.dk\/de\/produkt\/eq-kl-bjoerg-ladies-riding-jacket-31225\/\"]}]},{\"@type\":\"ImageObject\",\"inLanguage\":\"de\",\"@id\":\"https:\/\/eques.dk\/de\/produkt\/eq-kl-bjoerg-ladies-riding-jacket-31225\/#primaryimage\",\"url\":\"https:\/\/eques.dk\/wp-content\/uploads\/2025\/02\/31225-6090.png\",\"contentUrl\":\"https:\/\/eques.dk\/wp-content\/uploads\/2025\/02\/31225-6090.png\",\"width\":3200,\"height\":3200},{\"@type\":\"BreadcrumbList\",\"@id\":\"https:\/\/eques.dk\/de\/produkt\/eq-kl-bjoerg-ladies-riding-jacket-31225\/#breadcrumb\",\"itemListElement\":[{\"@type\":\"ListItem\",\"position\":1,\"name\":\"Hjem\",\"item\":\"https:\/\/eques.dk\/de\/\"},{\"@type\":\"ListItem\",\"position\":2,\"name\":\"Shop\",\"item\":\"https:\/\/eques.dk\/de\/shop\/\"},{\"@type\":\"ListItem\",\"position\":3,\"name\":\"EQ KL Bj\u00f6rg Ladies Riding Jacket\"}]},{\"@type\":\"WebSite\",\"@id\":\"https:\/\/eques.dk\/de\/#website\",\"url\":\"https:\/\/eques.dk\/de\/\",\"name\":\"Eques\",\"description\":\"Rideudstyr til islandske heste i dansk design\",\"potentialAction\":[{\"@type\":\"SearchAction\",\"target\":{\"@type\":\"EntryPoint\",\"urlTemplate\":\"https:\/\/eques.dk\/de\/?s={search_term_string}\"},\"query-input\":{\"@type\":\"PropertyValueSpecification\",\"valueRequired\":true,\"valueName\":\"search_term_string\"}}],\"inLanguage\":\"de\"}]}<\/script>\n<!-- \/ Yoast SEO plugin. -->","yoast_head_json":{"title":"EQ KL Bj\u00f6rg Ladies Riding Jacket : Eques","robots":{"index":"index","follow":"follow","max-snippet":"max-snippet:-1","max-image-preview":"max-image-preview:large","max-video-preview":"max-video-preview:-1"},"canonical":"https:\/\/eques.dk\/de\/produkt\/eq-kl-bjoerg-ladies-riding-jacket-31225\/","og_locale":"de_DE","og_type":"article","og_title":"EQ KL Bj\u00f6rg Ladies Riding Jacket : Eques","og_description":"Die EQUES|KINGSLAND Bj\u00f6rg Damenreitjacke ist f\u00fcr Reiten im Winter designt und bietet herausragenden Schutz gegen das Wetter und gleichzeitig hohen Komfort. Mit ihrem stylischen, praktischen Design sorgt sie daf\u00fcr dass man warm, trocken und selbstbewusst bleibt w\u00e4hrend Training, Turnier und Stallarbeit in kalten Wetterbedingungen.","og_url":"https:\/\/eques.dk\/de\/produkt\/eq-kl-bjoerg-ladies-riding-jacket-31225\/","og_site_name":"Eques","article_modified_time":"2025-11-20T09:38:18+00:00","og_image":[{"width":1024,"height":1024,"url":"https:\/\/eques.dk\/wp-content\/uploads\/2025\/02\/31225-6090-1024x1024.png","type":"image\/png"}],"twitter_card":"summary_large_image","twitter_misc":{"Gesch\u00e4tzte Lesezeit":"2\u00a0Minuten"},"schema":{"@context":"https:\/\/schema.org","@graph":[{"@type":"WebPage","@id":"https:\/\/eques.dk\/de\/produkt\/eq-kl-bjoerg-ladies-riding-jacket-31225\/","url":"https:\/\/eques.dk\/de\/produkt\/eq-kl-bjoerg-ladies-riding-jacket-31225\/","name":"EQ KL Bj\u00f6rg Ladies Riding Jacket : Eques","isPartOf":{"@id":"https:\/\/eques.dk\/de\/#website"},"primaryImageOfPage":{"@id":"https:\/\/eques.dk\/de\/produkt\/eq-kl-bjoerg-ladies-riding-jacket-31225\/#primaryimage"},"image":{"@id":"https:\/\/eques.dk\/de\/produkt\/eq-kl-bjoerg-ladies-riding-jacket-31225\/#primaryimage"},"thumbnailUrl":"https:\/\/eques.dk\/wp-content\/uploads\/2025\/02\/31225-6090.png","datePublished":"2025-08-20T12:39:37+00:00","dateModified":"2025-11-20T09:38:18+00:00","breadcrumb":{"@id":"https:\/\/eques.dk\/de\/produkt\/eq-kl-bjoerg-ladies-riding-jacket-31225\/#breadcrumb"},"inLanguage":"de","potentialAction":[{"@type":"ReadAction","target":["https:\/\/eques.dk\/de\/produkt\/eq-kl-bjoerg-ladies-riding-jacket-31225\/"]}]},{"@type":"ImageObject","inLanguage":"de","@id":"https:\/\/eques.dk\/de\/produkt\/eq-kl-bjoerg-ladies-riding-jacket-31225\/#primaryimage","url":"https:\/\/eques.dk\/wp-content\/uploads\/2025\/02\/31225-6090.png","contentUrl":"https:\/\/eques.dk\/wp-content\/uploads\/2025\/02\/31225-6090.png","width":3200,"height":3200},{"@type":"BreadcrumbList","@id":"https:\/\/eques.dk\/de\/produkt\/eq-kl-bjoerg-ladies-riding-jacket-31225\/#breadcrumb","itemListElement":[{"@type":"ListItem","position":1,"name":"Hjem","item":"https:\/\/eques.dk\/de\/"},{"@type":"ListItem","position":2,"name":"Shop","item":"https:\/\/eques.dk\/de\/shop\/"},{"@type":"ListItem","position":3,"name":"EQ KL Bj\u00f6rg Ladies Riding Jacket"}]},{"@type":"WebSite","@id":"https:\/\/eques.dk\/de\/#website","url":"https:\/\/eques.dk\/de\/","name":"Eques","description":"Rideudstyr til islandske heste i dansk design","potentialAction":[{"@type":"SearchAction","target":{"@type":"EntryPoint","urlTemplate":"https:\/\/eques.dk\/de\/?s={search_term_string}"},"query-input":{"@type":"PropertyValueSpecification","valueRequired":true,"valueName":"search_term_string"}}],"inLanguage":"de"}]}},"_links":{"self":[{"href":"https:\/\/eques.dk\/de\/wp-json\/wp\/v2\/product\/21957","targetHints":{"allow":["GET"]}}],"collection":[{"href":"https:\/\/eques.dk\/de\/wp-json\/wp\/v2\/product"}],"about":[{"href":"https:\/\/eques.dk\/de\/wp-json\/wp\/v2\/types\/product"}],"wp:featuredmedia":[{"embeddable":true,"href":"https:\/\/eques.dk\/de\/wp-json\/wp\/v2\/media\/21948"}],"wp:attachment":[{"href":"https:\/\/eques.dk\/de\/wp-json\/wp\/v2\/media?parent=21957"}],"wp:term":[{"taxonomy":"product_brand","embeddable":true,"href":"https:\/\/eques.dk\/de\/wp-json\/wp\/v2\/product_brand?post=21957"},{"taxonomy":"product_cat","embeddable":true,"href":"https:\/\/eques.dk\/de\/wp-json\/wp\/v2\/product_cat?post=21957"},{"taxonomy":"product_tag","embeddable":true,"href":"https:\/\/eques.dk\/de\/wp-json\/wp\/v2\/product_tag?post=21957"}],"curies":[{"name":"wp","href":"https:\/\/api.w.org\/{rel}","templated":true}]}}