{"id":21251,"date":"2025-01-31T15:26:53","date_gmt":"2025-01-31T15:26:53","guid":{"rendered":"https:\/\/eques.dk\/?post_type=product&#038;p=21251"},"modified":"2026-04-07T11:33:53","modified_gmt":"2026-04-07T11:33:53","slug":"liga-eq10016","status":"publish","type":"product","link":"https:\/\/eques.dk\/de\/produkt\/liga-eq10016\/","title":{"rendered":"Liga"},"content":{"rendered":"<p><strong>Gr\u00f6\u00dfen: <\/strong>16,5\u2033, 17\u2033 und 17,5\u2033<br \/>\n(16\u2033 und 18\u2033 als Spezialanfertigung)<\/p>\n<p><strong>Sattelkissen: <\/strong>Latex oder Wolle<\/p>\n<p><strong>Pflege: <\/strong> Sattel mit <a href=\"https:\/\/eques.dk\/de\/produkt\/black-edition-clean-eq64001-5744003873845\/\">Black Edition Clean<\/a> reinigen und danach mit <a href=\"https:\/\/eques.dk\/de\/produkt\/black-edition-care-eq64002-574400387385\/\">Black Edition Care<\/a> fetten<\/p>\n<p><strong>UVP:<\/strong> 2.665 EUR<\/p>\n<p>&nbsp;<\/p>\n<p><em>&#8222;My feeling when riding in this saddle is first and foremost that I have close contact with the horse. The saddle offers just the right amount of support without becoming restraining. My legs fall naturally and correct which makes is so much easier to use the seat and aids correctly and guide the horse into an uphill movement and self-carriage. <\/em><\/p>\n<p><em>The technical explanation behind is that Liga is built on the well-proven A-Tree. The A tree that fits many different types of Icelandic horses which makes it a good choice when picking a saddle for training a range of different horses. The shape of the knee pads is highly central to the function of this saddle. The rounded carving against the thigh promotes the rider slide into a full and comfortable but non-restraining support. This further promotes the rider to sit in the deepest point in the seat. And this is how the close contact with the back of the horse is facilitated.&#8220; <\/em><\/p>\n<p style=\"padding-left: 40px;\"><em> &#8211; Gu\u00f0mundur Bj\u00f6rgvinsson <\/em><\/p>\n","protected":false},"excerpt":{"rendered":"<p><strong>EQUES Liga\u2013 designt in Zusammenarbeit mit Gu\u00f0mundur Bj\u00f6rgvinsson<\/strong><\/p>\n<ul>\n<li>Mittel-tiefer Sitz mit optimaler St\u00fctze<\/li>\n<li>Weiche ergonomische Kniepauschen mit guter Oberschenkelst\u00fctze, welche das Knie nicht behindern.<\/li>\n<li>Am Widerrist gebogene Sattelkissen bieten optimale Schulterfreiheit<\/li>\n<li>A-Baum<\/li>\n<li>Austauschbares Kopfeisen \u2013 <a href=\"https:\/\/eques.dk\/vare\/kopfjern-a\/\">Kopfeisen A<\/a> (standard 26A)<\/li>\n<li>Hergestellt mit Kalbsleder in Topqualit\u00e4t<\/li>\n<\/ul>\n","protected":false},"featured_media":20615,"template":"","meta":{"_acf_changed":false,"_et_pb_use_builder":"","_et_pb_old_content":"","_et_gb_content_width":""},"product_brand":[],"product_cat":[622,37],"product_tag":[],"class_list":{"0":"post-21251","1":"product","2":"type-product","3":"status-publish","4":"has-post-thumbnail","6":"product_cat-klassische-saettel","7":"product_cat-saettel","9":"first","10":"instock","11":"shipping-taxable","12":"product-type-variable"},"acf":[],"yoast_head":"<!-- This site is optimized with the Yoast SEO plugin v26.3 - https:\/\/yoast.com\/wordpress\/plugins\/seo\/ -->\n<title>Liga : Eques<\/title>\n<meta name=\"robots\" content=\"index, follow, max-snippet:-1, max-image-preview:large, max-video-preview:-1\" \/>\n<link rel=\"canonical\" href=\"https:\/\/eques.dk\/de\/produkt\/liga-eq10016\/\" \/>\n<meta property=\"og:locale\" content=\"de_DE\" \/>\n<meta property=\"og:type\" content=\"article\" \/>\n<meta property=\"og:title\" content=\"Liga : Eques\" \/>\n<meta property=\"og:description\" content=\"EQUES Liga\u2013 designt in Zusammenarbeit mit Gu\u00f0mundur Bj\u00f6rgvinsson   Mittel-tiefer Sitz mit optimaler St\u00fctze  Weiche ergonomische Kniepauschen mit guter Oberschenkelst\u00fctze, welche das Knie nicht behindern.  Am Widerrist gebogene Sattelkissen bieten optimale Schulterfreiheit  A-Baum  Austauschbares Kopfeisen \u2013 Kopfeisen A (standard 26A)  Hergestellt mit Kalbsleder in Topqualit\u00e4t\" \/>\n<meta property=\"og:url\" content=\"https:\/\/eques.dk\/de\/produkt\/liga-eq10016\/\" \/>\n<meta property=\"og:site_name\" content=\"Eques\" \/>\n<meta property=\"article:modified_time\" content=\"2026-04-07T11:33:53+00:00\" \/>\n<meta property=\"og:image\" content=\"https:\/\/eques.dk\/wp-content\/uploads\/2024\/11\/Liga-20240911-0992.jpg\" \/>\n\t<meta property=\"og:image:width\" content=\"2048\" \/>\n\t<meta property=\"og:image:height\" content=\"2048\" \/>\n\t<meta property=\"og:image:type\" content=\"image\/jpeg\" \/>\n<meta name=\"twitter:card\" content=\"summary_large_image\" \/>\n<meta name=\"twitter:label1\" content=\"Gesch\u00e4tzte Lesezeit\" \/>\n\t<meta name=\"twitter:data1\" content=\"2\u00a0Minuten\" \/>\n<script type=\"application\/ld+json\" class=\"yoast-schema-graph\">{\"@context\":\"https:\/\/schema.org\",\"@graph\":[{\"@type\":\"WebPage\",\"@id\":\"https:\/\/eques.dk\/de\/produkt\/liga-eq10016\/\",\"url\":\"https:\/\/eques.dk\/de\/produkt\/liga-eq10016\/\",\"name\":\"Liga : Eques\",\"isPartOf\":{\"@id\":\"https:\/\/eques.dk\/de\/#website\"},\"primaryImageOfPage\":{\"@id\":\"https:\/\/eques.dk\/de\/produkt\/liga-eq10016\/#primaryimage\"},\"image\":{\"@id\":\"https:\/\/eques.dk\/de\/produkt\/liga-eq10016\/#primaryimage\"},\"thumbnailUrl\":\"https:\/\/eques.dk\/wp-content\/uploads\/2024\/11\/Liga-20240911-0992.jpg\",\"datePublished\":\"2025-01-31T15:26:53+00:00\",\"dateModified\":\"2026-04-07T11:33:53+00:00\",\"breadcrumb\":{\"@id\":\"https:\/\/eques.dk\/de\/produkt\/liga-eq10016\/#breadcrumb\"},\"inLanguage\":\"de\",\"potentialAction\":[{\"@type\":\"ReadAction\",\"target\":[\"https:\/\/eques.dk\/de\/produkt\/liga-eq10016\/\"]}]},{\"@type\":\"ImageObject\",\"inLanguage\":\"de\",\"@id\":\"https:\/\/eques.dk\/de\/produkt\/liga-eq10016\/#primaryimage\",\"url\":\"https:\/\/eques.dk\/wp-content\/uploads\/2024\/11\/Liga-20240911-0992.jpg\",\"contentUrl\":\"https:\/\/eques.dk\/wp-content\/uploads\/2024\/11\/Liga-20240911-0992.jpg\",\"width\":2048,\"height\":2048},{\"@type\":\"BreadcrumbList\",\"@id\":\"https:\/\/eques.dk\/de\/produkt\/liga-eq10016\/#breadcrumb\",\"itemListElement\":[{\"@type\":\"ListItem\",\"position\":1,\"name\":\"Hjem\",\"item\":\"https:\/\/eques.dk\/de\/\"},{\"@type\":\"ListItem\",\"position\":2,\"name\":\"Shop\",\"item\":\"https:\/\/eques.dk\/de\/shop\/\"},{\"@type\":\"ListItem\",\"position\":3,\"name\":\"Liga\"}]},{\"@type\":\"WebSite\",\"@id\":\"https:\/\/eques.dk\/de\/#website\",\"url\":\"https:\/\/eques.dk\/de\/\",\"name\":\"Eques\",\"description\":\"Rideudstyr til islandske heste i dansk design\",\"potentialAction\":[{\"@type\":\"SearchAction\",\"target\":{\"@type\":\"EntryPoint\",\"urlTemplate\":\"https:\/\/eques.dk\/de\/?s={search_term_string}\"},\"query-input\":{\"@type\":\"PropertyValueSpecification\",\"valueRequired\":true,\"valueName\":\"search_term_string\"}}],\"inLanguage\":\"de\"}]}<\/script>\n<!-- \/ Yoast SEO plugin. -->","yoast_head_json":{"title":"Liga : Eques","robots":{"index":"index","follow":"follow","max-snippet":"max-snippet:-1","max-image-preview":"max-image-preview:large","max-video-preview":"max-video-preview:-1"},"canonical":"https:\/\/eques.dk\/de\/produkt\/liga-eq10016\/","og_locale":"de_DE","og_type":"article","og_title":"Liga : Eques","og_description":"EQUES Liga\u2013 designt in Zusammenarbeit mit Gu\u00f0mundur Bj\u00f6rgvinsson   Mittel-tiefer Sitz mit optimaler St\u00fctze  Weiche ergonomische Kniepauschen mit guter Oberschenkelst\u00fctze, welche das Knie nicht behindern.  Am Widerrist gebogene Sattelkissen bieten optimale Schulterfreiheit  A-Baum  Austauschbares Kopfeisen \u2013 Kopfeisen A (standard 26A)  Hergestellt mit Kalbsleder in Topqualit\u00e4t","og_url":"https:\/\/eques.dk\/de\/produkt\/liga-eq10016\/","og_site_name":"Eques","article_modified_time":"2026-04-07T11:33:53+00:00","og_image":[{"width":2048,"height":2048,"url":"https:\/\/eques.dk\/wp-content\/uploads\/2024\/11\/Liga-20240911-0992.jpg","type":"image\/jpeg"}],"twitter_card":"summary_large_image","twitter_misc":{"Gesch\u00e4tzte Lesezeit":"2\u00a0Minuten"},"schema":{"@context":"https:\/\/schema.org","@graph":[{"@type":"WebPage","@id":"https:\/\/eques.dk\/de\/produkt\/liga-eq10016\/","url":"https:\/\/eques.dk\/de\/produkt\/liga-eq10016\/","name":"Liga : Eques","isPartOf":{"@id":"https:\/\/eques.dk\/de\/#website"},"primaryImageOfPage":{"@id":"https:\/\/eques.dk\/de\/produkt\/liga-eq10016\/#primaryimage"},"image":{"@id":"https:\/\/eques.dk\/de\/produkt\/liga-eq10016\/#primaryimage"},"thumbnailUrl":"https:\/\/eques.dk\/wp-content\/uploads\/2024\/11\/Liga-20240911-0992.jpg","datePublished":"2025-01-31T15:26:53+00:00","dateModified":"2026-04-07T11:33:53+00:00","breadcrumb":{"@id":"https:\/\/eques.dk\/de\/produkt\/liga-eq10016\/#breadcrumb"},"inLanguage":"de","potentialAction":[{"@type":"ReadAction","target":["https:\/\/eques.dk\/de\/produkt\/liga-eq10016\/"]}]},{"@type":"ImageObject","inLanguage":"de","@id":"https:\/\/eques.dk\/de\/produkt\/liga-eq10016\/#primaryimage","url":"https:\/\/eques.dk\/wp-content\/uploads\/2024\/11\/Liga-20240911-0992.jpg","contentUrl":"https:\/\/eques.dk\/wp-content\/uploads\/2024\/11\/Liga-20240911-0992.jpg","width":2048,"height":2048},{"@type":"BreadcrumbList","@id":"https:\/\/eques.dk\/de\/produkt\/liga-eq10016\/#breadcrumb","itemListElement":[{"@type":"ListItem","position":1,"name":"Hjem","item":"https:\/\/eques.dk\/de\/"},{"@type":"ListItem","position":2,"name":"Shop","item":"https:\/\/eques.dk\/de\/shop\/"},{"@type":"ListItem","position":3,"name":"Liga"}]},{"@type":"WebSite","@id":"https:\/\/eques.dk\/de\/#website","url":"https:\/\/eques.dk\/de\/","name":"Eques","description":"Rideudstyr til islandske heste i dansk design","potentialAction":[{"@type":"SearchAction","target":{"@type":"EntryPoint","urlTemplate":"https:\/\/eques.dk\/de\/?s={search_term_string}"},"query-input":{"@type":"PropertyValueSpecification","valueRequired":true,"valueName":"search_term_string"}}],"inLanguage":"de"}]}},"_links":{"self":[{"href":"https:\/\/eques.dk\/de\/wp-json\/wp\/v2\/product\/21251","targetHints":{"allow":["GET"]}}],"collection":[{"href":"https:\/\/eques.dk\/de\/wp-json\/wp\/v2\/product"}],"about":[{"href":"https:\/\/eques.dk\/de\/wp-json\/wp\/v2\/types\/product"}],"wp:featuredmedia":[{"embeddable":true,"href":"https:\/\/eques.dk\/de\/wp-json\/wp\/v2\/media\/20615"}],"wp:attachment":[{"href":"https:\/\/eques.dk\/de\/wp-json\/wp\/v2\/media?parent=21251"}],"wp:term":[{"taxonomy":"product_brand","embeddable":true,"href":"https:\/\/eques.dk\/de\/wp-json\/wp\/v2\/product_brand?post=21251"},{"taxonomy":"product_cat","embeddable":true,"href":"https:\/\/eques.dk\/de\/wp-json\/wp\/v2\/product_cat?post=21251"},{"taxonomy":"product_tag","embeddable":true,"href":"https:\/\/eques.dk\/de\/wp-json\/wp\/v2\/product_tag?post=21251"}],"curies":[{"name":"wp","href":"https:\/\/api.w.org\/{rel}","templated":true}]}}