{"id":20780,"date":"2024-12-06T14:50:51","date_gmt":"2024-12-06T14:50:51","guid":{"rendered":"https:\/\/eques.dk\/?post_type=product&#038;p=20780"},"modified":"2026-04-30T15:16:48","modified_gmt":"2026-04-30T15:16:48","slug":"athletic-hoodie-herren-eq82007","status":"publish","type":"product","link":"https:\/\/eques.dk\/de\/produkt\/athletic-hoodie-herren-eq82007\/","title":{"rendered":"Athletic Hoodie &#8211; Herren"},"content":{"rendered":"<p>Sportlicher Reisverschluss-Hoodie mit eleganter Passform und extra langen \u00c4rmeln. Diese sorgen auch beim Reiten f\u00fcr warme und gesch\u00fctzte Handgelenke. Europ\u00e4isch produzierte Meterware in Topqualit\u00e4t, welche nicht fusselt und gut die Form h\u00e4lt. Dazu kommen stabile YKK Reisverschl\u00fcsse, welche f\u00fcr das harte Leben im Stall gemacht sind und als extra Detail ein abnehmbarer Keyhanger als Reisverschlussverl\u00e4ngerung.<\/p>\n<p>&nbsp;<\/p>\n<p>&nbsp;<\/p>\n<p><strong>Gr\u00f6\u00dfen:<\/strong> S-XL<\/p>\n<p><strong>Farbe: <\/strong>Schwarz<\/p>\n<p><strong>Material:<\/strong> 85% Nylon, 15% Spandex<\/p>\n<p><strong>Waschempfehlung: <\/strong>Maschinen bei 40\u00b0C (Keyhanger nicht waschbar)<\/p>\n<p><strong>UVP:<\/strong> 91 Euro<\/p>\n","protected":false},"excerpt":{"rendered":"<p>Reisverschluss-Hoodie in luxus Performance-Qualit\u00e4t mit raffinierten Details.<\/p>\n","protected":false},"featured_media":20942,"template":"","meta":{"_acf_changed":false,"_et_pb_use_builder":"","_et_pb_old_content":"","_et_gb_content_width":""},"product_brand":[],"product_cat":[613,41],"product_tag":[],"class_list":{"0":"post-20780","1":"product","2":"type-product","3":"status-publish","4":"has-post-thumbnail","6":"product_cat-pullover","7":"product_cat-fuer-reiter","9":"first","10":"instock","11":"shipping-taxable","12":"product-type-variable"},"acf":[],"yoast_head":"<!-- This site is optimized with the Yoast SEO plugin v26.3 - https:\/\/yoast.com\/wordpress\/plugins\/seo\/ -->\n<title>Athletic Hoodie - Herren : Eques<\/title>\n<meta name=\"robots\" content=\"index, follow, max-snippet:-1, max-image-preview:large, max-video-preview:-1\" \/>\n<link rel=\"canonical\" href=\"https:\/\/eques.dk\/de\/produkt\/athletic-hoodie-herren-eq82007\/\" \/>\n<meta property=\"og:locale\" content=\"de_DE\" \/>\n<meta property=\"og:type\" content=\"article\" \/>\n<meta property=\"og:title\" content=\"Athletic Hoodie - Herren : Eques\" \/>\n<meta property=\"og:description\" content=\"Reisverschluss-Hoodie in luxus Performance-Qualit\u00e4t mit raffinierten Details.\" \/>\n<meta property=\"og:url\" content=\"https:\/\/eques.dk\/de\/produkt\/athletic-hoodie-herren-eq82007\/\" \/>\n<meta property=\"og:site_name\" content=\"Eques\" \/>\n<meta property=\"article:modified_time\" content=\"2026-04-30T15:16:48+00:00\" \/>\n<meta property=\"og:image\" content=\"https:\/\/eques.dk\/wp-content\/uploads\/2024\/12\/Athletic-Hoodie-Men-Kvartrat--1024x1024.png\" \/>\n\t<meta property=\"og:image:width\" content=\"1024\" \/>\n\t<meta property=\"og:image:height\" content=\"1024\" \/>\n\t<meta property=\"og:image:type\" content=\"image\/png\" \/>\n<meta name=\"twitter:card\" content=\"summary_large_image\" \/>\n<meta name=\"twitter:label1\" content=\"Gesch\u00e4tzte Lesezeit\" \/>\n\t<meta name=\"twitter:data1\" content=\"1\u00a0Minute\" \/>\n<script type=\"application\/ld+json\" class=\"yoast-schema-graph\">{\"@context\":\"https:\/\/schema.org\",\"@graph\":[{\"@type\":\"WebPage\",\"@id\":\"https:\/\/eques.dk\/de\/produkt\/athletic-hoodie-herren-eq82007\/\",\"url\":\"https:\/\/eques.dk\/de\/produkt\/athletic-hoodie-herren-eq82007\/\",\"name\":\"Athletic Hoodie - Herren : Eques\",\"isPartOf\":{\"@id\":\"https:\/\/eques.dk\/de\/#website\"},\"primaryImageOfPage\":{\"@id\":\"https:\/\/eques.dk\/de\/produkt\/athletic-hoodie-herren-eq82007\/#primaryimage\"},\"image\":{\"@id\":\"https:\/\/eques.dk\/de\/produkt\/athletic-hoodie-herren-eq82007\/#primaryimage\"},\"thumbnailUrl\":\"https:\/\/eques.dk\/wp-content\/uploads\/2024\/12\/Athletic-Hoodie-Men-Kvartrat-.png\",\"datePublished\":\"2024-12-06T14:50:51+00:00\",\"dateModified\":\"2026-04-30T15:16:48+00:00\",\"breadcrumb\":{\"@id\":\"https:\/\/eques.dk\/de\/produkt\/athletic-hoodie-herren-eq82007\/#breadcrumb\"},\"inLanguage\":\"de\",\"potentialAction\":[{\"@type\":\"ReadAction\",\"target\":[\"https:\/\/eques.dk\/de\/produkt\/athletic-hoodie-herren-eq82007\/\"]}]},{\"@type\":\"ImageObject\",\"inLanguage\":\"de\",\"@id\":\"https:\/\/eques.dk\/de\/produkt\/athletic-hoodie-herren-eq82007\/#primaryimage\",\"url\":\"https:\/\/eques.dk\/wp-content\/uploads\/2024\/12\/Athletic-Hoodie-Men-Kvartrat-.png\",\"contentUrl\":\"https:\/\/eques.dk\/wp-content\/uploads\/2024\/12\/Athletic-Hoodie-Men-Kvartrat-.png\",\"width\":2048,\"height\":2048},{\"@type\":\"BreadcrumbList\",\"@id\":\"https:\/\/eques.dk\/de\/produkt\/athletic-hoodie-herren-eq82007\/#breadcrumb\",\"itemListElement\":[{\"@type\":\"ListItem\",\"position\":1,\"name\":\"Hjem\",\"item\":\"https:\/\/eques.dk\/de\/\"},{\"@type\":\"ListItem\",\"position\":2,\"name\":\"Shop\",\"item\":\"https:\/\/eques.dk\/de\/shop\/\"},{\"@type\":\"ListItem\",\"position\":3,\"name\":\"Athletic Hoodie &#8211; Herren\"}]},{\"@type\":\"WebSite\",\"@id\":\"https:\/\/eques.dk\/de\/#website\",\"url\":\"https:\/\/eques.dk\/de\/\",\"name\":\"Eques\",\"description\":\"Rideudstyr til islandske heste i dansk design\",\"potentialAction\":[{\"@type\":\"SearchAction\",\"target\":{\"@type\":\"EntryPoint\",\"urlTemplate\":\"https:\/\/eques.dk\/de\/?s={search_term_string}\"},\"query-input\":{\"@type\":\"PropertyValueSpecification\",\"valueRequired\":true,\"valueName\":\"search_term_string\"}}],\"inLanguage\":\"de\"}]}<\/script>\n<!-- \/ Yoast SEO plugin. -->","yoast_head_json":{"title":"Athletic Hoodie - Herren : Eques","robots":{"index":"index","follow":"follow","max-snippet":"max-snippet:-1","max-image-preview":"max-image-preview:large","max-video-preview":"max-video-preview:-1"},"canonical":"https:\/\/eques.dk\/de\/produkt\/athletic-hoodie-herren-eq82007\/","og_locale":"de_DE","og_type":"article","og_title":"Athletic Hoodie - Herren : Eques","og_description":"Reisverschluss-Hoodie in luxus Performance-Qualit\u00e4t mit raffinierten Details.","og_url":"https:\/\/eques.dk\/de\/produkt\/athletic-hoodie-herren-eq82007\/","og_site_name":"Eques","article_modified_time":"2026-04-30T15:16:48+00:00","og_image":[{"width":1024,"height":1024,"url":"https:\/\/eques.dk\/wp-content\/uploads\/2024\/12\/Athletic-Hoodie-Men-Kvartrat--1024x1024.png","type":"image\/png"}],"twitter_card":"summary_large_image","twitter_misc":{"Gesch\u00e4tzte Lesezeit":"1\u00a0Minute"},"schema":{"@context":"https:\/\/schema.org","@graph":[{"@type":"WebPage","@id":"https:\/\/eques.dk\/de\/produkt\/athletic-hoodie-herren-eq82007\/","url":"https:\/\/eques.dk\/de\/produkt\/athletic-hoodie-herren-eq82007\/","name":"Athletic Hoodie - Herren : Eques","isPartOf":{"@id":"https:\/\/eques.dk\/de\/#website"},"primaryImageOfPage":{"@id":"https:\/\/eques.dk\/de\/produkt\/athletic-hoodie-herren-eq82007\/#primaryimage"},"image":{"@id":"https:\/\/eques.dk\/de\/produkt\/athletic-hoodie-herren-eq82007\/#primaryimage"},"thumbnailUrl":"https:\/\/eques.dk\/wp-content\/uploads\/2024\/12\/Athletic-Hoodie-Men-Kvartrat-.png","datePublished":"2024-12-06T14:50:51+00:00","dateModified":"2026-04-30T15:16:48+00:00","breadcrumb":{"@id":"https:\/\/eques.dk\/de\/produkt\/athletic-hoodie-herren-eq82007\/#breadcrumb"},"inLanguage":"de","potentialAction":[{"@type":"ReadAction","target":["https:\/\/eques.dk\/de\/produkt\/athletic-hoodie-herren-eq82007\/"]}]},{"@type":"ImageObject","inLanguage":"de","@id":"https:\/\/eques.dk\/de\/produkt\/athletic-hoodie-herren-eq82007\/#primaryimage","url":"https:\/\/eques.dk\/wp-content\/uploads\/2024\/12\/Athletic-Hoodie-Men-Kvartrat-.png","contentUrl":"https:\/\/eques.dk\/wp-content\/uploads\/2024\/12\/Athletic-Hoodie-Men-Kvartrat-.png","width":2048,"height":2048},{"@type":"BreadcrumbList","@id":"https:\/\/eques.dk\/de\/produkt\/athletic-hoodie-herren-eq82007\/#breadcrumb","itemListElement":[{"@type":"ListItem","position":1,"name":"Hjem","item":"https:\/\/eques.dk\/de\/"},{"@type":"ListItem","position":2,"name":"Shop","item":"https:\/\/eques.dk\/de\/shop\/"},{"@type":"ListItem","position":3,"name":"Athletic Hoodie &#8211; Herren"}]},{"@type":"WebSite","@id":"https:\/\/eques.dk\/de\/#website","url":"https:\/\/eques.dk\/de\/","name":"Eques","description":"Rideudstyr til islandske heste i dansk design","potentialAction":[{"@type":"SearchAction","target":{"@type":"EntryPoint","urlTemplate":"https:\/\/eques.dk\/de\/?s={search_term_string}"},"query-input":{"@type":"PropertyValueSpecification","valueRequired":true,"valueName":"search_term_string"}}],"inLanguage":"de"}]}},"_links":{"self":[{"href":"https:\/\/eques.dk\/de\/wp-json\/wp\/v2\/product\/20780","targetHints":{"allow":["GET"]}}],"collection":[{"href":"https:\/\/eques.dk\/de\/wp-json\/wp\/v2\/product"}],"about":[{"href":"https:\/\/eques.dk\/de\/wp-json\/wp\/v2\/types\/product"}],"wp:featuredmedia":[{"embeddable":true,"href":"https:\/\/eques.dk\/de\/wp-json\/wp\/v2\/media\/20942"}],"wp:attachment":[{"href":"https:\/\/eques.dk\/de\/wp-json\/wp\/v2\/media?parent=20780"}],"wp:term":[{"taxonomy":"product_brand","embeddable":true,"href":"https:\/\/eques.dk\/de\/wp-json\/wp\/v2\/product_brand?post=20780"},{"taxonomy":"product_cat","embeddable":true,"href":"https:\/\/eques.dk\/de\/wp-json\/wp\/v2\/product_cat?post=20780"},{"taxonomy":"product_tag","embeddable":true,"href":"https:\/\/eques.dk\/de\/wp-json\/wp\/v2\/product_tag?post=20780"}],"curies":[{"name":"wp","href":"https:\/\/api.w.org\/{rel}","templated":true}]}}