{"id":15504,"date":"2023-01-31T13:47:21","date_gmt":"2023-01-31T13:47:21","guid":{"rendered":"https:\/\/eques.dk\/?post_type=product&#038;p=15504"},"modified":"2026-02-23T19:50:28","modified_gmt":"2026-02-23T19:50:28","slug":"core-trainer-satteldecke-eq18800-bk-5744003876105","status":"publish","type":"product","link":"https:\/\/eques.dk\/de\/produkt\/core-trainer-satteldecke-eq18800-bk-5744003876105\/","title":{"rendered":"Core Trainer Satteldecke"},"content":{"rendered":"<p class=\"price-wrapper\">Zum Kombinieren mit dem <a href=\"https:\/\/eques.dk\/de\/produkt\/gummibaender-eq61006-5744003873760\/\">Gummib\u00e4nder &#8211; Set<\/a> oder den B\u00e4ndern des <a href=\"https:\/\/eques.dk\/de\/produkt\/core-trainer-longiersystem-eq61004-5744003873746\/\">Core Trainer Longesystems<\/a> und normaler Trense und Sattel.<\/p>\n<p class=\"price-wrapper\">Die zwei elastischen B\u00e4nder aktivieren sowohl Hinterhand als auch Bauchmuskulatur. Dadurch kommt der ganze &#8222;Core&#8220; des Pferdes (Muskulatur in der zentralen K\u00f6rperpartie) zum Arbeiten Der Reiterschenkel kann bei der Verwendung der Core Trainer Satteldecke diese Arbeit weiter unterst\u00fctzen.<\/p>\n<p>Mit der Hand\/dem Z\u00fcgel wird dem Pferd au\u00dferdem geholfen vorw\u00e4rts-abw\u00e4rts zu suchen.<\/p>\n<p>&nbsp;<\/p>\n<p><strong>Pflege: <\/strong>Handw\u00e4sche mit milder Seife<\/p>\n<p><strong>UVP:<\/strong> 67 Euro<\/p>\n","protected":false},"excerpt":{"rendered":"<p>Core Trainer zur Benutzung beim Reiten<\/p>\n<p>Designt um die Kernmuskulatur des Pferdes zu aktivieren.<\/p>\n<p>&nbsp;<\/p>\n","protected":false},"featured_media":15692,"template":"","meta":{"_acf_changed":false,"_et_pb_use_builder":"","_et_pb_old_content":"","_et_gb_content_width":""},"product_brand":[],"product_cat":[476,334],"product_tag":[],"class_list":{"0":"post-15504","1":"product","2":"type-product","3":"status-publish","4":"has-post-thumbnail","6":"product_cat-longieren","7":"product_cat-unterlagen","9":"first","10":"instock","11":"shipping-taxable","12":"product-type-simple"},"acf":[],"yoast_head":"<!-- This site is optimized with the Yoast SEO plugin v26.3 - https:\/\/yoast.com\/wordpress\/plugins\/seo\/ -->\n<title>Core Trainer Satteldecke : Eques<\/title>\n<meta name=\"robots\" content=\"index, follow, max-snippet:-1, max-image-preview:large, max-video-preview:-1\" \/>\n<link rel=\"canonical\" href=\"https:\/\/eques.dk\/de\/produkt\/core-trainer-satteldecke-eq18800-bk-5744003876105\/\" \/>\n<meta property=\"og:locale\" content=\"de_DE\" \/>\n<meta property=\"og:type\" content=\"article\" \/>\n<meta property=\"og:title\" content=\"Core Trainer Satteldecke : Eques\" \/>\n<meta property=\"og:description\" content=\"Core Trainer zur Benutzung beim Reiten  Designt um die Kernmuskulatur des Pferdes zu aktivieren.  &nbsp;\" \/>\n<meta property=\"og:url\" content=\"https:\/\/eques.dk\/de\/produkt\/core-trainer-satteldecke-eq18800-bk-5744003876105\/\" \/>\n<meta property=\"og:site_name\" content=\"Eques\" \/>\n<meta property=\"article:modified_time\" content=\"2026-02-23T19:50:28+00:00\" \/>\n<meta property=\"og:image\" content=\"https:\/\/eques.dk\/wp-content\/uploads\/2022\/12\/R5AH8314-Edit.jpg\" \/>\n\t<meta property=\"og:image:width\" content=\"2048\" \/>\n\t<meta property=\"og:image:height\" content=\"1365\" \/>\n\t<meta property=\"og:image:type\" content=\"image\/jpeg\" \/>\n<meta name=\"twitter:card\" content=\"summary_large_image\" \/>\n<meta name=\"twitter:label1\" content=\"Gesch\u00e4tzte Lesezeit\" \/>\n\t<meta name=\"twitter:data1\" content=\"1\u00a0Minute\" \/>\n<script type=\"application\/ld+json\" class=\"yoast-schema-graph\">{\"@context\":\"https:\/\/schema.org\",\"@graph\":[{\"@type\":\"WebPage\",\"@id\":\"https:\/\/eques.dk\/de\/produkt\/core-trainer-satteldecke-eq18800-bk-5744003876105\/\",\"url\":\"https:\/\/eques.dk\/de\/produkt\/core-trainer-satteldecke-eq18800-bk-5744003876105\/\",\"name\":\"Core Trainer Satteldecke : Eques\",\"isPartOf\":{\"@id\":\"https:\/\/eques.dk\/de\/#website\"},\"primaryImageOfPage\":{\"@id\":\"https:\/\/eques.dk\/de\/produkt\/core-trainer-satteldecke-eq18800-bk-5744003876105\/#primaryimage\"},\"image\":{\"@id\":\"https:\/\/eques.dk\/de\/produkt\/core-trainer-satteldecke-eq18800-bk-5744003876105\/#primaryimage\"},\"thumbnailUrl\":\"https:\/\/eques.dk\/wp-content\/uploads\/2022\/12\/R5AH8314-Edit.jpg\",\"datePublished\":\"2023-01-31T13:47:21+00:00\",\"dateModified\":\"2026-02-23T19:50:28+00:00\",\"breadcrumb\":{\"@id\":\"https:\/\/eques.dk\/de\/produkt\/core-trainer-satteldecke-eq18800-bk-5744003876105\/#breadcrumb\"},\"inLanguage\":\"de\",\"potentialAction\":[{\"@type\":\"ReadAction\",\"target\":[\"https:\/\/eques.dk\/de\/produkt\/core-trainer-satteldecke-eq18800-bk-5744003876105\/\"]}]},{\"@type\":\"ImageObject\",\"inLanguage\":\"de\",\"@id\":\"https:\/\/eques.dk\/de\/produkt\/core-trainer-satteldecke-eq18800-bk-5744003876105\/#primaryimage\",\"url\":\"https:\/\/eques.dk\/wp-content\/uploads\/2022\/12\/R5AH8314-Edit.jpg\",\"contentUrl\":\"https:\/\/eques.dk\/wp-content\/uploads\/2022\/12\/R5AH8314-Edit.jpg\",\"width\":2048,\"height\":1365},{\"@type\":\"BreadcrumbList\",\"@id\":\"https:\/\/eques.dk\/de\/produkt\/core-trainer-satteldecke-eq18800-bk-5744003876105\/#breadcrumb\",\"itemListElement\":[{\"@type\":\"ListItem\",\"position\":1,\"name\":\"Hjem\",\"item\":\"https:\/\/eques.dk\/de\/\"},{\"@type\":\"ListItem\",\"position\":2,\"name\":\"Shop\",\"item\":\"https:\/\/eques.dk\/de\/shop\/\"},{\"@type\":\"ListItem\",\"position\":3,\"name\":\"Core Trainer Satteldecke\"}]},{\"@type\":\"WebSite\",\"@id\":\"https:\/\/eques.dk\/de\/#website\",\"url\":\"https:\/\/eques.dk\/de\/\",\"name\":\"Eques\",\"description\":\"Rideudstyr til islandske heste i dansk design\",\"potentialAction\":[{\"@type\":\"SearchAction\",\"target\":{\"@type\":\"EntryPoint\",\"urlTemplate\":\"https:\/\/eques.dk\/de\/?s={search_term_string}\"},\"query-input\":{\"@type\":\"PropertyValueSpecification\",\"valueRequired\":true,\"valueName\":\"search_term_string\"}}],\"inLanguage\":\"de\"}]}<\/script>\n<!-- \/ Yoast SEO plugin. -->","yoast_head_json":{"title":"Core Trainer Satteldecke : Eques","robots":{"index":"index","follow":"follow","max-snippet":"max-snippet:-1","max-image-preview":"max-image-preview:large","max-video-preview":"max-video-preview:-1"},"canonical":"https:\/\/eques.dk\/de\/produkt\/core-trainer-satteldecke-eq18800-bk-5744003876105\/","og_locale":"de_DE","og_type":"article","og_title":"Core Trainer Satteldecke : Eques","og_description":"Core Trainer zur Benutzung beim Reiten  Designt um die Kernmuskulatur des Pferdes zu aktivieren.  &nbsp;","og_url":"https:\/\/eques.dk\/de\/produkt\/core-trainer-satteldecke-eq18800-bk-5744003876105\/","og_site_name":"Eques","article_modified_time":"2026-02-23T19:50:28+00:00","og_image":[{"width":2048,"height":1365,"url":"https:\/\/eques.dk\/wp-content\/uploads\/2022\/12\/R5AH8314-Edit.jpg","type":"image\/jpeg"}],"twitter_card":"summary_large_image","twitter_misc":{"Gesch\u00e4tzte Lesezeit":"1\u00a0Minute"},"schema":{"@context":"https:\/\/schema.org","@graph":[{"@type":"WebPage","@id":"https:\/\/eques.dk\/de\/produkt\/core-trainer-satteldecke-eq18800-bk-5744003876105\/","url":"https:\/\/eques.dk\/de\/produkt\/core-trainer-satteldecke-eq18800-bk-5744003876105\/","name":"Core Trainer Satteldecke : Eques","isPartOf":{"@id":"https:\/\/eques.dk\/de\/#website"},"primaryImageOfPage":{"@id":"https:\/\/eques.dk\/de\/produkt\/core-trainer-satteldecke-eq18800-bk-5744003876105\/#primaryimage"},"image":{"@id":"https:\/\/eques.dk\/de\/produkt\/core-trainer-satteldecke-eq18800-bk-5744003876105\/#primaryimage"},"thumbnailUrl":"https:\/\/eques.dk\/wp-content\/uploads\/2022\/12\/R5AH8314-Edit.jpg","datePublished":"2023-01-31T13:47:21+00:00","dateModified":"2026-02-23T19:50:28+00:00","breadcrumb":{"@id":"https:\/\/eques.dk\/de\/produkt\/core-trainer-satteldecke-eq18800-bk-5744003876105\/#breadcrumb"},"inLanguage":"de","potentialAction":[{"@type":"ReadAction","target":["https:\/\/eques.dk\/de\/produkt\/core-trainer-satteldecke-eq18800-bk-5744003876105\/"]}]},{"@type":"ImageObject","inLanguage":"de","@id":"https:\/\/eques.dk\/de\/produkt\/core-trainer-satteldecke-eq18800-bk-5744003876105\/#primaryimage","url":"https:\/\/eques.dk\/wp-content\/uploads\/2022\/12\/R5AH8314-Edit.jpg","contentUrl":"https:\/\/eques.dk\/wp-content\/uploads\/2022\/12\/R5AH8314-Edit.jpg","width":2048,"height":1365},{"@type":"BreadcrumbList","@id":"https:\/\/eques.dk\/de\/produkt\/core-trainer-satteldecke-eq18800-bk-5744003876105\/#breadcrumb","itemListElement":[{"@type":"ListItem","position":1,"name":"Hjem","item":"https:\/\/eques.dk\/de\/"},{"@type":"ListItem","position":2,"name":"Shop","item":"https:\/\/eques.dk\/de\/shop\/"},{"@type":"ListItem","position":3,"name":"Core Trainer Satteldecke"}]},{"@type":"WebSite","@id":"https:\/\/eques.dk\/de\/#website","url":"https:\/\/eques.dk\/de\/","name":"Eques","description":"Rideudstyr til islandske heste i dansk design","potentialAction":[{"@type":"SearchAction","target":{"@type":"EntryPoint","urlTemplate":"https:\/\/eques.dk\/de\/?s={search_term_string}"},"query-input":{"@type":"PropertyValueSpecification","valueRequired":true,"valueName":"search_term_string"}}],"inLanguage":"de"}]}},"_links":{"self":[{"href":"https:\/\/eques.dk\/de\/wp-json\/wp\/v2\/product\/15504","targetHints":{"allow":["GET"]}}],"collection":[{"href":"https:\/\/eques.dk\/de\/wp-json\/wp\/v2\/product"}],"about":[{"href":"https:\/\/eques.dk\/de\/wp-json\/wp\/v2\/types\/product"}],"wp:featuredmedia":[{"embeddable":true,"href":"https:\/\/eques.dk\/de\/wp-json\/wp\/v2\/media\/15692"}],"wp:attachment":[{"href":"https:\/\/eques.dk\/de\/wp-json\/wp\/v2\/media?parent=15504"}],"wp:term":[{"taxonomy":"product_brand","embeddable":true,"href":"https:\/\/eques.dk\/de\/wp-json\/wp\/v2\/product_brand?post=15504"},{"taxonomy":"product_cat","embeddable":true,"href":"https:\/\/eques.dk\/de\/wp-json\/wp\/v2\/product_cat?post=15504"},{"taxonomy":"product_tag","embeddable":true,"href":"https:\/\/eques.dk\/de\/wp-json\/wp\/v2\/product_tag?post=15504"}],"curies":[{"name":"wp","href":"https:\/\/api.w.org\/{rel}","templated":true}]}}