{"id":15473,"date":"2022-12-29T12:44:57","date_gmt":"2022-12-29T12:44:57","guid":{"rendered":"https:\/\/eques.dk\/?post_type=product&#038;p=15473"},"modified":"2023-12-11T07:55:48","modified_gmt":"2023-12-11T07:55:48","slug":"steigbuegelriemen-black-edition-braun-eq17003","status":"publish","type":"product","link":"https:\/\/eques.dk\/de\/produkt\/steigbuegelriemen-black-edition-braun-eq17003\/","title":{"rendered":"Steigb\u00fcgelriemen &#8211; Black Edition &#8211; Braun"},"content":{"rendered":"<p><strong>Gr\u00f6\u00dfen: <\/strong>70 cm und 80 cm<\/p>\n<p><strong>Pflege:<\/strong> Mit <a href=\"https:\/\/eques.dk\/de\/produkt\/black-edition-clean-eq64001-5744003873845\/\">Black Edition Clean<\/a> reinigen und danach mit <a href=\"https:\/\/eques.dk\/de\/produkt\/black-edition-care-eq64002-574400387385\/\">Black Edition Care<\/a> fetten.<\/p>\n<p><strong>UVP:<\/strong> 77 Euro<\/p>\n<p>&nbsp;<\/p>\n<p>Der <strong>Black Edition<\/strong>Steigb\u00fcgelriemen hat einen Nylonkern, der daf\u00fcr sorgt, dass der Riemen nicht ausleiert. Die Oberfl\u00e4che ist Qualit\u00e4tsleder und verleiht dem Riemen ein luxuri\u00f6ses Aussehen. Die klassischen Schnallen machen es einfach, die L\u00e4nge anzupassen.<\/p>\n<p>Der Steigb\u00fcgelriemen wurde zusammen mit Nils-Christian Larsen entwickelt.<\/p>\n","protected":false},"excerpt":{"rendered":"<p>Dunkelbraune Steigb\u00fcgelriemen aus Qualit\u00e4tsleder mit Nylonkern und einfach justierbaren Schnallen.<\/p>\n<p><img loading=\"lazy\" decoding=\"async\" class=\"aligncenter wp-image-9524 \" src=\"https:\/\/eques.dk\/wp-content\/uploads\/2019\/08\/eques_black_logo2-e1609328533769.png\" alt=\"\" width=\"116\" height=\"168\" \/><\/p>\n","protected":false},"featured_media":17725,"template":"","meta":{"_acf_changed":false,"_et_pb_use_builder":"","_et_pb_old_content":"","_et_gb_content_width":""},"product_brand":[],"product_cat":[319,333],"product_tag":[],"class_list":{"0":"post-15473","1":"product","2":"type-product","3":"status-publish","4":"has-post-thumbnail","6":"product_cat-sattel-zubehoer","7":"product_cat-steigbuegel","9":"first","10":"instock","11":"shipping-taxable","12":"product-type-variable"},"acf":[],"yoast_head":"<!-- This site is optimized with the Yoast SEO plugin v26.3 - https:\/\/yoast.com\/wordpress\/plugins\/seo\/ -->\n<title>Steigb\u00fcgelriemen - Black Edition - Braun : Eques<\/title>\n<meta name=\"robots\" content=\"index, follow, max-snippet:-1, max-image-preview:large, max-video-preview:-1\" \/>\n<link rel=\"canonical\" href=\"https:\/\/eques.dk\/de\/produkt\/steigbuegelriemen-black-edition-braun-eq17003\/\" \/>\n<meta property=\"og:locale\" content=\"de_DE\" \/>\n<meta property=\"og:type\" content=\"article\" \/>\n<meta property=\"og:title\" content=\"Steigb\u00fcgelriemen - Black Edition - Braun : Eques\" \/>\n<meta property=\"og:description\" content=\"Dunkelbraune Steigb\u00fcgelriemen aus Qualit\u00e4tsleder mit Nylonkern und einfach justierbaren Schnallen.\" \/>\n<meta property=\"og:url\" content=\"https:\/\/eques.dk\/de\/produkt\/steigbuegelriemen-black-edition-braun-eq17003\/\" \/>\n<meta property=\"og:site_name\" content=\"Eques\" \/>\n<meta property=\"article:modified_time\" content=\"2023-12-11T07:55:48+00:00\" \/>\n<meta property=\"og:image\" content=\"https:\/\/eques.dk\/wp-content\/uploads\/2022\/12\/EQ17003-20230927-3255.jpg\" \/>\n\t<meta property=\"og:image:width\" content=\"2048\" \/>\n\t<meta property=\"og:image:height\" content=\"2048\" \/>\n\t<meta property=\"og:image:type\" content=\"image\/jpeg\" \/>\n<meta name=\"twitter:card\" content=\"summary_large_image\" \/>\n<meta name=\"twitter:label1\" content=\"Gesch\u00e4tzte Lesezeit\" \/>\n\t<meta name=\"twitter:data1\" content=\"1\u00a0Minute\" \/>\n<script type=\"application\/ld+json\" class=\"yoast-schema-graph\">{\"@context\":\"https:\/\/schema.org\",\"@graph\":[{\"@type\":\"WebPage\",\"@id\":\"https:\/\/eques.dk\/de\/produkt\/steigbuegelriemen-black-edition-braun-eq17003\/\",\"url\":\"https:\/\/eques.dk\/de\/produkt\/steigbuegelriemen-black-edition-braun-eq17003\/\",\"name\":\"Steigb\u00fcgelriemen - Black Edition - Braun : Eques\",\"isPartOf\":{\"@id\":\"https:\/\/eques.dk\/de\/#website\"},\"primaryImageOfPage\":{\"@id\":\"https:\/\/eques.dk\/de\/produkt\/steigbuegelriemen-black-edition-braun-eq17003\/#primaryimage\"},\"image\":{\"@id\":\"https:\/\/eques.dk\/de\/produkt\/steigbuegelriemen-black-edition-braun-eq17003\/#primaryimage\"},\"thumbnailUrl\":\"https:\/\/eques.dk\/wp-content\/uploads\/2022\/12\/EQ17003-20230927-3255.jpg\",\"datePublished\":\"2022-12-29T12:44:57+00:00\",\"dateModified\":\"2023-12-11T07:55:48+00:00\",\"breadcrumb\":{\"@id\":\"https:\/\/eques.dk\/de\/produkt\/steigbuegelriemen-black-edition-braun-eq17003\/#breadcrumb\"},\"inLanguage\":\"de\",\"potentialAction\":[{\"@type\":\"ReadAction\",\"target\":[\"https:\/\/eques.dk\/de\/produkt\/steigbuegelriemen-black-edition-braun-eq17003\/\"]}]},{\"@type\":\"ImageObject\",\"inLanguage\":\"de\",\"@id\":\"https:\/\/eques.dk\/de\/produkt\/steigbuegelriemen-black-edition-braun-eq17003\/#primaryimage\",\"url\":\"https:\/\/eques.dk\/wp-content\/uploads\/2022\/12\/EQ17003-20230927-3255.jpg\",\"contentUrl\":\"https:\/\/eques.dk\/wp-content\/uploads\/2022\/12\/EQ17003-20230927-3255.jpg\",\"width\":2048,\"height\":2048},{\"@type\":\"BreadcrumbList\",\"@id\":\"https:\/\/eques.dk\/de\/produkt\/steigbuegelriemen-black-edition-braun-eq17003\/#breadcrumb\",\"itemListElement\":[{\"@type\":\"ListItem\",\"position\":1,\"name\":\"Hjem\",\"item\":\"https:\/\/eques.dk\/de\/\"},{\"@type\":\"ListItem\",\"position\":2,\"name\":\"Shop\",\"item\":\"https:\/\/eques.dk\/de\/shop\/\"},{\"@type\":\"ListItem\",\"position\":3,\"name\":\"Steigb\u00fcgelriemen &#8211; Black Edition &#8211; Braun\"}]},{\"@type\":\"WebSite\",\"@id\":\"https:\/\/eques.dk\/de\/#website\",\"url\":\"https:\/\/eques.dk\/de\/\",\"name\":\"Eques\",\"description\":\"Rideudstyr til islandske heste i dansk design\",\"potentialAction\":[{\"@type\":\"SearchAction\",\"target\":{\"@type\":\"EntryPoint\",\"urlTemplate\":\"https:\/\/eques.dk\/de\/?s={search_term_string}\"},\"query-input\":{\"@type\":\"PropertyValueSpecification\",\"valueRequired\":true,\"valueName\":\"search_term_string\"}}],\"inLanguage\":\"de\"}]}<\/script>\n<!-- \/ Yoast SEO plugin. -->","yoast_head_json":{"title":"Steigb\u00fcgelriemen - Black Edition - Braun : Eques","robots":{"index":"index","follow":"follow","max-snippet":"max-snippet:-1","max-image-preview":"max-image-preview:large","max-video-preview":"max-video-preview:-1"},"canonical":"https:\/\/eques.dk\/de\/produkt\/steigbuegelriemen-black-edition-braun-eq17003\/","og_locale":"de_DE","og_type":"article","og_title":"Steigb\u00fcgelriemen - Black Edition - Braun : Eques","og_description":"Dunkelbraune Steigb\u00fcgelriemen aus Qualit\u00e4tsleder mit Nylonkern und einfach justierbaren Schnallen.","og_url":"https:\/\/eques.dk\/de\/produkt\/steigbuegelriemen-black-edition-braun-eq17003\/","og_site_name":"Eques","article_modified_time":"2023-12-11T07:55:48+00:00","og_image":[{"width":2048,"height":2048,"url":"https:\/\/eques.dk\/wp-content\/uploads\/2022\/12\/EQ17003-20230927-3255.jpg","type":"image\/jpeg"}],"twitter_card":"summary_large_image","twitter_misc":{"Gesch\u00e4tzte Lesezeit":"1\u00a0Minute"},"schema":{"@context":"https:\/\/schema.org","@graph":[{"@type":"WebPage","@id":"https:\/\/eques.dk\/de\/produkt\/steigbuegelriemen-black-edition-braun-eq17003\/","url":"https:\/\/eques.dk\/de\/produkt\/steigbuegelriemen-black-edition-braun-eq17003\/","name":"Steigb\u00fcgelriemen - Black Edition - Braun : Eques","isPartOf":{"@id":"https:\/\/eques.dk\/de\/#website"},"primaryImageOfPage":{"@id":"https:\/\/eques.dk\/de\/produkt\/steigbuegelriemen-black-edition-braun-eq17003\/#primaryimage"},"image":{"@id":"https:\/\/eques.dk\/de\/produkt\/steigbuegelriemen-black-edition-braun-eq17003\/#primaryimage"},"thumbnailUrl":"https:\/\/eques.dk\/wp-content\/uploads\/2022\/12\/EQ17003-20230927-3255.jpg","datePublished":"2022-12-29T12:44:57+00:00","dateModified":"2023-12-11T07:55:48+00:00","breadcrumb":{"@id":"https:\/\/eques.dk\/de\/produkt\/steigbuegelriemen-black-edition-braun-eq17003\/#breadcrumb"},"inLanguage":"de","potentialAction":[{"@type":"ReadAction","target":["https:\/\/eques.dk\/de\/produkt\/steigbuegelriemen-black-edition-braun-eq17003\/"]}]},{"@type":"ImageObject","inLanguage":"de","@id":"https:\/\/eques.dk\/de\/produkt\/steigbuegelriemen-black-edition-braun-eq17003\/#primaryimage","url":"https:\/\/eques.dk\/wp-content\/uploads\/2022\/12\/EQ17003-20230927-3255.jpg","contentUrl":"https:\/\/eques.dk\/wp-content\/uploads\/2022\/12\/EQ17003-20230927-3255.jpg","width":2048,"height":2048},{"@type":"BreadcrumbList","@id":"https:\/\/eques.dk\/de\/produkt\/steigbuegelriemen-black-edition-braun-eq17003\/#breadcrumb","itemListElement":[{"@type":"ListItem","position":1,"name":"Hjem","item":"https:\/\/eques.dk\/de\/"},{"@type":"ListItem","position":2,"name":"Shop","item":"https:\/\/eques.dk\/de\/shop\/"},{"@type":"ListItem","position":3,"name":"Steigb\u00fcgelriemen &#8211; Black Edition &#8211; Braun"}]},{"@type":"WebSite","@id":"https:\/\/eques.dk\/de\/#website","url":"https:\/\/eques.dk\/de\/","name":"Eques","description":"Rideudstyr til islandske heste i dansk design","potentialAction":[{"@type":"SearchAction","target":{"@type":"EntryPoint","urlTemplate":"https:\/\/eques.dk\/de\/?s={search_term_string}"},"query-input":{"@type":"PropertyValueSpecification","valueRequired":true,"valueName":"search_term_string"}}],"inLanguage":"de"}]}},"_links":{"self":[{"href":"https:\/\/eques.dk\/de\/wp-json\/wp\/v2\/product\/15473","targetHints":{"allow":["GET"]}}],"collection":[{"href":"https:\/\/eques.dk\/de\/wp-json\/wp\/v2\/product"}],"about":[{"href":"https:\/\/eques.dk\/de\/wp-json\/wp\/v2\/types\/product"}],"wp:featuredmedia":[{"embeddable":true,"href":"https:\/\/eques.dk\/de\/wp-json\/wp\/v2\/media\/17725"}],"wp:attachment":[{"href":"https:\/\/eques.dk\/de\/wp-json\/wp\/v2\/media?parent=15473"}],"wp:term":[{"taxonomy":"product_brand","embeddable":true,"href":"https:\/\/eques.dk\/de\/wp-json\/wp\/v2\/product_brand?post=15473"},{"taxonomy":"product_cat","embeddable":true,"href":"https:\/\/eques.dk\/de\/wp-json\/wp\/v2\/product_cat?post=15473"},{"taxonomy":"product_tag","embeddable":true,"href":"https:\/\/eques.dk\/de\/wp-json\/wp\/v2\/product_tag?post=15473"}],"curies":[{"name":"wp","href":"https:\/\/api.w.org\/{rel}","templated":true}]}}