{"id":15397,"date":"2022-12-29T10:55:45","date_gmt":"2022-12-29T10:55:45","guid":{"rendered":"https:\/\/eques.dk\/?post_type=product&#038;p=15397"},"modified":"2026-05-07T12:40:24","modified_gmt":"2026-05-07T12:40:24","slug":"connection-pad-eq11003","status":"publish","type":"product","link":"https:\/\/eques.dk\/de\/produkt\/connection-pad-eq11003\/","title":{"rendered":"Connection"},"content":{"rendered":"<p><strong>Gr\u00f6\u00dfe: <\/strong>16,5&#8243;, 17&#8243;, 17,5&#8243; und 18&#8243;<br \/>\n(16&#8243; als Sonderanfertigung)<\/p>\n<p><strong>Sattelkissen: <\/strong>Latex<\/p>\n<p><strong>Pflege: <\/strong> Sattel mit <a href=\"https:\/\/eques.dk\/de\/produkt\/black-edition-clean-eq64001-5744003873845\/\">Black Edition Clean<\/a> reinigen und danach mit <a href=\"https:\/\/eques.dk\/de\/produkt\/black-edition-care-eq64002-574400387385\/\">Black Edition Care<\/a> fetten<\/p>\n<p><strong>UVP:<\/strong> 1.730 Euro<\/p>\n","protected":false},"excerpt":{"rendered":"<p>&nbsp;<\/p>\n<p><strong>EQUES Connection Sattelkissen<\/strong><\/p>\n<ul>\n<li>Der weiche, baumlose Sitz sichert eine enge Verbindung zwischen Pferd und Reiter<\/li>\n<li>Ergonomische Kniepauschen, mit guter Oberschenkelst\u00fctze, welche nicht die Kniescheibe behindern<\/li>\n<li>Sto\u00dfabsorbierende, schmale Latexpanele sorgen f\u00fcr ein schmaleres Sitzgef\u00fchl f\u00fcr den Reiter<\/li>\n<li>Designt mit hochqualitativem Kalbsleder und 3mm Latex auf den Sattelbl\u00e4ttern f\u00fcr ein extra bequemes Reitgef\u00fchl<\/li>\n<li>Nicht wechselbares Kopfeisen<br \/>\nDas Connection Sattelkissen kann auf Nachfrage mit anderen Kopfeisen angefertigt werden<\/li>\n<\/ul>\n","protected":false},"featured_media":15677,"template":"","meta":{"_acf_changed":false,"_et_pb_use_builder":"","_et_pb_old_content":"","_et_gb_content_width":""},"product_brand":[],"product_cat":[37,621],"product_tag":[],"class_list":{"0":"post-15397","1":"product","2":"type-product","3":"status-publish","4":"has-post-thumbnail","6":"product_cat-saettel","7":"product_cat-sattelkissen","9":"first","10":"onbackorder","11":"shipping-taxable","12":"product-type-variable"},"acf":[],"yoast_head":"<!-- This site is optimized with the Yoast SEO plugin v26.3 - https:\/\/yoast.com\/wordpress\/plugins\/seo\/ -->\n<title>Connection : Eques<\/title>\n<meta name=\"robots\" content=\"index, follow, max-snippet:-1, max-image-preview:large, max-video-preview:-1\" \/>\n<link rel=\"canonical\" href=\"https:\/\/eques.dk\/de\/produkt\/connection-pad-eq11003\/\" \/>\n<meta property=\"og:locale\" content=\"de_DE\" \/>\n<meta property=\"og:type\" content=\"article\" \/>\n<meta property=\"og:title\" content=\"Connection : Eques\" \/>\n<meta property=\"og:description\" content=\"&nbsp;  EQUES Connection Sattelkissen   Der weiche, baumlose Sitz sichert eine enge Verbindung zwischen Pferd und Reiter  Ergonomische Kniepauschen, mit guter Oberschenkelst\u00fctze, welche nicht die Kniescheibe behindern  Sto\u00dfabsorbierende, schmale Latexpanele sorgen f\u00fcr ein schmaleres Sitzgef\u00fchl f\u00fcr den Reiter  Designt mit hochqualitativem Kalbsleder und 3mm Latex auf den Sattelbl\u00e4ttern f\u00fcr ein extra bequemes Reitgef\u00fchl  Nicht wechselbares Kopfeisen Das Connection Sattelkissen kann auf Nachfrage mit anderen Kopfeisen angefertigt werden\" \/>\n<meta property=\"og:url\" content=\"https:\/\/eques.dk\/de\/produkt\/connection-pad-eq11003\/\" \/>\n<meta property=\"og:site_name\" content=\"Eques\" \/>\n<meta property=\"article:modified_time\" content=\"2026-05-07T12:40:24+00:00\" \/>\n<meta property=\"og:image\" content=\"https:\/\/eques.dk\/wp-content\/uploads\/2022\/12\/R5AH8289-Edit-Edit-1024x1024.png\" \/>\n\t<meta property=\"og:image:width\" content=\"1024\" \/>\n\t<meta property=\"og:image:height\" content=\"1024\" \/>\n\t<meta property=\"og:image:type\" content=\"image\/png\" \/>\n<meta name=\"twitter:card\" content=\"summary_large_image\" \/>\n<meta name=\"twitter:label1\" content=\"Gesch\u00e4tzte Lesezeit\" \/>\n\t<meta name=\"twitter:data1\" content=\"1\u00a0Minute\" \/>\n<script type=\"application\/ld+json\" class=\"yoast-schema-graph\">{\"@context\":\"https:\/\/schema.org\",\"@graph\":[{\"@type\":\"WebPage\",\"@id\":\"https:\/\/eques.dk\/de\/produkt\/connection-pad-eq11003\/\",\"url\":\"https:\/\/eques.dk\/de\/produkt\/connection-pad-eq11003\/\",\"name\":\"Connection : Eques\",\"isPartOf\":{\"@id\":\"https:\/\/eques.dk\/de\/#website\"},\"primaryImageOfPage\":{\"@id\":\"https:\/\/eques.dk\/de\/produkt\/connection-pad-eq11003\/#primaryimage\"},\"image\":{\"@id\":\"https:\/\/eques.dk\/de\/produkt\/connection-pad-eq11003\/#primaryimage\"},\"thumbnailUrl\":\"https:\/\/eques.dk\/wp-content\/uploads\/2022\/12\/R5AH8289-Edit-Edit.png\",\"datePublished\":\"2022-12-29T10:55:45+00:00\",\"dateModified\":\"2026-05-07T12:40:24+00:00\",\"breadcrumb\":{\"@id\":\"https:\/\/eques.dk\/de\/produkt\/connection-pad-eq11003\/#breadcrumb\"},\"inLanguage\":\"de\",\"potentialAction\":[{\"@type\":\"ReadAction\",\"target\":[\"https:\/\/eques.dk\/de\/produkt\/connection-pad-eq11003\/\"]}]},{\"@type\":\"ImageObject\",\"inLanguage\":\"de\",\"@id\":\"https:\/\/eques.dk\/de\/produkt\/connection-pad-eq11003\/#primaryimage\",\"url\":\"https:\/\/eques.dk\/wp-content\/uploads\/2022\/12\/R5AH8289-Edit-Edit.png\",\"contentUrl\":\"https:\/\/eques.dk\/wp-content\/uploads\/2022\/12\/R5AH8289-Edit-Edit.png\",\"width\":2048,\"height\":2048},{\"@type\":\"BreadcrumbList\",\"@id\":\"https:\/\/eques.dk\/de\/produkt\/connection-pad-eq11003\/#breadcrumb\",\"itemListElement\":[{\"@type\":\"ListItem\",\"position\":1,\"name\":\"Hjem\",\"item\":\"https:\/\/eques.dk\/de\/\"},{\"@type\":\"ListItem\",\"position\":2,\"name\":\"Shop\",\"item\":\"https:\/\/eques.dk\/de\/shop\/\"},{\"@type\":\"ListItem\",\"position\":3,\"name\":\"Connection\"}]},{\"@type\":\"WebSite\",\"@id\":\"https:\/\/eques.dk\/de\/#website\",\"url\":\"https:\/\/eques.dk\/de\/\",\"name\":\"Eques\",\"description\":\"Rideudstyr til islandske heste i dansk design\",\"potentialAction\":[{\"@type\":\"SearchAction\",\"target\":{\"@type\":\"EntryPoint\",\"urlTemplate\":\"https:\/\/eques.dk\/de\/?s={search_term_string}\"},\"query-input\":{\"@type\":\"PropertyValueSpecification\",\"valueRequired\":true,\"valueName\":\"search_term_string\"}}],\"inLanguage\":\"de\"}]}<\/script>\n<!-- \/ Yoast SEO plugin. -->","yoast_head_json":{"title":"Connection : Eques","robots":{"index":"index","follow":"follow","max-snippet":"max-snippet:-1","max-image-preview":"max-image-preview:large","max-video-preview":"max-video-preview:-1"},"canonical":"https:\/\/eques.dk\/de\/produkt\/connection-pad-eq11003\/","og_locale":"de_DE","og_type":"article","og_title":"Connection : Eques","og_description":"&nbsp;  EQUES Connection Sattelkissen   Der weiche, baumlose Sitz sichert eine enge Verbindung zwischen Pferd und Reiter  Ergonomische Kniepauschen, mit guter Oberschenkelst\u00fctze, welche nicht die Kniescheibe behindern  Sto\u00dfabsorbierende, schmale Latexpanele sorgen f\u00fcr ein schmaleres Sitzgef\u00fchl f\u00fcr den Reiter  Designt mit hochqualitativem Kalbsleder und 3mm Latex auf den Sattelbl\u00e4ttern f\u00fcr ein extra bequemes Reitgef\u00fchl  Nicht wechselbares Kopfeisen Das Connection Sattelkissen kann auf Nachfrage mit anderen Kopfeisen angefertigt werden","og_url":"https:\/\/eques.dk\/de\/produkt\/connection-pad-eq11003\/","og_site_name":"Eques","article_modified_time":"2026-05-07T12:40:24+00:00","og_image":[{"width":1024,"height":1024,"url":"https:\/\/eques.dk\/wp-content\/uploads\/2022\/12\/R5AH8289-Edit-Edit-1024x1024.png","type":"image\/png"}],"twitter_card":"summary_large_image","twitter_misc":{"Gesch\u00e4tzte Lesezeit":"1\u00a0Minute"},"schema":{"@context":"https:\/\/schema.org","@graph":[{"@type":"WebPage","@id":"https:\/\/eques.dk\/de\/produkt\/connection-pad-eq11003\/","url":"https:\/\/eques.dk\/de\/produkt\/connection-pad-eq11003\/","name":"Connection : Eques","isPartOf":{"@id":"https:\/\/eques.dk\/de\/#website"},"primaryImageOfPage":{"@id":"https:\/\/eques.dk\/de\/produkt\/connection-pad-eq11003\/#primaryimage"},"image":{"@id":"https:\/\/eques.dk\/de\/produkt\/connection-pad-eq11003\/#primaryimage"},"thumbnailUrl":"https:\/\/eques.dk\/wp-content\/uploads\/2022\/12\/R5AH8289-Edit-Edit.png","datePublished":"2022-12-29T10:55:45+00:00","dateModified":"2026-05-07T12:40:24+00:00","breadcrumb":{"@id":"https:\/\/eques.dk\/de\/produkt\/connection-pad-eq11003\/#breadcrumb"},"inLanguage":"de","potentialAction":[{"@type":"ReadAction","target":["https:\/\/eques.dk\/de\/produkt\/connection-pad-eq11003\/"]}]},{"@type":"ImageObject","inLanguage":"de","@id":"https:\/\/eques.dk\/de\/produkt\/connection-pad-eq11003\/#primaryimage","url":"https:\/\/eques.dk\/wp-content\/uploads\/2022\/12\/R5AH8289-Edit-Edit.png","contentUrl":"https:\/\/eques.dk\/wp-content\/uploads\/2022\/12\/R5AH8289-Edit-Edit.png","width":2048,"height":2048},{"@type":"BreadcrumbList","@id":"https:\/\/eques.dk\/de\/produkt\/connection-pad-eq11003\/#breadcrumb","itemListElement":[{"@type":"ListItem","position":1,"name":"Hjem","item":"https:\/\/eques.dk\/de\/"},{"@type":"ListItem","position":2,"name":"Shop","item":"https:\/\/eques.dk\/de\/shop\/"},{"@type":"ListItem","position":3,"name":"Connection"}]},{"@type":"WebSite","@id":"https:\/\/eques.dk\/de\/#website","url":"https:\/\/eques.dk\/de\/","name":"Eques","description":"Rideudstyr til islandske heste i dansk design","potentialAction":[{"@type":"SearchAction","target":{"@type":"EntryPoint","urlTemplate":"https:\/\/eques.dk\/de\/?s={search_term_string}"},"query-input":{"@type":"PropertyValueSpecification","valueRequired":true,"valueName":"search_term_string"}}],"inLanguage":"de"}]}},"_links":{"self":[{"href":"https:\/\/eques.dk\/de\/wp-json\/wp\/v2\/product\/15397","targetHints":{"allow":["GET"]}}],"collection":[{"href":"https:\/\/eques.dk\/de\/wp-json\/wp\/v2\/product"}],"about":[{"href":"https:\/\/eques.dk\/de\/wp-json\/wp\/v2\/types\/product"}],"wp:featuredmedia":[{"embeddable":true,"href":"https:\/\/eques.dk\/de\/wp-json\/wp\/v2\/media\/15677"}],"wp:attachment":[{"href":"https:\/\/eques.dk\/de\/wp-json\/wp\/v2\/media?parent=15397"}],"wp:term":[{"taxonomy":"product_brand","embeddable":true,"href":"https:\/\/eques.dk\/de\/wp-json\/wp\/v2\/product_brand?post=15397"},{"taxonomy":"product_cat","embeddable":true,"href":"https:\/\/eques.dk\/de\/wp-json\/wp\/v2\/product_cat?post=15397"},{"taxonomy":"product_tag","embeddable":true,"href":"https:\/\/eques.dk\/de\/wp-json\/wp\/v2\/product_tag?post=15397"}],"curies":[{"name":"wp","href":"https:\/\/api.w.org\/{rel}","templated":true}]}}