{"id":15336,"date":"2022-12-29T09:33:23","date_gmt":"2022-12-29T09:33:23","guid":{"rendered":"https:\/\/eques.dk\/?post_type=product&#038;p=15336"},"modified":"2026-05-08T10:25:18","modified_gmt":"2026-05-08T10:25:18","slug":"expert-eq10013","status":"publish","type":"product","link":"https:\/\/eques.dk\/de\/produkt\/expert-eq10013\/","title":{"rendered":"Expert"},"content":{"rendered":"<p><strong>Gr\u00f6\u00dfen: <\/strong>16,5\u2033, 17\u2033 og 17,5\u2033<br \/>\n(16\u2033 und 18\u2033 als Spezialanfertigung)<\/p>\n<p><strong>Sattelkissen: <\/strong>Latex oder Wolle<\/p>\n<p><strong>Pflege: <\/strong> Sattel mit <a href=\"https:\/\/eques.dk\/de\/produkt\/black-edition-clean-eq64001-5744003873845\/\">Black Edition Clean<\/a> reinigen und danach mit <a href=\"https:\/\/eques.dk\/de\/produkt\/black-edition-care-eq64002-574400387385\/\">Black Edition Care<\/a> fetten<\/p>\n<p><strong>UVP:<\/strong> 3.012 EUR<\/p>\n<p>&nbsp;<\/p>\n<p><em>Der Expert hat einzigartige und ergonomische Kniepauschen. Kniepauschen welche ich pers\u00f6nlich entwickelt und mehrfach angepasst habe, um optimale Oberschenkelst\u00fctze zu bieten ohne die Kniescheibe zu st\u00f6ren. Dadurch ist die Kniepausche optimal an den K\u00f6rperbau des Reiters angepasst und man merkt deutlich, wie die Kniepausche einen korrekten, ausbalancierten Sitz unterst\u00fctzt. Allerdings ist es sehr schwer in Worte zu fassen und muss am besten selbst im Sattel gesp\u00fcrt werden. <\/em><\/p>\n<p><em>Im Expert-Sattel ist ein B-Baum verbaut. Ein Sattelbaum, welchen ich pers\u00f6nlich entwickelt habe um das Beste aus verschiedenen Welten zu kombinieren; n\u00e4mlich das angewinkelte Kopfeisen, welches extra Schulterfreiheit f\u00fcr das Pferd bietet, die Breite Kammer, welche volle Bewegungsfreiheit f\u00fcr die R\u00fcckmuskulatur des Pferdes bietet und schlie\u00dflich der Winkel der St\u00fctzen in der Mitte des Baums, welche einen sehr engen Kontakt zum Pferd erm\u00f6glichen.<\/em><\/p>\n<p><em>Der enge Kontakt zum Pferd, welcher dieser Sattel bietet, ist ideal in Situationen, wo es wirklich wichtig ist, das Pferd von seiner aller besten Seite zu zeigen, zum Beispiel bei Turnieren oder K\u00f6rungen.<\/em><\/p>\n<p><em>Alles in allem wurde Expert mit Turnieren im Kopf entwickelt. Er funktioniert nat\u00fcrlich aber auch als Allround-Sattel f\u00fcr den Reiter, der einen engen Kontakt zum Pferd w\u00fcnscht.<\/em><\/p>\n<p><em> &#8211; Rasmus M\u00f8ller Jensen<\/em><\/p>\n","protected":false},"excerpt":{"rendered":"<p><strong>EQUES EXPERT \u2013 Ein Sattel f\u00fcr Pr\u00e4sentation auf h\u00f6chstem Niveau designt von Rasmus M\u00f8ller Jensen<\/strong><\/p>\n<ul>\n<li>Mittel tiefer und ausbalancierter Sitz mit engem Kontakt zum Pferd<\/li>\n<li>Ergonomische Kniepauschen mit guter Oberschenkelst\u00fctze, welche nicht die Kniescheibe st\u00f6rt<\/li>\n<li>B-Baum<\/li>\n<li>Austauschbares Kopfeisen \u2013 <a href=\"https:\/\/eques.dk\/vare\/kopfjern-a\/\">Kopfeisen A<\/a> (standard 27A)<\/li>\n<li>Hergestellt mit Kalbsleder in Topqualit\u00e4t<\/li>\n<li>Inklusive Sattelschoner<\/li>\n<\/ul>\n<p>&nbsp;<\/p>\n","protected":false},"featured_media":15656,"template":"","meta":{"_acf_changed":false,"_et_pb_use_builder":"","_et_pb_old_content":"","_et_gb_content_width":""},"product_brand":[],"product_cat":[622,37],"product_tag":[],"class_list":{"0":"post-15336","1":"product","2":"type-product","3":"status-publish","4":"has-post-thumbnail","6":"product_cat-klassische-saettel","7":"product_cat-saettel","9":"first","10":"onbackorder","11":"shipping-taxable","12":"product-type-variable"},"acf":[],"yoast_head":"<!-- This site is optimized with the Yoast SEO plugin v26.3 - https:\/\/yoast.com\/wordpress\/plugins\/seo\/ -->\n<title>Expert : Eques<\/title>\n<meta name=\"robots\" content=\"index, follow, max-snippet:-1, max-image-preview:large, max-video-preview:-1\" \/>\n<link rel=\"canonical\" href=\"https:\/\/eques.dk\/de\/produkt\/expert-eq10013\/\" \/>\n<meta property=\"og:locale\" content=\"de_DE\" \/>\n<meta property=\"og:type\" content=\"article\" \/>\n<meta property=\"og:title\" content=\"Expert : Eques\" \/>\n<meta property=\"og:description\" content=\"EQUES EXPERT \u2013 Ein Sattel f\u00fcr Pr\u00e4sentation auf h\u00f6chstem Niveau designt von Rasmus M\u00f8ller Jensen   Mittel tiefer und ausbalancierter Sitz mit engem Kontakt zum Pferd  Ergonomische Kniepauschen mit guter Oberschenkelst\u00fctze, welche nicht die Kniescheibe st\u00f6rt  B-Baum  Austauschbares Kopfeisen \u2013 Kopfeisen A (standard 27A)  Hergestellt mit Kalbsleder in Topqualit\u00e4t  Inklusive Sattelschoner  &nbsp;\" \/>\n<meta property=\"og:url\" content=\"https:\/\/eques.dk\/de\/produkt\/expert-eq10013\/\" \/>\n<meta property=\"og:site_name\" content=\"Eques\" \/>\n<meta property=\"article:modified_time\" content=\"2026-05-08T10:25:18+00:00\" \/>\n<meta property=\"og:image\" content=\"https:\/\/eques.dk\/wp-content\/uploads\/2022\/12\/R5AH8266-Edit-Edit-1024x1024.png\" \/>\n\t<meta property=\"og:image:width\" content=\"1024\" \/>\n\t<meta property=\"og:image:height\" content=\"1024\" \/>\n\t<meta property=\"og:image:type\" content=\"image\/png\" \/>\n<meta name=\"twitter:card\" content=\"summary_large_image\" \/>\n<meta name=\"twitter:label1\" content=\"Gesch\u00e4tzte Lesezeit\" \/>\n\t<meta name=\"twitter:data1\" content=\"2\u00a0Minuten\" \/>\n<script type=\"application\/ld+json\" class=\"yoast-schema-graph\">{\"@context\":\"https:\/\/schema.org\",\"@graph\":[{\"@type\":\"WebPage\",\"@id\":\"https:\/\/eques.dk\/de\/produkt\/expert-eq10013\/\",\"url\":\"https:\/\/eques.dk\/de\/produkt\/expert-eq10013\/\",\"name\":\"Expert : Eques\",\"isPartOf\":{\"@id\":\"https:\/\/eques.dk\/de\/#website\"},\"primaryImageOfPage\":{\"@id\":\"https:\/\/eques.dk\/de\/produkt\/expert-eq10013\/#primaryimage\"},\"image\":{\"@id\":\"https:\/\/eques.dk\/de\/produkt\/expert-eq10013\/#primaryimage\"},\"thumbnailUrl\":\"https:\/\/eques.dk\/wp-content\/uploads\/2022\/12\/R5AH8266-Edit-Edit.png\",\"datePublished\":\"2022-12-29T09:33:23+00:00\",\"dateModified\":\"2026-05-08T10:25:18+00:00\",\"breadcrumb\":{\"@id\":\"https:\/\/eques.dk\/de\/produkt\/expert-eq10013\/#breadcrumb\"},\"inLanguage\":\"de\",\"potentialAction\":[{\"@type\":\"ReadAction\",\"target\":[\"https:\/\/eques.dk\/de\/produkt\/expert-eq10013\/\"]}]},{\"@type\":\"ImageObject\",\"inLanguage\":\"de\",\"@id\":\"https:\/\/eques.dk\/de\/produkt\/expert-eq10013\/#primaryimage\",\"url\":\"https:\/\/eques.dk\/wp-content\/uploads\/2022\/12\/R5AH8266-Edit-Edit.png\",\"contentUrl\":\"https:\/\/eques.dk\/wp-content\/uploads\/2022\/12\/R5AH8266-Edit-Edit.png\",\"width\":2048,\"height\":2048},{\"@type\":\"BreadcrumbList\",\"@id\":\"https:\/\/eques.dk\/de\/produkt\/expert-eq10013\/#breadcrumb\",\"itemListElement\":[{\"@type\":\"ListItem\",\"position\":1,\"name\":\"Hjem\",\"item\":\"https:\/\/eques.dk\/de\/\"},{\"@type\":\"ListItem\",\"position\":2,\"name\":\"Shop\",\"item\":\"https:\/\/eques.dk\/de\/shop\/\"},{\"@type\":\"ListItem\",\"position\":3,\"name\":\"Expert\"}]},{\"@type\":\"WebSite\",\"@id\":\"https:\/\/eques.dk\/de\/#website\",\"url\":\"https:\/\/eques.dk\/de\/\",\"name\":\"Eques\",\"description\":\"Rideudstyr til islandske heste i dansk design\",\"potentialAction\":[{\"@type\":\"SearchAction\",\"target\":{\"@type\":\"EntryPoint\",\"urlTemplate\":\"https:\/\/eques.dk\/de\/?s={search_term_string}\"},\"query-input\":{\"@type\":\"PropertyValueSpecification\",\"valueRequired\":true,\"valueName\":\"search_term_string\"}}],\"inLanguage\":\"de\"}]}<\/script>\n<!-- \/ Yoast SEO plugin. -->","yoast_head_json":{"title":"Expert : Eques","robots":{"index":"index","follow":"follow","max-snippet":"max-snippet:-1","max-image-preview":"max-image-preview:large","max-video-preview":"max-video-preview:-1"},"canonical":"https:\/\/eques.dk\/de\/produkt\/expert-eq10013\/","og_locale":"de_DE","og_type":"article","og_title":"Expert : Eques","og_description":"EQUES EXPERT \u2013 Ein Sattel f\u00fcr Pr\u00e4sentation auf h\u00f6chstem Niveau designt von Rasmus M\u00f8ller Jensen   Mittel tiefer und ausbalancierter Sitz mit engem Kontakt zum Pferd  Ergonomische Kniepauschen mit guter Oberschenkelst\u00fctze, welche nicht die Kniescheibe st\u00f6rt  B-Baum  Austauschbares Kopfeisen \u2013 Kopfeisen A (standard 27A)  Hergestellt mit Kalbsleder in Topqualit\u00e4t  Inklusive Sattelschoner  &nbsp;","og_url":"https:\/\/eques.dk\/de\/produkt\/expert-eq10013\/","og_site_name":"Eques","article_modified_time":"2026-05-08T10:25:18+00:00","og_image":[{"width":1024,"height":1024,"url":"https:\/\/eques.dk\/wp-content\/uploads\/2022\/12\/R5AH8266-Edit-Edit-1024x1024.png","type":"image\/png"}],"twitter_card":"summary_large_image","twitter_misc":{"Gesch\u00e4tzte Lesezeit":"2\u00a0Minuten"},"schema":{"@context":"https:\/\/schema.org","@graph":[{"@type":"WebPage","@id":"https:\/\/eques.dk\/de\/produkt\/expert-eq10013\/","url":"https:\/\/eques.dk\/de\/produkt\/expert-eq10013\/","name":"Expert : Eques","isPartOf":{"@id":"https:\/\/eques.dk\/de\/#website"},"primaryImageOfPage":{"@id":"https:\/\/eques.dk\/de\/produkt\/expert-eq10013\/#primaryimage"},"image":{"@id":"https:\/\/eques.dk\/de\/produkt\/expert-eq10013\/#primaryimage"},"thumbnailUrl":"https:\/\/eques.dk\/wp-content\/uploads\/2022\/12\/R5AH8266-Edit-Edit.png","datePublished":"2022-12-29T09:33:23+00:00","dateModified":"2026-05-08T10:25:18+00:00","breadcrumb":{"@id":"https:\/\/eques.dk\/de\/produkt\/expert-eq10013\/#breadcrumb"},"inLanguage":"de","potentialAction":[{"@type":"ReadAction","target":["https:\/\/eques.dk\/de\/produkt\/expert-eq10013\/"]}]},{"@type":"ImageObject","inLanguage":"de","@id":"https:\/\/eques.dk\/de\/produkt\/expert-eq10013\/#primaryimage","url":"https:\/\/eques.dk\/wp-content\/uploads\/2022\/12\/R5AH8266-Edit-Edit.png","contentUrl":"https:\/\/eques.dk\/wp-content\/uploads\/2022\/12\/R5AH8266-Edit-Edit.png","width":2048,"height":2048},{"@type":"BreadcrumbList","@id":"https:\/\/eques.dk\/de\/produkt\/expert-eq10013\/#breadcrumb","itemListElement":[{"@type":"ListItem","position":1,"name":"Hjem","item":"https:\/\/eques.dk\/de\/"},{"@type":"ListItem","position":2,"name":"Shop","item":"https:\/\/eques.dk\/de\/shop\/"},{"@type":"ListItem","position":3,"name":"Expert"}]},{"@type":"WebSite","@id":"https:\/\/eques.dk\/de\/#website","url":"https:\/\/eques.dk\/de\/","name":"Eques","description":"Rideudstyr til islandske heste i dansk design","potentialAction":[{"@type":"SearchAction","target":{"@type":"EntryPoint","urlTemplate":"https:\/\/eques.dk\/de\/?s={search_term_string}"},"query-input":{"@type":"PropertyValueSpecification","valueRequired":true,"valueName":"search_term_string"}}],"inLanguage":"de"}]}},"_links":{"self":[{"href":"https:\/\/eques.dk\/de\/wp-json\/wp\/v2\/product\/15336","targetHints":{"allow":["GET"]}}],"collection":[{"href":"https:\/\/eques.dk\/de\/wp-json\/wp\/v2\/product"}],"about":[{"href":"https:\/\/eques.dk\/de\/wp-json\/wp\/v2\/types\/product"}],"wp:featuredmedia":[{"embeddable":true,"href":"https:\/\/eques.dk\/de\/wp-json\/wp\/v2\/media\/15656"}],"wp:attachment":[{"href":"https:\/\/eques.dk\/de\/wp-json\/wp\/v2\/media?parent=15336"}],"wp:term":[{"taxonomy":"product_brand","embeddable":true,"href":"https:\/\/eques.dk\/de\/wp-json\/wp\/v2\/product_brand?post=15336"},{"taxonomy":"product_cat","embeddable":true,"href":"https:\/\/eques.dk\/de\/wp-json\/wp\/v2\/product_cat?post=15336"},{"taxonomy":"product_tag","embeddable":true,"href":"https:\/\/eques.dk\/de\/wp-json\/wp\/v2\/product_tag?post=15336"}],"curies":[{"name":"wp","href":"https:\/\/api.w.org\/{rel}","templated":true}]}}