{"id":15256,"date":"2022-12-16T10:19:01","date_gmt":"2022-12-16T10:19:01","guid":{"rendered":"https:\/\/eques.dk\/?post_type=product&#038;p=15256"},"modified":"2026-05-07T11:27:51","modified_gmt":"2026-05-07T11:27:51","slug":"s-steigbuegel-schwarz-plasmalack-eq17007-bk-5744003872138","status":"publish","type":"product","link":"https:\/\/eques.dk\/de\/produkt\/s-steigbuegel-schwarz-plasmalack-eq17007-bk-5744003872138\/","title":{"rendered":"S-B\u00fcgel &#8211; Schwarzer Plasmalack"},"content":{"rendered":"<p><strong>Gewicht:<\/strong> 350 g<\/p>\n<p><strong>Gr\u00f6\u00dfe:<\/strong> One size \u2013 11,5 cm Breite innen<\/p>\n<p><strong>Pflege:<\/strong> Mit lauwarmem Wasser absp\u00fclen<\/p>\n<p><strong>UVP: <\/strong>77 EUR<\/p>\n<p>Diese Steigb\u00fcgel sind aus rostfreiem Stahl und mit schwarzem Plasmalack beschichtet, welcher besonders haltbar ist.<\/p>\n<p>Die S- Form sichert, dass der Fu\u00df nicht im Steigb\u00fcgel h\u00e4ngenbleiben kann, sollte der Reiter vom Pferd fallen.<\/p>\n","protected":false},"excerpt":{"rendered":"<p>Eleganter S-B\u00fcgel mit einer Oberfl\u00e4che aus schwarzem Plasmalack.<\/p>\n<p>Die S-Form verbessert die Sicherheit des Reiters w\u00e4hrend dem Reiten.<\/p>\n","protected":false},"featured_media":3261,"template":"","meta":{"_acf_changed":false,"_et_pb_use_builder":"","_et_pb_old_content":"","_et_gb_content_width":""},"product_brand":[],"product_cat":[319,333],"product_tag":[],"class_list":{"0":"post-15256","1":"product","2":"type-product","3":"status-publish","4":"has-post-thumbnail","6":"product_cat-sattel-zubehoer","7":"product_cat-steigbuegel","9":"first","10":"instock","11":"shipping-taxable","12":"product-type-simple"},"acf":[],"yoast_head":"<!-- This site is optimized with the Yoast SEO plugin v26.3 - https:\/\/yoast.com\/wordpress\/plugins\/seo\/ -->\n<title>S-B\u00fcgel - Schwarzer Plasmalack : Eques<\/title>\n<meta name=\"robots\" content=\"index, follow, max-snippet:-1, max-image-preview:large, max-video-preview:-1\" \/>\n<link rel=\"canonical\" href=\"https:\/\/eques.dk\/de\/produkt\/s-steigbuegel-schwarz-plasmalack-eq17007-bk-5744003872138\/\" \/>\n<meta property=\"og:locale\" content=\"de_DE\" \/>\n<meta property=\"og:type\" content=\"article\" \/>\n<meta property=\"og:title\" content=\"S-B\u00fcgel - Schwarzer Plasmalack : Eques\" \/>\n<meta property=\"og:description\" content=\"Eleganter S-B\u00fcgel mit einer Oberfl\u00e4che aus schwarzem Plasmalack.  Die S-Form verbessert die Sicherheit des Reiters w\u00e4hrend dem Reiten.\" \/>\n<meta property=\"og:url\" content=\"https:\/\/eques.dk\/de\/produkt\/s-steigbuegel-schwarz-plasmalack-eq17007-bk-5744003872138\/\" \/>\n<meta property=\"og:site_name\" content=\"Eques\" \/>\n<meta property=\"article:modified_time\" content=\"2026-05-07T11:27:51+00:00\" \/>\n<meta property=\"og:image\" content=\"https:\/\/eques.dk\/wp-content\/uploads\/2018\/06\/AHEJ2167-Edit.jpg\" \/>\n\t<meta property=\"og:image:width\" content=\"600\" \/>\n\t<meta property=\"og:image:height\" content=\"400\" \/>\n\t<meta property=\"og:image:type\" content=\"image\/jpeg\" \/>\n<meta name=\"twitter:card\" content=\"summary_large_image\" \/>\n<meta name=\"twitter:label1\" content=\"Gesch\u00e4tzte Lesezeit\" \/>\n\t<meta name=\"twitter:data1\" content=\"1\u00a0Minute\" \/>\n<script type=\"application\/ld+json\" class=\"yoast-schema-graph\">{\"@context\":\"https:\/\/schema.org\",\"@graph\":[{\"@type\":\"WebPage\",\"@id\":\"https:\/\/eques.dk\/de\/produkt\/s-steigbuegel-schwarz-plasmalack-eq17007-bk-5744003872138\/\",\"url\":\"https:\/\/eques.dk\/de\/produkt\/s-steigbuegel-schwarz-plasmalack-eq17007-bk-5744003872138\/\",\"name\":\"S-B\u00fcgel - Schwarzer Plasmalack : Eques\",\"isPartOf\":{\"@id\":\"https:\/\/eques.dk\/de\/#website\"},\"primaryImageOfPage\":{\"@id\":\"https:\/\/eques.dk\/de\/produkt\/s-steigbuegel-schwarz-plasmalack-eq17007-bk-5744003872138\/#primaryimage\"},\"image\":{\"@id\":\"https:\/\/eques.dk\/de\/produkt\/s-steigbuegel-schwarz-plasmalack-eq17007-bk-5744003872138\/#primaryimage\"},\"thumbnailUrl\":\"https:\/\/eques.dk\/wp-content\/uploads\/2018\/06\/AHEJ2167-Edit.jpg\",\"datePublished\":\"2022-12-16T10:19:01+00:00\",\"dateModified\":\"2026-05-07T11:27:51+00:00\",\"breadcrumb\":{\"@id\":\"https:\/\/eques.dk\/de\/produkt\/s-steigbuegel-schwarz-plasmalack-eq17007-bk-5744003872138\/#breadcrumb\"},\"inLanguage\":\"de\",\"potentialAction\":[{\"@type\":\"ReadAction\",\"target\":[\"https:\/\/eques.dk\/de\/produkt\/s-steigbuegel-schwarz-plasmalack-eq17007-bk-5744003872138\/\"]}]},{\"@type\":\"ImageObject\",\"inLanguage\":\"de\",\"@id\":\"https:\/\/eques.dk\/de\/produkt\/s-steigbuegel-schwarz-plasmalack-eq17007-bk-5744003872138\/#primaryimage\",\"url\":\"https:\/\/eques.dk\/wp-content\/uploads\/2018\/06\/AHEJ2167-Edit.jpg\",\"contentUrl\":\"https:\/\/eques.dk\/wp-content\/uploads\/2018\/06\/AHEJ2167-Edit.jpg\",\"width\":600,\"height\":400},{\"@type\":\"BreadcrumbList\",\"@id\":\"https:\/\/eques.dk\/de\/produkt\/s-steigbuegel-schwarz-plasmalack-eq17007-bk-5744003872138\/#breadcrumb\",\"itemListElement\":[{\"@type\":\"ListItem\",\"position\":1,\"name\":\"Hjem\",\"item\":\"https:\/\/eques.dk\/de\/\"},{\"@type\":\"ListItem\",\"position\":2,\"name\":\"Shop\",\"item\":\"https:\/\/eques.dk\/de\/shop\/\"},{\"@type\":\"ListItem\",\"position\":3,\"name\":\"S-B\u00fcgel &#8211; Schwarzer Plasmalack\"}]},{\"@type\":\"WebSite\",\"@id\":\"https:\/\/eques.dk\/de\/#website\",\"url\":\"https:\/\/eques.dk\/de\/\",\"name\":\"Eques\",\"description\":\"Rideudstyr til islandske heste i dansk design\",\"potentialAction\":[{\"@type\":\"SearchAction\",\"target\":{\"@type\":\"EntryPoint\",\"urlTemplate\":\"https:\/\/eques.dk\/de\/?s={search_term_string}\"},\"query-input\":{\"@type\":\"PropertyValueSpecification\",\"valueRequired\":true,\"valueName\":\"search_term_string\"}}],\"inLanguage\":\"de\"}]}<\/script>\n<!-- \/ Yoast SEO plugin. -->","yoast_head_json":{"title":"S-B\u00fcgel - Schwarzer Plasmalack : Eques","robots":{"index":"index","follow":"follow","max-snippet":"max-snippet:-1","max-image-preview":"max-image-preview:large","max-video-preview":"max-video-preview:-1"},"canonical":"https:\/\/eques.dk\/de\/produkt\/s-steigbuegel-schwarz-plasmalack-eq17007-bk-5744003872138\/","og_locale":"de_DE","og_type":"article","og_title":"S-B\u00fcgel - Schwarzer Plasmalack : Eques","og_description":"Eleganter S-B\u00fcgel mit einer Oberfl\u00e4che aus schwarzem Plasmalack.  Die S-Form verbessert die Sicherheit des Reiters w\u00e4hrend dem Reiten.","og_url":"https:\/\/eques.dk\/de\/produkt\/s-steigbuegel-schwarz-plasmalack-eq17007-bk-5744003872138\/","og_site_name":"Eques","article_modified_time":"2026-05-07T11:27:51+00:00","og_image":[{"width":600,"height":400,"url":"https:\/\/eques.dk\/wp-content\/uploads\/2018\/06\/AHEJ2167-Edit.jpg","type":"image\/jpeg"}],"twitter_card":"summary_large_image","twitter_misc":{"Gesch\u00e4tzte Lesezeit":"1\u00a0Minute"},"schema":{"@context":"https:\/\/schema.org","@graph":[{"@type":"WebPage","@id":"https:\/\/eques.dk\/de\/produkt\/s-steigbuegel-schwarz-plasmalack-eq17007-bk-5744003872138\/","url":"https:\/\/eques.dk\/de\/produkt\/s-steigbuegel-schwarz-plasmalack-eq17007-bk-5744003872138\/","name":"S-B\u00fcgel - Schwarzer Plasmalack : Eques","isPartOf":{"@id":"https:\/\/eques.dk\/de\/#website"},"primaryImageOfPage":{"@id":"https:\/\/eques.dk\/de\/produkt\/s-steigbuegel-schwarz-plasmalack-eq17007-bk-5744003872138\/#primaryimage"},"image":{"@id":"https:\/\/eques.dk\/de\/produkt\/s-steigbuegel-schwarz-plasmalack-eq17007-bk-5744003872138\/#primaryimage"},"thumbnailUrl":"https:\/\/eques.dk\/wp-content\/uploads\/2018\/06\/AHEJ2167-Edit.jpg","datePublished":"2022-12-16T10:19:01+00:00","dateModified":"2026-05-07T11:27:51+00:00","breadcrumb":{"@id":"https:\/\/eques.dk\/de\/produkt\/s-steigbuegel-schwarz-plasmalack-eq17007-bk-5744003872138\/#breadcrumb"},"inLanguage":"de","potentialAction":[{"@type":"ReadAction","target":["https:\/\/eques.dk\/de\/produkt\/s-steigbuegel-schwarz-plasmalack-eq17007-bk-5744003872138\/"]}]},{"@type":"ImageObject","inLanguage":"de","@id":"https:\/\/eques.dk\/de\/produkt\/s-steigbuegel-schwarz-plasmalack-eq17007-bk-5744003872138\/#primaryimage","url":"https:\/\/eques.dk\/wp-content\/uploads\/2018\/06\/AHEJ2167-Edit.jpg","contentUrl":"https:\/\/eques.dk\/wp-content\/uploads\/2018\/06\/AHEJ2167-Edit.jpg","width":600,"height":400},{"@type":"BreadcrumbList","@id":"https:\/\/eques.dk\/de\/produkt\/s-steigbuegel-schwarz-plasmalack-eq17007-bk-5744003872138\/#breadcrumb","itemListElement":[{"@type":"ListItem","position":1,"name":"Hjem","item":"https:\/\/eques.dk\/de\/"},{"@type":"ListItem","position":2,"name":"Shop","item":"https:\/\/eques.dk\/de\/shop\/"},{"@type":"ListItem","position":3,"name":"S-B\u00fcgel &#8211; Schwarzer Plasmalack"}]},{"@type":"WebSite","@id":"https:\/\/eques.dk\/de\/#website","url":"https:\/\/eques.dk\/de\/","name":"Eques","description":"Rideudstyr til islandske heste i dansk design","potentialAction":[{"@type":"SearchAction","target":{"@type":"EntryPoint","urlTemplate":"https:\/\/eques.dk\/de\/?s={search_term_string}"},"query-input":{"@type":"PropertyValueSpecification","valueRequired":true,"valueName":"search_term_string"}}],"inLanguage":"de"}]}},"_links":{"self":[{"href":"https:\/\/eques.dk\/de\/wp-json\/wp\/v2\/product\/15256","targetHints":{"allow":["GET"]}}],"collection":[{"href":"https:\/\/eques.dk\/de\/wp-json\/wp\/v2\/product"}],"about":[{"href":"https:\/\/eques.dk\/de\/wp-json\/wp\/v2\/types\/product"}],"wp:featuredmedia":[{"embeddable":true,"href":"https:\/\/eques.dk\/de\/wp-json\/wp\/v2\/media\/3261"}],"wp:attachment":[{"href":"https:\/\/eques.dk\/de\/wp-json\/wp\/v2\/media?parent=15256"}],"wp:term":[{"taxonomy":"product_brand","embeddable":true,"href":"https:\/\/eques.dk\/de\/wp-json\/wp\/v2\/product_brand?post=15256"},{"taxonomy":"product_cat","embeddable":true,"href":"https:\/\/eques.dk\/de\/wp-json\/wp\/v2\/product_cat?post=15256"},{"taxonomy":"product_tag","embeddable":true,"href":"https:\/\/eques.dk\/de\/wp-json\/wp\/v2\/product_tag?post=15256"}],"curies":[{"name":"wp","href":"https:\/\/api.w.org\/{rel}","templated":true}]}}