{"id":1337,"date":"2016-10-21T08:24:31","date_gmt":"2016-10-21T08:24:31","guid":{"rendered":"\/\/eques.dk\/product\/t-2-zuegel-aus-biothan\/"},"modified":"2026-03-30T07:55:27","modified_gmt":"2026-03-30T07:55:27","slug":"biothane-t-2-zuegel-eq40004","status":"publish","type":"product","link":"https:\/\/eques.dk\/de\/produkt\/biothane-t-2-zuegel-eq40004\/","title":{"rendered":"BIOTHANE\u00ae &#8222;T.2&#8220; Z\u00fcgel"},"content":{"rendered":"<p>BIOTHANE\u00ae ist ein extrem robustes Material<\/p>\n<p>&nbsp;<\/p>\n<p><strong>L\u00e4nge:<\/strong> 240 cm<\/p>\n<p><strong>Breite:<\/strong> 15 mm<\/p>\n<p><strong>Pflege:<\/strong>Handw\u00e4sche mit lauwarmem Wasser und milder Seife.<\/p>\n<p><strong>UVP: <\/strong> 59 Euro<\/p>\n<p>&nbsp;<\/p>\n<p>&nbsp;<\/p>\n<p>(Ehemalige Artikelnummer: ET-0002)<\/p>\n","protected":false},"excerpt":{"rendered":"<p>Weiche BIOTHANE\u00ae Z\u00fcgel mit Noppen und Karabinern.<\/p>\n<p>Einfach an- und abzumontieren.<\/p>\n<p>Die Z\u00fcgel sind in wei\u00df und schwarz erh\u00e4ltlich.<\/p>\n","protected":false},"featured_media":15284,"template":"","meta":{"_acf_changed":false,"_et_pb_use_builder":"","_et_pb_old_content":"","_et_gb_content_width":""},"product_brand":[],"product_cat":[61],"product_tag":[],"class_list":{"0":"post-1337","1":"product","2":"type-product","3":"status-publish","4":"has-post-thumbnail","6":"product_cat-zuegel","8":"first","9":"instock","10":"shipping-taxable","11":"product-type-variable"},"acf":[],"yoast_head":"<!-- This site is optimized with the Yoast SEO plugin v26.3 - https:\/\/yoast.com\/wordpress\/plugins\/seo\/ -->\n<title>BIOTHANE\u00ae &quot;T.2&quot; Z\u00fcgel : Eques<\/title>\n<meta name=\"robots\" content=\"index, follow, max-snippet:-1, max-image-preview:large, max-video-preview:-1\" \/>\n<link rel=\"canonical\" href=\"https:\/\/eques.dk\/de\/produkt\/biothane-t-2-zuegel-eq40004\/\" \/>\n<meta property=\"og:locale\" content=\"de_DE\" \/>\n<meta property=\"og:type\" content=\"article\" \/>\n<meta property=\"og:title\" content=\"BIOTHANE\u00ae &quot;T.2&quot; Z\u00fcgel : Eques\" \/>\n<meta property=\"og:description\" content=\"Weiche BIOTHANE\u00ae Z\u00fcgel mit Noppen und Karabinern.  Einfach an- und abzumontieren.  Die Z\u00fcgel sind in wei\u00df und schwarz erh\u00e4ltlich.\" \/>\n<meta property=\"og:url\" content=\"https:\/\/eques.dk\/de\/produkt\/biothane-t-2-zuegel-eq40004\/\" \/>\n<meta property=\"og:site_name\" content=\"Eques\" \/>\n<meta property=\"article:modified_time\" content=\"2026-03-30T07:55:27+00:00\" \/>\n<meta property=\"og:image\" content=\"https:\/\/eques.dk\/wp-content\/uploads\/2016\/10\/biothane-t2-toejle-square-1.jpg\" \/>\n\t<meta property=\"og:image:width\" content=\"2048\" \/>\n\t<meta property=\"og:image:height\" content=\"2048\" \/>\n\t<meta property=\"og:image:type\" content=\"image\/jpeg\" \/>\n<meta name=\"twitter:card\" content=\"summary_large_image\" \/>\n<meta name=\"twitter:label1\" content=\"Gesch\u00e4tzte Lesezeit\" \/>\n\t<meta name=\"twitter:data1\" content=\"1\u00a0Minute\" \/>\n<script type=\"application\/ld+json\" class=\"yoast-schema-graph\">{\"@context\":\"https:\/\/schema.org\",\"@graph\":[{\"@type\":\"WebPage\",\"@id\":\"https:\/\/eques.dk\/de\/produkt\/biothane-t-2-zuegel-eq40004\/\",\"url\":\"https:\/\/eques.dk\/de\/produkt\/biothane-t-2-zuegel-eq40004\/\",\"name\":\"BIOTHANE\u00ae \\\"T.2\\\" Z\u00fcgel : Eques\",\"isPartOf\":{\"@id\":\"https:\/\/eques.dk\/de\/#website\"},\"primaryImageOfPage\":{\"@id\":\"https:\/\/eques.dk\/de\/produkt\/biothane-t-2-zuegel-eq40004\/#primaryimage\"},\"image\":{\"@id\":\"https:\/\/eques.dk\/de\/produkt\/biothane-t-2-zuegel-eq40004\/#primaryimage\"},\"thumbnailUrl\":\"https:\/\/eques.dk\/wp-content\/uploads\/2016\/10\/biothane-t2-toejle-square-1.jpg\",\"datePublished\":\"2016-10-21T08:24:31+00:00\",\"dateModified\":\"2026-03-30T07:55:27+00:00\",\"breadcrumb\":{\"@id\":\"https:\/\/eques.dk\/de\/produkt\/biothane-t-2-zuegel-eq40004\/#breadcrumb\"},\"inLanguage\":\"de\",\"potentialAction\":[{\"@type\":\"ReadAction\",\"target\":[\"https:\/\/eques.dk\/de\/produkt\/biothane-t-2-zuegel-eq40004\/\"]}]},{\"@type\":\"ImageObject\",\"inLanguage\":\"de\",\"@id\":\"https:\/\/eques.dk\/de\/produkt\/biothane-t-2-zuegel-eq40004\/#primaryimage\",\"url\":\"https:\/\/eques.dk\/wp-content\/uploads\/2016\/10\/biothane-t2-toejle-square-1.jpg\",\"contentUrl\":\"https:\/\/eques.dk\/wp-content\/uploads\/2016\/10\/biothane-t2-toejle-square-1.jpg\",\"width\":2048,\"height\":2048},{\"@type\":\"BreadcrumbList\",\"@id\":\"https:\/\/eques.dk\/de\/produkt\/biothane-t-2-zuegel-eq40004\/#breadcrumb\",\"itemListElement\":[{\"@type\":\"ListItem\",\"position\":1,\"name\":\"Hjem\",\"item\":\"https:\/\/eques.dk\/de\/\"},{\"@type\":\"ListItem\",\"position\":2,\"name\":\"Shop\",\"item\":\"https:\/\/eques.dk\/de\/shop\/\"},{\"@type\":\"ListItem\",\"position\":3,\"name\":\"BIOTHANE\u00ae &#8220;T.2&#8221; Z\u00fcgel\"}]},{\"@type\":\"WebSite\",\"@id\":\"https:\/\/eques.dk\/de\/#website\",\"url\":\"https:\/\/eques.dk\/de\/\",\"name\":\"Eques\",\"description\":\"Rideudstyr til islandske heste i dansk design\",\"potentialAction\":[{\"@type\":\"SearchAction\",\"target\":{\"@type\":\"EntryPoint\",\"urlTemplate\":\"https:\/\/eques.dk\/de\/?s={search_term_string}\"},\"query-input\":{\"@type\":\"PropertyValueSpecification\",\"valueRequired\":true,\"valueName\":\"search_term_string\"}}],\"inLanguage\":\"de\"}]}<\/script>\n<!-- \/ Yoast SEO plugin. -->","yoast_head_json":{"title":"BIOTHANE\u00ae \"T.2\" Z\u00fcgel : Eques","robots":{"index":"index","follow":"follow","max-snippet":"max-snippet:-1","max-image-preview":"max-image-preview:large","max-video-preview":"max-video-preview:-1"},"canonical":"https:\/\/eques.dk\/de\/produkt\/biothane-t-2-zuegel-eq40004\/","og_locale":"de_DE","og_type":"article","og_title":"BIOTHANE\u00ae \"T.2\" Z\u00fcgel : Eques","og_description":"Weiche BIOTHANE\u00ae Z\u00fcgel mit Noppen und Karabinern.  Einfach an- und abzumontieren.  Die Z\u00fcgel sind in wei\u00df und schwarz erh\u00e4ltlich.","og_url":"https:\/\/eques.dk\/de\/produkt\/biothane-t-2-zuegel-eq40004\/","og_site_name":"Eques","article_modified_time":"2026-03-30T07:55:27+00:00","og_image":[{"width":2048,"height":2048,"url":"https:\/\/eques.dk\/wp-content\/uploads\/2016\/10\/biothane-t2-toejle-square-1.jpg","type":"image\/jpeg"}],"twitter_card":"summary_large_image","twitter_misc":{"Gesch\u00e4tzte Lesezeit":"1\u00a0Minute"},"schema":{"@context":"https:\/\/schema.org","@graph":[{"@type":"WebPage","@id":"https:\/\/eques.dk\/de\/produkt\/biothane-t-2-zuegel-eq40004\/","url":"https:\/\/eques.dk\/de\/produkt\/biothane-t-2-zuegel-eq40004\/","name":"BIOTHANE\u00ae \"T.2\" Z\u00fcgel : Eques","isPartOf":{"@id":"https:\/\/eques.dk\/de\/#website"},"primaryImageOfPage":{"@id":"https:\/\/eques.dk\/de\/produkt\/biothane-t-2-zuegel-eq40004\/#primaryimage"},"image":{"@id":"https:\/\/eques.dk\/de\/produkt\/biothane-t-2-zuegel-eq40004\/#primaryimage"},"thumbnailUrl":"https:\/\/eques.dk\/wp-content\/uploads\/2016\/10\/biothane-t2-toejle-square-1.jpg","datePublished":"2016-10-21T08:24:31+00:00","dateModified":"2026-03-30T07:55:27+00:00","breadcrumb":{"@id":"https:\/\/eques.dk\/de\/produkt\/biothane-t-2-zuegel-eq40004\/#breadcrumb"},"inLanguage":"de","potentialAction":[{"@type":"ReadAction","target":["https:\/\/eques.dk\/de\/produkt\/biothane-t-2-zuegel-eq40004\/"]}]},{"@type":"ImageObject","inLanguage":"de","@id":"https:\/\/eques.dk\/de\/produkt\/biothane-t-2-zuegel-eq40004\/#primaryimage","url":"https:\/\/eques.dk\/wp-content\/uploads\/2016\/10\/biothane-t2-toejle-square-1.jpg","contentUrl":"https:\/\/eques.dk\/wp-content\/uploads\/2016\/10\/biothane-t2-toejle-square-1.jpg","width":2048,"height":2048},{"@type":"BreadcrumbList","@id":"https:\/\/eques.dk\/de\/produkt\/biothane-t-2-zuegel-eq40004\/#breadcrumb","itemListElement":[{"@type":"ListItem","position":1,"name":"Hjem","item":"https:\/\/eques.dk\/de\/"},{"@type":"ListItem","position":2,"name":"Shop","item":"https:\/\/eques.dk\/de\/shop\/"},{"@type":"ListItem","position":3,"name":"BIOTHANE\u00ae &#8220;T.2&#8221; Z\u00fcgel"}]},{"@type":"WebSite","@id":"https:\/\/eques.dk\/de\/#website","url":"https:\/\/eques.dk\/de\/","name":"Eques","description":"Rideudstyr til islandske heste i dansk design","potentialAction":[{"@type":"SearchAction","target":{"@type":"EntryPoint","urlTemplate":"https:\/\/eques.dk\/de\/?s={search_term_string}"},"query-input":{"@type":"PropertyValueSpecification","valueRequired":true,"valueName":"search_term_string"}}],"inLanguage":"de"}]}},"_links":{"self":[{"href":"https:\/\/eques.dk\/de\/wp-json\/wp\/v2\/product\/1337","targetHints":{"allow":["GET"]}}],"collection":[{"href":"https:\/\/eques.dk\/de\/wp-json\/wp\/v2\/product"}],"about":[{"href":"https:\/\/eques.dk\/de\/wp-json\/wp\/v2\/types\/product"}],"wp:featuredmedia":[{"embeddable":true,"href":"https:\/\/eques.dk\/de\/wp-json\/wp\/v2\/media\/15284"}],"wp:attachment":[{"href":"https:\/\/eques.dk\/de\/wp-json\/wp\/v2\/media?parent=1337"}],"wp:term":[{"taxonomy":"product_brand","embeddable":true,"href":"https:\/\/eques.dk\/de\/wp-json\/wp\/v2\/product_brand?post=1337"},{"taxonomy":"product_cat","embeddable":true,"href":"https:\/\/eques.dk\/de\/wp-json\/wp\/v2\/product_cat?post=1337"},{"taxonomy":"product_tag","embeddable":true,"href":"https:\/\/eques.dk\/de\/wp-json\/wp\/v2\/product_tag?post=1337"}],"curies":[{"name":"wp","href":"https:\/\/api.w.org\/{rel}","templated":true}]}}