{"id":12084,"date":"2021-08-10T14:28:53","date_gmt":"2021-08-10T14:28:53","guid":{"rendered":"https:\/\/eques.dk\/?post_type=product&#038;p=12084"},"modified":"2026-04-14T10:27:45","modified_gmt":"2026-04-14T10:27:45","slug":"hannoveranischer-sperrriemen-mit-weissen-und-schwarzen-kristallen-eq32106-bkwh-5744003872619","status":"publish","type":"product","link":"https:\/\/eques.dk\/de\/produkt\/hannoveranischer-sperrriemen-mit-weissen-und-schwarzen-kristallen-eq32106-bkwh-5744003872619\/","title":{"rendered":"Hannoveranischer Sperrriemen mit wei\u00dfen und schwarzen Kristallen"},"content":{"rendered":"<p>Der Sperrriemen hat eine Reihe gro\u00dfe, schwarze Kristalle in der Mitte und ober- und unterhalb jeweils eine Reihe kleine, wei\u00dfe Kristalle.<\/p>\n<p>Der Sperrriemen ist aus weichem Qualit\u00e4tsleder und an der Unterseite gepolstert, um den Komfort des Pferdes zu sichern.<\/p>\n<p>Der Sperrriemen hat an jeder Seite eine Schnalle zur einfachen Montierung am StepByStep <a href=\"https:\/\/eques.dk\/de\/produkt\/flex-genickstueck-eq3002-bk-5744003872428\/\">Flex Genickst\u00fcck<\/a> oder StepByStep <a href=\"https:\/\/eques.dk\/de\/produkt\/anatomisches-genickstueck-eq3001-bk-5744003872411\/\">Anatomischem Genickst\u00fcck<\/a>.<\/p>\n<p>&nbsp;<\/p>\n<p><strong>Pflege: <\/strong>Den Sperrriemen vorsichtig mit <a href=\"https:\/\/eques.dk\/de\/produkt\/black-edition-clean-eq64001-5744003873845\/\">Black Edition Clean<\/a> reinigen und danach mit <a href=\"https:\/\/eques.dk\/de\/produkt\/black-edition-care-eq64002-574400387385\/\">Black Edition Care<\/a> pflegen. EQUES empfiehlt die Steine mit einer d\u00fcnnen Schicht Klarlack zu besch\u00fctzen.<\/p>\n<p><strong>UVP:<\/strong>63 Euro<\/p>\n<p>&nbsp;<\/p>\n<p>&nbsp;<\/p>\n<p>(Ehemalige Artikelnummer: ER-1006-S)<\/p>\n","protected":false},"excerpt":{"rendered":"<p>Eleganter hannoveranischer Sperrriemen mit 3 Reihen wei\u00dfer und schwarzer Kristalle.<\/p>\n","protected":false},"featured_media":12258,"template":"","meta":{"_acf_changed":false,"_et_pb_use_builder":"","_et_pb_old_content":"","_et_gb_content_width":""},"product_brand":[],"product_cat":[211,53],"product_tag":[],"class_list":{"0":"post-12084","1":"product","2":"type-product","3":"status-publish","4":"has-post-thumbnail","6":"product_cat-hannoveranischer-sperrriemen","7":"product_cat-stepbystep-de","9":"first","10":"instock","11":"shipping-taxable","12":"product-type-simple"},"acf":[],"yoast_head":"<!-- This site is optimized with the Yoast SEO plugin v26.3 - https:\/\/yoast.com\/wordpress\/plugins\/seo\/ -->\n<title>Hannoveranischer Sperrriemen mit wei\u00dfen und schwarzen Kristallen : Eques<\/title>\n<meta name=\"robots\" content=\"index, follow, max-snippet:-1, max-image-preview:large, max-video-preview:-1\" \/>\n<link rel=\"canonical\" href=\"https:\/\/eques.dk\/de\/produkt\/hannoveranischer-sperrriemen-mit-weissen-und-schwarzen-kristallen-eq32106-bkwh-5744003872619\/\" \/>\n<meta property=\"og:locale\" content=\"de_DE\" \/>\n<meta property=\"og:type\" content=\"article\" \/>\n<meta property=\"og:title\" content=\"Hannoveranischer Sperrriemen mit wei\u00dfen und schwarzen Kristallen : Eques\" \/>\n<meta property=\"og:description\" content=\"Eleganter hannoveranischer Sperrriemen mit 3 Reihen wei\u00dfer und schwarzer Kristalle.\" \/>\n<meta property=\"og:url\" content=\"https:\/\/eques.dk\/de\/produkt\/hannoveranischer-sperrriemen-mit-weissen-und-schwarzen-kristallen-eq32106-bkwh-5744003872619\/\" \/>\n<meta property=\"og:site_name\" content=\"Eques\" \/>\n<meta property=\"article:modified_time\" content=\"2026-04-14T10:27:45+00:00\" \/>\n<meta property=\"og:image\" content=\"https:\/\/eques.dk\/wp-content\/uploads\/2021\/07\/Regular-Noseband-ER-1006-S.jpg\" \/>\n\t<meta property=\"og:image:width\" content=\"2048\" \/>\n\t<meta property=\"og:image:height\" content=\"2048\" \/>\n\t<meta property=\"og:image:type\" content=\"image\/jpeg\" \/>\n<meta name=\"twitter:card\" content=\"summary_large_image\" \/>\n<meta name=\"twitter:label1\" content=\"Gesch\u00e4tzte Lesezeit\" \/>\n\t<meta name=\"twitter:data1\" content=\"1\u00a0Minute\" \/>\n<script type=\"application\/ld+json\" class=\"yoast-schema-graph\">{\"@context\":\"https:\/\/schema.org\",\"@graph\":[{\"@type\":\"WebPage\",\"@id\":\"https:\/\/eques.dk\/de\/produkt\/hannoveranischer-sperrriemen-mit-weissen-und-schwarzen-kristallen-eq32106-bkwh-5744003872619\/\",\"url\":\"https:\/\/eques.dk\/de\/produkt\/hannoveranischer-sperrriemen-mit-weissen-und-schwarzen-kristallen-eq32106-bkwh-5744003872619\/\",\"name\":\"Hannoveranischer Sperrriemen mit wei\u00dfen und schwarzen Kristallen : Eques\",\"isPartOf\":{\"@id\":\"https:\/\/eques.dk\/de\/#website\"},\"primaryImageOfPage\":{\"@id\":\"https:\/\/eques.dk\/de\/produkt\/hannoveranischer-sperrriemen-mit-weissen-und-schwarzen-kristallen-eq32106-bkwh-5744003872619\/#primaryimage\"},\"image\":{\"@id\":\"https:\/\/eques.dk\/de\/produkt\/hannoveranischer-sperrriemen-mit-weissen-und-schwarzen-kristallen-eq32106-bkwh-5744003872619\/#primaryimage\"},\"thumbnailUrl\":\"https:\/\/eques.dk\/wp-content\/uploads\/2021\/07\/Regular-Noseband-ER-1006-S.jpg\",\"datePublished\":\"2021-08-10T14:28:53+00:00\",\"dateModified\":\"2026-04-14T10:27:45+00:00\",\"breadcrumb\":{\"@id\":\"https:\/\/eques.dk\/de\/produkt\/hannoveranischer-sperrriemen-mit-weissen-und-schwarzen-kristallen-eq32106-bkwh-5744003872619\/#breadcrumb\"},\"inLanguage\":\"de\",\"potentialAction\":[{\"@type\":\"ReadAction\",\"target\":[\"https:\/\/eques.dk\/de\/produkt\/hannoveranischer-sperrriemen-mit-weissen-und-schwarzen-kristallen-eq32106-bkwh-5744003872619\/\"]}]},{\"@type\":\"ImageObject\",\"inLanguage\":\"de\",\"@id\":\"https:\/\/eques.dk\/de\/produkt\/hannoveranischer-sperrriemen-mit-weissen-und-schwarzen-kristallen-eq32106-bkwh-5744003872619\/#primaryimage\",\"url\":\"https:\/\/eques.dk\/wp-content\/uploads\/2021\/07\/Regular-Noseband-ER-1006-S.jpg\",\"contentUrl\":\"https:\/\/eques.dk\/wp-content\/uploads\/2021\/07\/Regular-Noseband-ER-1006-S.jpg\",\"width\":2048,\"height\":2048},{\"@type\":\"BreadcrumbList\",\"@id\":\"https:\/\/eques.dk\/de\/produkt\/hannoveranischer-sperrriemen-mit-weissen-und-schwarzen-kristallen-eq32106-bkwh-5744003872619\/#breadcrumb\",\"itemListElement\":[{\"@type\":\"ListItem\",\"position\":1,\"name\":\"Hjem\",\"item\":\"https:\/\/eques.dk\/de\/\"},{\"@type\":\"ListItem\",\"position\":2,\"name\":\"Shop\",\"item\":\"https:\/\/eques.dk\/de\/shop\/\"},{\"@type\":\"ListItem\",\"position\":3,\"name\":\"Hannoveranischer Sperrriemen mit wei\u00dfen und schwarzen Kristallen\"}]},{\"@type\":\"WebSite\",\"@id\":\"https:\/\/eques.dk\/de\/#website\",\"url\":\"https:\/\/eques.dk\/de\/\",\"name\":\"Eques\",\"description\":\"Rideudstyr til islandske heste i dansk design\",\"potentialAction\":[{\"@type\":\"SearchAction\",\"target\":{\"@type\":\"EntryPoint\",\"urlTemplate\":\"https:\/\/eques.dk\/de\/?s={search_term_string}\"},\"query-input\":{\"@type\":\"PropertyValueSpecification\",\"valueRequired\":true,\"valueName\":\"search_term_string\"}}],\"inLanguage\":\"de\"}]}<\/script>\n<!-- \/ Yoast SEO plugin. -->","yoast_head_json":{"title":"Hannoveranischer Sperrriemen mit wei\u00dfen und schwarzen Kristallen : Eques","robots":{"index":"index","follow":"follow","max-snippet":"max-snippet:-1","max-image-preview":"max-image-preview:large","max-video-preview":"max-video-preview:-1"},"canonical":"https:\/\/eques.dk\/de\/produkt\/hannoveranischer-sperrriemen-mit-weissen-und-schwarzen-kristallen-eq32106-bkwh-5744003872619\/","og_locale":"de_DE","og_type":"article","og_title":"Hannoveranischer Sperrriemen mit wei\u00dfen und schwarzen Kristallen : Eques","og_description":"Eleganter hannoveranischer Sperrriemen mit 3 Reihen wei\u00dfer und schwarzer Kristalle.","og_url":"https:\/\/eques.dk\/de\/produkt\/hannoveranischer-sperrriemen-mit-weissen-und-schwarzen-kristallen-eq32106-bkwh-5744003872619\/","og_site_name":"Eques","article_modified_time":"2026-04-14T10:27:45+00:00","og_image":[{"width":2048,"height":2048,"url":"https:\/\/eques.dk\/wp-content\/uploads\/2021\/07\/Regular-Noseband-ER-1006-S.jpg","type":"image\/jpeg"}],"twitter_card":"summary_large_image","twitter_misc":{"Gesch\u00e4tzte Lesezeit":"1\u00a0Minute"},"schema":{"@context":"https:\/\/schema.org","@graph":[{"@type":"WebPage","@id":"https:\/\/eques.dk\/de\/produkt\/hannoveranischer-sperrriemen-mit-weissen-und-schwarzen-kristallen-eq32106-bkwh-5744003872619\/","url":"https:\/\/eques.dk\/de\/produkt\/hannoveranischer-sperrriemen-mit-weissen-und-schwarzen-kristallen-eq32106-bkwh-5744003872619\/","name":"Hannoveranischer Sperrriemen mit wei\u00dfen und schwarzen Kristallen : Eques","isPartOf":{"@id":"https:\/\/eques.dk\/de\/#website"},"primaryImageOfPage":{"@id":"https:\/\/eques.dk\/de\/produkt\/hannoveranischer-sperrriemen-mit-weissen-und-schwarzen-kristallen-eq32106-bkwh-5744003872619\/#primaryimage"},"image":{"@id":"https:\/\/eques.dk\/de\/produkt\/hannoveranischer-sperrriemen-mit-weissen-und-schwarzen-kristallen-eq32106-bkwh-5744003872619\/#primaryimage"},"thumbnailUrl":"https:\/\/eques.dk\/wp-content\/uploads\/2021\/07\/Regular-Noseband-ER-1006-S.jpg","datePublished":"2021-08-10T14:28:53+00:00","dateModified":"2026-04-14T10:27:45+00:00","breadcrumb":{"@id":"https:\/\/eques.dk\/de\/produkt\/hannoveranischer-sperrriemen-mit-weissen-und-schwarzen-kristallen-eq32106-bkwh-5744003872619\/#breadcrumb"},"inLanguage":"de","potentialAction":[{"@type":"ReadAction","target":["https:\/\/eques.dk\/de\/produkt\/hannoveranischer-sperrriemen-mit-weissen-und-schwarzen-kristallen-eq32106-bkwh-5744003872619\/"]}]},{"@type":"ImageObject","inLanguage":"de","@id":"https:\/\/eques.dk\/de\/produkt\/hannoveranischer-sperrriemen-mit-weissen-und-schwarzen-kristallen-eq32106-bkwh-5744003872619\/#primaryimage","url":"https:\/\/eques.dk\/wp-content\/uploads\/2021\/07\/Regular-Noseband-ER-1006-S.jpg","contentUrl":"https:\/\/eques.dk\/wp-content\/uploads\/2021\/07\/Regular-Noseband-ER-1006-S.jpg","width":2048,"height":2048},{"@type":"BreadcrumbList","@id":"https:\/\/eques.dk\/de\/produkt\/hannoveranischer-sperrriemen-mit-weissen-und-schwarzen-kristallen-eq32106-bkwh-5744003872619\/#breadcrumb","itemListElement":[{"@type":"ListItem","position":1,"name":"Hjem","item":"https:\/\/eques.dk\/de\/"},{"@type":"ListItem","position":2,"name":"Shop","item":"https:\/\/eques.dk\/de\/shop\/"},{"@type":"ListItem","position":3,"name":"Hannoveranischer Sperrriemen mit wei\u00dfen und schwarzen Kristallen"}]},{"@type":"WebSite","@id":"https:\/\/eques.dk\/de\/#website","url":"https:\/\/eques.dk\/de\/","name":"Eques","description":"Rideudstyr til islandske heste i dansk design","potentialAction":[{"@type":"SearchAction","target":{"@type":"EntryPoint","urlTemplate":"https:\/\/eques.dk\/de\/?s={search_term_string}"},"query-input":{"@type":"PropertyValueSpecification","valueRequired":true,"valueName":"search_term_string"}}],"inLanguage":"de"}]}},"_links":{"self":[{"href":"https:\/\/eques.dk\/de\/wp-json\/wp\/v2\/product\/12084","targetHints":{"allow":["GET"]}}],"collection":[{"href":"https:\/\/eques.dk\/de\/wp-json\/wp\/v2\/product"}],"about":[{"href":"https:\/\/eques.dk\/de\/wp-json\/wp\/v2\/types\/product"}],"wp:featuredmedia":[{"embeddable":true,"href":"https:\/\/eques.dk\/de\/wp-json\/wp\/v2\/media\/12258"}],"wp:attachment":[{"href":"https:\/\/eques.dk\/de\/wp-json\/wp\/v2\/media?parent=12084"}],"wp:term":[{"taxonomy":"product_brand","embeddable":true,"href":"https:\/\/eques.dk\/de\/wp-json\/wp\/v2\/product_brand?post=12084"},{"taxonomy":"product_cat","embeddable":true,"href":"https:\/\/eques.dk\/de\/wp-json\/wp\/v2\/product_cat?post=12084"},{"taxonomy":"product_tag","embeddable":true,"href":"https:\/\/eques.dk\/de\/wp-json\/wp\/v2\/product_tag?post=12084"}],"curies":[{"name":"wp","href":"https:\/\/api.w.org\/{rel}","templated":true}]}}