{"id":12081,"date":"2021-08-10T14:12:41","date_gmt":"2021-08-10T14:12:41","guid":{"rendered":"https:\/\/eques.dk\/?post_type=product&#038;p=12081"},"modified":"2023-12-11T08:50:44","modified_gmt":"2023-12-11T08:50:44","slug":"exklusiver-wave-stirnriemen-mit-weissen-und-schwarzen-kirstallen-eq31w05-whbk-5744003872565","status":"publish","type":"product","link":"https:\/\/eques.dk\/de\/produkt\/exklusiver-wave-stirnriemen-mit-weissen-und-schwarzen-kirstallen-eq31w05-whbk-5744003872565\/","title":{"rendered":"Exklusiver Wave Stirnriemen mit wei\u00dfen und schwarzen Kirstallen"},"content":{"rendered":"<p>5 Reihen mit wei\u00dfen und schwarzen Kristallen geben dem Stirnriemen einen exklusiven Ausdruck.<\/p>\n<p>Die Kristalle sind im Leder versenkt, so dass sie von beiden Seiten von der Lederkante gesch\u00fctzt werden.<\/p>\n<p>Der Stirnriemen ist aus weichem Qualit\u00e4tsleder mit einem diskreten Verschluss auf beiden Seiten.<\/p>\n<p>Er ist einfach an- und abzubauen, so dass der Stirnriemen jederzeit je nach Laune oder Anlass gewechselt werden kann.<\/p>\n<p>&nbsp;<\/p>\n<p><strong>Pflege: <\/strong>Den Nasenriemen vorsichtig mit <a href=\"https:\/\/eques.dk\/de\/produkt\/black-edition-clean-eq64001-5744003873845\/\">Black Edition Clean<\/a> reinigen und danach mit <a href=\"https:\/\/eques.dk\/de\/produkt\/black-edition-care-eq64002-574400387385\/\">Black Edition Care<\/a> pflegen. EQUES empfiehlt die Steine mit einer d\u00fcnnen Schicht Klarlack zu besch\u00fctzen.<\/p>\n<p><strong>UVP:<\/strong> 63 Euro<\/p>\n<p>&nbsp;<\/p>\n<p>&nbsp;<\/p>\n<p>(Ehemalige Artikelnummer: EB-1111-S)<\/p>\n","protected":false},"excerpt":{"rendered":"<p>Exklusiver Wave Stirnriemen mit wei\u00dfen und schwarzen Kirstallen (wei\u00df\/schwarz\/wei\u00df\/schwarz\/wei\u00df)<\/p>\n","protected":false},"featured_media":12249,"template":"","meta":{"_acf_changed":false,"_et_pb_use_builder":"","_et_pb_old_content":"","_et_gb_content_width":""},"product_brand":[],"product_cat":[53,59],"product_tag":[],"class_list":{"0":"post-12081","1":"product","2":"type-product","3":"status-publish","4":"has-post-thumbnail","6":"product_cat-stepbystep-de","7":"product_cat-stepbystep-stirnriemen","9":"first","10":"instock","11":"shipping-taxable","12":"product-type-simple"},"acf":[],"yoast_head":"<!-- This site is optimized with the Yoast SEO plugin v26.3 - https:\/\/yoast.com\/wordpress\/plugins\/seo\/ -->\n<title>Exklusiver Wave Stirnriemen mit wei\u00dfen und schwarzen Kirstallen : Eques<\/title>\n<meta name=\"robots\" content=\"index, follow, max-snippet:-1, max-image-preview:large, max-video-preview:-1\" \/>\n<link rel=\"canonical\" href=\"https:\/\/eques.dk\/de\/produkt\/exklusiver-wave-stirnriemen-mit-weissen-und-schwarzen-kirstallen-eq31w05-whbk-5744003872565\/\" \/>\n<meta property=\"og:locale\" content=\"de_DE\" \/>\n<meta property=\"og:type\" content=\"article\" \/>\n<meta property=\"og:title\" content=\"Exklusiver Wave Stirnriemen mit wei\u00dfen und schwarzen Kirstallen : Eques\" \/>\n<meta property=\"og:description\" content=\"Exklusiver Wave Stirnriemen mit wei\u00dfen und schwarzen Kirstallen (wei\u00df\/schwarz\/wei\u00df\/schwarz\/wei\u00df)\" \/>\n<meta property=\"og:url\" content=\"https:\/\/eques.dk\/de\/produkt\/exklusiver-wave-stirnriemen-mit-weissen-und-schwarzen-kirstallen-eq31w05-whbk-5744003872565\/\" \/>\n<meta property=\"og:site_name\" content=\"Eques\" \/>\n<meta property=\"article:modified_time\" content=\"2023-12-11T08:50:44+00:00\" \/>\n<meta property=\"og:image\" content=\"https:\/\/eques.dk\/wp-content\/uploads\/2021\/07\/Browband-EB-1111-S-WHITE-BLACK.jpg\" \/>\n\t<meta property=\"og:image:width\" content=\"2048\" \/>\n\t<meta property=\"og:image:height\" content=\"2048\" \/>\n\t<meta property=\"og:image:type\" content=\"image\/jpeg\" \/>\n<meta name=\"twitter:card\" content=\"summary_large_image\" \/>\n<meta name=\"twitter:label1\" content=\"Gesch\u00e4tzte Lesezeit\" \/>\n\t<meta name=\"twitter:data1\" content=\"1\u00a0Minute\" \/>\n<script type=\"application\/ld+json\" class=\"yoast-schema-graph\">{\"@context\":\"https:\/\/schema.org\",\"@graph\":[{\"@type\":\"WebPage\",\"@id\":\"https:\/\/eques.dk\/de\/produkt\/exklusiver-wave-stirnriemen-mit-weissen-und-schwarzen-kirstallen-eq31w05-whbk-5744003872565\/\",\"url\":\"https:\/\/eques.dk\/de\/produkt\/exklusiver-wave-stirnriemen-mit-weissen-und-schwarzen-kirstallen-eq31w05-whbk-5744003872565\/\",\"name\":\"Exklusiver Wave Stirnriemen mit wei\u00dfen und schwarzen Kirstallen : Eques\",\"isPartOf\":{\"@id\":\"https:\/\/eques.dk\/de\/#website\"},\"primaryImageOfPage\":{\"@id\":\"https:\/\/eques.dk\/de\/produkt\/exklusiver-wave-stirnriemen-mit-weissen-und-schwarzen-kirstallen-eq31w05-whbk-5744003872565\/#primaryimage\"},\"image\":{\"@id\":\"https:\/\/eques.dk\/de\/produkt\/exklusiver-wave-stirnriemen-mit-weissen-und-schwarzen-kirstallen-eq31w05-whbk-5744003872565\/#primaryimage\"},\"thumbnailUrl\":\"https:\/\/eques.dk\/wp-content\/uploads\/2021\/07\/Browband-EB-1111-S-WHITE-BLACK.jpg\",\"datePublished\":\"2021-08-10T14:12:41+00:00\",\"dateModified\":\"2023-12-11T08:50:44+00:00\",\"breadcrumb\":{\"@id\":\"https:\/\/eques.dk\/de\/produkt\/exklusiver-wave-stirnriemen-mit-weissen-und-schwarzen-kirstallen-eq31w05-whbk-5744003872565\/#breadcrumb\"},\"inLanguage\":\"de\",\"potentialAction\":[{\"@type\":\"ReadAction\",\"target\":[\"https:\/\/eques.dk\/de\/produkt\/exklusiver-wave-stirnriemen-mit-weissen-und-schwarzen-kirstallen-eq31w05-whbk-5744003872565\/\"]}]},{\"@type\":\"ImageObject\",\"inLanguage\":\"de\",\"@id\":\"https:\/\/eques.dk\/de\/produkt\/exklusiver-wave-stirnriemen-mit-weissen-und-schwarzen-kirstallen-eq31w05-whbk-5744003872565\/#primaryimage\",\"url\":\"https:\/\/eques.dk\/wp-content\/uploads\/2021\/07\/Browband-EB-1111-S-WHITE-BLACK.jpg\",\"contentUrl\":\"https:\/\/eques.dk\/wp-content\/uploads\/2021\/07\/Browband-EB-1111-S-WHITE-BLACK.jpg\",\"width\":2048,\"height\":2048},{\"@type\":\"BreadcrumbList\",\"@id\":\"https:\/\/eques.dk\/de\/produkt\/exklusiver-wave-stirnriemen-mit-weissen-und-schwarzen-kirstallen-eq31w05-whbk-5744003872565\/#breadcrumb\",\"itemListElement\":[{\"@type\":\"ListItem\",\"position\":1,\"name\":\"Hjem\",\"item\":\"https:\/\/eques.dk\/de\/\"},{\"@type\":\"ListItem\",\"position\":2,\"name\":\"Shop\",\"item\":\"https:\/\/eques.dk\/de\/shop\/\"},{\"@type\":\"ListItem\",\"position\":3,\"name\":\"Exklusiver Wave Stirnriemen mit wei\u00dfen und schwarzen Kirstallen\"}]},{\"@type\":\"WebSite\",\"@id\":\"https:\/\/eques.dk\/de\/#website\",\"url\":\"https:\/\/eques.dk\/de\/\",\"name\":\"Eques\",\"description\":\"Rideudstyr til islandske heste i dansk design\",\"potentialAction\":[{\"@type\":\"SearchAction\",\"target\":{\"@type\":\"EntryPoint\",\"urlTemplate\":\"https:\/\/eques.dk\/de\/?s={search_term_string}\"},\"query-input\":{\"@type\":\"PropertyValueSpecification\",\"valueRequired\":true,\"valueName\":\"search_term_string\"}}],\"inLanguage\":\"de\"}]}<\/script>\n<!-- \/ Yoast SEO plugin. -->","yoast_head_json":{"title":"Exklusiver Wave Stirnriemen mit wei\u00dfen und schwarzen Kirstallen : Eques","robots":{"index":"index","follow":"follow","max-snippet":"max-snippet:-1","max-image-preview":"max-image-preview:large","max-video-preview":"max-video-preview:-1"},"canonical":"https:\/\/eques.dk\/de\/produkt\/exklusiver-wave-stirnriemen-mit-weissen-und-schwarzen-kirstallen-eq31w05-whbk-5744003872565\/","og_locale":"de_DE","og_type":"article","og_title":"Exklusiver Wave Stirnriemen mit wei\u00dfen und schwarzen Kirstallen : Eques","og_description":"Exklusiver Wave Stirnriemen mit wei\u00dfen und schwarzen Kirstallen (wei\u00df\/schwarz\/wei\u00df\/schwarz\/wei\u00df)","og_url":"https:\/\/eques.dk\/de\/produkt\/exklusiver-wave-stirnriemen-mit-weissen-und-schwarzen-kirstallen-eq31w05-whbk-5744003872565\/","og_site_name":"Eques","article_modified_time":"2023-12-11T08:50:44+00:00","og_image":[{"width":2048,"height":2048,"url":"https:\/\/eques.dk\/wp-content\/uploads\/2021\/07\/Browband-EB-1111-S-WHITE-BLACK.jpg","type":"image\/jpeg"}],"twitter_card":"summary_large_image","twitter_misc":{"Gesch\u00e4tzte Lesezeit":"1\u00a0Minute"},"schema":{"@context":"https:\/\/schema.org","@graph":[{"@type":"WebPage","@id":"https:\/\/eques.dk\/de\/produkt\/exklusiver-wave-stirnriemen-mit-weissen-und-schwarzen-kirstallen-eq31w05-whbk-5744003872565\/","url":"https:\/\/eques.dk\/de\/produkt\/exklusiver-wave-stirnriemen-mit-weissen-und-schwarzen-kirstallen-eq31w05-whbk-5744003872565\/","name":"Exklusiver Wave Stirnriemen mit wei\u00dfen und schwarzen Kirstallen : Eques","isPartOf":{"@id":"https:\/\/eques.dk\/de\/#website"},"primaryImageOfPage":{"@id":"https:\/\/eques.dk\/de\/produkt\/exklusiver-wave-stirnriemen-mit-weissen-und-schwarzen-kirstallen-eq31w05-whbk-5744003872565\/#primaryimage"},"image":{"@id":"https:\/\/eques.dk\/de\/produkt\/exklusiver-wave-stirnriemen-mit-weissen-und-schwarzen-kirstallen-eq31w05-whbk-5744003872565\/#primaryimage"},"thumbnailUrl":"https:\/\/eques.dk\/wp-content\/uploads\/2021\/07\/Browband-EB-1111-S-WHITE-BLACK.jpg","datePublished":"2021-08-10T14:12:41+00:00","dateModified":"2023-12-11T08:50:44+00:00","breadcrumb":{"@id":"https:\/\/eques.dk\/de\/produkt\/exklusiver-wave-stirnriemen-mit-weissen-und-schwarzen-kirstallen-eq31w05-whbk-5744003872565\/#breadcrumb"},"inLanguage":"de","potentialAction":[{"@type":"ReadAction","target":["https:\/\/eques.dk\/de\/produkt\/exklusiver-wave-stirnriemen-mit-weissen-und-schwarzen-kirstallen-eq31w05-whbk-5744003872565\/"]}]},{"@type":"ImageObject","inLanguage":"de","@id":"https:\/\/eques.dk\/de\/produkt\/exklusiver-wave-stirnriemen-mit-weissen-und-schwarzen-kirstallen-eq31w05-whbk-5744003872565\/#primaryimage","url":"https:\/\/eques.dk\/wp-content\/uploads\/2021\/07\/Browband-EB-1111-S-WHITE-BLACK.jpg","contentUrl":"https:\/\/eques.dk\/wp-content\/uploads\/2021\/07\/Browband-EB-1111-S-WHITE-BLACK.jpg","width":2048,"height":2048},{"@type":"BreadcrumbList","@id":"https:\/\/eques.dk\/de\/produkt\/exklusiver-wave-stirnriemen-mit-weissen-und-schwarzen-kirstallen-eq31w05-whbk-5744003872565\/#breadcrumb","itemListElement":[{"@type":"ListItem","position":1,"name":"Hjem","item":"https:\/\/eques.dk\/de\/"},{"@type":"ListItem","position":2,"name":"Shop","item":"https:\/\/eques.dk\/de\/shop\/"},{"@type":"ListItem","position":3,"name":"Exklusiver Wave Stirnriemen mit wei\u00dfen und schwarzen Kirstallen"}]},{"@type":"WebSite","@id":"https:\/\/eques.dk\/de\/#website","url":"https:\/\/eques.dk\/de\/","name":"Eques","description":"Rideudstyr til islandske heste i dansk design","potentialAction":[{"@type":"SearchAction","target":{"@type":"EntryPoint","urlTemplate":"https:\/\/eques.dk\/de\/?s={search_term_string}"},"query-input":{"@type":"PropertyValueSpecification","valueRequired":true,"valueName":"search_term_string"}}],"inLanguage":"de"}]}},"_links":{"self":[{"href":"https:\/\/eques.dk\/de\/wp-json\/wp\/v2\/product\/12081","targetHints":{"allow":["GET"]}}],"collection":[{"href":"https:\/\/eques.dk\/de\/wp-json\/wp\/v2\/product"}],"about":[{"href":"https:\/\/eques.dk\/de\/wp-json\/wp\/v2\/types\/product"}],"wp:featuredmedia":[{"embeddable":true,"href":"https:\/\/eques.dk\/de\/wp-json\/wp\/v2\/media\/12249"}],"wp:attachment":[{"href":"https:\/\/eques.dk\/de\/wp-json\/wp\/v2\/media?parent=12081"}],"wp:term":[{"taxonomy":"product_brand","embeddable":true,"href":"https:\/\/eques.dk\/de\/wp-json\/wp\/v2\/product_brand?post=12081"},{"taxonomy":"product_cat","embeddable":true,"href":"https:\/\/eques.dk\/de\/wp-json\/wp\/v2\/product_cat?post=12081"},{"taxonomy":"product_tag","embeddable":true,"href":"https:\/\/eques.dk\/de\/wp-json\/wp\/v2\/product_tag?post=12081"}],"curies":[{"name":"wp","href":"https:\/\/api.w.org\/{rel}","templated":true}]}}