{"id":11664,"date":"2021-05-14T15:06:06","date_gmt":"2021-05-14T15:06:06","guid":{"rendered":"https:\/\/eques.dk\/?post_type=product&#038;p=11664"},"modified":"2026-05-02T10:05:40","modified_gmt":"2026-05-02T10:05:40","slug":"linea-tights-eq84501-bk","status":"publish","type":"product","link":"https:\/\/eques.dk\/de\/produkt\/linea-tights-eq84501-bk\/","title":{"rendered":"Linea Tights"},"content":{"rendered":"<p>Die Linea Tights sind aus flexiblem und robustem Stoff f\u00fcr einen hohen Tragekomfort.<\/p>\n<p>Die Leggins ist hoch geschnitten mit einem breiten Gummibund, welcher f\u00fcr guten Halt und eine angenehme Passform sorgt.<\/p>\n<p>Der praktische Vollgrip-Besatz unterst\u00fctzt einen festen Sitz im Sattel.<\/p>\n<p>Smarte Details mit praktischen Taschen mit diskreten YKK Reisverschl\u00fcssen und einem gestickten, farblich abgestimmten EQUES-Logo auf dem linken Hosenbein.<\/p>\n<p>Die Leggins sind mit 2 Handytaschen &#8211; eine offene am Oberschenkel und eine im Lendenbereich mit Reisverschluss. Dazu kommt eine weitere kleine Tasche oben an der linken H\u00fcfte f\u00fcr Schl\u00fcssel oder \u00e4hnliches.<\/p>\n<p>&nbsp;<\/p>\n<p><strong>Gr\u00f6\u00dfen:<\/strong> 32-46<\/p>\n<p><strong>Beinl\u00e4nge:<\/strong> Normal (R)<\/p>\n<p><strong>Material:<\/strong> 88% Polyester, 12% Spandex<\/p>\n<p><strong>Waschempfehlung:<\/strong> Maschinenw\u00e4sche, Feinw\u00e4sche 30 \u00b0C<\/p>\n<p><strong>UVP:<\/strong> 109 Euro<\/p>\n<p>&nbsp;<\/p>\n<p>&nbsp;<\/p>\n<p>(Ehemalige Artikelnummer: SBR1324)<\/p>\n","protected":false},"excerpt":{"rendered":"<p>Weiche Damen-Reitleggins mit guter Passform, welche mit ihrem Vollgripp einen guten Kontakt zum Sattel sichern. Die Hose hat sch\u00f6ne Details und eine Handytasche am Oberschenkel und am R\u00fccken.<\/p>\n<div class=\"et_pb_module et_pb_wc_description et_pb_wc_description_0_tb_body et_pb_bg_layout_light et_pb_text_align_left\">\n<div class=\"et_pb_module_inner\">\n<p>Video die Linea Tights <a href=\"https:\/\/www.youtube.com\/shorts\/ZoOhpD9U948\" target=\"_blank\" rel=\"noopener\">hier<\/a>.<\/p>\n<\/div>\n<\/div>\n","protected":false},"featured_media":11635,"template":"","meta":{"_acf_changed":false,"_et_pb_use_builder":"","_et_pb_old_content":"","_et_gb_content_width":""},"product_brand":[],"product_cat":[41,716],"product_tag":[],"class_list":{"0":"post-11664","1":"product","2":"type-product","3":"status-publish","4":"has-post-thumbnail","6":"product_cat-fuer-reiter","7":"product_cat-verkauf","9":"first","10":"instock","11":"shipping-taxable","12":"product-type-variable"},"acf":[],"yoast_head":"<!-- This site is optimized with the Yoast SEO plugin v26.3 - https:\/\/yoast.com\/wordpress\/plugins\/seo\/ -->\n<title>Linea Tights : Eques<\/title>\n<meta name=\"robots\" content=\"index, follow, max-snippet:-1, max-image-preview:large, max-video-preview:-1\" \/>\n<link rel=\"canonical\" href=\"https:\/\/eques.dk\/de\/produkt\/linea-tights-eq84501-bk\/\" \/>\n<meta property=\"og:locale\" content=\"de_DE\" \/>\n<meta property=\"og:type\" content=\"article\" \/>\n<meta property=\"og:title\" content=\"Linea Tights : Eques\" \/>\n<meta property=\"og:description\" content=\"Weiche Damen-Reitleggins mit guter Passform, welche mit ihrem Vollgripp einen guten Kontakt zum Sattel sichern. Die Hose hat sch\u00f6ne Details und eine Handytasche am Oberschenkel und am R\u00fccken.    Video die Linea Tights hier.\" \/>\n<meta property=\"og:url\" content=\"https:\/\/eques.dk\/de\/produkt\/linea-tights-eq84501-bk\/\" \/>\n<meta property=\"og:site_name\" content=\"Eques\" \/>\n<meta property=\"article:modified_time\" content=\"2026-05-02T10:05:40+00:00\" \/>\n<meta property=\"og:image\" content=\"https:\/\/eques.dk\/wp-content\/uploads\/2021\/05\/Square-R5AH4546-Edit.jpg\" \/>\n\t<meta property=\"og:image:width\" content=\"2048\" \/>\n\t<meta property=\"og:image:height\" content=\"2048\" \/>\n\t<meta property=\"og:image:type\" content=\"image\/jpeg\" \/>\n<meta name=\"twitter:card\" content=\"summary_large_image\" \/>\n<meta name=\"twitter:label1\" content=\"Gesch\u00e4tzte Lesezeit\" \/>\n\t<meta name=\"twitter:data1\" content=\"1\u00a0Minute\" \/>\n<script type=\"application\/ld+json\" class=\"yoast-schema-graph\">{\"@context\":\"https:\/\/schema.org\",\"@graph\":[{\"@type\":\"WebPage\",\"@id\":\"https:\/\/eques.dk\/de\/produkt\/linea-tights-eq84501-bk\/\",\"url\":\"https:\/\/eques.dk\/de\/produkt\/linea-tights-eq84501-bk\/\",\"name\":\"Linea Tights : Eques\",\"isPartOf\":{\"@id\":\"https:\/\/eques.dk\/de\/#website\"},\"primaryImageOfPage\":{\"@id\":\"https:\/\/eques.dk\/de\/produkt\/linea-tights-eq84501-bk\/#primaryimage\"},\"image\":{\"@id\":\"https:\/\/eques.dk\/de\/produkt\/linea-tights-eq84501-bk\/#primaryimage\"},\"thumbnailUrl\":\"https:\/\/eques.dk\/wp-content\/uploads\/2021\/05\/Square-R5AH4546-Edit.jpg\",\"datePublished\":\"2021-05-14T15:06:06+00:00\",\"dateModified\":\"2026-05-02T10:05:40+00:00\",\"breadcrumb\":{\"@id\":\"https:\/\/eques.dk\/de\/produkt\/linea-tights-eq84501-bk\/#breadcrumb\"},\"inLanguage\":\"de\",\"potentialAction\":[{\"@type\":\"ReadAction\",\"target\":[\"https:\/\/eques.dk\/de\/produkt\/linea-tights-eq84501-bk\/\"]}]},{\"@type\":\"ImageObject\",\"inLanguage\":\"de\",\"@id\":\"https:\/\/eques.dk\/de\/produkt\/linea-tights-eq84501-bk\/#primaryimage\",\"url\":\"https:\/\/eques.dk\/wp-content\/uploads\/2021\/05\/Square-R5AH4546-Edit.jpg\",\"contentUrl\":\"https:\/\/eques.dk\/wp-content\/uploads\/2021\/05\/Square-R5AH4546-Edit.jpg\",\"width\":2048,\"height\":2048},{\"@type\":\"BreadcrumbList\",\"@id\":\"https:\/\/eques.dk\/de\/produkt\/linea-tights-eq84501-bk\/#breadcrumb\",\"itemListElement\":[{\"@type\":\"ListItem\",\"position\":1,\"name\":\"Hjem\",\"item\":\"https:\/\/eques.dk\/de\/\"},{\"@type\":\"ListItem\",\"position\":2,\"name\":\"Shop\",\"item\":\"https:\/\/eques.dk\/de\/shop\/\"},{\"@type\":\"ListItem\",\"position\":3,\"name\":\"Linea Tights\"}]},{\"@type\":\"WebSite\",\"@id\":\"https:\/\/eques.dk\/de\/#website\",\"url\":\"https:\/\/eques.dk\/de\/\",\"name\":\"Eques\",\"description\":\"Rideudstyr til islandske heste i dansk design\",\"potentialAction\":[{\"@type\":\"SearchAction\",\"target\":{\"@type\":\"EntryPoint\",\"urlTemplate\":\"https:\/\/eques.dk\/de\/?s={search_term_string}\"},\"query-input\":{\"@type\":\"PropertyValueSpecification\",\"valueRequired\":true,\"valueName\":\"search_term_string\"}}],\"inLanguage\":\"de\"}]}<\/script>\n<!-- \/ Yoast SEO plugin. -->","yoast_head_json":{"title":"Linea Tights : Eques","robots":{"index":"index","follow":"follow","max-snippet":"max-snippet:-1","max-image-preview":"max-image-preview:large","max-video-preview":"max-video-preview:-1"},"canonical":"https:\/\/eques.dk\/de\/produkt\/linea-tights-eq84501-bk\/","og_locale":"de_DE","og_type":"article","og_title":"Linea Tights : Eques","og_description":"Weiche Damen-Reitleggins mit guter Passform, welche mit ihrem Vollgripp einen guten Kontakt zum Sattel sichern. Die Hose hat sch\u00f6ne Details und eine Handytasche am Oberschenkel und am R\u00fccken.    Video die Linea Tights hier.","og_url":"https:\/\/eques.dk\/de\/produkt\/linea-tights-eq84501-bk\/","og_site_name":"Eques","article_modified_time":"2026-05-02T10:05:40+00:00","og_image":[{"width":2048,"height":2048,"url":"https:\/\/eques.dk\/wp-content\/uploads\/2021\/05\/Square-R5AH4546-Edit.jpg","type":"image\/jpeg"}],"twitter_card":"summary_large_image","twitter_misc":{"Gesch\u00e4tzte Lesezeit":"1\u00a0Minute"},"schema":{"@context":"https:\/\/schema.org","@graph":[{"@type":"WebPage","@id":"https:\/\/eques.dk\/de\/produkt\/linea-tights-eq84501-bk\/","url":"https:\/\/eques.dk\/de\/produkt\/linea-tights-eq84501-bk\/","name":"Linea Tights : Eques","isPartOf":{"@id":"https:\/\/eques.dk\/de\/#website"},"primaryImageOfPage":{"@id":"https:\/\/eques.dk\/de\/produkt\/linea-tights-eq84501-bk\/#primaryimage"},"image":{"@id":"https:\/\/eques.dk\/de\/produkt\/linea-tights-eq84501-bk\/#primaryimage"},"thumbnailUrl":"https:\/\/eques.dk\/wp-content\/uploads\/2021\/05\/Square-R5AH4546-Edit.jpg","datePublished":"2021-05-14T15:06:06+00:00","dateModified":"2026-05-02T10:05:40+00:00","breadcrumb":{"@id":"https:\/\/eques.dk\/de\/produkt\/linea-tights-eq84501-bk\/#breadcrumb"},"inLanguage":"de","potentialAction":[{"@type":"ReadAction","target":["https:\/\/eques.dk\/de\/produkt\/linea-tights-eq84501-bk\/"]}]},{"@type":"ImageObject","inLanguage":"de","@id":"https:\/\/eques.dk\/de\/produkt\/linea-tights-eq84501-bk\/#primaryimage","url":"https:\/\/eques.dk\/wp-content\/uploads\/2021\/05\/Square-R5AH4546-Edit.jpg","contentUrl":"https:\/\/eques.dk\/wp-content\/uploads\/2021\/05\/Square-R5AH4546-Edit.jpg","width":2048,"height":2048},{"@type":"BreadcrumbList","@id":"https:\/\/eques.dk\/de\/produkt\/linea-tights-eq84501-bk\/#breadcrumb","itemListElement":[{"@type":"ListItem","position":1,"name":"Hjem","item":"https:\/\/eques.dk\/de\/"},{"@type":"ListItem","position":2,"name":"Shop","item":"https:\/\/eques.dk\/de\/shop\/"},{"@type":"ListItem","position":3,"name":"Linea Tights"}]},{"@type":"WebSite","@id":"https:\/\/eques.dk\/de\/#website","url":"https:\/\/eques.dk\/de\/","name":"Eques","description":"Rideudstyr til islandske heste i dansk design","potentialAction":[{"@type":"SearchAction","target":{"@type":"EntryPoint","urlTemplate":"https:\/\/eques.dk\/de\/?s={search_term_string}"},"query-input":{"@type":"PropertyValueSpecification","valueRequired":true,"valueName":"search_term_string"}}],"inLanguage":"de"}]}},"_links":{"self":[{"href":"https:\/\/eques.dk\/de\/wp-json\/wp\/v2\/product\/11664","targetHints":{"allow":["GET"]}}],"collection":[{"href":"https:\/\/eques.dk\/de\/wp-json\/wp\/v2\/product"}],"about":[{"href":"https:\/\/eques.dk\/de\/wp-json\/wp\/v2\/types\/product"}],"wp:featuredmedia":[{"embeddable":true,"href":"https:\/\/eques.dk\/de\/wp-json\/wp\/v2\/media\/11635"}],"wp:attachment":[{"href":"https:\/\/eques.dk\/de\/wp-json\/wp\/v2\/media?parent=11664"}],"wp:term":[{"taxonomy":"product_brand","embeddable":true,"href":"https:\/\/eques.dk\/de\/wp-json\/wp\/v2\/product_brand?post=11664"},{"taxonomy":"product_cat","embeddable":true,"href":"https:\/\/eques.dk\/de\/wp-json\/wp\/v2\/product_cat?post=11664"},{"taxonomy":"product_tag","embeddable":true,"href":"https:\/\/eques.dk\/de\/wp-json\/wp\/v2\/product_tag?post=11664"}],"curies":[{"name":"wp","href":"https:\/\/api.w.org\/{rel}","templated":true}]}}