{"id":11184,"date":"2017-12-19T14:47:34","date_gmt":"2017-12-19T14:47:34","guid":{"rendered":"https:\/\/eques.dk\/vare\/flex-genickstuecke\/"},"modified":"2026-03-05T21:48:34","modified_gmt":"2026-03-05T21:48:34","slug":"flex-genickstueck-eq3002-bk-5744003872428","status":"publish","type":"product","link":"https:\/\/eques.dk\/de\/produkt\/flex-genickstueck-eq3002-bk-5744003872428\/","title":{"rendered":"Flex-Genickst\u00fccke"},"content":{"rendered":"<p>Das Flex-Genickst\u00fcck ist handgefertigt aus dem feinsten Qualit\u00e4tsleder und entwickelt um den bestm\u00f6glichen Komfort f\u00fcr das Pferd zu erm\u00f6glichen. Das Genickst\u00fcck ist in der Mitte weich gepolstert, was f\u00fcr Flexibilit\u00e4t im Genick des Pferdes sorgt.<\/p>\n<p>Beim Genickst\u00fcck sind Backenst\u00fccke inklusive, an welchen das Gebiss befestigt wird.<\/p>\n<p>&nbsp;<\/p>\n<p><strong>Pflege: <\/strong>Das Genickst\u00fcck mit <a href=\"https:\/\/eques.dk\/de\/produkt\/black-edition-clean-eq64001-5744003873845\/\">Black Edition Clean<\/a> reinigen und danach mit <a href=\"https:\/\/eques.dk\/de\/produkt\/black-edition-care-eq64002-574400387385\/\">Black Edition Care<\/a> pflegen.<\/p>\n<p><strong>UVP<\/strong>: 57 Euro<\/p>\n<p>&nbsp;<\/p>\n<p>&nbsp;<\/p>\n<p>(Ehemalige Artikelnummer: EA-0002-S)<\/p>\n","protected":false},"excerpt":{"rendered":"<p>Das Genickst\u00fcck hat eine Verbreiterung in der Mitte um den Druck auf dem Genick des Pferdes m\u00f6glichst gut zu verteilen.<\/p>\n<p>Die Form sorgt daf\u00fcr dass die Ohren des Pferdes nicht durch die Trense eingeschr\u00e4nkt werden.<\/p>\n","protected":false},"featured_media":9858,"template":"","meta":{"_acf_changed":false,"_et_pb_use_builder":"","_et_pb_old_content":"","_et_gb_content_width":""},"product_brand":[],"product_cat":[55,53],"product_tag":[],"class_list":{"0":"post-11184","1":"product","2":"type-product","3":"status-publish","4":"has-post-thumbnail","6":"product_cat-genickstueck","7":"product_cat-stepbystep-de","9":"first","10":"instock","11":"shipping-taxable","12":"product-type-simple"},"acf":[],"yoast_head":"<!-- This site is optimized with the Yoast SEO plugin v26.3 - https:\/\/yoast.com\/wordpress\/plugins\/seo\/ -->\n<title>Flex-Genickst\u00fccke : Eques<\/title>\n<meta name=\"robots\" content=\"index, follow, max-snippet:-1, max-image-preview:large, max-video-preview:-1\" \/>\n<link rel=\"canonical\" href=\"https:\/\/eques.dk\/de\/produkt\/flex-genickstueck-eq3002-bk-5744003872428\/\" \/>\n<meta property=\"og:locale\" content=\"de_DE\" \/>\n<meta property=\"og:type\" content=\"article\" \/>\n<meta property=\"og:title\" content=\"Flex-Genickst\u00fccke : Eques\" \/>\n<meta property=\"og:description\" content=\"Das Genickst\u00fcck hat eine Verbreiterung in der Mitte um den Druck auf dem Genick des Pferdes m\u00f6glichst gut zu verteilen.  Die Form sorgt daf\u00fcr dass die Ohren des Pferdes nicht durch die Trense eingeschr\u00e4nkt werden.\" \/>\n<meta property=\"og:url\" content=\"https:\/\/eques.dk\/de\/produkt\/flex-genickstueck-eq3002-bk-5744003872428\/\" \/>\n<meta property=\"og:site_name\" content=\"Eques\" \/>\n<meta property=\"article:modified_time\" content=\"2026-03-05T21:48:34+00:00\" \/>\n<meta property=\"og:image\" content=\"https:\/\/eques.dk\/wp-content\/uploads\/2017\/12\/sbs-flex-nakkerem-square-1.jpg\" \/>\n\t<meta property=\"og:image:width\" content=\"2048\" \/>\n\t<meta property=\"og:image:height\" content=\"2047\" \/>\n\t<meta property=\"og:image:type\" content=\"image\/jpeg\" \/>\n<meta name=\"twitter:card\" content=\"summary_large_image\" \/>\n<meta name=\"twitter:label1\" content=\"Gesch\u00e4tzte Lesezeit\" \/>\n\t<meta name=\"twitter:data1\" content=\"1\u00a0Minute\" \/>\n<script type=\"application\/ld+json\" class=\"yoast-schema-graph\">{\"@context\":\"https:\/\/schema.org\",\"@graph\":[{\"@type\":\"WebPage\",\"@id\":\"https:\/\/eques.dk\/de\/produkt\/flex-genickstueck-eq3002-bk-5744003872428\/\",\"url\":\"https:\/\/eques.dk\/de\/produkt\/flex-genickstueck-eq3002-bk-5744003872428\/\",\"name\":\"Flex-Genickst\u00fccke : Eques\",\"isPartOf\":{\"@id\":\"https:\/\/eques.dk\/de\/#website\"},\"primaryImageOfPage\":{\"@id\":\"https:\/\/eques.dk\/de\/produkt\/flex-genickstueck-eq3002-bk-5744003872428\/#primaryimage\"},\"image\":{\"@id\":\"https:\/\/eques.dk\/de\/produkt\/flex-genickstueck-eq3002-bk-5744003872428\/#primaryimage\"},\"thumbnailUrl\":\"https:\/\/eques.dk\/wp-content\/uploads\/2017\/12\/sbs-flex-nakkerem-square-1.jpg\",\"datePublished\":\"2017-12-19T14:47:34+00:00\",\"dateModified\":\"2026-03-05T21:48:34+00:00\",\"breadcrumb\":{\"@id\":\"https:\/\/eques.dk\/de\/produkt\/flex-genickstueck-eq3002-bk-5744003872428\/#breadcrumb\"},\"inLanguage\":\"de\",\"potentialAction\":[{\"@type\":\"ReadAction\",\"target\":[\"https:\/\/eques.dk\/de\/produkt\/flex-genickstueck-eq3002-bk-5744003872428\/\"]}]},{\"@type\":\"ImageObject\",\"inLanguage\":\"de\",\"@id\":\"https:\/\/eques.dk\/de\/produkt\/flex-genickstueck-eq3002-bk-5744003872428\/#primaryimage\",\"url\":\"https:\/\/eques.dk\/wp-content\/uploads\/2017\/12\/sbs-flex-nakkerem-square-1.jpg\",\"contentUrl\":\"https:\/\/eques.dk\/wp-content\/uploads\/2017\/12\/sbs-flex-nakkerem-square-1.jpg\",\"width\":2048,\"height\":2047},{\"@type\":\"BreadcrumbList\",\"@id\":\"https:\/\/eques.dk\/de\/produkt\/flex-genickstueck-eq3002-bk-5744003872428\/#breadcrumb\",\"itemListElement\":[{\"@type\":\"ListItem\",\"position\":1,\"name\":\"Hjem\",\"item\":\"https:\/\/eques.dk\/de\/\"},{\"@type\":\"ListItem\",\"position\":2,\"name\":\"Shop\",\"item\":\"https:\/\/eques.dk\/de\/shop\/\"},{\"@type\":\"ListItem\",\"position\":3,\"name\":\"Flex-Genickst\u00fccke\"}]},{\"@type\":\"WebSite\",\"@id\":\"https:\/\/eques.dk\/de\/#website\",\"url\":\"https:\/\/eques.dk\/de\/\",\"name\":\"Eques\",\"description\":\"Rideudstyr til islandske heste i dansk design\",\"potentialAction\":[{\"@type\":\"SearchAction\",\"target\":{\"@type\":\"EntryPoint\",\"urlTemplate\":\"https:\/\/eques.dk\/de\/?s={search_term_string}\"},\"query-input\":{\"@type\":\"PropertyValueSpecification\",\"valueRequired\":true,\"valueName\":\"search_term_string\"}}],\"inLanguage\":\"de\"}]}<\/script>\n<!-- \/ Yoast SEO plugin. -->","yoast_head_json":{"title":"Flex-Genickst\u00fccke : Eques","robots":{"index":"index","follow":"follow","max-snippet":"max-snippet:-1","max-image-preview":"max-image-preview:large","max-video-preview":"max-video-preview:-1"},"canonical":"https:\/\/eques.dk\/de\/produkt\/flex-genickstueck-eq3002-bk-5744003872428\/","og_locale":"de_DE","og_type":"article","og_title":"Flex-Genickst\u00fccke : Eques","og_description":"Das Genickst\u00fcck hat eine Verbreiterung in der Mitte um den Druck auf dem Genick des Pferdes m\u00f6glichst gut zu verteilen.  Die Form sorgt daf\u00fcr dass die Ohren des Pferdes nicht durch die Trense eingeschr\u00e4nkt werden.","og_url":"https:\/\/eques.dk\/de\/produkt\/flex-genickstueck-eq3002-bk-5744003872428\/","og_site_name":"Eques","article_modified_time":"2026-03-05T21:48:34+00:00","og_image":[{"width":2048,"height":2047,"url":"https:\/\/eques.dk\/wp-content\/uploads\/2017\/12\/sbs-flex-nakkerem-square-1.jpg","type":"image\/jpeg"}],"twitter_card":"summary_large_image","twitter_misc":{"Gesch\u00e4tzte Lesezeit":"1\u00a0Minute"},"schema":{"@context":"https:\/\/schema.org","@graph":[{"@type":"WebPage","@id":"https:\/\/eques.dk\/de\/produkt\/flex-genickstueck-eq3002-bk-5744003872428\/","url":"https:\/\/eques.dk\/de\/produkt\/flex-genickstueck-eq3002-bk-5744003872428\/","name":"Flex-Genickst\u00fccke : Eques","isPartOf":{"@id":"https:\/\/eques.dk\/de\/#website"},"primaryImageOfPage":{"@id":"https:\/\/eques.dk\/de\/produkt\/flex-genickstueck-eq3002-bk-5744003872428\/#primaryimage"},"image":{"@id":"https:\/\/eques.dk\/de\/produkt\/flex-genickstueck-eq3002-bk-5744003872428\/#primaryimage"},"thumbnailUrl":"https:\/\/eques.dk\/wp-content\/uploads\/2017\/12\/sbs-flex-nakkerem-square-1.jpg","datePublished":"2017-12-19T14:47:34+00:00","dateModified":"2026-03-05T21:48:34+00:00","breadcrumb":{"@id":"https:\/\/eques.dk\/de\/produkt\/flex-genickstueck-eq3002-bk-5744003872428\/#breadcrumb"},"inLanguage":"de","potentialAction":[{"@type":"ReadAction","target":["https:\/\/eques.dk\/de\/produkt\/flex-genickstueck-eq3002-bk-5744003872428\/"]}]},{"@type":"ImageObject","inLanguage":"de","@id":"https:\/\/eques.dk\/de\/produkt\/flex-genickstueck-eq3002-bk-5744003872428\/#primaryimage","url":"https:\/\/eques.dk\/wp-content\/uploads\/2017\/12\/sbs-flex-nakkerem-square-1.jpg","contentUrl":"https:\/\/eques.dk\/wp-content\/uploads\/2017\/12\/sbs-flex-nakkerem-square-1.jpg","width":2048,"height":2047},{"@type":"BreadcrumbList","@id":"https:\/\/eques.dk\/de\/produkt\/flex-genickstueck-eq3002-bk-5744003872428\/#breadcrumb","itemListElement":[{"@type":"ListItem","position":1,"name":"Hjem","item":"https:\/\/eques.dk\/de\/"},{"@type":"ListItem","position":2,"name":"Shop","item":"https:\/\/eques.dk\/de\/shop\/"},{"@type":"ListItem","position":3,"name":"Flex-Genickst\u00fccke"}]},{"@type":"WebSite","@id":"https:\/\/eques.dk\/de\/#website","url":"https:\/\/eques.dk\/de\/","name":"Eques","description":"Rideudstyr til islandske heste i dansk design","potentialAction":[{"@type":"SearchAction","target":{"@type":"EntryPoint","urlTemplate":"https:\/\/eques.dk\/de\/?s={search_term_string}"},"query-input":{"@type":"PropertyValueSpecification","valueRequired":true,"valueName":"search_term_string"}}],"inLanguage":"de"}]}},"_links":{"self":[{"href":"https:\/\/eques.dk\/de\/wp-json\/wp\/v2\/product\/11184","targetHints":{"allow":["GET"]}}],"collection":[{"href":"https:\/\/eques.dk\/de\/wp-json\/wp\/v2\/product"}],"about":[{"href":"https:\/\/eques.dk\/de\/wp-json\/wp\/v2\/types\/product"}],"wp:featuredmedia":[{"embeddable":true,"href":"https:\/\/eques.dk\/de\/wp-json\/wp\/v2\/media\/9858"}],"wp:attachment":[{"href":"https:\/\/eques.dk\/de\/wp-json\/wp\/v2\/media?parent=11184"}],"wp:term":[{"taxonomy":"product_brand","embeddable":true,"href":"https:\/\/eques.dk\/de\/wp-json\/wp\/v2\/product_brand?post=11184"},{"taxonomy":"product_cat","embeddable":true,"href":"https:\/\/eques.dk\/de\/wp-json\/wp\/v2\/product_cat?post=11184"},{"taxonomy":"product_tag","embeddable":true,"href":"https:\/\/eques.dk\/de\/wp-json\/wp\/v2\/product_tag?post=11184"}],"curies":[{"name":"wp","href":"https:\/\/api.w.org\/{rel}","templated":true}]}}