{"id":11175,"date":"2018-04-18T07:27:37","date_gmt":"2018-04-18T07:27:37","guid":{"rendered":"https:\/\/eques.dk\/vare\/champion-a\/"},"modified":"2026-05-05T06:05:42","modified_gmt":"2026-05-05T06:05:42","slug":"champion-a-eq10008","status":"publish","type":"product","link":"https:\/\/eques.dk\/de\/produkt\/champion-a-eq10008\/","title":{"rendered":"Champion A"},"content":{"rendered":"<p><strong>Gr\u00f6\u00dfe: <\/strong>16.5&#8243;, 17&#8243; und 17.5&#8243;<br \/>\n(16\u2033 und 18\u2033 als Spezialanfertigung)<\/p>\n<p><strong>Sattelkissen: <\/strong>Latex oder Wolle<\/p>\n<p><strong>Pflege: <\/strong> Sattel mit <a href=\"https:\/\/eques.dk\/de\/produkt\/black-edition-clean-eq64001-5744003873845\/\">Black Edition Clean<\/a> reinigen und danach mit <a href=\"https:\/\/eques.dk\/de\/produkt\/black-edition-care-eq64002-574400387385\/\">Black Edition Care<\/a> fetten<\/p>\n<p><strong>UVP:<\/strong> 2.610 EUR<\/p>\n<p>&nbsp;<\/p>\n<p><em>\u201cThrough many years of experience with top-level sport competition and showing horses at breeding shows in and outside Iceland, I have learned which properties I require from a saddle.<\/em><\/p>\n<p><em>The balanced combination of freedom of movement and support gives the rider optimal basis for cooperation with the horse. The saddle is not only supposed to meet the rider\u2019s needs but also the needs of the horse by allowing freedom of movement. In addition, it is important the saddle express quality and elegance.<\/em><\/p>\n<p><em>In cooperation with EQUES, I have designed the saddle \u201cChampion\u201d that meets these requirements. \u201c<\/em><\/p>\n<p><em>\u2013 Gu\u00f0mundur Bj\u00f6rgvinsson<\/em><\/p>\n<p>&nbsp;<\/p>\n<p>(Ehemalige Artikelnummer: ES-0012)<\/p>\n","protected":false},"excerpt":{"rendered":"<p>&nbsp;<\/p>\n<p><strong>EQUES Champion A \u2013 in Zusammenarbeit mit Gu\u00f0mundur Bj\u00f6rgvinsson entwickelt<\/strong><\/p>\n<ul>\n<li>Der bekannte Champion mit A-Baum<\/li>\n<li>Leicht nach hinten versetzter Schwerpunkt<\/li>\n<li>Gro\u00dfe Kniepauschen aus Soft Foam st\u00fctzen optimal<\/li>\n<li>Tr\u00e4gt zu einer ausbalancierten Aufrichtung bei<\/li>\n<li>Sattelkissen aus 3-Lagen-Latex mit eingebauter Erh\u00f6hung vorne<\/li>\n<li>A-Baum<\/li>\n<li>Austauschbares Kopfeisen \u2013 <a href=\"https:\/\/eques.dk\/vare\/kopfjern-a\/\">Kopfeisen A<\/a> (standard 26A)<\/li>\n<li>Hergestellt mit Kalbsleder in Topqualit\u00e4t<\/li>\n<\/ul>\n","protected":false},"featured_media":8990,"template":"","meta":{"_acf_changed":false,"_et_pb_use_builder":"","_et_pb_old_content":"","_et_gb_content_width":""},"product_brand":[],"product_cat":[622,37],"product_tag":[],"class_list":{"0":"post-11175","1":"product","2":"type-product","3":"status-publish","4":"has-post-thumbnail","6":"product_cat-klassische-saettel","7":"product_cat-saettel","9":"first","10":"onbackorder","11":"shipping-taxable","12":"product-type-variable"},"acf":[],"yoast_head":"<!-- This site is optimized with the Yoast SEO plugin v26.3 - https:\/\/yoast.com\/wordpress\/plugins\/seo\/ -->\n<title>Champion A : Eques<\/title>\n<meta name=\"robots\" content=\"index, follow, max-snippet:-1, max-image-preview:large, max-video-preview:-1\" \/>\n<link rel=\"canonical\" href=\"https:\/\/eques.dk\/de\/produkt\/champion-a-eq10008\/\" \/>\n<meta property=\"og:locale\" content=\"de_DE\" \/>\n<meta property=\"og:type\" content=\"article\" \/>\n<meta property=\"og:title\" content=\"Champion A : Eques\" \/>\n<meta property=\"og:description\" content=\"&nbsp;  EQUES Champion A \u2013 in Zusammenarbeit mit Gu\u00f0mundur Bj\u00f6rgvinsson entwickelt   Der bekannte Champion mit A-Baum  Leicht nach hinten versetzter Schwerpunkt  Gro\u00dfe Kniepauschen aus Soft Foam st\u00fctzen optimal  Tr\u00e4gt zu einer ausbalancierten Aufrichtung bei  Sattelkissen aus 3-Lagen-Latex mit eingebauter Erh\u00f6hung vorne  A-Baum  Austauschbares Kopfeisen \u2013 Kopfeisen A (standard 26A)  Hergestellt mit Kalbsleder in Topqualit\u00e4t\" \/>\n<meta property=\"og:url\" content=\"https:\/\/eques.dk\/de\/produkt\/champion-a-eq10008\/\" \/>\n<meta property=\"og:site_name\" content=\"Eques\" \/>\n<meta property=\"article:modified_time\" content=\"2026-05-05T06:05:42+00:00\" \/>\n<meta property=\"og:image\" content=\"https:\/\/eques.dk\/wp-content\/uploads\/2018\/04\/champion-a-square.png\" \/>\n\t<meta property=\"og:image:width\" content=\"2048\" \/>\n\t<meta property=\"og:image:height\" content=\"2048\" \/>\n\t<meta property=\"og:image:type\" content=\"image\/png\" \/>\n<meta name=\"twitter:card\" content=\"summary_large_image\" \/>\n<meta name=\"twitter:label1\" content=\"Gesch\u00e4tzte Lesezeit\" \/>\n\t<meta name=\"twitter:data1\" content=\"1\u00a0Minute\" \/>\n<script type=\"application\/ld+json\" class=\"yoast-schema-graph\">{\"@context\":\"https:\/\/schema.org\",\"@graph\":[{\"@type\":\"WebPage\",\"@id\":\"https:\/\/eques.dk\/de\/produkt\/champion-a-eq10008\/\",\"url\":\"https:\/\/eques.dk\/de\/produkt\/champion-a-eq10008\/\",\"name\":\"Champion A : Eques\",\"isPartOf\":{\"@id\":\"https:\/\/eques.dk\/de\/#website\"},\"primaryImageOfPage\":{\"@id\":\"https:\/\/eques.dk\/de\/produkt\/champion-a-eq10008\/#primaryimage\"},\"image\":{\"@id\":\"https:\/\/eques.dk\/de\/produkt\/champion-a-eq10008\/#primaryimage\"},\"thumbnailUrl\":\"https:\/\/eques.dk\/wp-content\/uploads\/2018\/04\/champion-a-square.png\",\"datePublished\":\"2018-04-18T07:27:37+00:00\",\"dateModified\":\"2026-05-05T06:05:42+00:00\",\"breadcrumb\":{\"@id\":\"https:\/\/eques.dk\/de\/produkt\/champion-a-eq10008\/#breadcrumb\"},\"inLanguage\":\"de\",\"potentialAction\":[{\"@type\":\"ReadAction\",\"target\":[\"https:\/\/eques.dk\/de\/produkt\/champion-a-eq10008\/\"]}]},{\"@type\":\"ImageObject\",\"inLanguage\":\"de\",\"@id\":\"https:\/\/eques.dk\/de\/produkt\/champion-a-eq10008\/#primaryimage\",\"url\":\"https:\/\/eques.dk\/wp-content\/uploads\/2018\/04\/champion-a-square.png\",\"contentUrl\":\"https:\/\/eques.dk\/wp-content\/uploads\/2018\/04\/champion-a-square.png\",\"width\":2048,\"height\":2048},{\"@type\":\"BreadcrumbList\",\"@id\":\"https:\/\/eques.dk\/de\/produkt\/champion-a-eq10008\/#breadcrumb\",\"itemListElement\":[{\"@type\":\"ListItem\",\"position\":1,\"name\":\"Hjem\",\"item\":\"https:\/\/eques.dk\/de\/\"},{\"@type\":\"ListItem\",\"position\":2,\"name\":\"Shop\",\"item\":\"https:\/\/eques.dk\/de\/shop\/\"},{\"@type\":\"ListItem\",\"position\":3,\"name\":\"Champion A\"}]},{\"@type\":\"WebSite\",\"@id\":\"https:\/\/eques.dk\/de\/#website\",\"url\":\"https:\/\/eques.dk\/de\/\",\"name\":\"Eques\",\"description\":\"Rideudstyr til islandske heste i dansk design\",\"potentialAction\":[{\"@type\":\"SearchAction\",\"target\":{\"@type\":\"EntryPoint\",\"urlTemplate\":\"https:\/\/eques.dk\/de\/?s={search_term_string}\"},\"query-input\":{\"@type\":\"PropertyValueSpecification\",\"valueRequired\":true,\"valueName\":\"search_term_string\"}}],\"inLanguage\":\"de\"}]}<\/script>\n<!-- \/ Yoast SEO plugin. -->","yoast_head_json":{"title":"Champion A : Eques","robots":{"index":"index","follow":"follow","max-snippet":"max-snippet:-1","max-image-preview":"max-image-preview:large","max-video-preview":"max-video-preview:-1"},"canonical":"https:\/\/eques.dk\/de\/produkt\/champion-a-eq10008\/","og_locale":"de_DE","og_type":"article","og_title":"Champion A : Eques","og_description":"&nbsp;  EQUES Champion A \u2013 in Zusammenarbeit mit Gu\u00f0mundur Bj\u00f6rgvinsson entwickelt   Der bekannte Champion mit A-Baum  Leicht nach hinten versetzter Schwerpunkt  Gro\u00dfe Kniepauschen aus Soft Foam st\u00fctzen optimal  Tr\u00e4gt zu einer ausbalancierten Aufrichtung bei  Sattelkissen aus 3-Lagen-Latex mit eingebauter Erh\u00f6hung vorne  A-Baum  Austauschbares Kopfeisen \u2013 Kopfeisen A (standard 26A)  Hergestellt mit Kalbsleder in Topqualit\u00e4t","og_url":"https:\/\/eques.dk\/de\/produkt\/champion-a-eq10008\/","og_site_name":"Eques","article_modified_time":"2026-05-05T06:05:42+00:00","og_image":[{"width":2048,"height":2048,"url":"https:\/\/eques.dk\/wp-content\/uploads\/2018\/04\/champion-a-square.png","type":"image\/png"}],"twitter_card":"summary_large_image","twitter_misc":{"Gesch\u00e4tzte Lesezeit":"1\u00a0Minute"},"schema":{"@context":"https:\/\/schema.org","@graph":[{"@type":"WebPage","@id":"https:\/\/eques.dk\/de\/produkt\/champion-a-eq10008\/","url":"https:\/\/eques.dk\/de\/produkt\/champion-a-eq10008\/","name":"Champion A : Eques","isPartOf":{"@id":"https:\/\/eques.dk\/de\/#website"},"primaryImageOfPage":{"@id":"https:\/\/eques.dk\/de\/produkt\/champion-a-eq10008\/#primaryimage"},"image":{"@id":"https:\/\/eques.dk\/de\/produkt\/champion-a-eq10008\/#primaryimage"},"thumbnailUrl":"https:\/\/eques.dk\/wp-content\/uploads\/2018\/04\/champion-a-square.png","datePublished":"2018-04-18T07:27:37+00:00","dateModified":"2026-05-05T06:05:42+00:00","breadcrumb":{"@id":"https:\/\/eques.dk\/de\/produkt\/champion-a-eq10008\/#breadcrumb"},"inLanguage":"de","potentialAction":[{"@type":"ReadAction","target":["https:\/\/eques.dk\/de\/produkt\/champion-a-eq10008\/"]}]},{"@type":"ImageObject","inLanguage":"de","@id":"https:\/\/eques.dk\/de\/produkt\/champion-a-eq10008\/#primaryimage","url":"https:\/\/eques.dk\/wp-content\/uploads\/2018\/04\/champion-a-square.png","contentUrl":"https:\/\/eques.dk\/wp-content\/uploads\/2018\/04\/champion-a-square.png","width":2048,"height":2048},{"@type":"BreadcrumbList","@id":"https:\/\/eques.dk\/de\/produkt\/champion-a-eq10008\/#breadcrumb","itemListElement":[{"@type":"ListItem","position":1,"name":"Hjem","item":"https:\/\/eques.dk\/de\/"},{"@type":"ListItem","position":2,"name":"Shop","item":"https:\/\/eques.dk\/de\/shop\/"},{"@type":"ListItem","position":3,"name":"Champion A"}]},{"@type":"WebSite","@id":"https:\/\/eques.dk\/de\/#website","url":"https:\/\/eques.dk\/de\/","name":"Eques","description":"Rideudstyr til islandske heste i dansk design","potentialAction":[{"@type":"SearchAction","target":{"@type":"EntryPoint","urlTemplate":"https:\/\/eques.dk\/de\/?s={search_term_string}"},"query-input":{"@type":"PropertyValueSpecification","valueRequired":true,"valueName":"search_term_string"}}],"inLanguage":"de"}]}},"_links":{"self":[{"href":"https:\/\/eques.dk\/de\/wp-json\/wp\/v2\/product\/11175","targetHints":{"allow":["GET"]}}],"collection":[{"href":"https:\/\/eques.dk\/de\/wp-json\/wp\/v2\/product"}],"about":[{"href":"https:\/\/eques.dk\/de\/wp-json\/wp\/v2\/types\/product"}],"wp:featuredmedia":[{"embeddable":true,"href":"https:\/\/eques.dk\/de\/wp-json\/wp\/v2\/media\/8990"}],"wp:attachment":[{"href":"https:\/\/eques.dk\/de\/wp-json\/wp\/v2\/media?parent=11175"}],"wp:term":[{"taxonomy":"product_brand","embeddable":true,"href":"https:\/\/eques.dk\/de\/wp-json\/wp\/v2\/product_brand?post=11175"},{"taxonomy":"product_cat","embeddable":true,"href":"https:\/\/eques.dk\/de\/wp-json\/wp\/v2\/product_cat?post=11175"},{"taxonomy":"product_tag","embeddable":true,"href":"https:\/\/eques.dk\/de\/wp-json\/wp\/v2\/product_tag?post=11175"}],"curies":[{"name":"wp","href":"https:\/\/api.w.org\/{rel}","templated":true}]}}