{"id":11135,"date":"2020-12-30T10:12:33","date_gmt":"2020-12-30T10:12:33","guid":{"rendered":"https:\/\/eques.dk\/vare\/singula-ergonomisches-fusion-reithalfter\/"},"modified":"2026-05-08T10:25:17","modified_gmt":"2026-05-08T10:25:17","slug":"singula-ergonomisches-fusion-reithalfter-eq29004-bk-5744003872398","status":"publish","type":"product","link":"https:\/\/eques.dk\/de\/produkt\/singula-ergonomisches-fusion-reithalfter-eq29004-bk-5744003872398\/","title":{"rendered":"Singula &#8211; Ergonomisches Fusion-Reithalfter"},"content":{"rendered":"<p>Dieses Singula Reithalfter ist hangefertigt mit Qualit\u00e4tsleder. F\u00fcr den Komfort des Pferdes ist es weich gepolstert.<\/p>\n<p>Das Reithalfter ist so entwickelt, dass es optimal unterst\u00fctzt und den Druck verteilt und gleichzeitig das Gebiss beim Reiten nicht beeintr\u00e4chtigt.<\/p>\n<p>Die Singula \u2013 Reihe ist perfekt, wenn eine Trense f\u00fcr mehrere Pferde verwendet wird, da sie sich einfach und schnell von einer Seite des Pferdes in der Gr\u00f6\u00dfe verstellen l\u00e4sst.<\/p>\n<p>Wird mit dem <a href=\"https:\/\/eques.dk\/de\/produkt\/singula-kopfstueck-eq29001-bk-5744003872343\/\">Singula \u2013 Kopfst\u00fcck<\/a> kombiniert, welches auch mit anderen Nasenriemen der Reihe kombiniert werden kann, z.B. <a href=\"https:\/\/eques.dk\/de\/produkt\/singula-hannoveranischer-sperrriemen-eq29902\/\">Singula \u2013 Hannoveranischer Sperrriemen<\/a>, <a href=\"https:\/\/eques.dk\/de\/produkt\/singula-englischer-nasenriemen-eq29005-bk-5744003872404\/\">Singula \u2013 Englischer Nasenriemen<\/a> oder <a href=\"https:\/\/eques.dk\/de\/produkt\/singula-kombinitertes-reithalften-eq29003-bk-5744003872381\/\">Singula \u2013 Kombiniertes Reithalfter.<\/a> Hierdurch vervielfachen sich die Anwendungsm\u00f6glichkeiten.<\/p>\n<p>Die Produktion mit der Hand sichert eine optimale Haltbarkeit.<\/p>\n<p>&nbsp;<\/p>\n<p><strong>Pflege:<\/strong> Das Reithalfter mit <a href=\"https:\/\/eques.dk\/de\/produkt\/black-edition-clean-eq64001-5744003873845\/\">Black Edition Clean<\/a> reinigen und danach mit <a href=\"https:\/\/eques.dk\/de\/produkt\/black-edition-care-eq64002-574400387385\/\">Black Edition Care<\/a> pflegen.<\/p>\n<p><strong>UVP<\/strong>: 61 EUR<\/p>\n<p>&nbsp;<\/p>\n<p>&nbsp;<\/p>\n<p>(Ehemalige Artikelnummer: EK-0124-S)<\/p>\n","protected":false},"excerpt":{"rendered":"<p>Das Fusion-Reithalfter ist so geformt, dass das Gebiss beim Reiten nicht beeintr\u00e4chtigt wird.<\/p>\n","protected":false},"featured_media":9498,"template":"","meta":{"_acf_changed":false,"_et_pb_use_builder":"","_et_pb_old_content":"","_et_gb_content_width":""},"product_brand":[],"product_cat":[360],"product_tag":[],"class_list":{"0":"post-11135","1":"product","2":"type-product","3":"status-publish","4":"has-post-thumbnail","6":"product_cat-singula-trense","8":"first","9":"instock","10":"shipping-taxable","11":"product-type-simple"},"acf":[],"yoast_head":"<!-- This site is optimized with the Yoast SEO plugin v26.3 - https:\/\/yoast.com\/wordpress\/plugins\/seo\/ -->\n<title>Singula - Ergonomisches Fusion-Reithalfter : Eques<\/title>\n<meta name=\"robots\" content=\"index, follow, max-snippet:-1, max-image-preview:large, max-video-preview:-1\" \/>\n<link rel=\"canonical\" href=\"https:\/\/eques.dk\/de\/produkt\/singula-ergonomisches-fusion-reithalfter-eq29004-bk-5744003872398\/\" \/>\n<meta property=\"og:locale\" content=\"de_DE\" \/>\n<meta property=\"og:type\" content=\"article\" \/>\n<meta property=\"og:title\" content=\"Singula - Ergonomisches Fusion-Reithalfter : Eques\" \/>\n<meta property=\"og:description\" content=\"Das Fusion-Reithalfter ist so geformt, dass das Gebiss beim Reiten nicht beeintr\u00e4chtigt wird.\" \/>\n<meta property=\"og:url\" content=\"https:\/\/eques.dk\/de\/produkt\/singula-ergonomisches-fusion-reithalfter-eq29004-bk-5744003872398\/\" \/>\n<meta property=\"og:site_name\" content=\"Eques\" \/>\n<meta property=\"article:modified_time\" content=\"2026-05-08T10:25:17+00:00\" \/>\n<meta property=\"og:image\" content=\"https:\/\/eques.dk\/wp-content\/uploads\/2020\/12\/Singula-fusion-noseband.jpg\" \/>\n\t<meta property=\"og:image:width\" content=\"2048\" \/>\n\t<meta property=\"og:image:height\" content=\"2048\" \/>\n\t<meta property=\"og:image:type\" content=\"image\/jpeg\" \/>\n<meta name=\"twitter:card\" content=\"summary_large_image\" \/>\n<meta name=\"twitter:label1\" content=\"Gesch\u00e4tzte Lesezeit\" \/>\n\t<meta name=\"twitter:data1\" content=\"1\u00a0Minute\" \/>\n<script type=\"application\/ld+json\" class=\"yoast-schema-graph\">{\"@context\":\"https:\/\/schema.org\",\"@graph\":[{\"@type\":\"WebPage\",\"@id\":\"https:\/\/eques.dk\/de\/produkt\/singula-ergonomisches-fusion-reithalfter-eq29004-bk-5744003872398\/\",\"url\":\"https:\/\/eques.dk\/de\/produkt\/singula-ergonomisches-fusion-reithalfter-eq29004-bk-5744003872398\/\",\"name\":\"Singula - Ergonomisches Fusion-Reithalfter : Eques\",\"isPartOf\":{\"@id\":\"https:\/\/eques.dk\/de\/#website\"},\"primaryImageOfPage\":{\"@id\":\"https:\/\/eques.dk\/de\/produkt\/singula-ergonomisches-fusion-reithalfter-eq29004-bk-5744003872398\/#primaryimage\"},\"image\":{\"@id\":\"https:\/\/eques.dk\/de\/produkt\/singula-ergonomisches-fusion-reithalfter-eq29004-bk-5744003872398\/#primaryimage\"},\"thumbnailUrl\":\"https:\/\/eques.dk\/wp-content\/uploads\/2020\/12\/Singula-fusion-noseband.jpg\",\"datePublished\":\"2020-12-30T10:12:33+00:00\",\"dateModified\":\"2026-05-08T10:25:17+00:00\",\"breadcrumb\":{\"@id\":\"https:\/\/eques.dk\/de\/produkt\/singula-ergonomisches-fusion-reithalfter-eq29004-bk-5744003872398\/#breadcrumb\"},\"inLanguage\":\"de\",\"potentialAction\":[{\"@type\":\"ReadAction\",\"target\":[\"https:\/\/eques.dk\/de\/produkt\/singula-ergonomisches-fusion-reithalfter-eq29004-bk-5744003872398\/\"]}]},{\"@type\":\"ImageObject\",\"inLanguage\":\"de\",\"@id\":\"https:\/\/eques.dk\/de\/produkt\/singula-ergonomisches-fusion-reithalfter-eq29004-bk-5744003872398\/#primaryimage\",\"url\":\"https:\/\/eques.dk\/wp-content\/uploads\/2020\/12\/Singula-fusion-noseband.jpg\",\"contentUrl\":\"https:\/\/eques.dk\/wp-content\/uploads\/2020\/12\/Singula-fusion-noseband.jpg\",\"width\":2048,\"height\":2048},{\"@type\":\"BreadcrumbList\",\"@id\":\"https:\/\/eques.dk\/de\/produkt\/singula-ergonomisches-fusion-reithalfter-eq29004-bk-5744003872398\/#breadcrumb\",\"itemListElement\":[{\"@type\":\"ListItem\",\"position\":1,\"name\":\"Hjem\",\"item\":\"https:\/\/eques.dk\/de\/\"},{\"@type\":\"ListItem\",\"position\":2,\"name\":\"Shop\",\"item\":\"https:\/\/eques.dk\/de\/shop\/\"},{\"@type\":\"ListItem\",\"position\":3,\"name\":\"Singula &#8211; Ergonomisches Fusion-Reithalfter\"}]},{\"@type\":\"WebSite\",\"@id\":\"https:\/\/eques.dk\/de\/#website\",\"url\":\"https:\/\/eques.dk\/de\/\",\"name\":\"Eques\",\"description\":\"Rideudstyr til islandske heste i dansk design\",\"potentialAction\":[{\"@type\":\"SearchAction\",\"target\":{\"@type\":\"EntryPoint\",\"urlTemplate\":\"https:\/\/eques.dk\/de\/?s={search_term_string}\"},\"query-input\":{\"@type\":\"PropertyValueSpecification\",\"valueRequired\":true,\"valueName\":\"search_term_string\"}}],\"inLanguage\":\"de\"}]}<\/script>\n<!-- \/ Yoast SEO plugin. -->","yoast_head_json":{"title":"Singula - Ergonomisches Fusion-Reithalfter : Eques","robots":{"index":"index","follow":"follow","max-snippet":"max-snippet:-1","max-image-preview":"max-image-preview:large","max-video-preview":"max-video-preview:-1"},"canonical":"https:\/\/eques.dk\/de\/produkt\/singula-ergonomisches-fusion-reithalfter-eq29004-bk-5744003872398\/","og_locale":"de_DE","og_type":"article","og_title":"Singula - Ergonomisches Fusion-Reithalfter : Eques","og_description":"Das Fusion-Reithalfter ist so geformt, dass das Gebiss beim Reiten nicht beeintr\u00e4chtigt wird.","og_url":"https:\/\/eques.dk\/de\/produkt\/singula-ergonomisches-fusion-reithalfter-eq29004-bk-5744003872398\/","og_site_name":"Eques","article_modified_time":"2026-05-08T10:25:17+00:00","og_image":[{"width":2048,"height":2048,"url":"https:\/\/eques.dk\/wp-content\/uploads\/2020\/12\/Singula-fusion-noseband.jpg","type":"image\/jpeg"}],"twitter_card":"summary_large_image","twitter_misc":{"Gesch\u00e4tzte Lesezeit":"1\u00a0Minute"},"schema":{"@context":"https:\/\/schema.org","@graph":[{"@type":"WebPage","@id":"https:\/\/eques.dk\/de\/produkt\/singula-ergonomisches-fusion-reithalfter-eq29004-bk-5744003872398\/","url":"https:\/\/eques.dk\/de\/produkt\/singula-ergonomisches-fusion-reithalfter-eq29004-bk-5744003872398\/","name":"Singula - Ergonomisches Fusion-Reithalfter : Eques","isPartOf":{"@id":"https:\/\/eques.dk\/de\/#website"},"primaryImageOfPage":{"@id":"https:\/\/eques.dk\/de\/produkt\/singula-ergonomisches-fusion-reithalfter-eq29004-bk-5744003872398\/#primaryimage"},"image":{"@id":"https:\/\/eques.dk\/de\/produkt\/singula-ergonomisches-fusion-reithalfter-eq29004-bk-5744003872398\/#primaryimage"},"thumbnailUrl":"https:\/\/eques.dk\/wp-content\/uploads\/2020\/12\/Singula-fusion-noseband.jpg","datePublished":"2020-12-30T10:12:33+00:00","dateModified":"2026-05-08T10:25:17+00:00","breadcrumb":{"@id":"https:\/\/eques.dk\/de\/produkt\/singula-ergonomisches-fusion-reithalfter-eq29004-bk-5744003872398\/#breadcrumb"},"inLanguage":"de","potentialAction":[{"@type":"ReadAction","target":["https:\/\/eques.dk\/de\/produkt\/singula-ergonomisches-fusion-reithalfter-eq29004-bk-5744003872398\/"]}]},{"@type":"ImageObject","inLanguage":"de","@id":"https:\/\/eques.dk\/de\/produkt\/singula-ergonomisches-fusion-reithalfter-eq29004-bk-5744003872398\/#primaryimage","url":"https:\/\/eques.dk\/wp-content\/uploads\/2020\/12\/Singula-fusion-noseband.jpg","contentUrl":"https:\/\/eques.dk\/wp-content\/uploads\/2020\/12\/Singula-fusion-noseband.jpg","width":2048,"height":2048},{"@type":"BreadcrumbList","@id":"https:\/\/eques.dk\/de\/produkt\/singula-ergonomisches-fusion-reithalfter-eq29004-bk-5744003872398\/#breadcrumb","itemListElement":[{"@type":"ListItem","position":1,"name":"Hjem","item":"https:\/\/eques.dk\/de\/"},{"@type":"ListItem","position":2,"name":"Shop","item":"https:\/\/eques.dk\/de\/shop\/"},{"@type":"ListItem","position":3,"name":"Singula &#8211; Ergonomisches Fusion-Reithalfter"}]},{"@type":"WebSite","@id":"https:\/\/eques.dk\/de\/#website","url":"https:\/\/eques.dk\/de\/","name":"Eques","description":"Rideudstyr til islandske heste i dansk design","potentialAction":[{"@type":"SearchAction","target":{"@type":"EntryPoint","urlTemplate":"https:\/\/eques.dk\/de\/?s={search_term_string}"},"query-input":{"@type":"PropertyValueSpecification","valueRequired":true,"valueName":"search_term_string"}}],"inLanguage":"de"}]}},"_links":{"self":[{"href":"https:\/\/eques.dk\/de\/wp-json\/wp\/v2\/product\/11135","targetHints":{"allow":["GET"]}}],"collection":[{"href":"https:\/\/eques.dk\/de\/wp-json\/wp\/v2\/product"}],"about":[{"href":"https:\/\/eques.dk\/de\/wp-json\/wp\/v2\/types\/product"}],"wp:featuredmedia":[{"embeddable":true,"href":"https:\/\/eques.dk\/de\/wp-json\/wp\/v2\/media\/9498"}],"wp:attachment":[{"href":"https:\/\/eques.dk\/de\/wp-json\/wp\/v2\/media?parent=11135"}],"wp:term":[{"taxonomy":"product_brand","embeddable":true,"href":"https:\/\/eques.dk\/de\/wp-json\/wp\/v2\/product_brand?post=11135"},{"taxonomy":"product_cat","embeddable":true,"href":"https:\/\/eques.dk\/de\/wp-json\/wp\/v2\/product_cat?post=11135"},{"taxonomy":"product_tag","embeddable":true,"href":"https:\/\/eques.dk\/de\/wp-json\/wp\/v2\/product_tag?post=11135"}],"curies":[{"name":"wp","href":"https:\/\/api.w.org\/{rel}","templated":true}]}}