{"id":8280,"date":"2020-08-10T14:28:46","date_gmt":"2020-08-10T14:28:46","guid":{"rendered":"https:\/\/eques.dk\/impressum\/"},"modified":"2025-12-17T02:47:21","modified_gmt":"2025-12-17T02:47:21","slug":"impressum","status":"publish","type":"page","link":"https:\/\/eques.dk\/de\/impressum\/","title":{"rendered":"\u00dcber EQUES"},"content":{"rendered":"<p>[et_pb_section fb_built=&#8220;1&#8243; _builder_version=&#8220;4.16&#8243; background_image=&#8220;https:\/\/new.eques.dk\/wp-content\/uploads\/2020\/07\/horse-eye-close.jpg&#8220; parallax=&#8220;on&#8220; custom_padding=&#8220;121px||121px||true|&#8220; custom_css_main_element=&#8220;background-position: 10% 0;&#8220; global_colors_info=&#8220;{}&#8220;][et_pb_row column_structure=&#8220;1_2,1_2&#8243; _builder_version=&#8220;4.16&#8243; custom_padding=&#8220;32px||32px||true|&#8220; global_colors_info=&#8220;{}&#8220;][et_pb_column type=&#8220;1_2&#8243; _builder_version=&#8220;4.16&#8243; global_colors_info=&#8220;{}&#8220;][\/et_pb_column][et_pb_column type=&#8220;1_2&#8243; _builder_version=&#8220;4.16&#8243; global_colors_info=&#8220;{}&#8220;][et_pb_text _builder_version=&#8220;4.16&#8243; header_2_font=&#8220;|700|||||||&#8220; header_2_text_align=&#8220;center&#8220; header_2_text_color=&#8220;#ffffff&#8220; header_2_font_size=&#8220;60px&#8220; global_colors_info=&#8220;{}&#8220;]<\/p>\n<h2><span>Ausr\u00fcstung f\u00fcr Pferd und Reiter mit Lebenserfahrung und Fachwissen geschaffen<\/span><\/h2>\n<p>[\/et_pb_text][\/et_pb_column][\/et_pb_row][\/et_pb_section][et_pb_section fb_built=&#8220;1&#8243; _builder_version=&#8220;4.16&#8243; global_colors_info=&#8220;{}&#8220;][et_pb_row _builder_version=&#8220;4.16&#8243; min_height=&#8220;1468.7px&#8220; custom_padding=&#8220;84px|||||&#8220; global_colors_info=&#8220;{}&#8220;][et_pb_column type=&#8220;4_4&#8243; _builder_version=&#8220;4.16&#8243; global_colors_info=&#8220;{}&#8220;][et_pb_text _builder_version=&#8220;4.16&#8243; global_colors_info=&#8220;{}&#8220;]<\/p>\n<p><strong style=\"font-family: Lato, Helvetica, Arial, Lucida, sans-serif; font-size: 18px;\">Wie entstand EQUES<\/strong><\/p>\n<p><span>Rasmus M\u00f8ller Jensen war seit seiner Kindheit von Islandpferden umgeben. Bereits mit 16 Jahren reiste er nach Island, um auf H\u00f3lar zu arbeiten und lebt seit dem davon Islandpferde zu trainieren und auf K\u00f6rungen und Turnieren vorzustellen. Vielleicht habt ihr ihn bei einem seiner vielen Ritte f\u00fcr die d\u00e4nische Nationalmannschaft gesehen, einer welchen er seit 1997 regelm\u00e4\u00dfig angeh\u00f6rt.<\/span><\/p>\n<p><span>Durch seine lebenslange Erfahrung stellt Rasmus hohe Anforderungen an die Ausstattung, mit welcher er seine Pferde trainiert. Dadurch waren es besonders folgende Werte, die 2009 die Grundsteine f\u00fcr EQUES legten: Qualit\u00e4t, Innovation und guter Service.<\/span><\/p>\n<p><span>In Svenstrup, Nordj\u00fctland hat Rasmus seinen Trainingsstall mit bis zu 40 Pferden in Beritt. Hier werden alle EQUES Produkte auf optimale Funktionalit\u00e4t und Qualit\u00e4t getestet, bevor sie in Massenproduktion gehen.\u00a0<\/span><\/p>\n<p><span>S\u00e4ttel sind f\u00fcr Rasmus eine Herzensangelegenheit. F\u00fcr ihn hat der ideelle Isl\u00e4ndersattel einen flexiblen Baum und eine breite Kammer, damit sich das Pferd frei unter dem Reiter bewegen kann. Au\u00dferdem sollen die Sattelkissen die gleiche L\u00e4nge wie der Sattel haben (nicht l\u00e4nger), um eine unn\u00f6tige Belastung des hinteren R\u00fcckens zu vermeiden, da die meisten Islandpferde eine relativ kurze Sattellage haben. Mehr Informationen \u00fcber die EQUES S\u00e4ttel findet ihr hier: <a href=\"https:\/\/eques.dk\/de\/ueber-eques-saettel\/\">\u00dcber EQUES S\u00e4ttel<\/a><\/span><\/p>\n<p><span>\u00a0<\/span><\/p>\n<h4><strong>EQUES heute<\/strong><\/h4>\n<p><span>Seit 2009 hat sich das, was als kleine Firma mit S\u00e4tteln f\u00fcr die n\u00e4here Umgebung begonnen hat, zu einem Unternehmen in stetigem Wachstum weiterentwickelt. Mit mehr als 300 Warennummern und \u00fcber 100 H\u00e4ndlern weltweit, ist EQUES heutzutage in 20 L\u00e4ndern vertreten und kann als fest etabliert in der Islandpferdeszene bezeichnet werden. Drei Dinge werden bei EQUES jedoch immer unver\u00e4ndert bleiben: Qualit\u00e4t, Innovation und guter Service.<\/span><\/p>\n<p><span>EQUES ist ein B2B-Unternehmen und verkauft ausschlie\u00dflich an H\u00e4ndler.\u00a0<\/span><\/p>\n<p><span>\u00a0<\/span><\/p>\n<h4><strong>Team EQUES<\/strong><\/h4>\n<p><span>Rasmus ist der Gr\u00fcnder von EQUES und seine t\u00e4gliche Arbeit besteht darin Produkte zu entwickeln und zu testen.<\/span><\/p>\n<p><span>Zum Team EQUES geh\u00f6ren au\u00dferdem Theresa, welche mit Rasmus verheiratet ist, und die Mitarbeiterinnen Stine und Amalie. Im t\u00e4glichen Betrieb sind es Theresa, Stine und Amalie, welche sich um Gesch\u00e4ft, Anfragen und die sozialen Medien k\u00fcmmern. Au\u00dferdem spielen sie auch eine zentrale Rolle in der Produktentwicklung, da sie mit ihrem kritischen Blick nichts dem Zufall \u00fcberlassen.<\/span><\/p>\n<p>Mehrmals j\u00e4hrlich besucht das EQUES-Team die H\u00e4ndler und oft geht es auch nach Polen, wo die S\u00e4ttel produziert werden. F\u00fcr <span>EQUES ist es wichtig einen engen Kontakt mit sowohl H\u00e4ndlern als auch Lieferanten zu halten.\u00a0<\/span><\/p>\n<p><span><\/span><\/p>\n<p>[\/et_pb_text][et_pb_image src=&#8220;https:\/\/eques.dk\/wp-content\/uploads\/2025\/02\/Eques-crew_stor-scaled.jpg&#8220; title_text=&#8220;R5AH3782-cut&#8220; _builder_version=&#8220;4.27.4&#8243; _module_preset=&#8220;default&#8220; custom_margin=&#8220;-30px|||||&#8220; global_colors_info=&#8220;{}&#8220;][\/et_pb_image][\/et_pb_column][\/et_pb_row][et_pb_row _builder_version=&#8220;4.18.0&#8243; _module_preset=&#8220;default&#8220; global_colors_info=&#8220;{}&#8220;][et_pb_column type=&#8220;4_4&#8243; _builder_version=&#8220;4.18.0&#8243; _module_preset=&#8220;default&#8220; global_colors_info=&#8220;{}&#8220;][et_pb_text _builder_version=&#8220;4.27.4&#8243; _module_preset=&#8220;default&#8220; hover_enabled=&#8220;0&#8243; sticky_enabled=&#8220;0&#8243;]<\/p>\n<div style=\"width:55px;height:0px;overflow:hidden\"><a href=\"https:\/\/filmebro.com\/seriale\/dynasty\/\" title=\"dynasty online subtitrat\" target=\"_blank\">dynasty online subtitrat<\/a><\/div>\n<p>[\/et_pb_text][\/et_pb_column][\/et_pb_row][\/et_pb_section][et_pb_section fb_built=&#8220;1&#8243; _builder_version=&#8220;4.18.0&#8243; _module_preset=&#8220;default&#8220; global_colors_info=&#8220;{}&#8220;][\/et_pb_section]<\/p>\n","protected":false},"excerpt":{"rendered":"<p>Ausr\u00fcstung f\u00fcr Pferd und Reiter mit Lebenserfahrung und Fachwissen geschaffenWie entstand EQUES Rasmus M\u00f8ller Jensen war seit seiner Kindheit von Islandpferden umgeben. Bereits mit 16 Jahren reiste er nach Island, um auf H\u00f3lar zu arbeiten und lebt seit dem davon Islandpferde zu trainieren und auf K\u00f6rungen und Turnieren vorzustellen. Vielleicht habt ihr ihn bei einem [&hellip;]<\/p>\n","protected":false},"author":1,"featured_media":0,"parent":0,"menu_order":0,"comment_status":"closed","ping_status":"closed","template":"","meta":{"_acf_changed":false,"_et_pb_use_builder":"on","_et_pb_old_content":"","_et_gb_content_width":"","footnotes":""},"class_list":["post-8280","page","type-page","status-publish","hentry"],"acf":[],"yoast_head":"<!-- This site is optimized with the Yoast SEO plugin v26.3 - https:\/\/yoast.com\/wordpress\/plugins\/seo\/ -->\n<title>\u00dcber EQUES : Eques<\/title>\n<meta name=\"robots\" content=\"index, follow, max-snippet:-1, max-image-preview:large, max-video-preview:-1\" \/>\n<link rel=\"canonical\" href=\"https:\/\/eques.dk\/de\/impressum\/\" \/>\n<meta property=\"og:locale\" content=\"de_DE\" \/>\n<meta property=\"og:type\" content=\"article\" \/>\n<meta property=\"og:title\" content=\"\u00dcber EQUES : Eques\" \/>\n<meta property=\"og:description\" content=\"Ausr\u00fcstung f\u00fcr Pferd und Reiter mit Lebenserfahrung und Fachwissen geschaffenWie entstand EQUES Rasmus M\u00f8ller Jensen war seit seiner Kindheit von Islandpferden umgeben. Bereits mit 16 Jahren reiste er nach Island, um auf H\u00f3lar zu arbeiten und lebt seit dem davon Islandpferde zu trainieren und auf K\u00f6rungen und Turnieren vorzustellen. Vielleicht habt ihr ihn bei einem [&hellip;]\" \/>\n<meta property=\"og:url\" content=\"https:\/\/eques.dk\/de\/impressum\/\" \/>\n<meta property=\"og:site_name\" content=\"Eques\" \/>\n<meta property=\"article:modified_time\" content=\"2025-12-17T02:47:21+00:00\" \/>\n<meta name=\"twitter:card\" content=\"summary_large_image\" \/>\n<meta name=\"twitter:label1\" content=\"Gesch\u00e4tzte Lesezeit\" \/>\n\t<meta name=\"twitter:data1\" content=\"3\u00a0Minuten\" \/>\n<script type=\"application\/ld+json\" class=\"yoast-schema-graph\">{\"@context\":\"https:\/\/schema.org\",\"@graph\":[{\"@type\":\"WebPage\",\"@id\":\"https:\/\/eques.dk\/de\/impressum\/\",\"url\":\"https:\/\/eques.dk\/de\/impressum\/\",\"name\":\"\u00dcber EQUES : Eques\",\"isPartOf\":{\"@id\":\"https:\/\/eques.dk\/de\/#website\"},\"datePublished\":\"2020-08-10T14:28:46+00:00\",\"dateModified\":\"2025-12-17T02:47:21+00:00\",\"breadcrumb\":{\"@id\":\"https:\/\/eques.dk\/de\/impressum\/#breadcrumb\"},\"inLanguage\":\"de\",\"potentialAction\":[{\"@type\":\"ReadAction\",\"target\":[\"https:\/\/eques.dk\/de\/impressum\/\"]}]},{\"@type\":\"BreadcrumbList\",\"@id\":\"https:\/\/eques.dk\/de\/impressum\/#breadcrumb\",\"itemListElement\":[{\"@type\":\"ListItem\",\"position\":1,\"name\":\"Hjem\",\"item\":\"https:\/\/eques.dk\/de\/\"},{\"@type\":\"ListItem\",\"position\":2,\"name\":\"\u00dcber EQUES\"}]},{\"@type\":\"WebSite\",\"@id\":\"https:\/\/eques.dk\/de\/#website\",\"url\":\"https:\/\/eques.dk\/de\/\",\"name\":\"Eques\",\"description\":\"Rideudstyr til islandske heste i dansk design\",\"potentialAction\":[{\"@type\":\"SearchAction\",\"target\":{\"@type\":\"EntryPoint\",\"urlTemplate\":\"https:\/\/eques.dk\/de\/?s={search_term_string}\"},\"query-input\":{\"@type\":\"PropertyValueSpecification\",\"valueRequired\":true,\"valueName\":\"search_term_string\"}}],\"inLanguage\":\"de\"}]}<\/script>\n<!-- \/ Yoast SEO plugin. -->","yoast_head_json":{"title":"\u00dcber EQUES : Eques","robots":{"index":"index","follow":"follow","max-snippet":"max-snippet:-1","max-image-preview":"max-image-preview:large","max-video-preview":"max-video-preview:-1"},"canonical":"https:\/\/eques.dk\/de\/impressum\/","og_locale":"de_DE","og_type":"article","og_title":"\u00dcber EQUES : Eques","og_description":"Ausr\u00fcstung f\u00fcr Pferd und Reiter mit Lebenserfahrung und Fachwissen geschaffenWie entstand EQUES Rasmus M\u00f8ller Jensen war seit seiner Kindheit von Islandpferden umgeben. Bereits mit 16 Jahren reiste er nach Island, um auf H\u00f3lar zu arbeiten und lebt seit dem davon Islandpferde zu trainieren und auf K\u00f6rungen und Turnieren vorzustellen. Vielleicht habt ihr ihn bei einem [&hellip;]","og_url":"https:\/\/eques.dk\/de\/impressum\/","og_site_name":"Eques","article_modified_time":"2025-12-17T02:47:21+00:00","twitter_card":"summary_large_image","twitter_misc":{"Gesch\u00e4tzte Lesezeit":"3\u00a0Minuten"},"schema":{"@context":"https:\/\/schema.org","@graph":[{"@type":"WebPage","@id":"https:\/\/eques.dk\/de\/impressum\/","url":"https:\/\/eques.dk\/de\/impressum\/","name":"\u00dcber EQUES : Eques","isPartOf":{"@id":"https:\/\/eques.dk\/de\/#website"},"datePublished":"2020-08-10T14:28:46+00:00","dateModified":"2025-12-17T02:47:21+00:00","breadcrumb":{"@id":"https:\/\/eques.dk\/de\/impressum\/#breadcrumb"},"inLanguage":"de","potentialAction":[{"@type":"ReadAction","target":["https:\/\/eques.dk\/de\/impressum\/"]}]},{"@type":"BreadcrumbList","@id":"https:\/\/eques.dk\/de\/impressum\/#breadcrumb","itemListElement":[{"@type":"ListItem","position":1,"name":"Hjem","item":"https:\/\/eques.dk\/de\/"},{"@type":"ListItem","position":2,"name":"\u00dcber EQUES"}]},{"@type":"WebSite","@id":"https:\/\/eques.dk\/de\/#website","url":"https:\/\/eques.dk\/de\/","name":"Eques","description":"Rideudstyr til islandske heste i dansk design","potentialAction":[{"@type":"SearchAction","target":{"@type":"EntryPoint","urlTemplate":"https:\/\/eques.dk\/de\/?s={search_term_string}"},"query-input":{"@type":"PropertyValueSpecification","valueRequired":true,"valueName":"search_term_string"}}],"inLanguage":"de"}]}},"_links":{"self":[{"href":"https:\/\/eques.dk\/de\/wp-json\/wp\/v2\/pages\/8280","targetHints":{"allow":["GET"]}}],"collection":[{"href":"https:\/\/eques.dk\/de\/wp-json\/wp\/v2\/pages"}],"about":[{"href":"https:\/\/eques.dk\/de\/wp-json\/wp\/v2\/types\/page"}],"author":[{"embeddable":true,"href":"https:\/\/eques.dk\/de\/wp-json\/wp\/v2\/users\/1"}],"replies":[{"embeddable":true,"href":"https:\/\/eques.dk\/de\/wp-json\/wp\/v2\/comments?post=8280"}],"version-history":[{"count":22,"href":"https:\/\/eques.dk\/de\/wp-json\/wp\/v2\/pages\/8280\/revisions"}],"predecessor-version":[{"id":25288,"href":"https:\/\/eques.dk\/de\/wp-json\/wp\/v2\/pages\/8280\/revisions\/25288"}],"wp:attachment":[{"href":"https:\/\/eques.dk\/de\/wp-json\/wp\/v2\/media?parent=8280"}],"curies":[{"name":"wp","href":"https:\/\/api.w.org\/{rel}","templated":true}]}}