{"id":8276,"date":"2020-08-10T14:26:11","date_gmt":"2020-08-10T14:26:11","guid":{"rendered":"https:\/\/eques.dk\/eques-reiter\/"},"modified":"2026-01-15T10:26:43","modified_gmt":"2026-01-15T10:26:43","slug":"eques-reiter","status":"publish","type":"page","link":"https:\/\/eques.dk\/de\/eques-reiter\/","title":{"rendered":"Eques Reiter"},"content":{"rendered":"<p>[et_pb_section fb_built=&#8220;1&#8243; _builder_version=&#8220;4.16&#8243; _module_preset=&#8220;1e24b59e-5cd3-4bf1-9426-b2b6d9e2040f&#8220; global_colors_info=&#8220;{}&#8220;][et_pb_row _builder_version=&#8220;4.16&#8243; global_colors_info=&#8220;{}&#8220;][et_pb_column type=&#8220;4_4&#8243; _builder_version=&#8220;4.16&#8243; global_colors_info=&#8220;{}&#8220;][et_pb_text _builder_version=&#8220;4.16&#8243; _dynamic_attributes=&#8220;content&#8220; _module_preset=&#8220;default&#8220; header_text_align=&#8220;center&#8220; header_font_size=&#8220;60px&#8220; hover_enabled=&#8220;0&#8243; global_colors_info=&#8220;{}&#8220; sticky_enabled=&#8220;0&#8243;]@ET-DC@eyJkeW5hbWljIjp0cnVlLCJjb250ZW50IjoicG9zdF90aXRsZSIsInNldHRpbmdzIjp7ImJlZm9yZSI6IjxoMT4iLCJhZnRlciI6IjwvaDE+In19@[\/et_pb_text][\/et_pb_column][\/et_pb_row][\/et_pb_section][et_pb_section fb_built=&#8220;1&#8243; _builder_version=&#8220;4.16&#8243; global_colors_info=&#8220;{}&#8220;][et_pb_row column_structure=&#8220;1_2,1_2&#8243; _builder_version=&#8220;4.16&#8243; global_colors_info=&#8220;{}&#8220;][et_pb_column type=&#8220;1_2&#8243; _builder_version=&#8220;4.16&#8243; global_colors_info=&#8220;{}&#8220;][et_pb_team_member name=&#8220;J\u00f3n Stenild&#8220; image_url=&#8220;https:\/\/new.eques.dk\/wp-content\/uploads\/2020\/07\/jon.jpg&#8220; _builder_version=&#8220;4.27.4&#8243; header_text_align=&#8220;center&#8220; header_font_size=&#8220;24px&#8220; custom_css_before=&#8220;content: %22%22;||position: absolute;||top: -25px;||left: -25px;||z-index: 99;||width: 100px;||height: 100px;||background-image: url(\/wp-content\/uploads\/2020\/07\/denmark-flag.png);||background-size: cover;&#8220; custom_css_member_image=&#8220;max-width: 100%;&#8220; global_colors_info=&#8220;{}&#8220;][\/et_pb_team_member][\/et_pb_column][et_pb_column type=&#8220;1_2&#8243; _builder_version=&#8220;4.16&#8243; global_colors_info=&#8220;{}&#8220;][et_pb_team_member name=&#8220;Caspar Logan Hegardt&#8220; image_url=&#8220;https:\/\/eques.dk\/wp-content\/uploads\/2023\/12\/A9_00426_krijnde-scaled.jpg&#8220; _builder_version=&#8220;4.27.4&#8243; header_text_align=&#8220;center&#8220; header_font_size=&#8220;24px&#8220; custom_css_before=&#8220;content: %22%22;||position: absolute;||top: -25px;||left: -25px;||z-index: 99;||width: 100px;||height: 100px;||background-image: url(\/wp-content\/uploads\/2020\/07\/sweden-flag.png);||background-size: cover;&#8220; custom_css_member_image=&#8220;max-width: 100%;&#8220; locked=&#8220;off&#8220; global_colors_info=&#8220;{}&#8220;][\/et_pb_team_member][\/et_pb_column][\/et_pb_row][et_pb_row column_structure=&#8220;1_2,1_2&#8243; _builder_version=&#8220;4.16&#8243; global_colors_info=&#8220;{}&#8220;][et_pb_column type=&#8220;1_2&#8243; _builder_version=&#8220;4.16&#8243; global_colors_info=&#8220;{}&#8220;][et_pb_team_member name=&#8220;Berglind R\u00f3sa Gu\u00f0mundsd\u00f3ttir&#8220; image_url=&#8220;https:\/\/eques.dk\/wp-content\/uploads\/2025\/09\/Berglind-20250430_104131000_iOS.jpg&#8220; _builder_version=&#8220;4.27.4&#8243; header_text_align=&#8220;center&#8220; header_font_size=&#8220;24px&#8220; custom_css_before=&#8220;content: %22%22;||position: absolute;||top: -25px;||left: -25px;||z-index: 99;||width: 100px;||height: 100px;||background-image: url(\/wp-content\/uploads\/2020\/07\/sweden-flag.png);||background-size: cover;&#8220; custom_css_member_image=&#8220;max-width: 100%;&#8220; locked=&#8220;off&#8220; global_colors_info=&#8220;{}&#8220;][\/et_pb_team_member][\/et_pb_column][et_pb_column type=&#8220;1_2&#8243; _builder_version=&#8220;4.16&#8243; global_colors_info=&#8220;{}&#8220;][et_pb_team_member name=&#8220;Josefin \u00deorgeirsson&#8220; image_url=&#8220;https:\/\/eques.dk\/wp-content\/uploads\/2025\/09\/Josi-VM2025-2.png&#8220; _builder_version=&#8220;4.27.4&#8243; header_text_align=&#8220;center&#8220; header_font_size=&#8220;24px&#8220; custom_margin=&#8220;||-33px|||&#8220; custom_padding=&#8220;0px||0px|||&#8220; custom_css_before=&#8220;content: %22%22;||position: absolute;||top: -25px;||left: -25px;||z-index: 99;||width: 100px;||height: 100px;||background-image: url(\/wp-content\/uploads\/2020\/07\/germany-flag.png);||background-size: cover;&#8220; custom_css_member_image=&#8220;max-width: 100%;&#8220; global_colors_info=&#8220;{}&#8220;][\/et_pb_team_member][\/et_pb_column][\/et_pb_row][et_pb_row column_structure=&#8220;1_2,1_2&#8243; _builder_version=&#8220;4.23.3&#8243; _module_preset=&#8220;default&#8220; global_colors_info=&#8220;{}&#8220;][et_pb_column type=&#8220;1_2&#8243; _builder_version=&#8220;4.23.3&#8243; _module_preset=&#8220;default&#8220; global_colors_info=&#8220;{}&#8220;][et_pb_team_member name=&#8220;Hans \u00de\u00f3r Hilmarsson&#8220; image_url=&#8220;https:\/\/eques.dk\/wp-content\/uploads\/2023\/12\/A9_00386_krijnde-scaled.jpg&#8220; _builder_version=&#8220;4.23&#8243; header_text_align=&#8220;center&#8220; header_font_size=&#8220;24px&#8220; custom_css_before=&#8220;content: %22%22;||position: absolute;||top: -25px;||left: -25px;||z-index: 99;||width: 100px;||height: 100px;||background-image: url(\/wp-content\/uploads\/2020\/07\/iceland-flag.png);||background-size: cover;&#8220; custom_css_member_image=&#8220;max-width: 100%;&#8220; locked=&#8220;off&#8220; global_colors_info=&#8220;{}&#8220;][\/et_pb_team_member][\/et_pb_column][et_pb_column type=&#8220;1_2&#8243; _builder_version=&#8220;4.23.3&#8243; _module_preset=&#8220;default&#8220; global_colors_info=&#8220;{}&#8220;][et_pb_team_member name=&#8220;Dan\u00edel Ingi Sm\u00e1rason&#8220; image_url=&#8220;https:\/\/eques.dk\/wp-content\/uploads\/2025\/09\/Daniel-1e6fc88e-2181-4636-8f57-e0fc1ab0357d.jpg&#8220; _builder_version=&#8220;4.27.4&#8243; header_text_align=&#8220;center&#8220; header_font_size=&#8220;24px&#8220; custom_css_before=&#8220;content: %22%22;||position: absolute;||top: -25px;||left: -25px;||z-index: 99;||width: 100px;||height: 100px;||background-image: url(\/wp-content\/uploads\/2020\/07\/sweden-flag.png);||background-size: cover;&#8220; custom_css_member_image=&#8220;max-width: 100%;&#8220; locked=&#8220;off&#8220; global_colors_info=&#8220;{}&#8220;][\/et_pb_team_member][\/et_pb_column][\/et_pb_row][et_pb_row column_structure=&#8220;1_2,1_2&#8243; _builder_version=&#8220;4.16&#8243; global_colors_info=&#8220;{}&#8220;][et_pb_column type=&#8220;1_2&#8243; _builder_version=&#8220;4.16&#8243; global_colors_info=&#8220;{}&#8220;][et_pb_team_member name=&#8220;Anne Frank Andresen&#8220; image_url=&#8220;https:\/\/eques.dk\/wp-content\/uploads\/2024\/04\/Anne-og-Voekull-billede-NY-scaled.jpg&#8220; _builder_version=&#8220;4.23.4&#8243; header_text_align=&#8220;center&#8220; header_font_size=&#8220;24px&#8220; custom_css_before=&#8220;content: %22%22;||position: absolute;||top: -25px;||left: -25px;||z-index: 99;||width: 100px;||height: 100px;||background-image: url(\/wp-content\/uploads\/2020\/07\/denmark-flag.png);||background-size: cover;&#8220; custom_css_member_image=&#8220;max-width: 100%;&#8220; locked=&#8220;off&#8220; global_colors_info=&#8220;{}&#8220;][\/et_pb_team_member][\/et_pb_column][et_pb_column type=&#8220;1_2&#8243; _builder_version=&#8220;4.16&#8243; global_colors_info=&#8220;{}&#8220;][et_pb_team_member name=&#8220;Sara Sigurbj\u00f6rnsd\u00f3ttir&#8220; image_url=&#8220;https:\/\/eques.dk\/wp-content\/uploads\/2023\/12\/2023-12-22_Sara-tilpasset-scaled.jpg&#8220; _builder_version=&#8220;4.23&#8243; header_text_align=&#8220;center&#8220; header_font_size=&#8220;24px&#8220; custom_css_before=&#8220;content: %22%22;||position: absolute;||top: -25px;||left: -25px;||z-index: 99;||width: 100px;||height: 100px;||background-image: url(\/wp-content\/uploads\/2020\/07\/iceland-flag.png);||background-size: cover;&#8220; custom_css_member_image=&#8220;max-width: 100%;&#8220; locked=&#8220;off&#8220; global_colors_info=&#8220;{}&#8220;][\/et_pb_team_member][\/et_pb_column][\/et_pb_row][et_pb_row column_structure=&#8220;1_2,1_2&#8243; _builder_version=&#8220;4.16&#8243; global_colors_info=&#8220;{}&#8220;][et_pb_column type=&#8220;1_2&#8243; _builder_version=&#8220;4.16&#8243; global_colors_info=&#8220;{}&#8220;][et_pb_team_member name=&#8220;Jessica Hou Geertsen&#8220; image_url=&#8220;https:\/\/eques.dk\/wp-content\/uploads\/2025\/02\/IMG_0043.jpg&#8220; _builder_version=&#8220;4.27.4&#8243; header_text_align=&#8220;center&#8220; header_font_size=&#8220;24px&#8220; custom_css_before=&#8220;content: %22%22;||position: absolute;||top: -25px;||left: -25px;||z-index: 99;||width: 100px;||height: 100px;||background-image: url(\/wp-content\/uploads\/2020\/07\/denmark-flag.png);||background-size: cover;&#8220; custom_css_member_image=&#8220;max-width: 100%;&#8220; locked=&#8220;off&#8220; global_colors_info=&#8220;{}&#8220;][\/et_pb_team_member][\/et_pb_column][et_pb_column type=&#8220;1_2&#8243; _builder_version=&#8220;4.16&#8243; global_colors_info=&#8220;{}&#8220;][et_pb_team_member name=&#8220;Arnhildur Helgad\u00f3ttir&#8220; image_url=&#8220;https:\/\/eques.dk\/wp-content\/uploads\/2025\/02\/Arnhildur-2-scaled.jpeg&#8220; _builder_version=&#8220;4.27.4&#8243; header_text_align=&#8220;center&#8220; header_font_size=&#8220;24px&#8220; custom_css_before=&#8220;content: %22%22;||position: absolute;||top: -25px;||left: -25px;||z-index: 99;||width: 100px;||height: 100px;||background-image: url(\/wp-content\/uploads\/2020\/07\/iceland-flag.png);||background-size: cover;&#8220; custom_css_member_image=&#8220;max-width: 100%;&#8220; locked=&#8220;off&#8220; global_colors_info=&#8220;{}&#8220;][\/et_pb_team_member][\/et_pb_column][\/et_pb_row][et_pb_row column_structure=&#8220;1_2,1_2&#8243; _builder_version=&#8220;4.16&#8243; global_colors_info=&#8220;{}&#8220;][et_pb_column type=&#8220;1_2&#8243; _builder_version=&#8220;4.16&#8243; global_colors_info=&#8220;{}&#8220;][et_pb_team_member name=&#8220;Sys Pilegaard&#8220; image_url=&#8220;https:\/\/eques.dk\/wp-content\/uploads\/2020\/10\/Sys-Pilegaard-scaled.jpg&#8220; _builder_version=&#8220;4.16&#8243; header_text_align=&#8220;center&#8220; header_font_size=&#8220;24px&#8220; custom_css_before=&#8220;content: %22%22;||position: absolute;||top: -25px;||left: -25px;||z-index: 99;||width: 100px;||height: 100px;||background-image: url(\/wp-content\/uploads\/2020\/07\/denmark-flag.png);||background-size: cover;&#8220; custom_css_member_image=&#8220;max-width: 100%;&#8220; global_colors_info=&#8220;{}&#8220;][\/et_pb_team_member][\/et_pb_column][et_pb_column type=&#8220;1_2&#8243; _builder_version=&#8220;4.16&#8243; global_colors_info=&#8220;{}&#8220;][et_pb_team_member name=&#8220;\u00de\u00f3r\u00f0ur \u00deorgeirsson&#8220; image_url=&#8220;https:\/\/eques.dk\/wp-content\/uploads\/2020\/10\/A7R07051.jpg_krijnde.jpg&#8220; _builder_version=&#8220;4.16&#8243; header_text_align=&#8220;center&#8220; header_font_size=&#8220;24px&#8220; custom_css_before=&#8220;content: %22%22;||position: absolute;||top: -25px;||left: -25px;||z-index: 99;||width: 100px;||height: 100px;||background-image: url(\/wp-content\/uploads\/2020\/07\/iceland-flag.png);||background-size: cover;&#8220; custom_css_member_image=&#8220;max-width: 100%;&#8220; global_colors_info=&#8220;{}&#8220;][\/et_pb_team_member][\/et_pb_column][\/et_pb_row][et_pb_row column_structure=&#8220;1_2,1_2&#8243; _builder_version=&#8220;4.23.3&#8243; _module_preset=&#8220;default&#8220; global_colors_info=&#8220;{}&#8220;][et_pb_column type=&#8220;1_2&#8243; _builder_version=&#8220;4.23.3&#8243; _module_preset=&#8220;default&#8220; global_colors_info=&#8220;{}&#8220;][et_pb_team_member name=&#8220;J\u00f3n \u00c1rs\u00e6ll Bergmann&#8220; image_url=&#8220;https:\/\/eques.dk\/wp-content\/uploads\/2025\/02\/Jon-Arsaell-Bergmann-foto-Nicki-Pfau.jpg&#8220; _builder_version=&#8220;4.27.4&#8243; header_text_align=&#8220;center&#8220; header_font_size=&#8220;24px&#8220; custom_css_before=&#8220;content: %22%22;||position: absolute;||top: -25px;||left: -25px;||z-index: 99;||width: 100px;||height: 100px;||background-image: url(\/wp-content\/uploads\/2020\/07\/iceland-flag.png);||background-size: cover;&#8220; custom_css_member_image=&#8220;max-width: 100%;&#8220; locked=&#8220;off&#8220; global_colors_info=&#8220;{}&#8220;][\/et_pb_team_member][\/et_pb_column][et_pb_column type=&#8220;1_2&#8243; _builder_version=&#8220;4.23.3&#8243; _module_preset=&#8220;default&#8220; global_colors_info=&#8220;{}&#8220;][et_pb_team_member name=&#8220;Gudmunda Ellen Sigur\u00f0ard\u00f3ttir&#8220; image_url=&#8220;https:\/\/eques.dk\/wp-content\/uploads\/2025\/02\/Gudmunda-Ellen-Billede.jpeg&#8220; _builder_version=&#8220;4.27.4&#8243; header_text_align=&#8220;center&#8220; header_font_size=&#8220;24px&#8220; custom_css_before=&#8220;content: %22%22;||position: absolute;||top: -25px;||left: -25px;||z-index: 99;||width: 100px;||height: 100px;||background-image: url(\/wp-content\/uploads\/2020\/07\/iceland-flag.png);||background-size: cover;&#8220; custom_css_member_image=&#8220;max-width: 100%;&#8220; global_colors_info=&#8220;{}&#8220;][\/et_pb_team_member][\/et_pb_column][\/et_pb_row][et_pb_row column_structure=&#8220;1_2,1_2&#8243; _builder_version=&#8220;4.23.4&#8243; _module_preset=&#8220;default&#8220; global_colors_info=&#8220;{}&#8220;][et_pb_column type=&#8220;1_2&#8243; _builder_version=&#8220;4.23.4&#8243; _module_preset=&#8220;default&#8220; global_colors_info=&#8220;{}&#8220;][et_pb_team_member name=&#8220;Kristian Tofte Ambo&#8220; image_url=&#8220;https:\/\/eques.dk\/wp-content\/uploads\/2025\/06\/Kristian-Billede-1-1.jpg&#8220; _builder_version=&#8220;4.27.4&#8243; header_text_align=&#8220;center&#8220; header_font_size=&#8220;24px&#8220; custom_css_before=&#8220;content: %22%22;||position: absolute;||top: -25px;||left: -25px;||z-index: 99;||width: 100px;||height: 100px;||background-image: url(\/wp-content\/uploads\/2020\/07\/denmark-flag.png);||background-size: cover;&#8220; custom_css_member_image=&#8220;max-width: 100%;&#8220; locked=&#8220;off&#8220; global_colors_info=&#8220;{}&#8220;][\/et_pb_team_member][\/et_pb_column][et_pb_column type=&#8220;1_2&#8243; _builder_version=&#8220;4.27.4&#8243; _module_preset=&#8220;default&#8220; global_colors_info=&#8220;{}&#8220;][et_pb_team_member name=&#8220;Dennis Hedebo Johansen&#8220; image_url=&#8220;https:\/\/eques.dk\/wp-content\/uploads\/2025\/06\/Dennis-Billede.jpg&#8220; _builder_version=&#8220;4.27.4&#8243; header_text_align=&#8220;center&#8220; header_font_size=&#8220;24px&#8220; custom_css_before=&#8220;content: %22%22;||position: absolute;||top: -25px;||left: -25px;||z-index: 99;||width: 100px;||height: 100px;||background-image: url(\/wp-content\/uploads\/2020\/07\/denmark-flag.png);||background-size: cover;&#8220; custom_css_member_image=&#8220;max-width: 100%;&#8220; locked=&#8220;off&#8220; global_colors_info=&#8220;{}&#8220;][\/et_pb_team_member][\/et_pb_column][\/et_pb_row][et_pb_row column_structure=&#8220;1_2,1_2&#8243; _builder_version=&#8220;4.23.3&#8243; _module_preset=&#8220;default&#8220; global_colors_info=&#8220;{}&#8220;][et_pb_column type=&#8220;1_2&#8243; _builder_version=&#8220;4.23.3&#8243; _module_preset=&#8220;default&#8220; global_colors_info=&#8220;{}&#8220;][et_pb_team_member name=&#8220;Gu\u00f0mundur Bj\u00f6rgvinsson&#8220; image_url=&#8220;https:\/\/new.eques.dk\/wp-content\/uploads\/2020\/07\/gummi.jpg&#8220; _builder_version=&#8220;4.16&#8243; header_text_align=&#8220;center&#8220; header_font_size=&#8220;24px&#8220; custom_css_before=&#8220;content: %22%22;||position: absolute;||top: -25px;||left: -25px;||z-index: 99;||width: 100px;||height: 100px;||background-image: url(\/wp-content\/uploads\/2020\/07\/iceland-flag.png);||background-size: cover;&#8220; custom_css_member_image=&#8220;max-width: 100%;&#8220; locked=&#8220;off&#8220; global_colors_info=&#8220;{}&#8220;][\/et_pb_team_member][\/et_pb_column][et_pb_column type=&#8220;1_2&#8243; _builder_version=&#8220;4.23.3&#8243; _module_preset=&#8220;default&#8220; global_colors_info=&#8220;{}&#8220;][et_pb_team_member name=&#8220;Sigur\u00f0ur \u00d3li Kristinsson&#8220; image_url=&#8220;https:\/\/new.eques.dk\/wp-content\/uploads\/2020\/07\/siggi-oli.jpg&#8220; _builder_version=&#8220;4.16&#8243; header_text_align=&#8220;center&#8220; header_font_size=&#8220;24px&#8220; custom_css_before=&#8220;content: %22%22;||position: absolute;||top: -25px;||left: -25px;||z-index: 99;||width: 100px;||height: 100px;||background-image: url(\/wp-content\/uploads\/2020\/07\/iceland-flag.png);||background-size: cover;&#8220; custom_css_member_image=&#8220;max-width: 100%;&#8220; global_colors_info=&#8220;{}&#8220;][\/et_pb_team_member][\/et_pb_column][\/et_pb_row][et_pb_row column_structure=&#8220;1_2,1_2&#8243; _builder_version=&#8220;4.23.4&#8243; _module_preset=&#8220;default&#8220; global_colors_info=&#8220;{}&#8220;][et_pb_column type=&#8220;1_2&#8243; _builder_version=&#8220;4.23.4&#8243; _module_preset=&#8220;default&#8220; global_colors_info=&#8220;{}&#8220;][et_pb_team_member name=&#8220;Frederikke Stougaard&#8220; image_url=&#8220;https:\/\/eques.dk\/wp-content\/uploads\/2024\/09\/billede-3-scaled.jpg&#8220; _builder_version=&#8220;4.27.4&#8243; header_text_align=&#8220;center&#8220; header_font_size=&#8220;24px&#8220; custom_css_before=&#8220;content: %22%22;||position: absolute;||top: -25px;||left: -25px;||z-index: 99;||width: 100px;||height: 100px;||background-image: url(\/wp-content\/uploads\/2020\/07\/denmark-flag.png);||background-size: cover;&#8220; custom_css_member_image=&#8220;max-width: 100%;&#8220; locked=&#8220;off&#8220; global_colors_info=&#8220;{}&#8220;][\/et_pb_team_member][\/et_pb_column][et_pb_column type=&#8220;1_2&#8243; _builder_version=&#8220;4.27.4&#8243; _module_preset=&#8220;default&#8220; global_colors_info=&#8220;{}&#8220;][et_pb_team_member name=&#8220;Rasmus M\u00f8ller Jensen&#8220; image_url=&#8220;https:\/\/new.eques.dk\/wp-content\/uploads\/2020\/07\/rasmus.jpg&#8220; _builder_version=&#8220;4.16&#8243; header_text_align=&#8220;center&#8220; header_font_size=&#8220;24px&#8220; custom_css_before=&#8220;content: %22%22;||position: absolute;||top: -25px;||left: -25px;||z-index: 99;||width: 100px;||height: 100px;||background-image: url(\/wp-content\/uploads\/2020\/07\/denmark-flag.png);||background-size: cover;&#8220; custom_css_member_image=&#8220;max-width: 100%;&#8220; locked=&#8220;off&#8220; global_colors_info=&#8220;{}&#8220;][\/et_pb_team_member][\/et_pb_column][\/et_pb_row][et_pb_row column_structure=&#8220;1_2,1_2&#8243; _builder_version=&#8220;4.16&#8243; global_colors_info=&#8220;{}&#8220;][et_pb_column type=&#8220;1_2&#8243; _builder_version=&#8220;4.16&#8243; global_colors_info=&#8220;{}&#8220;][et_pb_team_member name=&#8220;Katie Sundin Brumpton&#8220; image_url=&#8220;https:\/\/eques.dk\/wp-content\/uploads\/2025\/06\/Katie-Brumpton-billede-af-Sandra-Nordin-Johansson.png&#8220; _builder_version=&#8220;4.27.4&#8243; header_text_align=&#8220;center&#8220; header_font_size=&#8220;24px&#8220; hover_enabled=&#8220;0&#8243; custom_css_before=&#8220;content: %22%22;||position: absolute;||top: -25px;||left: -25px;||z-index: 99;||width: 100px;||height: 100px;||background-image: url(\/wp-content\/uploads\/2020\/07\/sweden-flag.png);||background-size: cover;&#8220; custom_css_member_image=&#8220;max-width: 100%;&#8220; locked=&#8220;off&#8220; global_colors_info=&#8220;{}&#8220; title_text=&#8220;Katie Brumpton &#8211; billede af Sandra Nordin Johansson&#8220; sticky_enabled=&#8220;0&#8243;][\/et_pb_team_member][\/et_pb_column][et_pb_column type=&#8220;1_2&#8243; _builder_version=&#8220;4.16&#8243; global_colors_info=&#8220;{}&#8220;][\/et_pb_column][\/et_pb_row][\/et_pb_section]<\/p>\n","protected":false},"excerpt":{"rendered":"","protected":false},"author":1,"featured_media":0,"parent":0,"menu_order":0,"comment_status":"closed","ping_status":"closed","template":"","meta":{"_acf_changed":false,"_et_pb_use_builder":"on","_et_pb_old_content":"","_et_gb_content_width":"","footnotes":""},"class_list":["post-8276","page","type-page","status-publish","hentry"],"acf":[],"yoast_head":"<!-- This site is optimized with the Yoast SEO plugin v26.3 - https:\/\/yoast.com\/wordpress\/plugins\/seo\/ -->\n<title>Eques Reiter : Eques<\/title>\n<meta name=\"robots\" content=\"index, follow, max-snippet:-1, max-image-preview:large, max-video-preview:-1\" \/>\n<link rel=\"canonical\" href=\"https:\/\/eques.dk\/de\/eques-reiter\/\" \/>\n<meta property=\"og:locale\" content=\"de_DE\" \/>\n<meta property=\"og:type\" content=\"article\" \/>\n<meta property=\"og:title\" content=\"Eques Reiter : Eques\" \/>\n<meta property=\"og:url\" content=\"https:\/\/eques.dk\/de\/eques-reiter\/\" \/>\n<meta property=\"og:site_name\" content=\"Eques\" \/>\n<meta property=\"article:modified_time\" content=\"2026-01-15T10:26:43+00:00\" \/>\n<meta name=\"twitter:card\" content=\"summary_large_image\" \/>\n<meta name=\"twitter:label1\" content=\"Gesch\u00e4tzte Lesezeit\" \/>\n\t<meta name=\"twitter:data1\" content=\"10\u00a0Minuten\" \/>\n<script type=\"application\/ld+json\" class=\"yoast-schema-graph\">{\"@context\":\"https:\/\/schema.org\",\"@graph\":[{\"@type\":\"WebPage\",\"@id\":\"https:\/\/eques.dk\/de\/eques-reiter\/\",\"url\":\"https:\/\/eques.dk\/de\/eques-reiter\/\",\"name\":\"Eques Reiter : Eques\",\"isPartOf\":{\"@id\":\"https:\/\/eques.dk\/de\/#website\"},\"datePublished\":\"2020-08-10T14:26:11+00:00\",\"dateModified\":\"2026-01-15T10:26:43+00:00\",\"breadcrumb\":{\"@id\":\"https:\/\/eques.dk\/de\/eques-reiter\/#breadcrumb\"},\"inLanguage\":\"de\",\"potentialAction\":[{\"@type\":\"ReadAction\",\"target\":[\"https:\/\/eques.dk\/de\/eques-reiter\/\"]}]},{\"@type\":\"BreadcrumbList\",\"@id\":\"https:\/\/eques.dk\/de\/eques-reiter\/#breadcrumb\",\"itemListElement\":[{\"@type\":\"ListItem\",\"position\":1,\"name\":\"Hjem\",\"item\":\"https:\/\/eques.dk\/de\/\"},{\"@type\":\"ListItem\",\"position\":2,\"name\":\"Eques Reiter\"}]},{\"@type\":\"WebSite\",\"@id\":\"https:\/\/eques.dk\/de\/#website\",\"url\":\"https:\/\/eques.dk\/de\/\",\"name\":\"Eques\",\"description\":\"Rideudstyr til islandske heste i dansk design\",\"potentialAction\":[{\"@type\":\"SearchAction\",\"target\":{\"@type\":\"EntryPoint\",\"urlTemplate\":\"https:\/\/eques.dk\/de\/?s={search_term_string}\"},\"query-input\":{\"@type\":\"PropertyValueSpecification\",\"valueRequired\":true,\"valueName\":\"search_term_string\"}}],\"inLanguage\":\"de\"}]}<\/script>\n<!-- \/ Yoast SEO plugin. -->","yoast_head_json":{"title":"Eques Reiter : Eques","robots":{"index":"index","follow":"follow","max-snippet":"max-snippet:-1","max-image-preview":"max-image-preview:large","max-video-preview":"max-video-preview:-1"},"canonical":"https:\/\/eques.dk\/de\/eques-reiter\/","og_locale":"de_DE","og_type":"article","og_title":"Eques Reiter : Eques","og_url":"https:\/\/eques.dk\/de\/eques-reiter\/","og_site_name":"Eques","article_modified_time":"2026-01-15T10:26:43+00:00","twitter_card":"summary_large_image","twitter_misc":{"Gesch\u00e4tzte Lesezeit":"10\u00a0Minuten"},"schema":{"@context":"https:\/\/schema.org","@graph":[{"@type":"WebPage","@id":"https:\/\/eques.dk\/de\/eques-reiter\/","url":"https:\/\/eques.dk\/de\/eques-reiter\/","name":"Eques Reiter : Eques","isPartOf":{"@id":"https:\/\/eques.dk\/de\/#website"},"datePublished":"2020-08-10T14:26:11+00:00","dateModified":"2026-01-15T10:26:43+00:00","breadcrumb":{"@id":"https:\/\/eques.dk\/de\/eques-reiter\/#breadcrumb"},"inLanguage":"de","potentialAction":[{"@type":"ReadAction","target":["https:\/\/eques.dk\/de\/eques-reiter\/"]}]},{"@type":"BreadcrumbList","@id":"https:\/\/eques.dk\/de\/eques-reiter\/#breadcrumb","itemListElement":[{"@type":"ListItem","position":1,"name":"Hjem","item":"https:\/\/eques.dk\/de\/"},{"@type":"ListItem","position":2,"name":"Eques Reiter"}]},{"@type":"WebSite","@id":"https:\/\/eques.dk\/de\/#website","url":"https:\/\/eques.dk\/de\/","name":"Eques","description":"Rideudstyr til islandske heste i dansk design","potentialAction":[{"@type":"SearchAction","target":{"@type":"EntryPoint","urlTemplate":"https:\/\/eques.dk\/de\/?s={search_term_string}"},"query-input":{"@type":"PropertyValueSpecification","valueRequired":true,"valueName":"search_term_string"}}],"inLanguage":"de"}]}},"_links":{"self":[{"href":"https:\/\/eques.dk\/de\/wp-json\/wp\/v2\/pages\/8276","targetHints":{"allow":["GET"]}}],"collection":[{"href":"https:\/\/eques.dk\/de\/wp-json\/wp\/v2\/pages"}],"about":[{"href":"https:\/\/eques.dk\/de\/wp-json\/wp\/v2\/types\/page"}],"author":[{"embeddable":true,"href":"https:\/\/eques.dk\/de\/wp-json\/wp\/v2\/users\/1"}],"replies":[{"embeddable":true,"href":"https:\/\/eques.dk\/de\/wp-json\/wp\/v2\/comments?post=8276"}],"version-history":[{"count":21,"href":"https:\/\/eques.dk\/de\/wp-json\/wp\/v2\/pages\/8276\/revisions"}],"predecessor-version":[{"id":25477,"href":"https:\/\/eques.dk\/de\/wp-json\/wp\/v2\/pages\/8276\/revisions\/25477"}],"wp:attachment":[{"href":"https:\/\/eques.dk\/de\/wp-json\/wp\/v2\/media?parent=8276"}],"curies":[{"name":"wp","href":"https:\/\/api.w.org\/{rel}","templated":true}]}}