{"id":21649,"date":"2025-02-09T23:34:55","date_gmt":"2025-02-09T23:34:55","guid":{"rendered":"https:\/\/eques.dk\/eques-x-kingsland\/"},"modified":"2025-02-25T09:39:52","modified_gmt":"2025-02-25T09:39:52","slug":"eques-x-kingsland","status":"publish","type":"page","link":"https:\/\/eques.dk\/de\/eques-x-kingsland\/","title":{"rendered":"EQUES x Kingsland"},"content":{"rendered":"<p>[et_pb_section fb_built=&#8220;1&#8243; _builder_version=&#8220;4.27.4&#8243; background_image=&#8220;https:\/\/eques.dk\/wp-content\/uploads\/2025\/02\/final_V2A5435-scaled-e1739141178727.jpg&#8220; background_position=&#8220;top_center&#8220; background_vertical_offset=&#8220;30%&#8220; min_height=&#8220;60vh&#8220; custom_padding=&#8220;64px||64px||true|false&#8220; custom_css_main_element=&#8220;align-content: flex-end;||flex-wrap: wrap;||display: flex;&#8220; global_colors_info=&#8220;{}&#8220; custom_css_main_element_last_edited=&#8220;off|phone&#8220; custom_css_main_element_tablet=&#8220;align-content: flex-end;||flex-wrap: wrap;||display: flex;||||background-position-y: 10%;&#8220;][et_pb_row _builder_version=&#8220;4.16&#8243; custom_padding=&#8220;0px||0px||false|&#8220; global_colors_info=&#8220;{}&#8220;][et_pb_column type=&#8220;4_4&#8243; _builder_version=&#8220;4.16&#8243; global_colors_info=&#8220;{}&#8220;][et_pb_text _builder_version=&#8220;4.27.4&#8243; text_text_color=&#8220;#FFFFFF&#8220; text_font_size=&#8220;28px&#8220; header_font_size=&#8220;48px&#8220; header_2_font=&#8220;|700|||||||&#8220; header_2_text_align=&#8220;center&#8220; header_2_text_color=&#8220;#ffffff&#8220; header_2_font_size=&#8220;60px&#8220; text_orientation=&#8220;center&#8220; background_layout=&#8220;dark&#8220; custom_padding=&#8220;18px|||||&#8220; header_text_color_tablet=&#8220;&#8220; header_text_color_phone=&#8220;&#8220; header_text_color_last_edited=&#8220;on|phone&#8220; text_text_shadow_style=&#8220;preset3&#8243; header_text_shadow_style=&#8220;preset3&#8243; global_colors_info=&#8220;{}&#8220;]<\/p>\n<h1>EQUES x Kingsland<\/h1>\n<p>Eine einzigartige Zusammenarbeit f\u00fcr eine Kleidungskollektion speziell f\u00fcr Islandpferdereiter<\/p>\n<p>[\/et_pb_text][\/et_pb_column][\/et_pb_row][\/et_pb_section][et_pb_section fb_built=&#8220;1&#8243; _builder_version=&#8220;4.16&#8243; global_colors_info=&#8220;{}&#8220;][et_pb_row _builder_version=&#8220;4.27.4&#8243; custom_padding=&#8220;32px||32px||true|&#8220; global_colors_info=&#8220;{}&#8220;][et_pb_column type=&#8220;4_4&#8243; _builder_version=&#8220;4.16&#8243; global_colors_info=&#8220;{}&#8220;][et_pb_text _builder_version=&#8220;4.27.4&#8243; global_colors_info=&#8220;{}&#8220;]<\/p>\n<h1 class=\"s5\"><span class=\"s6\"><strong>&#8222;Nordic Harmony&#8220;<\/strong><\/span><\/h1>\n<p>Bei EQUES sind wir stolz darauf euch unsere Zusammenarbeit mit Kingsland pr\u00e4sentieren zu k\u00f6nnen. Eine Kooperation bei welcher zwei Brands ihre St\u00e4rken vereinen und sich mit ihren jeweiligen Kompetenzen im Bereich Reitbekleidung und Ausstattung f\u00fcr Islandpferde und ihre Reiter erg\u00e4nzen.<\/p>\n<p>Wir launchen gemeinsam eine stilvolle, skandinavisch inspirierte Kleidungskollektion mit jede Menge durchdachten und funktionellen Designs, welche alle Anspr\u00fcche erf\u00fcllen, die ein Islandpferdereiter \u00fcber das Jahr hinweg haben k\u00f6nnte.<\/p>\n<p>&nbsp;<\/p>\n<h2><strong>\u00dcber Kingsland<\/strong><\/h2>\n<p>Die Marke Kingsland steht f\u00fcr Qualit\u00e4t, Funktionalit\u00e4t und perfekte Passform. Schon \u00fcber viele Jahre versorgt Kingsland Reiter mit erstklassiger, technischer und funktioneller Reitkleidung. Ihre Leidenschaft f\u00fcr Innovation und ein optimales Verbrauchererlebnis hat Kingsland zur bevorzugten Wahl f\u00fcr Reiter weltweit gemacht.<\/p>\n<p>&nbsp;<\/p>\n<h2><strong>\u00dcber EQUES<\/strong><\/h2>\n<p>EQUES wurde von Rasmus M\u00f8ller Jensen gegr\u00fcndet, einem professionellen und passioniertem Islandpferdereiter mit lebenslanger Erfahrung im Bereich internationale Turniere, K\u00f6rungen und Unterrichten. EQUES ist bekannt f\u00fcr ihr tiefes Verst\u00e4ndnis f\u00fcr die Bed\u00fcrfnisse der Islandpferdereiter und Expertise im Bereich Reitausstattung, welche den hohen Anspr\u00fcchen der Islandpferdereiter gerecht werden &#8211; sowohl im Profi- als auch Freizeitbereich.\u00a0<\/p>\n<p>&nbsp;<\/p>\n<h2><strong>&#8222;Nordic Harmony&#8220; \u2013 Eine revolution\u00e4re Kleidungskollektion f\u00fcr Islandpferdereiter<\/strong><\/h2>\n<p>Die &#8222;Nordic Harmony&#8220;-Kollektion ist das Resultat des Zusammenspiels zwischen der technischen Expertise von Kingsland und der einzigartigen Kenntnis des Islandpferdereiters von EQUES. Die Kollektion umfasst alles von technisch avancierten Jacken und Hosen \u00fcber speziell entwickeltes Zubeh\u00f6r designt f\u00fcr maximalen Komfort und Funktionalit\u00e4t.<\/p>\n<p>Jedes einzelne Produkt ist mit dem Fokus produziert, ein einzigartiges Erlebnis zu liefern, bei welchem Komfort und Funktionalit\u00e4t Hand in Hand mit \u00c4sthetik und Qualit\u00e4t gehen.<\/p>\n<p>Eine detaillierte Beschreibung aller Fr\u00fchjahr\/ Sommer Styles in der Kollektion sind im <strong>Workbook SS2025 <\/strong>zu finden.<\/p>\n<p>&nbsp;<\/p>\n<p>[\/et_pb_text][et_pb_button button_url=&#8220;https:\/\/eques.dk\/wp-content\/uploads\/2025\/02\/EQUES_KINGSLAND_SS25.pdf&#8220; url_new_window=&#8220;on&#8220; button_text=&#8220;Workbook SS2025&#8243; _builder_version=&#8220;4.27.4&#8243; _module_preset=&#8220;default&#8220; global_colors_info=&#8220;{}&#8220;][\/et_pb_button][et_pb_text _builder_version=&#8220;4.27.4&#8243; _module_preset=&#8220;default&#8220; global_colors_info=&#8220;{}&#8220;]<\/p>\n<h2><strong><\/strong><\/h2>\n<h2><strong><\/strong><\/h2>\n<h2><strong><\/strong><\/h2>\n<h2><strong>Eine spannende Reise<\/strong><\/h2>\n<p>&#8222;Nordic Harmony&#8220; markiert den Anfang einer neuen \u00c4ra f\u00fcr Islandpferdereiter, bei welcher Innovation und Tradition in perfekter Harmonie treffen. Wir freuen uns, euch Produkte anzubieten, welche neue Standards f\u00fcr Qualit\u00e4t und Stil setzen.<\/p>\n<p>&nbsp;<\/p>\n<p>&nbsp;<\/p>\n<p>&nbsp;<\/p>\n<p>[\/et_pb_text][et_pb_image src=&#8220;https:\/\/eques.dk\/wp-content\/uploads\/2025\/02\/EQKL_logo_sort_72ppi.png&#8220; title_text=&#8220;EQKL_logo_sort_72ppi&#8220; align=&#8220;center&#8220; _builder_version=&#8220;4.27.4&#8243; _module_preset=&#8220;default&#8220; custom_margin=&#8220;-30px|||||&#8220; global_colors_info=&#8220;{}&#8220;][\/et_pb_image][\/et_pb_column][\/et_pb_row][\/et_pb_section][et_pb_section fb_built=&#8220;1&#8243; fullwidth=&#8220;on&#8220; _builder_version=&#8220;4.27.4&#8243; _module_preset=&#8220;default&#8220; global_colors_info=&#8220;{}&#8220;][et_pb_fullwidth_image src=&#8220;https:\/\/eques.dk\/wp-content\/uploads\/2025\/02\/final_V2A5465-scaled-e1739141147152.jpg&#8220; title_text=&#8220;final_V2A5465&#8243; _builder_version=&#8220;4.27.4&#8243; _module_preset=&#8220;default&#8220; global_colors_info=&#8220;{}&#8220;][\/et_pb_fullwidth_image][\/et_pb_section]<\/p>\n","protected":false},"excerpt":{"rendered":"<p>EQUES x Kingsland Eine einzigartige Zusammenarbeit f\u00fcr eine Kleidungskollektion speziell f\u00fcr Islandpferdereiter&#8220;Nordic Harmony&#8220; Bei EQUES sind wir stolz darauf euch unsere Zusammenarbeit mit Kingsland pr\u00e4sentieren zu k\u00f6nnen. Eine Kooperation bei welcher zwei Brands ihre St\u00e4rken vereinen und sich mit ihren jeweiligen Kompetenzen im Bereich Reitbekleidung und Ausstattung f\u00fcr Islandpferde und ihre Reiter erg\u00e4nzen. Wir launchen [&hellip;]<\/p>\n","protected":false},"author":1,"featured_media":0,"parent":0,"menu_order":0,"comment_status":"closed","ping_status":"closed","template":"","meta":{"_acf_changed":false,"_et_pb_use_builder":"on","_et_pb_old_content":"","_et_gb_content_width":"","footnotes":""},"class_list":["post-21649","page","type-page","status-publish","hentry"],"acf":[],"yoast_head":"<!-- This site is optimized with the Yoast SEO plugin v26.3 - https:\/\/yoast.com\/wordpress\/plugins\/seo\/ -->\n<title>EQUES x Kingsland : Eques<\/title>\n<meta name=\"robots\" content=\"index, follow, max-snippet:-1, max-image-preview:large, max-video-preview:-1\" \/>\n<link rel=\"canonical\" href=\"https:\/\/eques.dk\/de\/eques-x-kingsland\/\" \/>\n<meta property=\"og:locale\" content=\"de_DE\" \/>\n<meta property=\"og:type\" content=\"article\" \/>\n<meta property=\"og:title\" content=\"EQUES x Kingsland : Eques\" \/>\n<meta property=\"og:description\" content=\"EQUES x Kingsland Eine einzigartige Zusammenarbeit f\u00fcr eine Kleidungskollektion speziell f\u00fcr Islandpferdereiter&quot;Nordic Harmony&quot; Bei EQUES sind wir stolz darauf euch unsere Zusammenarbeit mit Kingsland pr\u00e4sentieren zu k\u00f6nnen. Eine Kooperation bei welcher zwei Brands ihre St\u00e4rken vereinen und sich mit ihren jeweiligen Kompetenzen im Bereich Reitbekleidung und Ausstattung f\u00fcr Islandpferde und ihre Reiter erg\u00e4nzen. Wir launchen [&hellip;]\" \/>\n<meta property=\"og:url\" content=\"https:\/\/eques.dk\/de\/eques-x-kingsland\/\" \/>\n<meta property=\"og:site_name\" content=\"Eques\" \/>\n<meta property=\"article:modified_time\" content=\"2025-02-25T09:39:52+00:00\" \/>\n<meta name=\"twitter:card\" content=\"summary_large_image\" \/>\n<meta name=\"twitter:label1\" content=\"Gesch\u00e4tzte Lesezeit\" \/>\n\t<meta name=\"twitter:data1\" content=\"4\u00a0Minuten\" \/>\n<script type=\"application\/ld+json\" class=\"yoast-schema-graph\">{\"@context\":\"https:\/\/schema.org\",\"@graph\":[{\"@type\":\"WebPage\",\"@id\":\"https:\/\/eques.dk\/de\/eques-x-kingsland\/\",\"url\":\"https:\/\/eques.dk\/de\/eques-x-kingsland\/\",\"name\":\"EQUES x Kingsland : Eques\",\"isPartOf\":{\"@id\":\"https:\/\/eques.dk\/de\/#website\"},\"datePublished\":\"2025-02-09T23:34:55+00:00\",\"dateModified\":\"2025-02-25T09:39:52+00:00\",\"breadcrumb\":{\"@id\":\"https:\/\/eques.dk\/de\/eques-x-kingsland\/#breadcrumb\"},\"inLanguage\":\"de\",\"potentialAction\":[{\"@type\":\"ReadAction\",\"target\":[\"https:\/\/eques.dk\/de\/eques-x-kingsland\/\"]}]},{\"@type\":\"BreadcrumbList\",\"@id\":\"https:\/\/eques.dk\/de\/eques-x-kingsland\/#breadcrumb\",\"itemListElement\":[{\"@type\":\"ListItem\",\"position\":1,\"name\":\"Hjem\",\"item\":\"https:\/\/eques.dk\/de\/\"},{\"@type\":\"ListItem\",\"position\":2,\"name\":\"EQUES x Kingsland\"}]},{\"@type\":\"WebSite\",\"@id\":\"https:\/\/eques.dk\/de\/#website\",\"url\":\"https:\/\/eques.dk\/de\/\",\"name\":\"Eques\",\"description\":\"Rideudstyr til islandske heste i dansk design\",\"potentialAction\":[{\"@type\":\"SearchAction\",\"target\":{\"@type\":\"EntryPoint\",\"urlTemplate\":\"https:\/\/eques.dk\/de\/?s={search_term_string}\"},\"query-input\":{\"@type\":\"PropertyValueSpecification\",\"valueRequired\":true,\"valueName\":\"search_term_string\"}}],\"inLanguage\":\"de\"}]}<\/script>\n<!-- \/ Yoast SEO plugin. -->","yoast_head_json":{"title":"EQUES x Kingsland : Eques","robots":{"index":"index","follow":"follow","max-snippet":"max-snippet:-1","max-image-preview":"max-image-preview:large","max-video-preview":"max-video-preview:-1"},"canonical":"https:\/\/eques.dk\/de\/eques-x-kingsland\/","og_locale":"de_DE","og_type":"article","og_title":"EQUES x Kingsland : Eques","og_description":"EQUES x Kingsland Eine einzigartige Zusammenarbeit f\u00fcr eine Kleidungskollektion speziell f\u00fcr Islandpferdereiter\"Nordic Harmony\" Bei EQUES sind wir stolz darauf euch unsere Zusammenarbeit mit Kingsland pr\u00e4sentieren zu k\u00f6nnen. Eine Kooperation bei welcher zwei Brands ihre St\u00e4rken vereinen und sich mit ihren jeweiligen Kompetenzen im Bereich Reitbekleidung und Ausstattung f\u00fcr Islandpferde und ihre Reiter erg\u00e4nzen. Wir launchen [&hellip;]","og_url":"https:\/\/eques.dk\/de\/eques-x-kingsland\/","og_site_name":"Eques","article_modified_time":"2025-02-25T09:39:52+00:00","twitter_card":"summary_large_image","twitter_misc":{"Gesch\u00e4tzte Lesezeit":"4\u00a0Minuten"},"schema":{"@context":"https:\/\/schema.org","@graph":[{"@type":"WebPage","@id":"https:\/\/eques.dk\/de\/eques-x-kingsland\/","url":"https:\/\/eques.dk\/de\/eques-x-kingsland\/","name":"EQUES x Kingsland : Eques","isPartOf":{"@id":"https:\/\/eques.dk\/de\/#website"},"datePublished":"2025-02-09T23:34:55+00:00","dateModified":"2025-02-25T09:39:52+00:00","breadcrumb":{"@id":"https:\/\/eques.dk\/de\/eques-x-kingsland\/#breadcrumb"},"inLanguage":"de","potentialAction":[{"@type":"ReadAction","target":["https:\/\/eques.dk\/de\/eques-x-kingsland\/"]}]},{"@type":"BreadcrumbList","@id":"https:\/\/eques.dk\/de\/eques-x-kingsland\/#breadcrumb","itemListElement":[{"@type":"ListItem","position":1,"name":"Hjem","item":"https:\/\/eques.dk\/de\/"},{"@type":"ListItem","position":2,"name":"EQUES x Kingsland"}]},{"@type":"WebSite","@id":"https:\/\/eques.dk\/de\/#website","url":"https:\/\/eques.dk\/de\/","name":"Eques","description":"Rideudstyr til islandske heste i dansk design","potentialAction":[{"@type":"SearchAction","target":{"@type":"EntryPoint","urlTemplate":"https:\/\/eques.dk\/de\/?s={search_term_string}"},"query-input":{"@type":"PropertyValueSpecification","valueRequired":true,"valueName":"search_term_string"}}],"inLanguage":"de"}]}},"_links":{"self":[{"href":"https:\/\/eques.dk\/de\/wp-json\/wp\/v2\/pages\/21649","targetHints":{"allow":["GET"]}}],"collection":[{"href":"https:\/\/eques.dk\/de\/wp-json\/wp\/v2\/pages"}],"about":[{"href":"https:\/\/eques.dk\/de\/wp-json\/wp\/v2\/types\/page"}],"author":[{"embeddable":true,"href":"https:\/\/eques.dk\/de\/wp-json\/wp\/v2\/users\/1"}],"replies":[{"embeddable":true,"href":"https:\/\/eques.dk\/de\/wp-json\/wp\/v2\/comments?post=21649"}],"version-history":[{"count":7,"href":"https:\/\/eques.dk\/de\/wp-json\/wp\/v2\/pages\/21649\/revisions"}],"predecessor-version":[{"id":22385,"href":"https:\/\/eques.dk\/de\/wp-json\/wp\/v2\/pages\/21649\/revisions\/22385"}],"wp:attachment":[{"href":"https:\/\/eques.dk\/de\/wp-json\/wp\/v2\/media?parent=21649"}],"curies":[{"name":"wp","href":"https:\/\/api.w.org\/{rel}","templated":true}]}}